{"id":10464,"date":"2020-12-14T11:07:58","date_gmt":"2020-12-14T10:07:58","guid":{"rendered":"https:\/\/belotti.com\/bead\/"},"modified":"2026-03-31T10:49:13","modified_gmt":"2026-03-31T08:49:13","slug":"bead","status":"publish","type":"page","link":"https:\/\/www.belotti.com\/de\/bead-bearbeitungszentrum-cnc-druck-3d-und-frasprozess\/","title":{"rendered":"Bead"},"content":{"rendered":"<p><strong>BEAD<\/strong> ist die hybride L\u00f6sung, die in einem einzigen Bearbeitungszentrum die gro\u00dfformatige additive Fertigung (<strong>L<\/strong>arge <strong>F<\/strong>ormat <strong>A<\/strong>dditive <strong>M<\/strong>anufacturing) mit dem pr\u00e4zisen CNC-Fr\u00e4sen vereint.<br \/>\n<strong>BEAD<\/strong> nutzt das Beste aus beiden Welten und kombiniert die Geschwindigkeit und das kreative Potenzial des 3D-Drucks mit der Pr\u00e4zision und Zuverl\u00e4ssigkeit eines CNC-Bearbeitungszentrums in einem integrierten System.<br \/>\nDurch die Integration eines CEAD-<strong>Extruders<\/strong> f\u00fcr die additive Fertigung (mit variablen Abmessungen und Kapazit\u00e4ten) in ein <strong><a href=\"https:\/\/www.belotti.com\/de\/cnc-maschinen\/\">5-Achsen-CNC-Bearbeitungszentrum<\/a> von Belotti<\/strong> erm\u00f6glicht BEAD die Herstellung von Teilen, die ausreichend gro\u00df sind, um mit den erforderlichen Toleranzen fertiggestellt zu werden- und das bei einem geringeren Zeit- und Rohstoffverbrauch als bei herk\u00f6mmlichen Verfahren.<br \/>\nDas Anwendungspotenzial dieser L\u00f6sung ist enorm und entwickelt sich st\u00e4ndig weiter: Die ersten Ziel- Marktsegmente sind die Schifffahrt, die Automobilindustrie und die Luft- und Raumfahrt, f\u00fcr die Formen, Modelle, Werkzeuge und Bauteile hergestellt werden.<\/p>\n","protected":false},"excerpt":{"rendered":"<p>BEAD ist die hybride L\u00f6sung, die in einem einzigen Bearbeitungszentrum die gro\u00dfformatige additive Fertigung (Large Format Additive Manufacturing)&#8230;<\/p>\n","protected":false},"author":1,"featured_media":20771,"parent":0,"menu_order":0,"comment_status":"closed","ping_status":"closed","template":"page-bead.php","meta":{"_acf_changed":false,"_monsterinsights_skip_tracking":false,"_monsterinsights_sitenote_active":false,"_monsterinsights_sitenote_note":"","_monsterinsights_sitenote_category":0,"footnotes":""},"class_list":["post-10464","page","type-page","status-publish","has-post-thumbnail","hentry"],"acf":[],"yoast_head":"<!-- This site is optimized with the Yoast SEO plugin v27.2 - https:\/\/yoast.com\/product\/yoast-seo-wordpress\/ -->\n<title>BEAD: 3D-Druck und Fr\u00e4sen in einem einzigen Bearbeitungszentrum<\/title>\n<meta name=\"description\" content=\"3D-Druck und Fr\u00e4sen in einem einzigen Bearbeitungszentrum integriert f\u00fcr beispiellose Flexibilit\u00e4t, Produktivit\u00e4t und Pr\u00e4zision.\" \/>\n<meta name=\"robots\" content=\"index, follow, max-snippet:-1, max-image-preview:large, max-video-preview:-1\" \/>\n<link rel=\"canonical\" href=\"https:\/\/www.belotti.com\/de\/bead-bearbeitungszentrum-cnc-druck-3d-und-frasprozess\/\" \/>\n<meta property=\"og:locale\" content=\"de_DE\" \/>\n<meta property=\"og:type\" content=\"article\" \/>\n<meta property=\"og:title\" content=\"BEAD: 3D-Druck und Fr\u00e4sen in einem einzigen Bearbeitungszentrum\" \/>\n<meta property=\"og:description\" content=\"3D-Druck und Fr\u00e4sen in einem einzigen Bearbeitungszentrum integriert f\u00fcr beispiellose Flexibilit\u00e4t, Produktivit\u00e4t und Pr\u00e4zision.\" \/>\n<meta property=\"og:url\" content=\"https:\/\/www.belotti.com\/de\/bead-bearbeitungszentrum-cnc-druck-3d-und-frasprozess\/\" \/>\n<meta property=\"og:site_name\" content=\"Belotti\" \/>\n<meta property=\"article:publisher\" content=\"https:\/\/www.facebook.com\/Belotti.SPA\" \/>\n<meta property=\"article:modified_time\" content=\"2026-03-31T08:49:13+00:00\" \/>\n<meta property=\"og:image\" content=\"https:\/\/www.belotti.com\/wp-content\/uploads\/2024\/12\/BEAD-3D-Printing-FLU2617.jpg\" \/>\n\t<meta property=\"og:image:width\" content=\"1920\" \/>\n\t<meta property=\"og:image:height\" content=\"1080\" \/>\n\t<meta property=\"og:image:type\" content=\"image\/jpeg\" \/>\n<meta name=\"twitter:card\" content=\"summary_large_image\" \/>\n<meta name=\"twitter:site\" content=\"@Belotti__SPA\" \/>\n<meta name=\"twitter:label1\" content=\"Gesch\u00e4tzte Lesezeit\" \/>\n\t<meta name=\"twitter:data1\" content=\"12\u00a0Minuten\" \/>\n<script type=\"application\/ld+json\" class=\"yoast-schema-graph\">{\"@context\":\"https:\/\/schema.org\",\"@graph\":[{\"@type\":\"WebPage\",\"@id\":\"https:\/\/www.belotti.com\/de\/bead-bearbeitungszentrum-cnc-druck-3d-und-frasprozess\/\",\"url\":\"https:\/\/www.belotti.com\/de\/bead-bearbeitungszentrum-cnc-druck-3d-und-frasprozess\/\",\"name\":\"BEAD: 3D-Druck und Fr\u00e4sen in einem einzigen Bearbeitungszentrum\",\"isPartOf\":{\"@id\":\"https:\/\/www.belotti.com\/de\/#website\"},\"primaryImageOfPage\":{\"@id\":\"https:\/\/www.belotti.com\/de\/bead-bearbeitungszentrum-cnc-druck-3d-und-frasprozess\/#primaryimage\"},\"image\":{\"@id\":\"https:\/\/www.belotti.com\/de\/bead-bearbeitungszentrum-cnc-druck-3d-und-frasprozess\/#primaryimage\"},\"thumbnailUrl\":\"https:\/\/www.belotti.com\/wp-content\/uploads\/2024\/12\/BEAD-3D-Printing-FLU2617.jpg\",\"datePublished\":\"2020-12-14T10:07:58+00:00\",\"dateModified\":\"2026-03-31T08:49:13+00:00\",\"description\":\"3D-Druck und Fr\u00e4sen in einem einzigen Bearbeitungszentrum integriert f\u00fcr beispiellose Flexibilit\u00e4t, Produktivit\u00e4t und Pr\u00e4zision.\",\"breadcrumb\":{\"@id\":\"https:\/\/www.belotti.com\/de\/bead-bearbeitungszentrum-cnc-druck-3d-und-frasprozess\/#breadcrumb\"},\"inLanguage\":\"de\",\"potentialAction\":[{\"@type\":\"ReadAction\",\"target\":[\"https:\/\/www.belotti.com\/de\/bead-bearbeitungszentrum-cnc-druck-3d-und-frasprozess\/\"]}]},{\"@type\":\"ImageObject\",\"inLanguage\":\"de\",\"@id\":\"https:\/\/www.belotti.com\/de\/bead-bearbeitungszentrum-cnc-druck-3d-und-frasprozess\/#primaryimage\",\"url\":\"https:\/\/www.belotti.com\/wp-content\/uploads\/2024\/12\/BEAD-3D-Printing-FLU2617.jpg\",\"contentUrl\":\"https:\/\/www.belotti.com\/wp-content\/uploads\/2024\/12\/BEAD-3D-Printing-FLU2617.jpg\",\"width\":1920,\"height\":1080,\"caption\":\"BEAD 3D Printing FLU2617\"},{\"@type\":\"BreadcrumbList\",\"@id\":\"https:\/\/www.belotti.com\/de\/bead-bearbeitungszentrum-cnc-druck-3d-und-frasprozess\/#breadcrumb\",\"itemListElement\":[{\"@type\":\"ListItem\",\"position\":1,\"name\":\"Home\",\"item\":\"https:\/\/www.belotti.com\/de\/\"},{\"@type\":\"ListItem\",\"position\":2,\"name\":\"Bead\"}]},{\"@type\":\"WebSite\",\"@id\":\"https:\/\/www.belotti.com\/de\/#website\",\"url\":\"https:\/\/www.belotti.com\/de\/\",\"name\":\"Belotti Spa\",\"description\":\"CNC Machining Centers\",\"publisher\":{\"@id\":\"https:\/\/www.belotti.com\/de\/#organization\"},\"potentialAction\":[{\"@type\":\"SearchAction\",\"target\":{\"@type\":\"EntryPoint\",\"urlTemplate\":\"https:\/\/www.belotti.com\/de\/?s={search_term_string}\"},\"query-input\":{\"@type\":\"PropertyValueSpecification\",\"valueRequired\":true,\"valueName\":\"search_term_string\"}}],\"inLanguage\":\"de\"},{\"@type\":\"Organization\",\"@id\":\"https:\/\/www.belotti.com\/de\/#organization\",\"name\":\"Belotti Spa\",\"url\":\"https:\/\/www.belotti.com\/de\/\",\"logo\":{\"@type\":\"ImageObject\",\"inLanguage\":\"de\",\"@id\":\"https:\/\/www.belotti.com\/de\/#\/schema\/logo\/image\/\",\"url\":\"http:\/\/belotti.com\/wp-content\/uploads\/2023\/04\/logo-Belotti-1.png\",\"contentUrl\":\"http:\/\/belotti.com\/wp-content\/uploads\/2023\/04\/logo-Belotti-1.png\",\"width\":708,\"height\":225,\"caption\":\"Belotti Spa\"},\"image\":{\"@id\":\"https:\/\/www.belotti.com\/de\/#\/schema\/logo\/image\/\"},\"sameAs\":[\"https:\/\/www.facebook.com\/Belotti.SPA\",\"https:\/\/x.com\/Belotti__SPA\",\"https:\/\/www.youtube.com\/channel\/UC5q7E8IMymZ-agKfVsPCorw\",\"https:\/\/www.linkedin.com\/company\/belotti-s-p-a-\/?viewAsMember=true\",\"https:\/\/www.instagram.com\/belotti_spa\/\"]}]}<\/script>\n<!-- \/ Yoast SEO plugin. -->","yoast_head_json":{"title":"BEAD: 3D-Druck und Fr\u00e4sen in einem einzigen Bearbeitungszentrum","description":"3D-Druck und Fr\u00e4sen in einem einzigen Bearbeitungszentrum integriert f\u00fcr beispiellose Flexibilit\u00e4t, Produktivit\u00e4t und Pr\u00e4zision.","robots":{"index":"index","follow":"follow","max-snippet":"max-snippet:-1","max-image-preview":"max-image-preview:large","max-video-preview":"max-video-preview:-1"},"canonical":"https:\/\/www.belotti.com\/de\/bead-bearbeitungszentrum-cnc-druck-3d-und-frasprozess\/","og_locale":"de_DE","og_type":"article","og_title":"BEAD: 3D-Druck und Fr\u00e4sen in einem einzigen Bearbeitungszentrum","og_description":"3D-Druck und Fr\u00e4sen in einem einzigen Bearbeitungszentrum integriert f\u00fcr beispiellose Flexibilit\u00e4t, Produktivit\u00e4t und Pr\u00e4zision.","og_url":"https:\/\/www.belotti.com\/de\/bead-bearbeitungszentrum-cnc-druck-3d-und-frasprozess\/","og_site_name":"Belotti","article_publisher":"https:\/\/www.facebook.com\/Belotti.SPA","article_modified_time":"2026-03-31T08:49:13+00:00","og_image":[{"width":1920,"height":1080,"url":"https:\/\/www.belotti.com\/wp-content\/uploads\/2024\/12\/BEAD-3D-Printing-FLU2617.jpg","type":"image\/jpeg"}],"twitter_card":"summary_large_image","twitter_site":"@Belotti__SPA","twitter_misc":{"Gesch\u00e4tzte Lesezeit":"12\u00a0Minuten"},"schema":{"@context":"https:\/\/schema.org","@graph":[{"@type":"WebPage","@id":"https:\/\/www.belotti.com\/de\/bead-bearbeitungszentrum-cnc-druck-3d-und-frasprozess\/","url":"https:\/\/www.belotti.com\/de\/bead-bearbeitungszentrum-cnc-druck-3d-und-frasprozess\/","name":"BEAD: 3D-Druck und Fr\u00e4sen in einem einzigen Bearbeitungszentrum","isPartOf":{"@id":"https:\/\/www.belotti.com\/de\/#website"},"primaryImageOfPage":{"@id":"https:\/\/www.belotti.com\/de\/bead-bearbeitungszentrum-cnc-druck-3d-und-frasprozess\/#primaryimage"},"image":{"@id":"https:\/\/www.belotti.com\/de\/bead-bearbeitungszentrum-cnc-druck-3d-und-frasprozess\/#primaryimage"},"thumbnailUrl":"https:\/\/www.belotti.com\/wp-content\/uploads\/2024\/12\/BEAD-3D-Printing-FLU2617.jpg","datePublished":"2020-12-14T10:07:58+00:00","dateModified":"2026-03-31T08:49:13+00:00","description":"3D-Druck und Fr\u00e4sen in einem einzigen Bearbeitungszentrum integriert f\u00fcr beispiellose Flexibilit\u00e4t, Produktivit\u00e4t und Pr\u00e4zision.","breadcrumb":{"@id":"https:\/\/www.belotti.com\/de\/bead-bearbeitungszentrum-cnc-druck-3d-und-frasprozess\/#breadcrumb"},"inLanguage":"de","potentialAction":[{"@type":"ReadAction","target":["https:\/\/www.belotti.com\/de\/bead-bearbeitungszentrum-cnc-druck-3d-und-frasprozess\/"]}]},{"@type":"ImageObject","inLanguage":"de","@id":"https:\/\/www.belotti.com\/de\/bead-bearbeitungszentrum-cnc-druck-3d-und-frasprozess\/#primaryimage","url":"https:\/\/www.belotti.com\/wp-content\/uploads\/2024\/12\/BEAD-3D-Printing-FLU2617.jpg","contentUrl":"https:\/\/www.belotti.com\/wp-content\/uploads\/2024\/12\/BEAD-3D-Printing-FLU2617.jpg","width":1920,"height":1080,"caption":"BEAD 3D Printing FLU2617"},{"@type":"BreadcrumbList","@id":"https:\/\/www.belotti.com\/de\/bead-bearbeitungszentrum-cnc-druck-3d-und-frasprozess\/#breadcrumb","itemListElement":[{"@type":"ListItem","position":1,"name":"Home","item":"https:\/\/www.belotti.com\/de\/"},{"@type":"ListItem","position":2,"name":"Bead"}]},{"@type":"WebSite","@id":"https:\/\/www.belotti.com\/de\/#website","url":"https:\/\/www.belotti.com\/de\/","name":"Belotti Spa","description":"CNC Machining Centers","publisher":{"@id":"https:\/\/www.belotti.com\/de\/#organization"},"potentialAction":[{"@type":"SearchAction","target":{"@type":"EntryPoint","urlTemplate":"https:\/\/www.belotti.com\/de\/?s={search_term_string}"},"query-input":{"@type":"PropertyValueSpecification","valueRequired":true,"valueName":"search_term_string"}}],"inLanguage":"de"},{"@type":"Organization","@id":"https:\/\/www.belotti.com\/de\/#organization","name":"Belotti Spa","url":"https:\/\/www.belotti.com\/de\/","logo":{"@type":"ImageObject","inLanguage":"de","@id":"https:\/\/www.belotti.com\/de\/#\/schema\/logo\/image\/","url":"http:\/\/belotti.com\/wp-content\/uploads\/2023\/04\/logo-Belotti-1.png","contentUrl":"http:\/\/belotti.com\/wp-content\/uploads\/2023\/04\/logo-Belotti-1.png","width":708,"height":225,"caption":"Belotti Spa"},"image":{"@id":"https:\/\/www.belotti.com\/de\/#\/schema\/logo\/image\/"},"sameAs":["https:\/\/www.facebook.com\/Belotti.SPA","https:\/\/x.com\/Belotti__SPA","https:\/\/www.youtube.com\/channel\/UC5q7E8IMymZ-agKfVsPCorw","https:\/\/www.linkedin.com\/company\/belotti-s-p-a-\/?viewAsMember=true","https:\/\/www.instagram.com\/belotti_spa\/"]}]}},"_links":{"self":[{"href":"https:\/\/www.belotti.com\/de\/wp-json\/wp\/v2\/pages\/10464","targetHints":{"allow":["GET"]}}],"collection":[{"href":"https:\/\/www.belotti.com\/de\/wp-json\/wp\/v2\/pages"}],"about":[{"href":"https:\/\/www.belotti.com\/de\/wp-json\/wp\/v2\/types\/page"}],"author":[{"embeddable":true,"href":"https:\/\/www.belotti.com\/de\/wp-json\/wp\/v2\/users\/1"}],"replies":[{"embeddable":true,"href":"https:\/\/www.belotti.com\/de\/wp-json\/wp\/v2\/comments?post=10464"}],"version-history":[{"count":61,"href":"https:\/\/www.belotti.com\/de\/wp-json\/wp\/v2\/pages\/10464\/revisions"}],"predecessor-version":[{"id":28891,"href":"https:\/\/www.belotti.com\/de\/wp-json\/wp\/v2\/pages\/10464\/revisions\/28891"}],"wp:featuredmedia":[{"embeddable":true,"href":"https:\/\/www.belotti.com\/de\/wp-json\/wp\/v2\/media\/20771"}],"wp:attachment":[{"href":"https:\/\/www.belotti.com\/de\/wp-json\/wp\/v2\/media?parent=10464"}],"curies":[{"name":"wp","href":"https:\/\/api.w.org\/{rel}","templated":true}]}}