{"id":11608,"date":"2020-12-09T14:54:15","date_gmt":"2020-12-09T13:54:15","guid":{"rendered":"https:\/\/belotti.com\/company\/"},"modified":"2026-03-23T11:16:38","modified_gmt":"2026-03-23T10:16:38","slug":"company","status":"publish","type":"page","link":"https:\/\/www.belotti.com\/de\/unternehmen-firma\/uber-uns\/","title":{"rendered":"\u00dcber uns"},"content":{"rendered":"<p class=\"big\"><strong>Belotti entwickelt und produziert 3- und 5-Achsen-<a href=\"https:\/\/www.belotti.com\/de\/cnc-maschinen\/\">CNC-Bearbeitungszentren<\/a> f\u00fcr das Fr\u00e4sen und Trimmen von Verbundwerkstoffen, Leichtmetalllegierungen und Kunststoffen sowie <a href=\"https:\/\/www.belotti.com\/de\/fortschrittliche-technologien\/wasserstrahl\/\">Wasserstrahlschneidsysteme<\/a>.<\/strong><\/p>\n<p>Seit \u00fcber 40 Jahren tragen <strong>Belotti<\/strong>-L\u00f6sungen zum Erfolg der Kunden bei: <strong>Zuverl\u00e4ssigkeit, Pr\u00e4zision und Produktionseffizienz<\/strong> sind die Referenzwerte des Angebots, das Belotti f\u00fcr die vielen Anwendungsbereiche adressiert.<br \/>\n<strong>Luft- und Raumfahrt, Automobil, Eisenbahn, Marine, Design und M\u00f6bel, Muster und Formen, Verpackung<\/strong> geh\u00f6ren zu den wichtigsten Branchen, in denen Belotti-Technologie erfolgreich eingesetzt wird.<\/p>\n<div style=\"padding: 50px 0;\">\n<h3 style=\"margin-bottom: 50px;\">Zertifikate<\/h3>\n<div>\n<div class=\"uk-width-1-1\">\n<div class=\"uk-grid uk-grid-small uk-flex uk-flex-middle\">\n<div class=\"uk-width-auto\"><img decoding=\"async\" class=\"ico_pdf\" src=\"https:\/\/www.belotti.com\/wp-content\/uploads\/2022\/06\/icon_pdf.png\" alt=\"\" width=\"21\" height=\"28\" \/><\/div>\n<div class=\"uk-width-expand\">\n<p style=\"text-align: left;\">Belotti S.p.A. ist zertifiziert nach <strong>UNI EN ISO 9001:2015 &#8211; Qualit\u00e4tsmanagementsystem<\/strong><\/p>\n<\/div>\n<div class=\"uk-width-auto uk-text-right\"><a style=\"color: #ab192d!important;\" href=\"https:\/\/www.belotti.com\/wp-content\/uploads\/2026\/03\/CERTIFICATO_QS_-_BELOTTI_9001_ENG.pdf\" target=\"_blank\" rel=\"noopener\"><strong style=\"color: #ab192d!important;\">Laden Sie das Zertifikat<\/strong><\/a><\/div>\n<\/div>\n<hr style=\"background: #AB192D; height: 1px;\" \/>\n<div class=\"uk-grid uk-grid-small uk-flex uk-flex-middle\">\n<div class=\"uk-width-auto\"><img decoding=\"async\" class=\"ico_pdf\" src=\"https:\/\/www.belotti.com\/wp-content\/uploads\/2022\/06\/icon_pdf.png\" alt=\"\" width=\"21\" height=\"28\" \/><\/div>\n<div class=\"uk-width-expand\">\n<p style=\"text-align: left;\">Belotti S.p.A. ist zertifiziert nach <strong>UNI EN ISO 14001:2015 &#8211; Umweltmanagementsystem<\/strong> (UMS)<\/p>\n<\/div>\n<div class=\"uk-width-auto uk-text-right\"><a style=\"color: #ab192d!important;\" href=\"https:\/\/www.belotti.com\/wp-content\/uploads\/2026\/01\/Belotti-SpA-ISO-14001-certificate.pdf\" target=\"_blank\" rel=\"noopener\"><strong style=\"color: #ab192d!important;\">Laden Sie das Zertifikat<\/strong><\/a><\/div>\n<\/div>\n<hr style=\"background: #AB192D; height: 1px;\" \/>\n<div class=\"uk-grid uk-grid-small uk-flex uk-flex-middle\">\n<div class=\"uk-width-auto\"><img decoding=\"async\" class=\"ico_pdf\" src=\"https:\/\/www.belotti.com\/wp-content\/uploads\/2022\/06\/icon_pdf.png\" alt=\"\" width=\"21\" height=\"28\" \/><\/div>\n<div class=\"uk-width-expand\">\n<p style=\"text-align: left;\">Belotti S.p.A. ist zertifiziert nach <strong>UNI EN ISO 45001:2018 &#8211; Managementsysteme f\u00fcr Arbeitssicherheit und Gesundheitsschutz<\/strong><\/p>\n<\/div>\n<div class=\"uk-width-auto uk-text-right\"><a style=\"color: #ab192d!important;\" href=\"https:\/\/www.belotti.com\/wp-content\/uploads\/2026\/01\/Belotti-SpA-ISO-45001-certificate.pdf\" target=\"_blank\" rel=\"noopener\"><strong style=\"color: #ab192d!important;\">Laden Sie das Zertifikat<\/strong><\/a><\/div>\n<\/div>\n<hr style=\"background: #AB192D; height: 1px;\" \/>\n<div class=\"uk-grid uk-grid-small uk-flex uk-flex-middle\">\n<div class=\"uk-width-auto\"><img decoding=\"async\" class=\"ico_pdf\" src=\"https:\/\/www.belotti.com\/wp-content\/uploads\/2022\/06\/icon_pdf.png\" alt=\"\" width=\"21\" height=\"28\" \/><\/div>\n<div class=\"uk-width-expand\">\n<p style=\"text-align: left;\">Belotti S.p.A. hat das <strong>von CRIBIS D&amp;B<\/strong> ausgestellte Zertifikat f\u00fcr <strong>maximale Zuverl\u00e4ssigkeit<\/strong> erhalten.<\/p>\n<\/div>\n<div class=\"uk-width-auto uk-text-right\"><a style=\"color: #ab192d!important;\" href=\"https:\/\/www.belotti.com\/wp-content\/uploads\/2023\/09\/Cribis-certificate-Belotti-Prime-company-for-commercial-reliability-2023-EN.pdf\" target=\"_blank\" rel=\"noopener\"><strong style=\"color: #ab192d!important;\">Laden Sie das Zertifikat<\/strong><\/a><\/div>\n<\/div>\n<hr style=\"background: #AB192D; height: 1px;\" \/>\n<\/div>\n<\/div>\n<\/div>\n","protected":false},"excerpt":{"rendered":"<p>Belotti entwickelt und produziert 3- und 5-Achsen-CNC-Bearbeitungszentren f\u00fcr das Fr\u00e4sen und Trimmen von Verbundwerkstoffen, Leichtmetalllegierungen und Kunststoffen sowie&#8230;<\/p>\n","protected":false},"author":1,"featured_media":4121,"parent":11615,"menu_order":0,"comment_status":"closed","ping_status":"closed","template":"page-chisiamo.php","meta":{"_acf_changed":false,"_monsterinsights_skip_tracking":false,"_monsterinsights_sitenote_active":false,"_monsterinsights_sitenote_note":"","_monsterinsights_sitenote_category":0,"footnotes":""},"class_list":["post-11608","page","type-page","status-publish","has-post-thumbnail","hentry"],"acf":[],"yoast_head":"<!-- This site is optimized with the Yoast SEO plugin v27.2 - https:\/\/yoast.com\/product\/yoast-seo-wordpress\/ -->\n<title>\u00dcber uns - Belotti<\/title>\n<meta name=\"description\" content=\"Zuverl\u00e4ssigkeit, Pr\u00e4zision und Leistung: W\u00e4hlen Sie die CNC-Bearbeitungszentren von Belotti f\u00fcr maximale Produktivit\u00e4t.\" \/>\n<meta name=\"robots\" content=\"index, follow, max-snippet:-1, max-image-preview:large, max-video-preview:-1\" \/>\n<link rel=\"canonical\" href=\"https:\/\/www.belotti.com\/de\/unternehmen-firma\/uber-uns\/\" \/>\n<meta property=\"og:locale\" content=\"de_DE\" \/>\n<meta property=\"og:type\" content=\"article\" \/>\n<meta property=\"og:title\" content=\"\u00dcber uns - Belotti\" \/>\n<meta property=\"og:description\" content=\"Zuverl\u00e4ssigkeit, Pr\u00e4zision und Leistung: W\u00e4hlen Sie die CNC-Bearbeitungszentren von Belotti f\u00fcr maximale Produktivit\u00e4t.\" \/>\n<meta property=\"og:url\" content=\"https:\/\/www.belotti.com\/de\/unternehmen-firma\/uber-uns\/\" \/>\n<meta property=\"og:site_name\" content=\"Belotti\" \/>\n<meta property=\"article:publisher\" content=\"https:\/\/www.facebook.com\/Belotti.SPA\" \/>\n<meta property=\"article:modified_time\" content=\"2026-03-23T10:16:38+00:00\" \/>\n<meta property=\"og:image\" content=\"https:\/\/www.belotti.com\/wp-content\/uploads\/2021\/10\/belotti-azienda1.jpg\" \/>\n\t<meta property=\"og:image:width\" content=\"1920\" \/>\n\t<meta property=\"og:image:height\" content=\"679\" \/>\n\t<meta property=\"og:image:type\" content=\"image\/jpeg\" \/>\n<meta name=\"twitter:card\" content=\"summary_large_image\" \/>\n<meta name=\"twitter:site\" content=\"@Belotti__SPA\" \/>\n<meta name=\"twitter:label1\" content=\"Gesch\u00e4tzte Lesezeit\" \/>\n\t<meta name=\"twitter:data1\" content=\"4\u00a0Minuten\" \/>\n<script type=\"application\/ld+json\" class=\"yoast-schema-graph\">{\"@context\":\"https:\/\/schema.org\",\"@graph\":[{\"@type\":\"WebPage\",\"@id\":\"https:\/\/www.belotti.com\/de\/unternehmen-firma\/uber-uns\/\",\"url\":\"https:\/\/www.belotti.com\/de\/unternehmen-firma\/uber-uns\/\",\"name\":\"\u00dcber uns - Belotti\",\"isPartOf\":{\"@id\":\"https:\/\/www.belotti.com\/de\/#website\"},\"primaryImageOfPage\":{\"@id\":\"https:\/\/www.belotti.com\/de\/unternehmen-firma\/uber-uns\/#primaryimage\"},\"image\":{\"@id\":\"https:\/\/www.belotti.com\/de\/unternehmen-firma\/uber-uns\/#primaryimage\"},\"thumbnailUrl\":\"https:\/\/www.belotti.com\/wp-content\/uploads\/2021\/10\/belotti-azienda1.jpg\",\"datePublished\":\"2020-12-09T13:54:15+00:00\",\"dateModified\":\"2026-03-23T10:16:38+00:00\",\"description\":\"Zuverl\u00e4ssigkeit, Pr\u00e4zision und Leistung: W\u00e4hlen Sie die CNC-Bearbeitungszentren von Belotti f\u00fcr maximale Produktivit\u00e4t.\",\"breadcrumb\":{\"@id\":\"https:\/\/www.belotti.com\/de\/unternehmen-firma\/uber-uns\/#breadcrumb\"},\"inLanguage\":\"de\",\"potentialAction\":[{\"@type\":\"ReadAction\",\"target\":[\"https:\/\/www.belotti.com\/de\/unternehmen-firma\/uber-uns\/\"]}]},{\"@type\":\"ImageObject\",\"inLanguage\":\"de\",\"@id\":\"https:\/\/www.belotti.com\/de\/unternehmen-firma\/uber-uns\/#primaryimage\",\"url\":\"https:\/\/www.belotti.com\/wp-content\/uploads\/2021\/10\/belotti-azienda1.jpg\",\"contentUrl\":\"https:\/\/www.belotti.com\/wp-content\/uploads\/2021\/10\/belotti-azienda1.jpg\",\"width\":1920,\"height\":679,\"caption\":\"Azienda Belotti\"},{\"@type\":\"BreadcrumbList\",\"@id\":\"https:\/\/www.belotti.com\/de\/unternehmen-firma\/uber-uns\/#breadcrumb\",\"itemListElement\":[{\"@type\":\"ListItem\",\"position\":1,\"name\":\"Home\",\"item\":\"https:\/\/www.belotti.com\/de\/\"},{\"@type\":\"ListItem\",\"position\":2,\"name\":\"Unternehmen\/Firma\",\"item\":\"https:\/\/www.belotti.com\/de\/unternehmen-firma\/\"},{\"@type\":\"ListItem\",\"position\":3,\"name\":\"\u00dcber uns\"}]},{\"@type\":\"WebSite\",\"@id\":\"https:\/\/www.belotti.com\/de\/#website\",\"url\":\"https:\/\/www.belotti.com\/de\/\",\"name\":\"Belotti Spa\",\"description\":\"CNC Machining Centers\",\"publisher\":{\"@id\":\"https:\/\/www.belotti.com\/de\/#organization\"},\"potentialAction\":[{\"@type\":\"SearchAction\",\"target\":{\"@type\":\"EntryPoint\",\"urlTemplate\":\"https:\/\/www.belotti.com\/de\/?s={search_term_string}\"},\"query-input\":{\"@type\":\"PropertyValueSpecification\",\"valueRequired\":true,\"valueName\":\"search_term_string\"}}],\"inLanguage\":\"de\"},{\"@type\":\"Organization\",\"@id\":\"https:\/\/www.belotti.com\/de\/#organization\",\"name\":\"Belotti Spa\",\"url\":\"https:\/\/www.belotti.com\/de\/\",\"logo\":{\"@type\":\"ImageObject\",\"inLanguage\":\"de\",\"@id\":\"https:\/\/www.belotti.com\/de\/#\/schema\/logo\/image\/\",\"url\":\"http:\/\/belotti.com\/wp-content\/uploads\/2023\/04\/logo-Belotti-1.png\",\"contentUrl\":\"http:\/\/belotti.com\/wp-content\/uploads\/2023\/04\/logo-Belotti-1.png\",\"width\":708,\"height\":225,\"caption\":\"Belotti Spa\"},\"image\":{\"@id\":\"https:\/\/www.belotti.com\/de\/#\/schema\/logo\/image\/\"},\"sameAs\":[\"https:\/\/www.facebook.com\/Belotti.SPA\",\"https:\/\/x.com\/Belotti__SPA\",\"https:\/\/www.youtube.com\/channel\/UC5q7E8IMymZ-agKfVsPCorw\",\"https:\/\/www.linkedin.com\/company\/belotti-s-p-a-\/?viewAsMember=true\",\"https:\/\/www.instagram.com\/belotti_spa\/\"]}]}<\/script>\n<!-- \/ Yoast SEO plugin. -->","yoast_head_json":{"title":"\u00dcber uns - Belotti","description":"Zuverl\u00e4ssigkeit, Pr\u00e4zision und Leistung: W\u00e4hlen Sie die CNC-Bearbeitungszentren von Belotti f\u00fcr maximale Produktivit\u00e4t.","robots":{"index":"index","follow":"follow","max-snippet":"max-snippet:-1","max-image-preview":"max-image-preview:large","max-video-preview":"max-video-preview:-1"},"canonical":"https:\/\/www.belotti.com\/de\/unternehmen-firma\/uber-uns\/","og_locale":"de_DE","og_type":"article","og_title":"\u00dcber uns - Belotti","og_description":"Zuverl\u00e4ssigkeit, Pr\u00e4zision und Leistung: W\u00e4hlen Sie die CNC-Bearbeitungszentren von Belotti f\u00fcr maximale Produktivit\u00e4t.","og_url":"https:\/\/www.belotti.com\/de\/unternehmen-firma\/uber-uns\/","og_site_name":"Belotti","article_publisher":"https:\/\/www.facebook.com\/Belotti.SPA","article_modified_time":"2026-03-23T10:16:38+00:00","og_image":[{"width":1920,"height":679,"url":"https:\/\/www.belotti.com\/wp-content\/uploads\/2021\/10\/belotti-azienda1.jpg","type":"image\/jpeg"}],"twitter_card":"summary_large_image","twitter_site":"@Belotti__SPA","twitter_misc":{"Gesch\u00e4tzte Lesezeit":"4\u00a0Minuten"},"schema":{"@context":"https:\/\/schema.org","@graph":[{"@type":"WebPage","@id":"https:\/\/www.belotti.com\/de\/unternehmen-firma\/uber-uns\/","url":"https:\/\/www.belotti.com\/de\/unternehmen-firma\/uber-uns\/","name":"\u00dcber uns - Belotti","isPartOf":{"@id":"https:\/\/www.belotti.com\/de\/#website"},"primaryImageOfPage":{"@id":"https:\/\/www.belotti.com\/de\/unternehmen-firma\/uber-uns\/#primaryimage"},"image":{"@id":"https:\/\/www.belotti.com\/de\/unternehmen-firma\/uber-uns\/#primaryimage"},"thumbnailUrl":"https:\/\/www.belotti.com\/wp-content\/uploads\/2021\/10\/belotti-azienda1.jpg","datePublished":"2020-12-09T13:54:15+00:00","dateModified":"2026-03-23T10:16:38+00:00","description":"Zuverl\u00e4ssigkeit, Pr\u00e4zision und Leistung: W\u00e4hlen Sie die CNC-Bearbeitungszentren von Belotti f\u00fcr maximale Produktivit\u00e4t.","breadcrumb":{"@id":"https:\/\/www.belotti.com\/de\/unternehmen-firma\/uber-uns\/#breadcrumb"},"inLanguage":"de","potentialAction":[{"@type":"ReadAction","target":["https:\/\/www.belotti.com\/de\/unternehmen-firma\/uber-uns\/"]}]},{"@type":"ImageObject","inLanguage":"de","@id":"https:\/\/www.belotti.com\/de\/unternehmen-firma\/uber-uns\/#primaryimage","url":"https:\/\/www.belotti.com\/wp-content\/uploads\/2021\/10\/belotti-azienda1.jpg","contentUrl":"https:\/\/www.belotti.com\/wp-content\/uploads\/2021\/10\/belotti-azienda1.jpg","width":1920,"height":679,"caption":"Azienda Belotti"},{"@type":"BreadcrumbList","@id":"https:\/\/www.belotti.com\/de\/unternehmen-firma\/uber-uns\/#breadcrumb","itemListElement":[{"@type":"ListItem","position":1,"name":"Home","item":"https:\/\/www.belotti.com\/de\/"},{"@type":"ListItem","position":2,"name":"Unternehmen\/Firma","item":"https:\/\/www.belotti.com\/de\/unternehmen-firma\/"},{"@type":"ListItem","position":3,"name":"\u00dcber uns"}]},{"@type":"WebSite","@id":"https:\/\/www.belotti.com\/de\/#website","url":"https:\/\/www.belotti.com\/de\/","name":"Belotti Spa","description":"CNC Machining Centers","publisher":{"@id":"https:\/\/www.belotti.com\/de\/#organization"},"potentialAction":[{"@type":"SearchAction","target":{"@type":"EntryPoint","urlTemplate":"https:\/\/www.belotti.com\/de\/?s={search_term_string}"},"query-input":{"@type":"PropertyValueSpecification","valueRequired":true,"valueName":"search_term_string"}}],"inLanguage":"de"},{"@type":"Organization","@id":"https:\/\/www.belotti.com\/de\/#organization","name":"Belotti Spa","url":"https:\/\/www.belotti.com\/de\/","logo":{"@type":"ImageObject","inLanguage":"de","@id":"https:\/\/www.belotti.com\/de\/#\/schema\/logo\/image\/","url":"http:\/\/belotti.com\/wp-content\/uploads\/2023\/04\/logo-Belotti-1.png","contentUrl":"http:\/\/belotti.com\/wp-content\/uploads\/2023\/04\/logo-Belotti-1.png","width":708,"height":225,"caption":"Belotti Spa"},"image":{"@id":"https:\/\/www.belotti.com\/de\/#\/schema\/logo\/image\/"},"sameAs":["https:\/\/www.facebook.com\/Belotti.SPA","https:\/\/x.com\/Belotti__SPA","https:\/\/www.youtube.com\/channel\/UC5q7E8IMymZ-agKfVsPCorw","https:\/\/www.linkedin.com\/company\/belotti-s-p-a-\/?viewAsMember=true","https:\/\/www.instagram.com\/belotti_spa\/"]}]}},"_links":{"self":[{"href":"https:\/\/www.belotti.com\/de\/wp-json\/wp\/v2\/pages\/11608","targetHints":{"allow":["GET"]}}],"collection":[{"href":"https:\/\/www.belotti.com\/de\/wp-json\/wp\/v2\/pages"}],"about":[{"href":"https:\/\/www.belotti.com\/de\/wp-json\/wp\/v2\/types\/page"}],"author":[{"embeddable":true,"href":"https:\/\/www.belotti.com\/de\/wp-json\/wp\/v2\/users\/1"}],"replies":[{"embeddable":true,"href":"https:\/\/www.belotti.com\/de\/wp-json\/wp\/v2\/comments?post=11608"}],"version-history":[{"count":34,"href":"https:\/\/www.belotti.com\/de\/wp-json\/wp\/v2\/pages\/11608\/revisions"}],"predecessor-version":[{"id":28685,"href":"https:\/\/www.belotti.com\/de\/wp-json\/wp\/v2\/pages\/11608\/revisions\/28685"}],"up":[{"embeddable":true,"href":"https:\/\/www.belotti.com\/de\/wp-json\/wp\/v2\/pages\/11615"}],"wp:featuredmedia":[{"embeddable":true,"href":"https:\/\/www.belotti.com\/de\/wp-json\/wp\/v2\/media\/4121"}],"wp:attachment":[{"href":"https:\/\/www.belotti.com\/de\/wp-json\/wp\/v2\/media?parent=11608"}],"curies":[{"name":"wp","href":"https:\/\/api.w.org\/{rel}","templated":true}]}}