{"id":11625,"date":"2020-12-09T14:54:48","date_gmt":"2020-12-09T13:54:48","guid":{"rendered":"https:\/\/belotti.com\/company\/our-purpose\/"},"modified":"2025-03-17T12:23:24","modified_gmt":"2025-03-17T11:23:24","slug":"our-purpose","status":"publish","type":"page","link":"https:\/\/www.belotti.com\/de\/unternehmen-firma\/unser-ziel\/","title":{"rendered":"Unser Ziel"},"content":{"rendered":"<p>Flexibel und widerstandsf\u00e4hig wie die Materialien, an denen wir arbeiten, um in der Gegenwart erfolgreich zu handeln und sich die Zukunft vorzustellen.<br \/>\nDie Analyse der Trends der verschiedenen M\u00e4rkte hilft uns, unsere F\u00e4higkeit zu entwickeln, Ver\u00e4nderungen vorauszusehen und vorherzusehen.<br \/>\nDies ist der Abdruck in unserer DNA, ein entscheidendes Element bei der Generierung der prestigetr\u00e4chtigen Ziele, die das Unternehmen weltweit erreicht.<\/p>\n<p>Die treibende Kraft, die uns zur Erreichung dieser Ziele angetrieben hat, ist die Suche nach kompromissloser Qualit\u00e4t, die sich in der Produktpalette und den Dienstleistungen ausdr\u00fcckt.<br \/>\nDiese Richtlinie orientiert uns im Umgang mit unseren Kunden, bis wir beide die totale und absolute Zufriedenheit erreichen.<\/p>\n<div class=\"uk-text-center\"><a class=\"uk-button button-red\" href=\"https:\/\/www.belotti.com\/wp-content\/uploads\/2021\/09\/Codice-etico-Belotti-SpA-rev03-2021-EN.pdf\" target=\"_blank\" rel=\"noopener\">Laden Sie unsere etischer Kodex<\/a><\/div>\n","protected":false},"excerpt":{"rendered":"<p>Flexibel und widerstandsf\u00e4hig wie die Materialien, an denen wir arbeiten, um in der Gegenwart erfolgreich zu handeln und&#8230;<\/p>\n","protected":false},"author":1,"featured_media":5006,"parent":11615,"menu_order":0,"comment_status":"closed","ping_status":"closed","template":"page-ourpurpose.php","meta":{"_acf_changed":false,"_monsterinsights_skip_tracking":false,"_monsterinsights_sitenote_active":false,"_monsterinsights_sitenote_note":"","_monsterinsights_sitenote_category":0,"footnotes":""},"class_list":["post-11625","page","type-page","status-publish","has-post-thumbnail","hentry"],"acf":[],"yoast_head":"<!-- This site is optimized with the Yoast SEO plugin v27.2 - https:\/\/yoast.com\/product\/yoast-seo-wordpress\/ -->\n<title>Unser Ziel - Belotti<\/title>\n<meta name=\"description\" content=\"Flexibel und widerstandsf\u00e4hig wie die Materialien, an denen wir arbeiten, um in der Gegenwart erfolgreich zu handeln und sich die Zukunft vorzustellen.\" \/>\n<meta name=\"robots\" content=\"index, follow, max-snippet:-1, max-image-preview:large, max-video-preview:-1\" \/>\n<link rel=\"canonical\" href=\"https:\/\/www.belotti.com\/de\/unternehmen-firma\/unser-ziel\/\" \/>\n<meta property=\"og:locale\" content=\"de_DE\" \/>\n<meta property=\"og:type\" content=\"article\" \/>\n<meta property=\"og:title\" content=\"Unser Ziel - Belotti\" \/>\n<meta property=\"og:description\" content=\"Flexibel und widerstandsf\u00e4hig wie die Materialien, an denen wir arbeiten, um in der Gegenwart erfolgreich zu handeln und sich die Zukunft vorzustellen.\" \/>\n<meta property=\"og:url\" content=\"https:\/\/www.belotti.com\/de\/unternehmen-firma\/unser-ziel\/\" \/>\n<meta property=\"og:site_name\" content=\"Belotti\" \/>\n<meta property=\"article:publisher\" content=\"https:\/\/www.facebook.com\/Belotti.SPA\" \/>\n<meta property=\"article:modified_time\" content=\"2025-03-17T11:23:24+00:00\" \/>\n<meta property=\"og:image\" content=\"https:\/\/www.belotti.com\/wp-content\/uploads\/2021\/10\/belotti-our-purpose-1.jpg\" \/>\n\t<meta property=\"og:image:width\" content=\"1920\" \/>\n\t<meta property=\"og:image:height\" content=\"679\" \/>\n\t<meta property=\"og:image:type\" content=\"image\/jpeg\" \/>\n<meta name=\"twitter:card\" content=\"summary_large_image\" \/>\n<meta name=\"twitter:site\" content=\"@Belotti__SPA\" \/>\n<meta name=\"twitter:label1\" content=\"Gesch\u00e4tzte Lesezeit\" \/>\n\t<meta name=\"twitter:data1\" content=\"2\u00a0Minuten\" \/>\n<script type=\"application\/ld+json\" class=\"yoast-schema-graph\">{\"@context\":\"https:\/\/schema.org\",\"@graph\":[{\"@type\":\"WebPage\",\"@id\":\"https:\/\/www.belotti.com\/de\/unternehmen-firma\/unser-ziel\/\",\"url\":\"https:\/\/www.belotti.com\/de\/unternehmen-firma\/unser-ziel\/\",\"name\":\"Unser Ziel - Belotti\",\"isPartOf\":{\"@id\":\"https:\/\/www.belotti.com\/de\/#website\"},\"primaryImageOfPage\":{\"@id\":\"https:\/\/www.belotti.com\/de\/unternehmen-firma\/unser-ziel\/#primaryimage\"},\"image\":{\"@id\":\"https:\/\/www.belotti.com\/de\/unternehmen-firma\/unser-ziel\/#primaryimage\"},\"thumbnailUrl\":\"https:\/\/www.belotti.com\/wp-content\/uploads\/2021\/10\/belotti-our-purpose-1.jpg\",\"datePublished\":\"2020-12-09T13:54:48+00:00\",\"dateModified\":\"2025-03-17T11:23:24+00:00\",\"description\":\"Flexibel und widerstandsf\u00e4hig wie die Materialien, an denen wir arbeiten, um in der Gegenwart erfolgreich zu handeln und sich die Zukunft vorzustellen.\",\"breadcrumb\":{\"@id\":\"https:\/\/www.belotti.com\/de\/unternehmen-firma\/unser-ziel\/#breadcrumb\"},\"inLanguage\":\"de\",\"potentialAction\":[{\"@type\":\"ReadAction\",\"target\":[\"https:\/\/www.belotti.com\/de\/unternehmen-firma\/unser-ziel\/\"]}]},{\"@type\":\"ImageObject\",\"inLanguage\":\"de\",\"@id\":\"https:\/\/www.belotti.com\/de\/unternehmen-firma\/unser-ziel\/#primaryimage\",\"url\":\"https:\/\/www.belotti.com\/wp-content\/uploads\/2021\/10\/belotti-our-purpose-1.jpg\",\"contentUrl\":\"https:\/\/www.belotti.com\/wp-content\/uploads\/2021\/10\/belotti-our-purpose-1.jpg\",\"width\":1920,\"height\":679,\"caption\":\"Belotti our purpose\"},{\"@type\":\"BreadcrumbList\",\"@id\":\"https:\/\/www.belotti.com\/de\/unternehmen-firma\/unser-ziel\/#breadcrumb\",\"itemListElement\":[{\"@type\":\"ListItem\",\"position\":1,\"name\":\"Home\",\"item\":\"https:\/\/www.belotti.com\/de\/\"},{\"@type\":\"ListItem\",\"position\":2,\"name\":\"Unternehmen\/Firma\",\"item\":\"https:\/\/www.belotti.com\/de\/unternehmen-firma\/\"},{\"@type\":\"ListItem\",\"position\":3,\"name\":\"Unser Ziel\"}]},{\"@type\":\"WebSite\",\"@id\":\"https:\/\/www.belotti.com\/de\/#website\",\"url\":\"https:\/\/www.belotti.com\/de\/\",\"name\":\"Belotti Spa\",\"description\":\"CNC Machining Centers\",\"publisher\":{\"@id\":\"https:\/\/www.belotti.com\/de\/#organization\"},\"potentialAction\":[{\"@type\":\"SearchAction\",\"target\":{\"@type\":\"EntryPoint\",\"urlTemplate\":\"https:\/\/www.belotti.com\/de\/?s={search_term_string}\"},\"query-input\":{\"@type\":\"PropertyValueSpecification\",\"valueRequired\":true,\"valueName\":\"search_term_string\"}}],\"inLanguage\":\"de\"},{\"@type\":\"Organization\",\"@id\":\"https:\/\/www.belotti.com\/de\/#organization\",\"name\":\"Belotti Spa\",\"url\":\"https:\/\/www.belotti.com\/de\/\",\"logo\":{\"@type\":\"ImageObject\",\"inLanguage\":\"de\",\"@id\":\"https:\/\/www.belotti.com\/de\/#\/schema\/logo\/image\/\",\"url\":\"http:\/\/belotti.com\/wp-content\/uploads\/2023\/04\/logo-Belotti-1.png\",\"contentUrl\":\"http:\/\/belotti.com\/wp-content\/uploads\/2023\/04\/logo-Belotti-1.png\",\"width\":708,\"height\":225,\"caption\":\"Belotti Spa\"},\"image\":{\"@id\":\"https:\/\/www.belotti.com\/de\/#\/schema\/logo\/image\/\"},\"sameAs\":[\"https:\/\/www.facebook.com\/Belotti.SPA\",\"https:\/\/x.com\/Belotti__SPA\",\"https:\/\/www.youtube.com\/channel\/UC5q7E8IMymZ-agKfVsPCorw\",\"https:\/\/www.linkedin.com\/company\/belotti-s-p-a-\/?viewAsMember=true\",\"https:\/\/www.instagram.com\/belotti_spa\/\"]}]}<\/script>\n<!-- \/ Yoast SEO plugin. -->","yoast_head_json":{"title":"Unser Ziel - Belotti","description":"Flexibel und widerstandsf\u00e4hig wie die Materialien, an denen wir arbeiten, um in der Gegenwart erfolgreich zu handeln und sich die Zukunft vorzustellen.","robots":{"index":"index","follow":"follow","max-snippet":"max-snippet:-1","max-image-preview":"max-image-preview:large","max-video-preview":"max-video-preview:-1"},"canonical":"https:\/\/www.belotti.com\/de\/unternehmen-firma\/unser-ziel\/","og_locale":"de_DE","og_type":"article","og_title":"Unser Ziel - Belotti","og_description":"Flexibel und widerstandsf\u00e4hig wie die Materialien, an denen wir arbeiten, um in der Gegenwart erfolgreich zu handeln und sich die Zukunft vorzustellen.","og_url":"https:\/\/www.belotti.com\/de\/unternehmen-firma\/unser-ziel\/","og_site_name":"Belotti","article_publisher":"https:\/\/www.facebook.com\/Belotti.SPA","article_modified_time":"2025-03-17T11:23:24+00:00","og_image":[{"width":1920,"height":679,"url":"https:\/\/www.belotti.com\/wp-content\/uploads\/2021\/10\/belotti-our-purpose-1.jpg","type":"image\/jpeg"}],"twitter_card":"summary_large_image","twitter_site":"@Belotti__SPA","twitter_misc":{"Gesch\u00e4tzte Lesezeit":"2\u00a0Minuten"},"schema":{"@context":"https:\/\/schema.org","@graph":[{"@type":"WebPage","@id":"https:\/\/www.belotti.com\/de\/unternehmen-firma\/unser-ziel\/","url":"https:\/\/www.belotti.com\/de\/unternehmen-firma\/unser-ziel\/","name":"Unser Ziel - Belotti","isPartOf":{"@id":"https:\/\/www.belotti.com\/de\/#website"},"primaryImageOfPage":{"@id":"https:\/\/www.belotti.com\/de\/unternehmen-firma\/unser-ziel\/#primaryimage"},"image":{"@id":"https:\/\/www.belotti.com\/de\/unternehmen-firma\/unser-ziel\/#primaryimage"},"thumbnailUrl":"https:\/\/www.belotti.com\/wp-content\/uploads\/2021\/10\/belotti-our-purpose-1.jpg","datePublished":"2020-12-09T13:54:48+00:00","dateModified":"2025-03-17T11:23:24+00:00","description":"Flexibel und widerstandsf\u00e4hig wie die Materialien, an denen wir arbeiten, um in der Gegenwart erfolgreich zu handeln und sich die Zukunft vorzustellen.","breadcrumb":{"@id":"https:\/\/www.belotti.com\/de\/unternehmen-firma\/unser-ziel\/#breadcrumb"},"inLanguage":"de","potentialAction":[{"@type":"ReadAction","target":["https:\/\/www.belotti.com\/de\/unternehmen-firma\/unser-ziel\/"]}]},{"@type":"ImageObject","inLanguage":"de","@id":"https:\/\/www.belotti.com\/de\/unternehmen-firma\/unser-ziel\/#primaryimage","url":"https:\/\/www.belotti.com\/wp-content\/uploads\/2021\/10\/belotti-our-purpose-1.jpg","contentUrl":"https:\/\/www.belotti.com\/wp-content\/uploads\/2021\/10\/belotti-our-purpose-1.jpg","width":1920,"height":679,"caption":"Belotti our purpose"},{"@type":"BreadcrumbList","@id":"https:\/\/www.belotti.com\/de\/unternehmen-firma\/unser-ziel\/#breadcrumb","itemListElement":[{"@type":"ListItem","position":1,"name":"Home","item":"https:\/\/www.belotti.com\/de\/"},{"@type":"ListItem","position":2,"name":"Unternehmen\/Firma","item":"https:\/\/www.belotti.com\/de\/unternehmen-firma\/"},{"@type":"ListItem","position":3,"name":"Unser Ziel"}]},{"@type":"WebSite","@id":"https:\/\/www.belotti.com\/de\/#website","url":"https:\/\/www.belotti.com\/de\/","name":"Belotti Spa","description":"CNC Machining Centers","publisher":{"@id":"https:\/\/www.belotti.com\/de\/#organization"},"potentialAction":[{"@type":"SearchAction","target":{"@type":"EntryPoint","urlTemplate":"https:\/\/www.belotti.com\/de\/?s={search_term_string}"},"query-input":{"@type":"PropertyValueSpecification","valueRequired":true,"valueName":"search_term_string"}}],"inLanguage":"de"},{"@type":"Organization","@id":"https:\/\/www.belotti.com\/de\/#organization","name":"Belotti Spa","url":"https:\/\/www.belotti.com\/de\/","logo":{"@type":"ImageObject","inLanguage":"de","@id":"https:\/\/www.belotti.com\/de\/#\/schema\/logo\/image\/","url":"http:\/\/belotti.com\/wp-content\/uploads\/2023\/04\/logo-Belotti-1.png","contentUrl":"http:\/\/belotti.com\/wp-content\/uploads\/2023\/04\/logo-Belotti-1.png","width":708,"height":225,"caption":"Belotti Spa"},"image":{"@id":"https:\/\/www.belotti.com\/de\/#\/schema\/logo\/image\/"},"sameAs":["https:\/\/www.facebook.com\/Belotti.SPA","https:\/\/x.com\/Belotti__SPA","https:\/\/www.youtube.com\/channel\/UC5q7E8IMymZ-agKfVsPCorw","https:\/\/www.linkedin.com\/company\/belotti-s-p-a-\/?viewAsMember=true","https:\/\/www.instagram.com\/belotti_spa\/"]}]}},"_links":{"self":[{"href":"https:\/\/www.belotti.com\/de\/wp-json\/wp\/v2\/pages\/11625","targetHints":{"allow":["GET"]}}],"collection":[{"href":"https:\/\/www.belotti.com\/de\/wp-json\/wp\/v2\/pages"}],"about":[{"href":"https:\/\/www.belotti.com\/de\/wp-json\/wp\/v2\/types\/page"}],"author":[{"embeddable":true,"href":"https:\/\/www.belotti.com\/de\/wp-json\/wp\/v2\/users\/1"}],"replies":[{"embeddable":true,"href":"https:\/\/www.belotti.com\/de\/wp-json\/wp\/v2\/comments?post=11625"}],"version-history":[{"count":7,"href":"https:\/\/www.belotti.com\/de\/wp-json\/wp\/v2\/pages\/11625\/revisions"}],"predecessor-version":[{"id":24003,"href":"https:\/\/www.belotti.com\/de\/wp-json\/wp\/v2\/pages\/11625\/revisions\/24003"}],"up":[{"embeddable":true,"href":"https:\/\/www.belotti.com\/de\/wp-json\/wp\/v2\/pages\/11615"}],"wp:featuredmedia":[{"embeddable":true,"href":"https:\/\/www.belotti.com\/de\/wp-json\/wp\/v2\/media\/5006"}],"wp:attachment":[{"href":"https:\/\/www.belotti.com\/de\/wp-json\/wp\/v2\/media?parent=11625"}],"curies":[{"name":"wp","href":"https:\/\/api.w.org\/{rel}","templated":true}]}}