{"id":18796,"date":"2024-01-15T12:40:07","date_gmt":"2024-01-15T11:40:07","guid":{"rendered":"https:\/\/belotti.com\/whistleblowing-reporting-channel\/"},"modified":"2024-12-19T09:26:12","modified_gmt":"2024-12-19T08:26:12","slug":"whistleblowing-reporting-channel","status":"publish","type":"page","link":"https:\/\/www.belotti.com\/es\/denuncia-de-irregularidades\/","title":{"rendered":"denuncia de irregularidades"},"content":{"rendered":"<p>Estimado usuario,<br \/>\nBienvenido al \u00e1rea de la p\u00e1gina web dedicada al servicio de denuncia de irregularidades.<br \/>\nDe conformidad con el Decreto Legislativo 24\/2023, que transpone la Directiva Europea sobre la denuncia de irregularidades (2019\/1937), Belotti S.p.A. ha activado un portal para la recogida y gesti\u00f3n de las denuncias de irregularidades, tomando todas las medidas necesarias para garantizar la confidencialidad de las personas implicadas.<\/p>\n<p>El registro en el portal y la denuncia pueden realizarse de forma an\u00f3nima o confidencial.<br \/>\nIndependientemente del tipo de perfil de usuario que decida crear, a trav\u00e9s del portal podr\u00e1 enviar sus denuncias, supervisar su estado y recibir comentarios de los encargados de gestionarlas.<br \/>\nSi decide optar por un perfil an\u00f3nimo, no olvide guardar en un lugar seguro su Nombre de usuario y su Contrase\u00f1a, ya que s\u00f3lo los conocer\u00e1 usted y ser\u00e1n indispensables para consultar sus expedientes.<\/p>\n<p><strong>REGISTRO DE USUARIOS Y ENV\u00cdO DE INFORMES<\/strong><br \/>\n<a href=\"https:\/\/wb.applicazionicloud.it\/segnalazioni\/b2262800\/register\" target=\"_blank\" rel=\"noopener\">https:\/\/wb.applicazionicloud.it\/segnalazioni\/b2262800\/register <\/a><\/p>\n<p><strong>CONSULTA DE LA DENUNCIA<\/strong><br \/>\n<a href=\"https:\/\/wb.applicazionicloud.it\/segnalazioni\/b2262800\/login\" target=\"_blank\" rel=\"noopener\">https:\/\/wb.applicazionicloud.it\/segnalazioni\/b2262800\/login<\/a><\/p>\n<p><strong>POL\u00cdTICA DE PRIVACIDAD<\/strong><br \/>\n<a href=\"https:\/\/www.belotti.com\/wp-content\/uploads\/2024\/01\/Whistleblowing-Privacy-Policy-Belotti-S.p.A.pdf\" target=\"_blank\" rel=\"noopener\">Descargar<\/a><\/p>\n<p>&nbsp;<\/p>\n","protected":false},"excerpt":{"rendered":"<p>Estimado usuario, Bienvenido al \u00e1rea de la p\u00e1gina web dedicada al servicio de denuncia de irregularidades. De conformidad&#8230;<\/p>\n","protected":false},"author":1,"featured_media":0,"parent":0,"menu_order":0,"comment_status":"closed","ping_status":"closed","template":"","meta":{"_acf_changed":false,"_monsterinsights_skip_tracking":false,"_monsterinsights_sitenote_active":false,"_monsterinsights_sitenote_note":"","_monsterinsights_sitenote_category":0,"footnotes":""},"class_list":["post-18796","page","type-page","status-publish","hentry"],"acf":[],"yoast_head":"<!-- This site is optimized with the Yoast SEO plugin v27.2 - https:\/\/yoast.com\/product\/yoast-seo-wordpress\/ -->\n<title>denuncia de irregularidades - Belotti<\/title>\n<meta name=\"description\" content=\"Estimado usuario, Bienvenido al \u00e1rea de la p\u00e1gina web dedicada al servicio de denuncia de irregularidades. De conformidad con el Decreto Legislativo\" \/>\n<meta name=\"robots\" content=\"index, follow, max-snippet:-1, max-image-preview:large, max-video-preview:-1\" \/>\n<link rel=\"canonical\" href=\"https:\/\/www.belotti.com\/es\/denuncia-de-irregularidades\/\" \/>\n<meta property=\"og:locale\" content=\"es_ES\" \/>\n<meta property=\"og:type\" content=\"article\" \/>\n<meta property=\"og:title\" content=\"denuncia de irregularidades - Belotti\" \/>\n<meta property=\"og:description\" content=\"Estimado usuario, Bienvenido al \u00e1rea de la p\u00e1gina web dedicada al servicio de denuncia de irregularidades. De conformidad con el Decreto Legislativo\" \/>\n<meta property=\"og:url\" content=\"https:\/\/www.belotti.com\/es\/denuncia-de-irregularidades\/\" \/>\n<meta property=\"og:site_name\" content=\"Belotti\" \/>\n<meta property=\"article:publisher\" content=\"https:\/\/www.facebook.com\/Belotti.SPA\" \/>\n<meta property=\"article:modified_time\" content=\"2024-12-19T08:26:12+00:00\" \/>\n<meta name=\"twitter:card\" content=\"summary_large_image\" \/>\n<meta name=\"twitter:site\" content=\"@Belotti__SPA\" \/>\n<meta name=\"twitter:label1\" content=\"Tiempo de lectura\" \/>\n\t<meta name=\"twitter:data1\" content=\"2 minutos\" \/>\n<script type=\"application\/ld+json\" class=\"yoast-schema-graph\">{\"@context\":\"https:\/\/schema.org\",\"@graph\":[{\"@type\":\"WebPage\",\"@id\":\"https:\/\/www.belotti.com\/es\/denuncia-de-irregularidades\/\",\"url\":\"https:\/\/www.belotti.com\/es\/denuncia-de-irregularidades\/\",\"name\":\"denuncia de irregularidades - Belotti\",\"isPartOf\":{\"@id\":\"https:\/\/www.belotti.com\/es\/#website\"},\"datePublished\":\"2024-01-15T11:40:07+00:00\",\"dateModified\":\"2024-12-19T08:26:12+00:00\",\"description\":\"Estimado usuario, Bienvenido al \u00e1rea de la p\u00e1gina web dedicada al servicio de denuncia de irregularidades. De conformidad con el Decreto Legislativo\",\"breadcrumb\":{\"@id\":\"https:\/\/www.belotti.com\/es\/denuncia-de-irregularidades\/#breadcrumb\"},\"inLanguage\":\"es\",\"potentialAction\":[{\"@type\":\"ReadAction\",\"target\":[\"https:\/\/www.belotti.com\/es\/denuncia-de-irregularidades\/\"]}]},{\"@type\":\"BreadcrumbList\",\"@id\":\"https:\/\/www.belotti.com\/es\/denuncia-de-irregularidades\/#breadcrumb\",\"itemListElement\":[{\"@type\":\"ListItem\",\"position\":1,\"name\":\"Home\",\"item\":\"https:\/\/www.belotti.com\/es\/\"},{\"@type\":\"ListItem\",\"position\":2,\"name\":\"denuncia de irregularidades\"}]},{\"@type\":\"WebSite\",\"@id\":\"https:\/\/www.belotti.com\/es\/#website\",\"url\":\"https:\/\/www.belotti.com\/es\/\",\"name\":\"Belotti Spa\",\"description\":\"CNC Machining Centers\",\"publisher\":{\"@id\":\"https:\/\/www.belotti.com\/es\/#organization\"},\"potentialAction\":[{\"@type\":\"SearchAction\",\"target\":{\"@type\":\"EntryPoint\",\"urlTemplate\":\"https:\/\/www.belotti.com\/es\/?s={search_term_string}\"},\"query-input\":{\"@type\":\"PropertyValueSpecification\",\"valueRequired\":true,\"valueName\":\"search_term_string\"}}],\"inLanguage\":\"es\"},{\"@type\":\"Organization\",\"@id\":\"https:\/\/www.belotti.com\/es\/#organization\",\"name\":\"Belotti Spa\",\"url\":\"https:\/\/www.belotti.com\/es\/\",\"logo\":{\"@type\":\"ImageObject\",\"inLanguage\":\"es\",\"@id\":\"https:\/\/www.belotti.com\/es\/#\/schema\/logo\/image\/\",\"url\":\"http:\/\/belotti.com\/wp-content\/uploads\/2023\/04\/logo-Belotti-1.png\",\"contentUrl\":\"http:\/\/belotti.com\/wp-content\/uploads\/2023\/04\/logo-Belotti-1.png\",\"width\":708,\"height\":225,\"caption\":\"Belotti Spa\"},\"image\":{\"@id\":\"https:\/\/www.belotti.com\/es\/#\/schema\/logo\/image\/\"},\"sameAs\":[\"https:\/\/www.facebook.com\/Belotti.SPA\",\"https:\/\/x.com\/Belotti__SPA\",\"https:\/\/www.youtube.com\/channel\/UC5q7E8IMymZ-agKfVsPCorw\",\"https:\/\/www.linkedin.com\/company\/belotti-s-p-a-\/?viewAsMember=true\",\"https:\/\/www.instagram.com\/belotti_spa\/\"]}]}<\/script>\n<!-- \/ Yoast SEO plugin. -->","yoast_head_json":{"title":"denuncia de irregularidades - Belotti","description":"Estimado usuario, Bienvenido al \u00e1rea de la p\u00e1gina web dedicada al servicio de denuncia de irregularidades. De conformidad con el Decreto Legislativo","robots":{"index":"index","follow":"follow","max-snippet":"max-snippet:-1","max-image-preview":"max-image-preview:large","max-video-preview":"max-video-preview:-1"},"canonical":"https:\/\/www.belotti.com\/es\/denuncia-de-irregularidades\/","og_locale":"es_ES","og_type":"article","og_title":"denuncia de irregularidades - Belotti","og_description":"Estimado usuario, Bienvenido al \u00e1rea de la p\u00e1gina web dedicada al servicio de denuncia de irregularidades. De conformidad con el Decreto Legislativo","og_url":"https:\/\/www.belotti.com\/es\/denuncia-de-irregularidades\/","og_site_name":"Belotti","article_publisher":"https:\/\/www.facebook.com\/Belotti.SPA","article_modified_time":"2024-12-19T08:26:12+00:00","twitter_card":"summary_large_image","twitter_site":"@Belotti__SPA","twitter_misc":{"Tiempo de lectura":"2 minutos"},"schema":{"@context":"https:\/\/schema.org","@graph":[{"@type":"WebPage","@id":"https:\/\/www.belotti.com\/es\/denuncia-de-irregularidades\/","url":"https:\/\/www.belotti.com\/es\/denuncia-de-irregularidades\/","name":"denuncia de irregularidades - Belotti","isPartOf":{"@id":"https:\/\/www.belotti.com\/es\/#website"},"datePublished":"2024-01-15T11:40:07+00:00","dateModified":"2024-12-19T08:26:12+00:00","description":"Estimado usuario, Bienvenido al \u00e1rea de la p\u00e1gina web dedicada al servicio de denuncia de irregularidades. De conformidad con el Decreto Legislativo","breadcrumb":{"@id":"https:\/\/www.belotti.com\/es\/denuncia-de-irregularidades\/#breadcrumb"},"inLanguage":"es","potentialAction":[{"@type":"ReadAction","target":["https:\/\/www.belotti.com\/es\/denuncia-de-irregularidades\/"]}]},{"@type":"BreadcrumbList","@id":"https:\/\/www.belotti.com\/es\/denuncia-de-irregularidades\/#breadcrumb","itemListElement":[{"@type":"ListItem","position":1,"name":"Home","item":"https:\/\/www.belotti.com\/es\/"},{"@type":"ListItem","position":2,"name":"denuncia de irregularidades"}]},{"@type":"WebSite","@id":"https:\/\/www.belotti.com\/es\/#website","url":"https:\/\/www.belotti.com\/es\/","name":"Belotti Spa","description":"CNC Machining Centers","publisher":{"@id":"https:\/\/www.belotti.com\/es\/#organization"},"potentialAction":[{"@type":"SearchAction","target":{"@type":"EntryPoint","urlTemplate":"https:\/\/www.belotti.com\/es\/?s={search_term_string}"},"query-input":{"@type":"PropertyValueSpecification","valueRequired":true,"valueName":"search_term_string"}}],"inLanguage":"es"},{"@type":"Organization","@id":"https:\/\/www.belotti.com\/es\/#organization","name":"Belotti Spa","url":"https:\/\/www.belotti.com\/es\/","logo":{"@type":"ImageObject","inLanguage":"es","@id":"https:\/\/www.belotti.com\/es\/#\/schema\/logo\/image\/","url":"http:\/\/belotti.com\/wp-content\/uploads\/2023\/04\/logo-Belotti-1.png","contentUrl":"http:\/\/belotti.com\/wp-content\/uploads\/2023\/04\/logo-Belotti-1.png","width":708,"height":225,"caption":"Belotti Spa"},"image":{"@id":"https:\/\/www.belotti.com\/es\/#\/schema\/logo\/image\/"},"sameAs":["https:\/\/www.facebook.com\/Belotti.SPA","https:\/\/x.com\/Belotti__SPA","https:\/\/www.youtube.com\/channel\/UC5q7E8IMymZ-agKfVsPCorw","https:\/\/www.linkedin.com\/company\/belotti-s-p-a-\/?viewAsMember=true","https:\/\/www.instagram.com\/belotti_spa\/"]}]}},"_links":{"self":[{"href":"https:\/\/www.belotti.com\/es\/wp-json\/wp\/v2\/pages\/18796","targetHints":{"allow":["GET"]}}],"collection":[{"href":"https:\/\/www.belotti.com\/es\/wp-json\/wp\/v2\/pages"}],"about":[{"href":"https:\/\/www.belotti.com\/es\/wp-json\/wp\/v2\/types\/page"}],"author":[{"embeddable":true,"href":"https:\/\/www.belotti.com\/es\/wp-json\/wp\/v2\/users\/1"}],"replies":[{"embeddable":true,"href":"https:\/\/www.belotti.com\/es\/wp-json\/wp\/v2\/comments?post=18796"}],"version-history":[{"count":3,"href":"https:\/\/www.belotti.com\/es\/wp-json\/wp\/v2\/pages\/18796\/revisions"}],"predecessor-version":[{"id":20837,"href":"https:\/\/www.belotti.com\/es\/wp-json\/wp\/v2\/pages\/18796\/revisions\/20837"}],"wp:attachment":[{"href":"https:\/\/www.belotti.com\/es\/wp-json\/wp\/v2\/media?parent=18796"}],"curies":[{"name":"wp","href":"https:\/\/api.w.org\/{rel}","templated":true}]}}