{"id":18802,"date":"2021-10-20T09:34:24","date_gmt":"2021-10-20T07:34:24","guid":{"rendered":"https:\/\/belotti.com\/cookie-policy\/"},"modified":"2024-12-09T16:24:57","modified_gmt":"2024-12-09T15:24:57","slug":"cookie-policy","status":"publish","type":"page","link":"https:\/\/www.belotti.com\/es\/politica-de-cookies\/","title":{"rendered":"Pol\u00edtica de cookies"},"content":{"rendered":"<h2>Uso de Cookies<\/h2>\n<p>La P\u00e1gina www.belotti.com utiliza Cookies para hacer sus servicios simples y eficientes para los usuarios que visualizan las p\u00e1ginas de www.belotti.com. Los usuarios que entren en la P\u00e1gina ver\u00e1n cantidades m\u00ednimas de informaci\u00f3n insertada en los dispositivos en uso, ya sean ordenadores o dispositivos m\u00f3viles, en peque\u00f1os archivos de texto llamados \u00abcookies\u00bb guardados en los directorios utilizados por el navegador web del usuario. Existen varios tipos de cookies, algunas para hacer m\u00e1s eficaz el uso de la P\u00e1gina, otras para habilitar determinadas funcionalidades.<\/p>\n<p>Analiz\u00e1ndolas en detalle, nuestras cookies nos permiten:<\/p>\n<ul>\n<li>Almacenar las preferencias que ha introducido;<\/li>\n<li>Evitar que vuelva a introducir la misma informaci\u00f3n varias veces durante su visita, como su nombre de usuario y contrase\u00f1a;<\/li>\n<li>Analizar el uso de los servicios y contenidos proporcionados por belotti.com con el fin de optimizar la experiencia de navegaci\u00f3n y los servicios ofrecidos.<\/li>\n<\/ul>\n<h2>Lista de cookies e informaci\u00f3n sobre cookies<\/h2>\n<p><strong>Usted tiene la posibilidad de cambiar o revocar su consentimiento a la Declaraci\u00f3n de Cookies en cualquier momento haciendo clic <a href=\"https:\/\/www.belotti.com\/es\/declaracion-de-cookies\/\">AQU\u00cd<\/a><\/strong>.<\/p>\n<h2>Tipos de cookies<\/h2>\n<p><strong>Cookies t\u00e9cnicas<\/strong><br \/>\nEste tipo de cookies permite que determinadas secciones de la P\u00e1gina funcionen correctamente. Son de dos categor\u00edas: persistentes y de sesi\u00f3n:<\/p>\n<ul>\n<li>Persistentes: una vez que se cierra el navegador no se destruyen, sino que permanecen hasta una fecha de caducidad preestablecida;<\/li>\n<li>De sesi\u00f3n: se destruyen cada vez que se cierra el navegador.<\/li>\n<\/ul>\n<p>Estas cookies, enviadas siempre desde nuestro dominio, son necesarias para la correcta visualizaci\u00f3n de la p\u00e1gina y en relaci\u00f3n con los servicios t\u00e9cnicos ofrecidos, por lo que siempre ser\u00e1n utilizadas y enviadas, salvo que el usuario cambie la configuraci\u00f3n de su navegador (afectando as\u00ed a la visualizaci\u00f3n de las p\u00e1ginas del sitio).<\/p>\n<p><strong>Cookies anal\u00edticas<br \/>\n<\/strong>Las cookies de esta categor\u00eda se utilizan para recopilar informaci\u00f3n sobre el uso de la p\u00e1gina www.belotti.com. Belotti utilizar\u00e1 esta informaci\u00f3n para realizar an\u00e1lisis estad\u00edsticos an\u00f3nimos con el fin de mejorar el uso de la p\u00e1gina y hacer que el contenido sea m\u00e1s interesante y relevante para los deseos de los usuarios. Este tipo de cookie recoge datos de forma an\u00f3nima sobre la actividad de los usuarios y c\u00f3mo han llegado a la P\u00e1gina. Las cookies anal\u00edticas se env\u00edan desde la propia web o desde dominios de terceros.<\/p>\n<p><strong>Cookies de an\u00e1lisis de servicios de terceros<\/strong><br \/>\nEstas cookies se utilizan para recopilar informaci\u00f3n sobre el uso de la P\u00e1gina por parte de los usuarios de forma an\u00f3nima, como, por ejemplo: p\u00e1ginas visitadas, tiempo de permanencia, or\u00edgenes del tr\u00e1fico, origen geogr\u00e1fico, edad, sexo e intereses a efectos de campa\u00f1as de marketing. Estas cookies se env\u00edan desde dominios de terceros ajenos a la P\u00e1gina.<\/p>\n<p><strong>Cookies para integrar productos y funciones de software de terceros<\/strong><br \/>\nEste tipo de cookies integra funcionalidades desarrolladas por terceros dentro de las p\u00e1ginas de la Web como iconos y preferencias expresadas en redes sociales con el fin de compartir contenidos de la P\u00e1gina o para el uso de servicios de software de terceros (como software para generar mapas y otro software que ofrece servicios adicionales). Estas cookies se env\u00edan desde dominios de terceros y sitios asociados que ofrecen su funcionalidad entre las p\u00e1ginas de la Web.<\/p>\n<p><strong>Cookies de elaboraci\u00f3n de perfiles<\/strong><br \/>\nSon aquellas cookies necesarias para crear perfiles de usuario con el fin de enviar mensajes publicitarios en l\u00ednea con las preferencias expresadas por el usuario dentro de las p\u00e1ginas de la Web.<\/p>\n<p>Belotti, de acuerdo con la normativa vigente, no est\u00e1 obligada a solicitar el consentimiento para las cookies t\u00e9cnicas y anal\u00edticas, ya que son necesarias para proporcionar los servicios solicitados.<\/p>\n<p>Para todas las dem\u00e1s tipolog\u00edas de cookies el consentimiento puede ser expresado por el Usuario de una o m\u00e1s de las siguientes maneras:<\/p>\n<ul>\n<li>Mediante configuraciones espec\u00edficas del navegador utilizado o de los correspondientes programas inform\u00e1ticos utilizados para navegar por las p\u00e1ginas que componen la Web.<\/li>\n<li>Mediante la modificaci\u00f3n de la configuraci\u00f3n al utilizar servicios de terceros.<\/li>\n<\/ul>\n<p>Ambas soluciones pueden impedirle utilizar o visualizar partes de la P\u00e1gina.<\/p>\n<p><strong>P\u00e1ginas web y servicios de terceros<\/strong><br \/>\nLa P\u00e1gina puede contener enlaces a otras p\u00e1ginas web que tienen sus propias pol\u00edticas de privacidad que pueden ser diferentes de las adoptadas por belotti.com, que por lo tanto no es responsable de estas p\u00e1ginas.<\/p>\n<h2>C\u00f3mo desactivar las cookies mediante la configuraci\u00f3n del navegador<\/h2>\n<ul>\n<li>Mozilla Firefox <a href=\"https:\/\/support.mozilla.org\/it\/kb\/Gestione%20dei%20cookie\" target=\"_blank\" rel=\"noopener\">https:\/\/support.mozilla.org\/it\/kb\/Gestione%20dei%20cookie<\/a><\/li>\n<li>Google Chrome <a href=\"https:\/\/support.google.com\/chrome\/answer\/95647?hl=it\" target=\"_blank\" rel=\"noopener\">https:\/\/support.google.com\/chrome\/answer\/95647?hl=it<\/a><\/li>\n<li>Internet Explorer <a href=\"https:\/\/windows.microsoft.com\/it-it\/windows-vista\/block-or-allow-cookies\" target=\"_blank\" rel=\"noopener\">https:\/\/windows.microsoft.com\/it-it\/windows-vista\/block-or-allow-cookies<\/a><\/li>\n<li>Safari 6\/7 Mavericks <a href=\"https:\/\/support.apple.com\/kb\/PH17191?viewlocale=it_IT&amp;locale=it_IT\" target=\"_blank\" rel=\"noopener\">https:\/\/support.apple.com\/kb\/PH17191?viewlocale=it_IT&amp;locale=it_IT<\/a><\/li>\n<li>Safari 8 Yosemite <a href=\"https:\/\/support.apple.com\/kb\/PH19214?viewlocale=it_IT&amp;locale=it_IT\" target=\"_blank\" rel=\"noopener\">https:\/\/support.apple.com\/kb\/PH19214?viewlocale=it_IT&amp;locale=it_IT<\/a><\/li>\n<li>Safari en iPhone, iPad, o iPod touch <a href=\"https:\/\/support.apple.com\/it-it\/HT201265\" target=\"_blank\" rel=\"noopener\">https:\/\/support.apple.com\/it-it\/HT201265<\/a><\/li>\n<\/ul>\n<p>Si deseas obtener m\u00e1s informaci\u00f3n sobre c\u00f3mo su navegador almacena las cookies durante su navegaci\u00f3n, sigue estos enlaces a las p\u00e1ginas web de los respectivos proveedores.<\/p>\n<p>&nbsp;<\/p>\n","protected":false},"excerpt":{"rendered":"<p>Uso de Cookies La P\u00e1gina www.belotti.com utiliza Cookies para hacer sus servicios simples y eficientes para los usuarios&#8230;<\/p>\n","protected":false},"author":1,"featured_media":0,"parent":0,"menu_order":0,"comment_status":"closed","ping_status":"closed","template":"","meta":{"_acf_changed":false,"_monsterinsights_skip_tracking":false,"_monsterinsights_sitenote_active":false,"_monsterinsights_sitenote_note":"","_monsterinsights_sitenote_category":0,"footnotes":""},"class_list":["post-18802","page","type-page","status-publish","hentry"],"acf":[],"yoast_head":"<!-- This site is optimized with the Yoast SEO plugin v27.2 - https:\/\/yoast.com\/product\/yoast-seo-wordpress\/ -->\n<title>Pol\u00edtica de cookies - Belotti<\/title>\n<meta name=\"description\" content=\"Uso de Cookies La P\u00e1gina www.belotti.com utiliza Cookies para hacer sus servicios simples y eficientes para los usuarios que visualizan las p\u00e1ginas de\" \/>\n<meta name=\"robots\" content=\"index, follow, max-snippet:-1, max-image-preview:large, max-video-preview:-1\" \/>\n<link rel=\"canonical\" href=\"https:\/\/www.belotti.com\/es\/politica-de-cookies\/\" \/>\n<meta property=\"og:locale\" content=\"es_ES\" \/>\n<meta property=\"og:type\" content=\"article\" \/>\n<meta property=\"og:title\" content=\"Pol\u00edtica de cookies - Belotti\" \/>\n<meta property=\"og:description\" content=\"Uso de Cookies La P\u00e1gina www.belotti.com utiliza Cookies para hacer sus servicios simples y eficientes para los usuarios que visualizan las p\u00e1ginas de\" \/>\n<meta property=\"og:url\" content=\"https:\/\/www.belotti.com\/es\/politica-de-cookies\/\" \/>\n<meta property=\"og:site_name\" content=\"Belotti\" \/>\n<meta property=\"article:publisher\" content=\"https:\/\/www.facebook.com\/Belotti.SPA\" \/>\n<meta property=\"article:modified_time\" content=\"2024-12-09T15:24:57+00:00\" \/>\n<meta name=\"twitter:card\" content=\"summary_large_image\" \/>\n<meta name=\"twitter:site\" content=\"@Belotti__SPA\" \/>\n<meta name=\"twitter:label1\" content=\"Tiempo de lectura\" \/>\n\t<meta name=\"twitter:data1\" content=\"5 minutos\" \/>\n<script type=\"application\/ld+json\" class=\"yoast-schema-graph\">{\"@context\":\"https:\/\/schema.org\",\"@graph\":[{\"@type\":\"WebPage\",\"@id\":\"https:\/\/www.belotti.com\/es\/politica-de-cookies\/\",\"url\":\"https:\/\/www.belotti.com\/es\/politica-de-cookies\/\",\"name\":\"Pol\u00edtica de cookies - Belotti\",\"isPartOf\":{\"@id\":\"https:\/\/www.belotti.com\/es\/#website\"},\"datePublished\":\"2021-10-20T07:34:24+00:00\",\"dateModified\":\"2024-12-09T15:24:57+00:00\",\"description\":\"Uso de Cookies La P\u00e1gina www.belotti.com utiliza Cookies para hacer sus servicios simples y eficientes para los usuarios que visualizan las p\u00e1ginas de\",\"breadcrumb\":{\"@id\":\"https:\/\/www.belotti.com\/es\/politica-de-cookies\/#breadcrumb\"},\"inLanguage\":\"es\",\"potentialAction\":[{\"@type\":\"ReadAction\",\"target\":[\"https:\/\/www.belotti.com\/es\/politica-de-cookies\/\"]}]},{\"@type\":\"BreadcrumbList\",\"@id\":\"https:\/\/www.belotti.com\/es\/politica-de-cookies\/#breadcrumb\",\"itemListElement\":[{\"@type\":\"ListItem\",\"position\":1,\"name\":\"Home\",\"item\":\"https:\/\/www.belotti.com\/es\/\"},{\"@type\":\"ListItem\",\"position\":2,\"name\":\"Pol\u00edtica de cookies\"}]},{\"@type\":\"WebSite\",\"@id\":\"https:\/\/www.belotti.com\/es\/#website\",\"url\":\"https:\/\/www.belotti.com\/es\/\",\"name\":\"Belotti Spa\",\"description\":\"CNC Machining Centers\",\"publisher\":{\"@id\":\"https:\/\/www.belotti.com\/es\/#organization\"},\"potentialAction\":[{\"@type\":\"SearchAction\",\"target\":{\"@type\":\"EntryPoint\",\"urlTemplate\":\"https:\/\/www.belotti.com\/es\/?s={search_term_string}\"},\"query-input\":{\"@type\":\"PropertyValueSpecification\",\"valueRequired\":true,\"valueName\":\"search_term_string\"}}],\"inLanguage\":\"es\"},{\"@type\":\"Organization\",\"@id\":\"https:\/\/www.belotti.com\/es\/#organization\",\"name\":\"Belotti Spa\",\"url\":\"https:\/\/www.belotti.com\/es\/\",\"logo\":{\"@type\":\"ImageObject\",\"inLanguage\":\"es\",\"@id\":\"https:\/\/www.belotti.com\/es\/#\/schema\/logo\/image\/\",\"url\":\"http:\/\/belotti.com\/wp-content\/uploads\/2023\/04\/logo-Belotti-1.png\",\"contentUrl\":\"http:\/\/belotti.com\/wp-content\/uploads\/2023\/04\/logo-Belotti-1.png\",\"width\":708,\"height\":225,\"caption\":\"Belotti Spa\"},\"image\":{\"@id\":\"https:\/\/www.belotti.com\/es\/#\/schema\/logo\/image\/\"},\"sameAs\":[\"https:\/\/www.facebook.com\/Belotti.SPA\",\"https:\/\/x.com\/Belotti__SPA\",\"https:\/\/www.youtube.com\/channel\/UC5q7E8IMymZ-agKfVsPCorw\",\"https:\/\/www.linkedin.com\/company\/belotti-s-p-a-\/?viewAsMember=true\",\"https:\/\/www.instagram.com\/belotti_spa\/\"]}]}<\/script>\n<!-- \/ Yoast SEO plugin. -->","yoast_head_json":{"title":"Pol\u00edtica de cookies - Belotti","description":"Uso de Cookies La P\u00e1gina www.belotti.com utiliza Cookies para hacer sus servicios simples y eficientes para los usuarios que visualizan las p\u00e1ginas de","robots":{"index":"index","follow":"follow","max-snippet":"max-snippet:-1","max-image-preview":"max-image-preview:large","max-video-preview":"max-video-preview:-1"},"canonical":"https:\/\/www.belotti.com\/es\/politica-de-cookies\/","og_locale":"es_ES","og_type":"article","og_title":"Pol\u00edtica de cookies - Belotti","og_description":"Uso de Cookies La P\u00e1gina www.belotti.com utiliza Cookies para hacer sus servicios simples y eficientes para los usuarios que visualizan las p\u00e1ginas de","og_url":"https:\/\/www.belotti.com\/es\/politica-de-cookies\/","og_site_name":"Belotti","article_publisher":"https:\/\/www.facebook.com\/Belotti.SPA","article_modified_time":"2024-12-09T15:24:57+00:00","twitter_card":"summary_large_image","twitter_site":"@Belotti__SPA","twitter_misc":{"Tiempo de lectura":"5 minutos"},"schema":{"@context":"https:\/\/schema.org","@graph":[{"@type":"WebPage","@id":"https:\/\/www.belotti.com\/es\/politica-de-cookies\/","url":"https:\/\/www.belotti.com\/es\/politica-de-cookies\/","name":"Pol\u00edtica de cookies - Belotti","isPartOf":{"@id":"https:\/\/www.belotti.com\/es\/#website"},"datePublished":"2021-10-20T07:34:24+00:00","dateModified":"2024-12-09T15:24:57+00:00","description":"Uso de Cookies La P\u00e1gina www.belotti.com utiliza Cookies para hacer sus servicios simples y eficientes para los usuarios que visualizan las p\u00e1ginas de","breadcrumb":{"@id":"https:\/\/www.belotti.com\/es\/politica-de-cookies\/#breadcrumb"},"inLanguage":"es","potentialAction":[{"@type":"ReadAction","target":["https:\/\/www.belotti.com\/es\/politica-de-cookies\/"]}]},{"@type":"BreadcrumbList","@id":"https:\/\/www.belotti.com\/es\/politica-de-cookies\/#breadcrumb","itemListElement":[{"@type":"ListItem","position":1,"name":"Home","item":"https:\/\/www.belotti.com\/es\/"},{"@type":"ListItem","position":2,"name":"Pol\u00edtica de cookies"}]},{"@type":"WebSite","@id":"https:\/\/www.belotti.com\/es\/#website","url":"https:\/\/www.belotti.com\/es\/","name":"Belotti Spa","description":"CNC Machining Centers","publisher":{"@id":"https:\/\/www.belotti.com\/es\/#organization"},"potentialAction":[{"@type":"SearchAction","target":{"@type":"EntryPoint","urlTemplate":"https:\/\/www.belotti.com\/es\/?s={search_term_string}"},"query-input":{"@type":"PropertyValueSpecification","valueRequired":true,"valueName":"search_term_string"}}],"inLanguage":"es"},{"@type":"Organization","@id":"https:\/\/www.belotti.com\/es\/#organization","name":"Belotti Spa","url":"https:\/\/www.belotti.com\/es\/","logo":{"@type":"ImageObject","inLanguage":"es","@id":"https:\/\/www.belotti.com\/es\/#\/schema\/logo\/image\/","url":"http:\/\/belotti.com\/wp-content\/uploads\/2023\/04\/logo-Belotti-1.png","contentUrl":"http:\/\/belotti.com\/wp-content\/uploads\/2023\/04\/logo-Belotti-1.png","width":708,"height":225,"caption":"Belotti Spa"},"image":{"@id":"https:\/\/www.belotti.com\/es\/#\/schema\/logo\/image\/"},"sameAs":["https:\/\/www.facebook.com\/Belotti.SPA","https:\/\/x.com\/Belotti__SPA","https:\/\/www.youtube.com\/channel\/UC5q7E8IMymZ-agKfVsPCorw","https:\/\/www.linkedin.com\/company\/belotti-s-p-a-\/?viewAsMember=true","https:\/\/www.instagram.com\/belotti_spa\/"]}]}},"_links":{"self":[{"href":"https:\/\/www.belotti.com\/es\/wp-json\/wp\/v2\/pages\/18802","targetHints":{"allow":["GET"]}}],"collection":[{"href":"https:\/\/www.belotti.com\/es\/wp-json\/wp\/v2\/pages"}],"about":[{"href":"https:\/\/www.belotti.com\/es\/wp-json\/wp\/v2\/types\/page"}],"author":[{"embeddable":true,"href":"https:\/\/www.belotti.com\/es\/wp-json\/wp\/v2\/users\/1"}],"replies":[{"embeddable":true,"href":"https:\/\/www.belotti.com\/es\/wp-json\/wp\/v2\/comments?post=18802"}],"version-history":[{"count":8,"href":"https:\/\/www.belotti.com\/es\/wp-json\/wp\/v2\/pages\/18802\/revisions"}],"predecessor-version":[{"id":21019,"href":"https:\/\/www.belotti.com\/es\/wp-json\/wp\/v2\/pages\/18802\/revisions\/21019"}],"wp:attachment":[{"href":"https:\/\/www.belotti.com\/es\/wp-json\/wp\/v2\/media?parent=18802"}],"curies":[{"name":"wp","href":"https:\/\/api.w.org\/{rel}","templated":true}]}}