{"id":18811,"date":"2021-04-12T10:15:44","date_gmt":"2021-04-12T08:15:44","guid":{"rendered":"https:\/\/belotti.com\/software\/"},"modified":"2024-11-22T17:02:48","modified_gmt":"2024-11-22T16:02:48","slug":"software","status":"publish","type":"page","link":"https:\/\/www.belotti.com\/es\/software\/","title":{"rendered":"Software"},"content":{"rendered":"<p>Software desarrollados internamente para facilitar la programaci\u00f3n, supervisi\u00f3n y gesti\u00f3n interconectada de las m\u00e1quinas en los sistemas inform\u00e1ticos de la empresa.<\/p>\n","protected":false},"excerpt":{"rendered":"<p>Software desarrollados internamente para facilitar la programaci\u00f3n, supervisi\u00f3n y gesti\u00f3n interconectada de las m\u00e1quinas en los sistemas inform\u00e1ticos&#8230;<\/p>\n","protected":false},"author":1,"featured_media":18813,"parent":0,"menu_order":0,"comment_status":"closed","ping_status":"closed","template":"page-software.php","meta":{"_acf_changed":false,"_monsterinsights_skip_tracking":false,"_monsterinsights_sitenote_active":false,"_monsterinsights_sitenote_note":"","_monsterinsights_sitenote_category":0,"footnotes":""},"class_list":["post-18811","page","type-page","status-publish","has-post-thumbnail","hentry"],"acf":[],"yoast_head":"<!-- This site is optimized with the Yoast SEO plugin v27.2 - https:\/\/yoast.com\/product\/yoast-seo-wordpress\/ -->\n<title>Software - Belotti<\/title>\n<meta name=\"description\" content=\"Software desarrollados internamente para facilitar la programaci\u00f3n, supervisi\u00f3n y gesti\u00f3n interconectada de m\u00e1quinas en sistemas inform\u00e1ticos.\" \/>\n<meta name=\"robots\" content=\"index, follow, max-snippet:-1, max-image-preview:large, max-video-preview:-1\" \/>\n<link rel=\"canonical\" href=\"https:\/\/www.belotti.com\/es\/software\/\" \/>\n<meta property=\"og:locale\" content=\"es_ES\" \/>\n<meta property=\"og:type\" content=\"article\" \/>\n<meta property=\"og:title\" content=\"Software - Belotti\" \/>\n<meta property=\"og:description\" content=\"Software desarrollados internamente para facilitar la programaci\u00f3n, supervisi\u00f3n y gesti\u00f3n interconectada de m\u00e1quinas en sistemas inform\u00e1ticos.\" \/>\n<meta property=\"og:url\" content=\"https:\/\/www.belotti.com\/es\/software\/\" \/>\n<meta property=\"og:site_name\" content=\"Belotti\" \/>\n<meta property=\"article:publisher\" content=\"https:\/\/www.facebook.com\/Belotti.SPA\" \/>\n<meta property=\"article:modified_time\" content=\"2024-11-22T16:02:48+00:00\" \/>\n<meta property=\"og:image\" content=\"https:\/\/www.belotti.com\/wp-content\/uploads\/2020\/12\/software-abbinati-1-1.jpg\" \/>\n\t<meta property=\"og:image:width\" content=\"570\" \/>\n\t<meta property=\"og:image:height\" content=\"320\" \/>\n\t<meta property=\"og:image:type\" content=\"image\/jpeg\" \/>\n<meta name=\"twitter:card\" content=\"summary_large_image\" \/>\n<meta name=\"twitter:site\" content=\"@Belotti__SPA\" \/>\n<meta name=\"twitter:label1\" content=\"Tiempo de lectura\" \/>\n\t<meta name=\"twitter:data1\" content=\"1 minuto\" \/>\n<script type=\"application\/ld+json\" class=\"yoast-schema-graph\">{\"@context\":\"https:\/\/schema.org\",\"@graph\":[{\"@type\":\"WebPage\",\"@id\":\"https:\/\/www.belotti.com\/es\/software\/\",\"url\":\"https:\/\/www.belotti.com\/es\/software\/\",\"name\":\"Software - Belotti\",\"isPartOf\":{\"@id\":\"https:\/\/www.belotti.com\/es\/#website\"},\"primaryImageOfPage\":{\"@id\":\"https:\/\/www.belotti.com\/es\/software\/#primaryimage\"},\"image\":{\"@id\":\"https:\/\/www.belotti.com\/es\/software\/#primaryimage\"},\"thumbnailUrl\":\"https:\/\/www.belotti.com\/wp-content\/uploads\/2020\/12\/software-abbinati-1-1.jpg\",\"datePublished\":\"2021-04-12T08:15:44+00:00\",\"dateModified\":\"2024-11-22T16:02:48+00:00\",\"description\":\"Software desarrollados internamente para facilitar la programaci\u00f3n, supervisi\u00f3n y gesti\u00f3n interconectada de m\u00e1quinas en sistemas inform\u00e1ticos.\",\"breadcrumb\":{\"@id\":\"https:\/\/www.belotti.com\/es\/software\/#breadcrumb\"},\"inLanguage\":\"es\",\"potentialAction\":[{\"@type\":\"ReadAction\",\"target\":[\"https:\/\/www.belotti.com\/es\/software\/\"]}]},{\"@type\":\"ImageObject\",\"inLanguage\":\"es\",\"@id\":\"https:\/\/www.belotti.com\/es\/software\/#primaryimage\",\"url\":\"https:\/\/www.belotti.com\/wp-content\/uploads\/2020\/12\/software-abbinati-1-1.jpg\",\"contentUrl\":\"https:\/\/www.belotti.com\/wp-content\/uploads\/2020\/12\/software-abbinati-1-1.jpg\",\"width\":570,\"height\":320},{\"@type\":\"BreadcrumbList\",\"@id\":\"https:\/\/www.belotti.com\/es\/software\/#breadcrumb\",\"itemListElement\":[{\"@type\":\"ListItem\",\"position\":1,\"name\":\"Home\",\"item\":\"https:\/\/www.belotti.com\/es\/\"},{\"@type\":\"ListItem\",\"position\":2,\"name\":\"Software\"}]},{\"@type\":\"WebSite\",\"@id\":\"https:\/\/www.belotti.com\/es\/#website\",\"url\":\"https:\/\/www.belotti.com\/es\/\",\"name\":\"Belotti Spa\",\"description\":\"CNC Machining Centers\",\"publisher\":{\"@id\":\"https:\/\/www.belotti.com\/es\/#organization\"},\"potentialAction\":[{\"@type\":\"SearchAction\",\"target\":{\"@type\":\"EntryPoint\",\"urlTemplate\":\"https:\/\/www.belotti.com\/es\/?s={search_term_string}\"},\"query-input\":{\"@type\":\"PropertyValueSpecification\",\"valueRequired\":true,\"valueName\":\"search_term_string\"}}],\"inLanguage\":\"es\"},{\"@type\":\"Organization\",\"@id\":\"https:\/\/www.belotti.com\/es\/#organization\",\"name\":\"Belotti Spa\",\"url\":\"https:\/\/www.belotti.com\/es\/\",\"logo\":{\"@type\":\"ImageObject\",\"inLanguage\":\"es\",\"@id\":\"https:\/\/www.belotti.com\/es\/#\/schema\/logo\/image\/\",\"url\":\"http:\/\/belotti.com\/wp-content\/uploads\/2023\/04\/logo-Belotti-1.png\",\"contentUrl\":\"http:\/\/belotti.com\/wp-content\/uploads\/2023\/04\/logo-Belotti-1.png\",\"width\":708,\"height\":225,\"caption\":\"Belotti Spa\"},\"image\":{\"@id\":\"https:\/\/www.belotti.com\/es\/#\/schema\/logo\/image\/\"},\"sameAs\":[\"https:\/\/www.facebook.com\/Belotti.SPA\",\"https:\/\/x.com\/Belotti__SPA\",\"https:\/\/www.youtube.com\/channel\/UC5q7E8IMymZ-agKfVsPCorw\",\"https:\/\/www.linkedin.com\/company\/belotti-s-p-a-\/?viewAsMember=true\",\"https:\/\/www.instagram.com\/belotti_spa\/\"]}]}<\/script>\n<!-- \/ Yoast SEO plugin. -->","yoast_head_json":{"title":"Software - Belotti","description":"Software desarrollados internamente para facilitar la programaci\u00f3n, supervisi\u00f3n y gesti\u00f3n interconectada de m\u00e1quinas en sistemas inform\u00e1ticos.","robots":{"index":"index","follow":"follow","max-snippet":"max-snippet:-1","max-image-preview":"max-image-preview:large","max-video-preview":"max-video-preview:-1"},"canonical":"https:\/\/www.belotti.com\/es\/software\/","og_locale":"es_ES","og_type":"article","og_title":"Software - Belotti","og_description":"Software desarrollados internamente para facilitar la programaci\u00f3n, supervisi\u00f3n y gesti\u00f3n interconectada de m\u00e1quinas en sistemas inform\u00e1ticos.","og_url":"https:\/\/www.belotti.com\/es\/software\/","og_site_name":"Belotti","article_publisher":"https:\/\/www.facebook.com\/Belotti.SPA","article_modified_time":"2024-11-22T16:02:48+00:00","og_image":[{"width":570,"height":320,"url":"https:\/\/www.belotti.com\/wp-content\/uploads\/2020\/12\/software-abbinati-1-1.jpg","type":"image\/jpeg"}],"twitter_card":"summary_large_image","twitter_site":"@Belotti__SPA","twitter_misc":{"Tiempo de lectura":"1 minuto"},"schema":{"@context":"https:\/\/schema.org","@graph":[{"@type":"WebPage","@id":"https:\/\/www.belotti.com\/es\/software\/","url":"https:\/\/www.belotti.com\/es\/software\/","name":"Software - Belotti","isPartOf":{"@id":"https:\/\/www.belotti.com\/es\/#website"},"primaryImageOfPage":{"@id":"https:\/\/www.belotti.com\/es\/software\/#primaryimage"},"image":{"@id":"https:\/\/www.belotti.com\/es\/software\/#primaryimage"},"thumbnailUrl":"https:\/\/www.belotti.com\/wp-content\/uploads\/2020\/12\/software-abbinati-1-1.jpg","datePublished":"2021-04-12T08:15:44+00:00","dateModified":"2024-11-22T16:02:48+00:00","description":"Software desarrollados internamente para facilitar la programaci\u00f3n, supervisi\u00f3n y gesti\u00f3n interconectada de m\u00e1quinas en sistemas inform\u00e1ticos.","breadcrumb":{"@id":"https:\/\/www.belotti.com\/es\/software\/#breadcrumb"},"inLanguage":"es","potentialAction":[{"@type":"ReadAction","target":["https:\/\/www.belotti.com\/es\/software\/"]}]},{"@type":"ImageObject","inLanguage":"es","@id":"https:\/\/www.belotti.com\/es\/software\/#primaryimage","url":"https:\/\/www.belotti.com\/wp-content\/uploads\/2020\/12\/software-abbinati-1-1.jpg","contentUrl":"https:\/\/www.belotti.com\/wp-content\/uploads\/2020\/12\/software-abbinati-1-1.jpg","width":570,"height":320},{"@type":"BreadcrumbList","@id":"https:\/\/www.belotti.com\/es\/software\/#breadcrumb","itemListElement":[{"@type":"ListItem","position":1,"name":"Home","item":"https:\/\/www.belotti.com\/es\/"},{"@type":"ListItem","position":2,"name":"Software"}]},{"@type":"WebSite","@id":"https:\/\/www.belotti.com\/es\/#website","url":"https:\/\/www.belotti.com\/es\/","name":"Belotti Spa","description":"CNC Machining Centers","publisher":{"@id":"https:\/\/www.belotti.com\/es\/#organization"},"potentialAction":[{"@type":"SearchAction","target":{"@type":"EntryPoint","urlTemplate":"https:\/\/www.belotti.com\/es\/?s={search_term_string}"},"query-input":{"@type":"PropertyValueSpecification","valueRequired":true,"valueName":"search_term_string"}}],"inLanguage":"es"},{"@type":"Organization","@id":"https:\/\/www.belotti.com\/es\/#organization","name":"Belotti Spa","url":"https:\/\/www.belotti.com\/es\/","logo":{"@type":"ImageObject","inLanguage":"es","@id":"https:\/\/www.belotti.com\/es\/#\/schema\/logo\/image\/","url":"http:\/\/belotti.com\/wp-content\/uploads\/2023\/04\/logo-Belotti-1.png","contentUrl":"http:\/\/belotti.com\/wp-content\/uploads\/2023\/04\/logo-Belotti-1.png","width":708,"height":225,"caption":"Belotti Spa"},"image":{"@id":"https:\/\/www.belotti.com\/es\/#\/schema\/logo\/image\/"},"sameAs":["https:\/\/www.facebook.com\/Belotti.SPA","https:\/\/x.com\/Belotti__SPA","https:\/\/www.youtube.com\/channel\/UC5q7E8IMymZ-agKfVsPCorw","https:\/\/www.linkedin.com\/company\/belotti-s-p-a-\/?viewAsMember=true","https:\/\/www.instagram.com\/belotti_spa\/"]}]}},"_links":{"self":[{"href":"https:\/\/www.belotti.com\/es\/wp-json\/wp\/v2\/pages\/18811","targetHints":{"allow":["GET"]}}],"collection":[{"href":"https:\/\/www.belotti.com\/es\/wp-json\/wp\/v2\/pages"}],"about":[{"href":"https:\/\/www.belotti.com\/es\/wp-json\/wp\/v2\/types\/page"}],"author":[{"embeddable":true,"href":"https:\/\/www.belotti.com\/es\/wp-json\/wp\/v2\/users\/1"}],"replies":[{"embeddable":true,"href":"https:\/\/www.belotti.com\/es\/wp-json\/wp\/v2\/comments?post=18811"}],"version-history":[{"count":3,"href":"https:\/\/www.belotti.com\/es\/wp-json\/wp\/v2\/pages\/18811\/revisions"}],"predecessor-version":[{"id":20198,"href":"https:\/\/www.belotti.com\/es\/wp-json\/wp\/v2\/pages\/18811\/revisions\/20198"}],"wp:featuredmedia":[{"embeddable":true,"href":"https:\/\/www.belotti.com\/es\/wp-json\/wp\/v2\/media\/18813"}],"wp:attachment":[{"href":"https:\/\/www.belotti.com\/es\/wp-json\/wp\/v2\/media?parent=18811"}],"curies":[{"name":"wp","href":"https:\/\/api.w.org\/{rel}","templated":true}]}}