{"id":18814,"date":"2020-12-14T15:03:12","date_gmt":"2020-12-14T14:03:12","guid":{"rendered":"https:\/\/belotti.com\/success-stories\/"},"modified":"2024-12-17T12:45:52","modified_gmt":"2024-12-17T11:45:52","slug":"success-stories","status":"publish","type":"page","link":"https:\/\/www.belotti.com\/es\/success-stories\/","title":{"rendered":"Success Stories"},"content":{"rendered":"<p>El \u00e9xito de nuestros clientes es tambi\u00e9n el nuestro. Apoyarles y ayudarles a alcanzar sus objetivos y dar forma a sus proyectos es nuestra misi\u00f3n.<br \/>\nPor eso desarrollamos y ofrecemos soluciones que responden a las m\u00e1s altas exigencias t\u00e9cnicas y productivas de nuestros clientes, garantizando fiabilidad, eficacia productiva y precisi\u00f3n de mecanizado.<\/p>\n","protected":false},"excerpt":{"rendered":"<p>El \u00e9xito de nuestros clientes es tambi\u00e9n el nuestro. Apoyarles y ayudarles a alcanzar sus objetivos y dar&#8230;<\/p>\n","protected":false},"author":1,"featured_media":21108,"parent":0,"menu_order":0,"comment_status":"closed","ping_status":"closed","template":"page-casi-di-successo.php","meta":{"_acf_changed":false,"_monsterinsights_skip_tracking":false,"_monsterinsights_sitenote_active":false,"_monsterinsights_sitenote_note":"","_monsterinsights_sitenote_category":0,"footnotes":""},"class_list":["post-18814","page","type-page","status-publish","has-post-thumbnail","hentry"],"acf":[],"yoast_head":"<!-- This site is optimized with the Yoast SEO plugin v27.2 - https:\/\/yoast.com\/product\/yoast-seo-wordpress\/ -->\n<title>Success Stories - Belotti<\/title>\n<meta name=\"description\" content=\"El \u00e9xito de nuestros clientes es tambi\u00e9n el nuestro. Apoyarles y ayudarles a alcanzar sus objetivos y dar forma a sus proyectos es nuestra misi\u00f3n. Por eso\" \/>\n<meta name=\"robots\" content=\"index, follow, max-snippet:-1, max-image-preview:large, max-video-preview:-1\" \/>\n<link rel=\"canonical\" href=\"https:\/\/www.belotti.com\/es\/success-stories\/\" \/>\n<meta property=\"og:locale\" content=\"es_ES\" \/>\n<meta property=\"og:type\" content=\"article\" \/>\n<meta property=\"og:title\" content=\"Success Stories - Belotti\" \/>\n<meta property=\"og:description\" content=\"El \u00e9xito de nuestros clientes es tambi\u00e9n el nuestro. Apoyarles y ayudarles a alcanzar sus objetivos y dar forma a sus proyectos es nuestra misi\u00f3n. Por eso\" \/>\n<meta property=\"og:url\" content=\"https:\/\/www.belotti.com\/es\/success-stories\/\" \/>\n<meta property=\"og:site_name\" content=\"Belotti\" \/>\n<meta property=\"article:publisher\" content=\"https:\/\/www.facebook.com\/Belotti.SPA\" \/>\n<meta property=\"article:modified_time\" content=\"2024-12-17T11:45:52+00:00\" \/>\n<meta property=\"og:image\" content=\"https:\/\/www.belotti.com\/wp-content\/uploads\/2024\/12\/Belotti_success_stories_img-new.jpg\" \/>\n\t<meta property=\"og:image:width\" content=\"585\" \/>\n\t<meta property=\"og:image:height\" content=\"330\" \/>\n\t<meta property=\"og:image:type\" content=\"image\/jpeg\" \/>\n<meta name=\"twitter:card\" content=\"summary_large_image\" \/>\n<meta name=\"twitter:site\" content=\"@Belotti__SPA\" \/>\n<meta name=\"twitter:label1\" content=\"Tiempo de lectura\" \/>\n\t<meta name=\"twitter:data1\" content=\"1 minuto\" \/>\n<script type=\"application\/ld+json\" class=\"yoast-schema-graph\">{\"@context\":\"https:\/\/schema.org\",\"@graph\":[{\"@type\":\"WebPage\",\"@id\":\"https:\/\/www.belotti.com\/es\/success-stories\/\",\"url\":\"https:\/\/www.belotti.com\/es\/success-stories\/\",\"name\":\"Success Stories - Belotti\",\"isPartOf\":{\"@id\":\"https:\/\/www.belotti.com\/es\/#website\"},\"primaryImageOfPage\":{\"@id\":\"https:\/\/www.belotti.com\/es\/success-stories\/#primaryimage\"},\"image\":{\"@id\":\"https:\/\/www.belotti.com\/es\/success-stories\/#primaryimage\"},\"thumbnailUrl\":\"https:\/\/www.belotti.com\/wp-content\/uploads\/2024\/12\/Belotti_success_stories_img-new.jpg\",\"datePublished\":\"2020-12-14T14:03:12+00:00\",\"dateModified\":\"2024-12-17T11:45:52+00:00\",\"description\":\"El \u00e9xito de nuestros clientes es tambi\u00e9n el nuestro. Apoyarles y ayudarles a alcanzar sus objetivos y dar forma a sus proyectos es nuestra misi\u00f3n. Por eso\",\"breadcrumb\":{\"@id\":\"https:\/\/www.belotti.com\/es\/success-stories\/#breadcrumb\"},\"inLanguage\":\"es\",\"potentialAction\":[{\"@type\":\"ReadAction\",\"target\":[\"https:\/\/www.belotti.com\/es\/success-stories\/\"]}]},{\"@type\":\"ImageObject\",\"inLanguage\":\"es\",\"@id\":\"https:\/\/www.belotti.com\/es\/success-stories\/#primaryimage\",\"url\":\"https:\/\/www.belotti.com\/wp-content\/uploads\/2024\/12\/Belotti_success_stories_img-new.jpg\",\"contentUrl\":\"https:\/\/www.belotti.com\/wp-content\/uploads\/2024\/12\/Belotti_success_stories_img-new.jpg\",\"width\":585,\"height\":330},{\"@type\":\"BreadcrumbList\",\"@id\":\"https:\/\/www.belotti.com\/es\/success-stories\/#breadcrumb\",\"itemListElement\":[{\"@type\":\"ListItem\",\"position\":1,\"name\":\"Home\",\"item\":\"https:\/\/www.belotti.com\/es\/\"},{\"@type\":\"ListItem\",\"position\":2,\"name\":\"Success Stories\"}]},{\"@type\":\"WebSite\",\"@id\":\"https:\/\/www.belotti.com\/es\/#website\",\"url\":\"https:\/\/www.belotti.com\/es\/\",\"name\":\"Belotti Spa\",\"description\":\"CNC Machining Centers\",\"publisher\":{\"@id\":\"https:\/\/www.belotti.com\/es\/#organization\"},\"potentialAction\":[{\"@type\":\"SearchAction\",\"target\":{\"@type\":\"EntryPoint\",\"urlTemplate\":\"https:\/\/www.belotti.com\/es\/?s={search_term_string}\"},\"query-input\":{\"@type\":\"PropertyValueSpecification\",\"valueRequired\":true,\"valueName\":\"search_term_string\"}}],\"inLanguage\":\"es\"},{\"@type\":\"Organization\",\"@id\":\"https:\/\/www.belotti.com\/es\/#organization\",\"name\":\"Belotti Spa\",\"url\":\"https:\/\/www.belotti.com\/es\/\",\"logo\":{\"@type\":\"ImageObject\",\"inLanguage\":\"es\",\"@id\":\"https:\/\/www.belotti.com\/es\/#\/schema\/logo\/image\/\",\"url\":\"http:\/\/belotti.com\/wp-content\/uploads\/2023\/04\/logo-Belotti-1.png\",\"contentUrl\":\"http:\/\/belotti.com\/wp-content\/uploads\/2023\/04\/logo-Belotti-1.png\",\"width\":708,\"height\":225,\"caption\":\"Belotti Spa\"},\"image\":{\"@id\":\"https:\/\/www.belotti.com\/es\/#\/schema\/logo\/image\/\"},\"sameAs\":[\"https:\/\/www.facebook.com\/Belotti.SPA\",\"https:\/\/x.com\/Belotti__SPA\",\"https:\/\/www.youtube.com\/channel\/UC5q7E8IMymZ-agKfVsPCorw\",\"https:\/\/www.linkedin.com\/company\/belotti-s-p-a-\/?viewAsMember=true\",\"https:\/\/www.instagram.com\/belotti_spa\/\"]}]}<\/script>\n<!-- \/ Yoast SEO plugin. -->","yoast_head_json":{"title":"Success Stories - Belotti","description":"El \u00e9xito de nuestros clientes es tambi\u00e9n el nuestro. Apoyarles y ayudarles a alcanzar sus objetivos y dar forma a sus proyectos es nuestra misi\u00f3n. Por eso","robots":{"index":"index","follow":"follow","max-snippet":"max-snippet:-1","max-image-preview":"max-image-preview:large","max-video-preview":"max-video-preview:-1"},"canonical":"https:\/\/www.belotti.com\/es\/success-stories\/","og_locale":"es_ES","og_type":"article","og_title":"Success Stories - Belotti","og_description":"El \u00e9xito de nuestros clientes es tambi\u00e9n el nuestro. Apoyarles y ayudarles a alcanzar sus objetivos y dar forma a sus proyectos es nuestra misi\u00f3n. Por eso","og_url":"https:\/\/www.belotti.com\/es\/success-stories\/","og_site_name":"Belotti","article_publisher":"https:\/\/www.facebook.com\/Belotti.SPA","article_modified_time":"2024-12-17T11:45:52+00:00","og_image":[{"width":585,"height":330,"url":"https:\/\/www.belotti.com\/wp-content\/uploads\/2024\/12\/Belotti_success_stories_img-new.jpg","type":"image\/jpeg"}],"twitter_card":"summary_large_image","twitter_site":"@Belotti__SPA","twitter_misc":{"Tiempo de lectura":"1 minuto"},"schema":{"@context":"https:\/\/schema.org","@graph":[{"@type":"WebPage","@id":"https:\/\/www.belotti.com\/es\/success-stories\/","url":"https:\/\/www.belotti.com\/es\/success-stories\/","name":"Success Stories - Belotti","isPartOf":{"@id":"https:\/\/www.belotti.com\/es\/#website"},"primaryImageOfPage":{"@id":"https:\/\/www.belotti.com\/es\/success-stories\/#primaryimage"},"image":{"@id":"https:\/\/www.belotti.com\/es\/success-stories\/#primaryimage"},"thumbnailUrl":"https:\/\/www.belotti.com\/wp-content\/uploads\/2024\/12\/Belotti_success_stories_img-new.jpg","datePublished":"2020-12-14T14:03:12+00:00","dateModified":"2024-12-17T11:45:52+00:00","description":"El \u00e9xito de nuestros clientes es tambi\u00e9n el nuestro. Apoyarles y ayudarles a alcanzar sus objetivos y dar forma a sus proyectos es nuestra misi\u00f3n. Por eso","breadcrumb":{"@id":"https:\/\/www.belotti.com\/es\/success-stories\/#breadcrumb"},"inLanguage":"es","potentialAction":[{"@type":"ReadAction","target":["https:\/\/www.belotti.com\/es\/success-stories\/"]}]},{"@type":"ImageObject","inLanguage":"es","@id":"https:\/\/www.belotti.com\/es\/success-stories\/#primaryimage","url":"https:\/\/www.belotti.com\/wp-content\/uploads\/2024\/12\/Belotti_success_stories_img-new.jpg","contentUrl":"https:\/\/www.belotti.com\/wp-content\/uploads\/2024\/12\/Belotti_success_stories_img-new.jpg","width":585,"height":330},{"@type":"BreadcrumbList","@id":"https:\/\/www.belotti.com\/es\/success-stories\/#breadcrumb","itemListElement":[{"@type":"ListItem","position":1,"name":"Home","item":"https:\/\/www.belotti.com\/es\/"},{"@type":"ListItem","position":2,"name":"Success Stories"}]},{"@type":"WebSite","@id":"https:\/\/www.belotti.com\/es\/#website","url":"https:\/\/www.belotti.com\/es\/","name":"Belotti Spa","description":"CNC Machining Centers","publisher":{"@id":"https:\/\/www.belotti.com\/es\/#organization"},"potentialAction":[{"@type":"SearchAction","target":{"@type":"EntryPoint","urlTemplate":"https:\/\/www.belotti.com\/es\/?s={search_term_string}"},"query-input":{"@type":"PropertyValueSpecification","valueRequired":true,"valueName":"search_term_string"}}],"inLanguage":"es"},{"@type":"Organization","@id":"https:\/\/www.belotti.com\/es\/#organization","name":"Belotti Spa","url":"https:\/\/www.belotti.com\/es\/","logo":{"@type":"ImageObject","inLanguage":"es","@id":"https:\/\/www.belotti.com\/es\/#\/schema\/logo\/image\/","url":"http:\/\/belotti.com\/wp-content\/uploads\/2023\/04\/logo-Belotti-1.png","contentUrl":"http:\/\/belotti.com\/wp-content\/uploads\/2023\/04\/logo-Belotti-1.png","width":708,"height":225,"caption":"Belotti Spa"},"image":{"@id":"https:\/\/www.belotti.com\/es\/#\/schema\/logo\/image\/"},"sameAs":["https:\/\/www.facebook.com\/Belotti.SPA","https:\/\/x.com\/Belotti__SPA","https:\/\/www.youtube.com\/channel\/UC5q7E8IMymZ-agKfVsPCorw","https:\/\/www.linkedin.com\/company\/belotti-s-p-a-\/?viewAsMember=true","https:\/\/www.instagram.com\/belotti_spa\/"]}]}},"_links":{"self":[{"href":"https:\/\/www.belotti.com\/es\/wp-json\/wp\/v2\/pages\/18814","targetHints":{"allow":["GET"]}}],"collection":[{"href":"https:\/\/www.belotti.com\/es\/wp-json\/wp\/v2\/pages"}],"about":[{"href":"https:\/\/www.belotti.com\/es\/wp-json\/wp\/v2\/types\/page"}],"author":[{"embeddable":true,"href":"https:\/\/www.belotti.com\/es\/wp-json\/wp\/v2\/users\/1"}],"replies":[{"embeddable":true,"href":"https:\/\/www.belotti.com\/es\/wp-json\/wp\/v2\/comments?post=18814"}],"version-history":[{"count":1,"href":"https:\/\/www.belotti.com\/es\/wp-json\/wp\/v2\/pages\/18814\/revisions"}],"predecessor-version":[{"id":19606,"href":"https:\/\/www.belotti.com\/es\/wp-json\/wp\/v2\/pages\/18814\/revisions\/19606"}],"wp:featuredmedia":[{"embeddable":true,"href":"https:\/\/www.belotti.com\/es\/wp-json\/wp\/v2\/media\/21108"}],"wp:attachment":[{"href":"https:\/\/www.belotti.com\/es\/wp-json\/wp\/v2\/media?parent=18814"}],"curies":[{"name":"wp","href":"https:\/\/api.w.org\/{rel}","templated":true}]}}