{"id":18816,"date":"2020-12-14T11:07:58","date_gmt":"2020-12-14T10:07:58","guid":{"rendered":"https:\/\/belotti.com\/bead\/"},"modified":"2026-03-31T10:50:10","modified_gmt":"2026-03-31T08:50:10","slug":"bead","status":"publish","type":"page","link":"https:\/\/www.belotti.com\/es\/bead-centro-de-mecanizado-cnc-impresion-3d-y-fresado\/","title":{"rendered":"Bead"},"content":{"rendered":"<p><strong>BEAD<\/strong> es la <strong>soluci\u00f3n h\u00edbrida que integra en un \u00fanico centro de mecanizado la fabricaci\u00f3n aditiva de gran formato<\/strong> (<strong>L<\/strong>arge <strong>F<\/strong>ormat <strong>A<\/strong>dditive <strong>M<\/strong>anufacturing) con el fresado CNC de precisi\u00f3n.<br \/>\n<strong>BEAD<\/strong> aprovecha lo mejor de ambos procesos, combinando en un \u00fanico sistema la velocidad y el potencial creativo de la impresi\u00f3n 3D con la precisi\u00f3n y fiabilidad de un centro de mecanizado CNC.<br \/>\nIntegrando una <strong>extrusora<\/strong> de fabricaci\u00f3n aditiva CEAD (de tama\u00f1o y capacidad variables) en un <a href=\"https:\/\/www.belotti.com\/es\/centros-de-mecanizado-cnc\/\"><strong>centro de mecanizado CNC de 5 ejes<\/strong><\/a> <strong>Belotti<\/strong>, permite producir piezas lo suficientemente sobredimensionadas como para perfeccionarlas con las tolerancias requeridas en un menor tiempo y con un menor consumo de materia prima en comparaci\u00f3n con los m\u00e9todos tradicionales.<br \/>\nEl potencial de aplicaci\u00f3n de esta soluci\u00f3n es enorme y est\u00e1 en constante evoluci\u00f3n: los primeros destinos fueron los sectores n\u00e1utico, automotriz y aeroespacial, para los que se produjeron moldes, modelos, herramientas y piezas finales.<\/p>\n","protected":false},"excerpt":{"rendered":"<p>BEAD es la soluci\u00f3n h\u00edbrida que integra en un \u00fanico centro de mecanizado la fabricaci\u00f3n aditiva de gran&#8230;<\/p>\n","protected":false},"author":1,"featured_media":20772,"parent":0,"menu_order":0,"comment_status":"closed","ping_status":"closed","template":"page-bead.php","meta":{"_acf_changed":false,"_monsterinsights_skip_tracking":false,"_monsterinsights_sitenote_active":false,"_monsterinsights_sitenote_note":"","_monsterinsights_sitenote_category":0,"footnotes":""},"class_list":["post-18816","page","type-page","status-publish","has-post-thumbnail","hentry"],"acf":[],"yoast_head":"<!-- This site is optimized with the Yoast SEO plugin v27.2 - https:\/\/yoast.com\/product\/yoast-seo-wordpress\/ -->\n<title>BEAD: Impresi\u00f3n 3D y fresado en un \u00fanico centro de mecanizado<\/title>\n<meta name=\"description\" content=\"Stampa 3D e fresatura integrate in un unico centro di lavoro per una flessibilit\u00e0, produttivit\u00e0 e precisione senza precedenti.Impresi\u00f3n 3D y fresado integrados en un \u00fanico centro de mecanizado para una flexibilidad, productividad y precisi\u00f3n sin precedentes.\" \/>\n<meta name=\"robots\" content=\"index, follow, max-snippet:-1, max-image-preview:large, max-video-preview:-1\" \/>\n<link rel=\"canonical\" href=\"https:\/\/www.belotti.com\/es\/bead-centro-de-mecanizado-cnc-impresion-3d-y-fresado\/\" \/>\n<meta property=\"og:locale\" content=\"es_ES\" \/>\n<meta property=\"og:type\" content=\"article\" \/>\n<meta property=\"og:title\" content=\"BEAD: Impresi\u00f3n 3D y fresado en un \u00fanico centro de mecanizado\" \/>\n<meta property=\"og:description\" content=\"Stampa 3D e fresatura integrate in un unico centro di lavoro per una flessibilit\u00e0, produttivit\u00e0 e precisione senza precedenti.Impresi\u00f3n 3D y fresado integrados en un \u00fanico centro de mecanizado para una flexibilidad, productividad y precisi\u00f3n sin precedentes.\" \/>\n<meta property=\"og:url\" content=\"https:\/\/www.belotti.com\/es\/bead-centro-de-mecanizado-cnc-impresion-3d-y-fresado\/\" \/>\n<meta property=\"og:site_name\" content=\"Belotti\" \/>\n<meta property=\"article:publisher\" content=\"https:\/\/www.facebook.com\/Belotti.SPA\" \/>\n<meta property=\"article:modified_time\" content=\"2026-03-31T08:50:10+00:00\" \/>\n<meta property=\"og:image\" content=\"https:\/\/www.belotti.com\/wp-content\/uploads\/2024\/12\/BEAD-3D-Printing-FLU2617.jpg\" \/>\n\t<meta property=\"og:image:width\" content=\"1920\" \/>\n\t<meta property=\"og:image:height\" content=\"1080\" \/>\n\t<meta property=\"og:image:type\" content=\"image\/jpeg\" \/>\n<meta name=\"twitter:card\" content=\"summary_large_image\" \/>\n<meta name=\"twitter:site\" content=\"@Belotti__SPA\" \/>\n<meta name=\"twitter:label1\" content=\"Tiempo de lectura\" \/>\n\t<meta name=\"twitter:data1\" content=\"11 minutos\" \/>\n<script type=\"application\/ld+json\" class=\"yoast-schema-graph\">{\"@context\":\"https:\/\/schema.org\",\"@graph\":[{\"@type\":\"WebPage\",\"@id\":\"https:\/\/www.belotti.com\/es\/bead-centro-de-mecanizado-cnc-impresion-3d-y-fresado\/\",\"url\":\"https:\/\/www.belotti.com\/es\/bead-centro-de-mecanizado-cnc-impresion-3d-y-fresado\/\",\"name\":\"BEAD: Impresi\u00f3n 3D y fresado en un \u00fanico centro de mecanizado\",\"isPartOf\":{\"@id\":\"https:\/\/www.belotti.com\/es\/#website\"},\"primaryImageOfPage\":{\"@id\":\"https:\/\/www.belotti.com\/es\/bead-centro-de-mecanizado-cnc-impresion-3d-y-fresado\/#primaryimage\"},\"image\":{\"@id\":\"https:\/\/www.belotti.com\/es\/bead-centro-de-mecanizado-cnc-impresion-3d-y-fresado\/#primaryimage\"},\"thumbnailUrl\":\"https:\/\/www.belotti.com\/wp-content\/uploads\/2024\/12\/BEAD-3D-Printing-FLU2617.jpg\",\"datePublished\":\"2020-12-14T10:07:58+00:00\",\"dateModified\":\"2026-03-31T08:50:10+00:00\",\"description\":\"Stampa 3D e fresatura integrate in un unico centro di lavoro per una flessibilit\u00e0, produttivit\u00e0 e precisione senza precedenti.Impresi\u00f3n 3D y fresado integrados en un \u00fanico centro de mecanizado para una flexibilidad, productividad y precisi\u00f3n sin precedentes.\",\"breadcrumb\":{\"@id\":\"https:\/\/www.belotti.com\/es\/bead-centro-de-mecanizado-cnc-impresion-3d-y-fresado\/#breadcrumb\"},\"inLanguage\":\"es\",\"potentialAction\":[{\"@type\":\"ReadAction\",\"target\":[\"https:\/\/www.belotti.com\/es\/bead-centro-de-mecanizado-cnc-impresion-3d-y-fresado\/\"]}]},{\"@type\":\"ImageObject\",\"inLanguage\":\"es\",\"@id\":\"https:\/\/www.belotti.com\/es\/bead-centro-de-mecanizado-cnc-impresion-3d-y-fresado\/#primaryimage\",\"url\":\"https:\/\/www.belotti.com\/wp-content\/uploads\/2024\/12\/BEAD-3D-Printing-FLU2617.jpg\",\"contentUrl\":\"https:\/\/www.belotti.com\/wp-content\/uploads\/2024\/12\/BEAD-3D-Printing-FLU2617.jpg\",\"width\":1920,\"height\":1080},{\"@type\":\"BreadcrumbList\",\"@id\":\"https:\/\/www.belotti.com\/es\/bead-centro-de-mecanizado-cnc-impresion-3d-y-fresado\/#breadcrumb\",\"itemListElement\":[{\"@type\":\"ListItem\",\"position\":1,\"name\":\"Home\",\"item\":\"https:\/\/www.belotti.com\/es\/\"},{\"@type\":\"ListItem\",\"position\":2,\"name\":\"Bead\"}]},{\"@type\":\"WebSite\",\"@id\":\"https:\/\/www.belotti.com\/es\/#website\",\"url\":\"https:\/\/www.belotti.com\/es\/\",\"name\":\"Belotti Spa\",\"description\":\"CNC Machining Centers\",\"publisher\":{\"@id\":\"https:\/\/www.belotti.com\/es\/#organization\"},\"potentialAction\":[{\"@type\":\"SearchAction\",\"target\":{\"@type\":\"EntryPoint\",\"urlTemplate\":\"https:\/\/www.belotti.com\/es\/?s={search_term_string}\"},\"query-input\":{\"@type\":\"PropertyValueSpecification\",\"valueRequired\":true,\"valueName\":\"search_term_string\"}}],\"inLanguage\":\"es\"},{\"@type\":\"Organization\",\"@id\":\"https:\/\/www.belotti.com\/es\/#organization\",\"name\":\"Belotti Spa\",\"url\":\"https:\/\/www.belotti.com\/es\/\",\"logo\":{\"@type\":\"ImageObject\",\"inLanguage\":\"es\",\"@id\":\"https:\/\/www.belotti.com\/es\/#\/schema\/logo\/image\/\",\"url\":\"http:\/\/belotti.com\/wp-content\/uploads\/2023\/04\/logo-Belotti-1.png\",\"contentUrl\":\"http:\/\/belotti.com\/wp-content\/uploads\/2023\/04\/logo-Belotti-1.png\",\"width\":708,\"height\":225,\"caption\":\"Belotti Spa\"},\"image\":{\"@id\":\"https:\/\/www.belotti.com\/es\/#\/schema\/logo\/image\/\"},\"sameAs\":[\"https:\/\/www.facebook.com\/Belotti.SPA\",\"https:\/\/x.com\/Belotti__SPA\",\"https:\/\/www.youtube.com\/channel\/UC5q7E8IMymZ-agKfVsPCorw\",\"https:\/\/www.linkedin.com\/company\/belotti-s-p-a-\/?viewAsMember=true\",\"https:\/\/www.instagram.com\/belotti_spa\/\"]}]}<\/script>\n<!-- \/ Yoast SEO plugin. -->","yoast_head_json":{"title":"BEAD: Impresi\u00f3n 3D y fresado en un \u00fanico centro de mecanizado","description":"Stampa 3D e fresatura integrate in un unico centro di lavoro per una flessibilit\u00e0, produttivit\u00e0 e precisione senza precedenti.Impresi\u00f3n 3D y fresado integrados en un \u00fanico centro de mecanizado para una flexibilidad, productividad y precisi\u00f3n sin precedentes.","robots":{"index":"index","follow":"follow","max-snippet":"max-snippet:-1","max-image-preview":"max-image-preview:large","max-video-preview":"max-video-preview:-1"},"canonical":"https:\/\/www.belotti.com\/es\/bead-centro-de-mecanizado-cnc-impresion-3d-y-fresado\/","og_locale":"es_ES","og_type":"article","og_title":"BEAD: Impresi\u00f3n 3D y fresado en un \u00fanico centro de mecanizado","og_description":"Stampa 3D e fresatura integrate in un unico centro di lavoro per una flessibilit\u00e0, produttivit\u00e0 e precisione senza precedenti.Impresi\u00f3n 3D y fresado integrados en un \u00fanico centro de mecanizado para una flexibilidad, productividad y precisi\u00f3n sin precedentes.","og_url":"https:\/\/www.belotti.com\/es\/bead-centro-de-mecanizado-cnc-impresion-3d-y-fresado\/","og_site_name":"Belotti","article_publisher":"https:\/\/www.facebook.com\/Belotti.SPA","article_modified_time":"2026-03-31T08:50:10+00:00","og_image":[{"width":1920,"height":1080,"url":"https:\/\/www.belotti.com\/wp-content\/uploads\/2024\/12\/BEAD-3D-Printing-FLU2617.jpg","type":"image\/jpeg"}],"twitter_card":"summary_large_image","twitter_site":"@Belotti__SPA","twitter_misc":{"Tiempo de lectura":"11 minutos"},"schema":{"@context":"https:\/\/schema.org","@graph":[{"@type":"WebPage","@id":"https:\/\/www.belotti.com\/es\/bead-centro-de-mecanizado-cnc-impresion-3d-y-fresado\/","url":"https:\/\/www.belotti.com\/es\/bead-centro-de-mecanizado-cnc-impresion-3d-y-fresado\/","name":"BEAD: Impresi\u00f3n 3D y fresado en un \u00fanico centro de mecanizado","isPartOf":{"@id":"https:\/\/www.belotti.com\/es\/#website"},"primaryImageOfPage":{"@id":"https:\/\/www.belotti.com\/es\/bead-centro-de-mecanizado-cnc-impresion-3d-y-fresado\/#primaryimage"},"image":{"@id":"https:\/\/www.belotti.com\/es\/bead-centro-de-mecanizado-cnc-impresion-3d-y-fresado\/#primaryimage"},"thumbnailUrl":"https:\/\/www.belotti.com\/wp-content\/uploads\/2024\/12\/BEAD-3D-Printing-FLU2617.jpg","datePublished":"2020-12-14T10:07:58+00:00","dateModified":"2026-03-31T08:50:10+00:00","description":"Stampa 3D e fresatura integrate in un unico centro di lavoro per una flessibilit\u00e0, produttivit\u00e0 e precisione senza precedenti.Impresi\u00f3n 3D y fresado integrados en un \u00fanico centro de mecanizado para una flexibilidad, productividad y precisi\u00f3n sin precedentes.","breadcrumb":{"@id":"https:\/\/www.belotti.com\/es\/bead-centro-de-mecanizado-cnc-impresion-3d-y-fresado\/#breadcrumb"},"inLanguage":"es","potentialAction":[{"@type":"ReadAction","target":["https:\/\/www.belotti.com\/es\/bead-centro-de-mecanizado-cnc-impresion-3d-y-fresado\/"]}]},{"@type":"ImageObject","inLanguage":"es","@id":"https:\/\/www.belotti.com\/es\/bead-centro-de-mecanizado-cnc-impresion-3d-y-fresado\/#primaryimage","url":"https:\/\/www.belotti.com\/wp-content\/uploads\/2024\/12\/BEAD-3D-Printing-FLU2617.jpg","contentUrl":"https:\/\/www.belotti.com\/wp-content\/uploads\/2024\/12\/BEAD-3D-Printing-FLU2617.jpg","width":1920,"height":1080},{"@type":"BreadcrumbList","@id":"https:\/\/www.belotti.com\/es\/bead-centro-de-mecanizado-cnc-impresion-3d-y-fresado\/#breadcrumb","itemListElement":[{"@type":"ListItem","position":1,"name":"Home","item":"https:\/\/www.belotti.com\/es\/"},{"@type":"ListItem","position":2,"name":"Bead"}]},{"@type":"WebSite","@id":"https:\/\/www.belotti.com\/es\/#website","url":"https:\/\/www.belotti.com\/es\/","name":"Belotti Spa","description":"CNC Machining Centers","publisher":{"@id":"https:\/\/www.belotti.com\/es\/#organization"},"potentialAction":[{"@type":"SearchAction","target":{"@type":"EntryPoint","urlTemplate":"https:\/\/www.belotti.com\/es\/?s={search_term_string}"},"query-input":{"@type":"PropertyValueSpecification","valueRequired":true,"valueName":"search_term_string"}}],"inLanguage":"es"},{"@type":"Organization","@id":"https:\/\/www.belotti.com\/es\/#organization","name":"Belotti Spa","url":"https:\/\/www.belotti.com\/es\/","logo":{"@type":"ImageObject","inLanguage":"es","@id":"https:\/\/www.belotti.com\/es\/#\/schema\/logo\/image\/","url":"http:\/\/belotti.com\/wp-content\/uploads\/2023\/04\/logo-Belotti-1.png","contentUrl":"http:\/\/belotti.com\/wp-content\/uploads\/2023\/04\/logo-Belotti-1.png","width":708,"height":225,"caption":"Belotti Spa"},"image":{"@id":"https:\/\/www.belotti.com\/es\/#\/schema\/logo\/image\/"},"sameAs":["https:\/\/www.facebook.com\/Belotti.SPA","https:\/\/x.com\/Belotti__SPA","https:\/\/www.youtube.com\/channel\/UC5q7E8IMymZ-agKfVsPCorw","https:\/\/www.linkedin.com\/company\/belotti-s-p-a-\/?viewAsMember=true","https:\/\/www.instagram.com\/belotti_spa\/"]}]}},"_links":{"self":[{"href":"https:\/\/www.belotti.com\/es\/wp-json\/wp\/v2\/pages\/18816","targetHints":{"allow":["GET"]}}],"collection":[{"href":"https:\/\/www.belotti.com\/es\/wp-json\/wp\/v2\/pages"}],"about":[{"href":"https:\/\/www.belotti.com\/es\/wp-json\/wp\/v2\/types\/page"}],"author":[{"embeddable":true,"href":"https:\/\/www.belotti.com\/es\/wp-json\/wp\/v2\/users\/1"}],"replies":[{"embeddable":true,"href":"https:\/\/www.belotti.com\/es\/wp-json\/wp\/v2\/comments?post=18816"}],"version-history":[{"count":37,"href":"https:\/\/www.belotti.com\/es\/wp-json\/wp\/v2\/pages\/18816\/revisions"}],"predecessor-version":[{"id":28893,"href":"https:\/\/www.belotti.com\/es\/wp-json\/wp\/v2\/pages\/18816\/revisions\/28893"}],"wp:featuredmedia":[{"embeddable":true,"href":"https:\/\/www.belotti.com\/es\/wp-json\/wp\/v2\/media\/20772"}],"wp:attachment":[{"href":"https:\/\/www.belotti.com\/es\/wp-json\/wp\/v2\/media?parent=18816"}],"curies":[{"name":"wp","href":"https:\/\/api.w.org\/{rel}","templated":true}]}}