{"id":18821,"date":"2020-12-04T09:18:28","date_gmt":"2020-12-04T08:18:28","guid":{"rendered":"https:\/\/belotti.com\/contatti\/"},"modified":"2025-07-08T14:59:14","modified_gmt":"2025-07-08T12:59:14","slug":"contatti","status":"publish","type":"page","link":"https:\/\/www.belotti.com\/es\/contacto\/","title":{"rendered":"Contacto"},"content":{"rendered":"<p>Compartimos los datos de contacto de las divisiones corporativas y sucursales individuales de Belotti para garantizar una comunicaci\u00f3n directa con el \u00e1rea de inter\u00e9s.<\/p>\n<div class=\"wpgmp_map_container wpgmp-map-4\" rel=\"map4\" data-plugin-version=\"5.8.6\"><div class=\"wpgmp_map_parent\"><div class=\"wpgmp_map \" style=\"width:100%; height:500px;\" id=\"map4\" data-map-id=\"4\"><\/div><\/div><\/div><style> .wpgmp-map-4  .wpgmp_infowindow .fc-item-title{background-image:none;font-family:Montserrat, sans-serif;font-weight:700;font-size:16px;color:rgb(68, 68, 68);line-height:21.4286px;background-color:rgba(0, 0, 0, 0);font-style:normal;text-align:start;text-decoration:none solid rgb(68, 68, 68);margin-top:0px;margin-bottom:5px;margin-left:0px;margin-right:0px;padding-top:0px;padding-bottom:0px;padding-left:0px;padding-right:0px;} .wpgmp-map-4  .wpgmp_infowindow.wpgmp_infowindow_post .fc-item-title{background-image:none;font-family:Montserrat, sans-serif;font-weight:600;font-size:18px;color:rgb(33, 47, 61);line-height:21.4286px;background-color:rgba(0, 0, 0, 0);font-style:normal;text-align:start;text-decoration:none solid rgb(33, 47, 61);margin-top:0px;margin-bottom:5px;margin-left:0px;margin-right:0px;padding-top:0px;padding-bottom:0px;padding-left:0px;padding-right:0px;} .wpgmp-map-4 .uk-grid-medium.wpgmp_locations{background-image:none;font-family:Montserrat, sans-serif;font-weight:400;font-size:15px;color:rgba(0, 0, 0, 0.87);line-height:21.4286px;background-color:rgba(0, 0, 0, 0);font-style:normal;text-align:start;text-decoration:none solid rgba(0, 0, 0, 0.87);margin-top:0px;margin-bottom:0px;margin-left:0px;margin-right:0px;padding-top:0px;padding-bottom:0px;padding-left:0px;padding-right:0px;} .wpgmp-map-4 .place_title{background-image:none;font-family:Montserrat, sans-serif;font-weight:400;font-size:13px;color:rgba(0, 0, 0, 0.87);line-height:19.5px;background-color:rgba(0, 0, 0, 0);font-style:normal;text-align:start;text-decoration:none solid rgba(0, 0, 0, 0.87);margin-top:0px;margin-bottom:18px;margin-left:0px;margin-right:0px;padding-top:0px;padding-bottom:0px;padding-left:0px;padding-right:0px;}<\/style><script>jQuery(document).ready(function($){ window.wpgmp = window.wpgmp || {}; window.wpgmp.mapdata4 = \"eyJhdXRvc29ydCI6dHJ1ZSwibWFwX29wdGlvbnMiOnsiY2VudGVyX2xhdCI6IjQzLjA3MjIyNSIsImNlbnRlcl9sbmciOiIxMS42NDAxNjYiLCJ6b29tIjoyLCJtYXBfdHlwZV9pZCI6IlJPQURNQVAiLCJjZW50ZXJfYnlfbmVhcmVzdCI6ZmFsc2UsImZpdF9ib3VuZHMiOmZhbHNlLCJjZW50ZXJfY2lyY2xlX2ZpbGxjb2xvciI6IiM4Q0FFRjIiLCJjZW50ZXJfY2lyY2xlX2ZpbGxvcGFjaXR5IjoiLjUiLCJjZW50ZXJfY2lyY2xlX3N0cm9rZWNvbG9yIjoiIzhDQUVGMiIsImNlbnRlcl9jaXJjbGVfc3Ryb2tlb3BhY2l0eSI6Ii41IiwiY2VudGVyX2NpcmNsZV9yYWRpdXMiOiI1Iiwic2hvd19jZW50ZXJfY2lyY2xlIjpmYWxzZSwic2hvd19jZW50ZXJfbWFya2VyIjpmYWxzZSwiY2VudGVyX21hcmtlcl9pY29uIjoiaHR0cHM6XC9cL2JlbG90dGkuY29tXC93cC1jb250ZW50XC9wbHVnaW5zXC93cC1nb29nbGUtbWFwLWdvbGRcL2Fzc2V0c1wvaW1hZ2VzXC9cL2RlZmF1bHRfbWFya2VyLnBuZyIsImNlbnRlcl9jaXJjbGVfc3Ryb2tld2VpZ2h0IjoiMSIsImRyYWdnYWJsZSI6dHJ1ZSwic2Nyb2xsX3doZWVsIjoiZmFsc2UiLCJnZXN0dXJlIjoiYXV0byIsIm1hcmtlcl9kZWZhdWx0X2ljb24iOiJodHRwczpcL1wvYmVsb3R0aS5jb21cL3dwLWNvbnRlbnRcL3BsdWdpbnNcL3dwLWdvb2dsZS1tYXAtZ29sZFwvYXNzZXRzXC9pbWFnZXNcL1wvZGVmYXVsdF9tYXJrZXIucG5nIiwiaW5mb3dpbmRvd19zZXR0aW5nIjoiPGRpdiBjbGFzcz1cImZjLW1haW5cIj48ZGl2IGNsYXNzPVwiZmMtaXRlbS10aXRsZVwiPnttYXJrZXJfdGl0bGV9IDxzcGFuIGNsYXNzPVwiZmMtYmFkZ2UgaW5mb1wiPnttYXJrZXJfY2F0ZWdvcnl9PFwvc3Bhbj48XC9kaXY+IDxkaXYgY2xhc3M9XCJmYy1pdGVtLWZlYXR1cmVkX2ltYWdlXCI+e21hcmtlcl9pbWFnZX0gPFwvZGl2PnttYXJrZXJfbWVzc2FnZX08YWRkcmVzcz48Yj5BZGRyZXNzIDogPFwvYj57bWFya2VyX2FkZHJlc3N9PFwvYWRkcmVzcz48XC9kaXY+IiwiaW5mb3dpbmRvd19nZW90YWdzX3NldHRpbmciOiI8ZGl2IGNsYXNzPVwiZmMtbWFpblwiPjxkaXYgY2xhc3M9XCJmYy1pdGVtLXRpdGxlXCI+e3Bvc3RfdGl0bGV9IDxzcGFuIGNsYXNzPVwiZmMtYmFkZ2UgaW5mb1wiPntwb3N0X2NhdGVnb3JpZXN9PFwvc3Bhbj48XC9kaXY+IDxkaXYgY2xhc3M9XCJmYy1pdGVtLWZlYXR1cmVkX2ltYWdlXCI+e3Bvc3RfZmVhdHVyZWRfaW1hZ2V9IDxcL2Rpdj57cG9zdF9leGNlcnB0fTxhZGRyZXNzPjxiPkFkZHJlc3MgOiA8XC9iPnttYXJrZXJfYWRkcmVzc308XC9hZGRyZXNzPjxhIHRhcmdldD1cIl9ibGFua1wiIGNsYXNzPVwiZmMtYnRuIGZjLWJ0bi1zbWFsbCBmYy1idG4tcmVkXCIgaHJlZj1cIntwb3N0X2xpbmt9XCI+UmVhZCBNb3JlLi4uPFwvYT48XC9kaXY+IiwiaW5mb3dpbmRvd19za2luIjp7Im5hbWUiOiJkZWZhdWx0IiwidHlwZSI6ImluZm93aW5kb3ciLCJzb3VyY2Vjb2RlIjoiJmx0O2RpdiBjbGFzcz0mcXVvdDtmYy1tYWluJnF1b3Q7Jmd0OyZsdDtkaXYgY2xhc3M9JnF1b3Q7ZmMtaXRlbS10aXRsZSZxdW90OyZndDt7bWFya2VyX3RpdGxlfSAmbHQ7c3BhbiBjbGFzcz0mcXVvdDtmYy1iYWRnZSBpbmZvJnF1b3Q7Jmd0O3ttYXJrZXJfY2F0ZWdvcnl9Jmx0O1wvc3BhbiZndDsmbHQ7XC9kaXYmZ3Q7ICZsdDtkaXYgY2xhc3M9JnF1b3Q7ZmMtaXRlbS1mZWF0dXJlZF9pbWFnZSZxdW90OyZndDt7bWFya2VyX2ltYWdlfSAmbHQ7XC9kaXYmZ3Q7e21hcmtlcl9tZXNzYWdlfSZsdDthZGRyZXNzJmd0OyZsdDtiJmd0O0FkZHJlc3MgOiAmbHQ7XC9iJmd0O3ttYXJrZXJfYWRkcmVzc30mbHQ7XC9hZGRyZXNzJmd0OyZsdDtcL2RpdiZndDsifSwiaW5mb3dpbmRvd19wb3N0X3NraW4iOnsibmFtZSI6ImRlZmF1bHQiLCJ0eXBlIjoicG9zdCIsInNvdXJjZWNvZGUiOiImbHQ7ZGl2IGNsYXNzPSZxdW90O2ZjLW1haW4mcXVvdDsmZ3Q7Jmx0O2RpdiBjbGFzcz0mcXVvdDtmYy1pdGVtLXRpdGxlJnF1b3Q7Jmd0O3twb3N0X3RpdGxlfSAmbHQ7c3BhbiBjbGFzcz0mcXVvdDtmYy1iYWRnZSBpbmZvJnF1b3Q7Jmd0O3twb3N0X2NhdGVnb3JpZXN9Jmx0O1wvc3BhbiZndDsmbHQ7XC9kaXYmZ3Q7ICZsdDtkaXYgY2xhc3M9JnF1b3Q7ZmMtaXRlbS1mZWF0dXJlZF9pbWFnZSZxdW90OyZndDt7cG9zdF9mZWF0dXJlZF9pbWFnZX0gJmx0O1wvZGl2Jmd0O3twb3N0X2V4Y2VycHR9Jmx0O2FkZHJlc3MmZ3Q7Jmx0O2ImZ3Q7QWRkcmVzcyA6ICZsdDtcL2ImZ3Q7e21hcmtlcl9hZGRyZXNzfSZsdDtcL2FkZHJlc3MmZ3Q7Jmx0O2EgdGFyZ2V0PSZxdW90O19ibGFuayZxdW90OyBjbGFzcz0mcXVvdDtmYy1idG4gZmMtYnRuLXNtYWxsIGZjLWJ0bi1yZWQmcXVvdDsgaHJlZj0mcXVvdDt7cG9zdF9saW5rfSZxdW90OyZndDtSZWFkIE1vcmUuLi4mbHQ7XC9hJmd0OyZsdDtcL2RpdiZndDsifSwiaW5mb3dpbmRvd19kcm9wX2FuaW1hdGlvbiI6ZmFsc2UsImNsb3NlX2luZm93aW5kb3dfb25fbWFwX2NsaWNrIjpmYWxzZSwiZGVmYXVsdF9pbmZvd2luZG93X29wZW4iOmZhbHNlLCJpbmZvd2luZG93X29wZW5fZXZlbnQiOiJjbGljayIsImxpc3RpbmdfaW5mb3dpbmRvd19vcGVuX2V2ZW50IjoiY2xpY2siLCJpc19tb2JpbGUiOmZhbHNlLCJpbmZvd2luZG93X2ZpbHRlcl9vbmx5IjpmYWxzZSwiaW5mb3dpbmRvd19jbGlja19jaGFuZ2Vfem9vbSI6MCwiaW5mb3dpbmRvd19jbGlja19jaGFuZ2VfY2VudGVyIjpmYWxzZSwiZnVsbF9zY3JlZW5fY29udHJvbCI6ZmFsc2UsImNhbWVyYV9jb250cm9sIjpmYWxzZSwic2VhcmNoX2NvbnRyb2wiOnRydWUsInpvb21fY29udHJvbCI6dHJ1ZSwibWFwX3R5cGVfY29udHJvbCI6ZmFsc2UsInN0cmVldF92aWV3X2NvbnRyb2wiOnRydWUsImxvY2F0ZW1lX2NvbnRyb2wiOmZhbHNlLCJtb2JpbGVfc3BlY2lmaWMiOmZhbHNlLCJ6b29tX21vYmlsZSI6NSwiZHJhZ2dhYmxlX21vYmlsZSI6dHJ1ZSwic2Nyb2xsX3doZWVsX21vYmlsZSI6dHJ1ZSwiZnVsbF9zY3JlZW5fY29udHJvbF9wb3NpdGlvbiI6IlRPUF9SSUdIVCIsInNlYXJjaF9jb250cm9sX3Bvc2l0aW9uIjoiVE9QX0xFRlQiLCJsb2NhdGVtZV9jb250cm9sX3Bvc2l0aW9uIjoiVE9QX0xFRlQiLCJ6b29tX2NvbnRyb2xfcG9zaXRpb24iOiJUT1BfTEVGVCIsIm1hcF90eXBlX2NvbnRyb2xfcG9zaXRpb24iOiJUT1BfUklHSFQiLCJtYXBfdHlwZV9jb250cm9sX3N0eWxlIjoiSE9SSVpPTlRBTF9CQVIiLCJzdHJlZXRfdmlld19jb250cm9sX3Bvc2l0aW9uIjoiVE9QX0xFRlQiLCJtYXBfY29udHJvbCI6ZmFsc2UsInNjcmVlbnMiOnsic21hcnRwaG9uZSI6eyJtYXBfem9vbV9sZXZlbF9tb2JpbGUiOiI1In0sImlwYWQiOnsibWFwX3pvb21fbGV2ZWxfbW9iaWxlIjoiNSJ9LCJzY2hlcm1pLWRpLWdyYW5kaS1kaW1lbnNpb25pIjp7Im1hcF96b29tX2xldmVsX21vYmlsZSI6IjUifX0sIm1hcF9pbmZvd2luZG93X2N1c3RvbWlzYXRpb25zIjpmYWxzZSwiaW5mb3dpbmRvd193aWR0aCI6IjEwMCUiLCJpbmZvd2luZG93X2JvcmRlcl9jb2xvciI6InJnYmEoMCwgMCwgMCwgMC4wOTgwMzkyKSIsImluZm93aW5kb3dfYmdfY29sb3IiOiIjZmZmIiwic2hvd19pbmZvd2luZG93X2hlYWRlciI6ZmFsc2UsIm1pbl96b29tIjoiMCIsIm1heF96b29tIjoiMTkiLCJ6b29tX2xldmVsX2FmdGVyX3NlYXJjaCI6IjEwIiwidXJsX2ZpbHRlcnMiOmZhbHNlLCJkb3VibGVjbGlja3pvb20iOmZhbHNlLCJjdXJyZW50X3Bvc3Rfb25seSI6ZmFsc2UsImFkdmFuY2VfdGVtcGxhdGUiOmZhbHNlLCJib3VuZF9tYXBfYWZ0ZXJfZmlsdGVyIjpmYWxzZSwiZGlzcGxheV9yZXNldF9idXR0b24iOmZhbHNlLCJtYXBfcmVzZXRfYnV0dG9uX3RleHQiOiJSZXNldCIsImhlaWdodCI6IjUwMCJ9LCJwbGFjZXMiOlt7ImlkIjoiMTciLCJ0aXRsZSI6IkJlbG90dGkgQW1lcmljYSBJbmMuIiwiYWRkcmVzcyI6IjQxMSBVbml2ZXJzaXR5IFJpZGdlIHN1aXRlIGIyLCBHcmVlbnZpbGxlLCBTQyAyOTYwMSwgVVNBIiwic291cmNlIjoibWFudWFsIiwibG9jYXRpb24iOnsiaWNvbiI6Imh0dHA6XC9cL2JlbG90dGkuY29tXC93cC1jb250ZW50XC91cGxvYWRzXC8yMDIyXC8xMFwvZmlsaWFsaS0xLnBuZyIsImxhdCI6IjM0Ljg0MDI4IiwibG5nIjoiLTgyLjM5ODMyMDIwMDAwMDAxIiwiY2l0eSI6IkdyZWVudmlsbGUiLCJzdGF0ZSI6IlNvdXRoIENhcm9saW5hIiwiY291bnRyeSI6IlVuaXRlZCBTdGF0ZXMiLCJvbmNsaWNrX2FjdGlvbiI6Im1hcmtlciIsIm9wZW5fbmV3X3RhYiI6InllcyIsInBvc3RhbF9jb2RlIjoiMjk2MDEiLCJkcmFnZ2FibGUiOmZhbHNlLCJpbmZvd2luZG93X2RlZmF1bHRfb3BlbiI6ZmFsc2UsImluZm93aW5kb3dfZGlzYWJsZSI6dHJ1ZSwiem9vbSI6NSwiZXh0cmFfZmllbGRzIjp7InRlbGVmb25vIjoiIiwiZmF4IjoiIiwibGlzdG9yZGVyIjowfX0sImNhdGVnb3JpZXMiOlt7ImlkIjoiNSIsIm5hbWUiOiJTdWN1cnNhbGVzIiwidHlwZSI6ImNhdGVnb3J5IiwiaWNvbiI6Imh0dHA6XC9cL2JlbG90dGkuY29tXC93cC1jb250ZW50XC91cGxvYWRzXC8yMDIyXC8xMFwvZmlsaWFsaS0xLnBuZyJ9XX0seyJpZCI6IjE4IiwidGl0bGUiOiJCZWxvdHRpIFNwYSIsImFkZHJlc3MiOiJWaWEgRG9uIEdpb3Zhbm5pIEJvc2NvLCAxMiwgMjQwNDAgU3Vpc2lvLCBCRywgSXRhbHkiLCJzb3VyY2UiOiJtYW51YWwiLCJsb2NhdGlvbiI6eyJpY29uIjoiaHR0cDpcL1wvYmVsb3R0aS5jb21cL3dwLWNvbnRlbnRcL3VwbG9hZHNcLzIwMjRcLzA2XC9oZWFkcXVhcnRlci0yNC5wbmciLCJsYXQiOiI0NS42NjE1MjY1IiwibG5nIjoiOS41MDIyNDU3IiwiY2l0eSI6IlN1aXNpbyIsInN0YXRlIjoiTG9tYmFyZGlhIiwiY291bnRyeSI6Ikl0YWx5Iiwib25jbGlja19hY3Rpb24iOiJtYXJrZXIiLCJvcGVuX25ld190YWIiOiJ5ZXMiLCJwb3N0YWxfY29kZSI6IjI0MDQwIiwiZHJhZ2dhYmxlIjpmYWxzZSwiaW5mb3dpbmRvd19kZWZhdWx0X29wZW4iOmZhbHNlLCJpbmZvd2luZG93X2Rpc2FibGUiOnRydWUsInpvb20iOjUsImV4dHJhX2ZpZWxkcyI6eyJ0ZWxlZm9ubyI6IiIsImZheCI6IiIsImxpc3RvcmRlciI6MH19LCJjYXRlZ29yaWVzIjpbeyJpZCI6IjYiLCJuYW1lIjoiU2VkZSBjZW50cmFsIiwidHlwZSI6ImNhdGVnb3J5IiwiaWNvbiI6Imh0dHA6XC9cL2JlbG90dGkuY29tXC93cC1jb250ZW50XC91cGxvYWRzXC8yMDI0XC8wNlwvaGVhZHF1YXJ0ZXItMjQucG5nIn1dfSx7ImlkIjoiMTkiLCJ0aXRsZSI6IkJlbG90dGkgQ2VudHJvIFN1ZCIsImFkZHJlc3MiOiJWaWEgQ2FzYWxlIEZlcnJhbnRpLCA4NSwgMDAxNzMgUm9tYSwgUk0sIEl0YWxpYSIsInNvdXJjZSI6Im1hbnVhbCIsImxvY2F0aW9uIjp7Imljb24iOiJodHRwOlwvXC9iZWxvdHRpLmNvbVwvd3AtY29udGVudFwvdXBsb2Fkc1wvMjAyMlwvMTBcL2ZpbGlhbGktMS5wbmciLCJsYXQiOiI0MS44MzU0MDU3IiwibG5nIjoiMTIuNTgyNzQxOCIsImNpdHkiOiJSb21hIiwic3RhdGUiOiJMYXppbyIsImNvdW50cnkiOiJJdGFseSIsIm9uY2xpY2tfYWN0aW9uIjoibWFya2VyIiwib3Blbl9uZXdfdGFiIjoieWVzIiwicG9zdGFsX2NvZGUiOiIwMDE3MyIsImRyYWdnYWJsZSI6ZmFsc2UsImluZm93aW5kb3dfZGVmYXVsdF9vcGVuIjpmYWxzZSwiaW5mb3dpbmRvd19kaXNhYmxlIjp0cnVlLCJ6b29tIjo1LCJleHRyYV9maWVsZHMiOnsidGVsZWZvbm8iOiIiLCJmYXgiOiIiLCJsaXN0b3JkZXIiOjB9fSwiY2F0ZWdvcmllcyI6W3siaWQiOiI1IiwibmFtZSI6IlN1Y3Vyc2FsZXMiLCJ0eXBlIjoiY2F0ZWdvcnkiLCJpY29uIjoiaHR0cDpcL1wvYmVsb3R0aS5jb21cL3dwLWNvbnRlbnRcL3VwbG9hZHNcLzIwMjJcLzEwXC9maWxpYWxpLTEucG5nIn1dfSx7ImlkIjoiMjAiLCJ0aXRsZSI6IkJlbG90dGkgRGV1dHNjaGxhbmQgR21iSCIsImFkZHJlc3MiOiJLYWx0ZXJlciBTdHJhXHUwMGRmZSA5LCA4NjE2NSBBdWdzYnVyZywgTGVjaGhhdXNlbiwgQmF5ZXJuLCBHZXJtYW55Iiwic291cmNlIjoibWFudWFsIiwibG9jYXRpb24iOnsiaWNvbiI6Imh0dHA6XC9cL2JlbG90dGkuY29tXC93cC1jb250ZW50XC91cGxvYWRzXC8yMDIyXC8xMFwvZmlsaWFsaS0xLnBuZyIsImxhdCI6IjQ4LjM4MDYxIiwibG5nIjoiMTAuOTM2NCIsImNpdHkiOiJLcmVpc2ZyZWllIFN0YWR0IEF1Z3NidXJnIiwic3RhdGUiOiJCYXllcm4iLCJjb3VudHJ5IjoiR2VybWFueSIsIm9uY2xpY2tfYWN0aW9uIjoibWFya2VyIiwib3Blbl9uZXdfdGFiIjoieWVzIiwicG9zdGFsX2NvZGUiOiI4NjE2NSIsImRyYWdnYWJsZSI6ZmFsc2UsImluZm93aW5kb3dfZGVmYXVsdF9vcGVuIjpmYWxzZSwiaW5mb3dpbmRvd19kaXNhYmxlIjp0cnVlLCJ6b29tIjo1LCJleHRyYV9maWVsZHMiOnsidGVsZWZvbm8iOiIiLCJmYXgiOiIiLCJsaXN0b3JkZXIiOjB9fSwiY2F0ZWdvcmllcyI6W3siaWQiOiI1IiwibmFtZSI6IlN1Y3Vyc2FsZXMiLCJ0eXBlIjoiY2F0ZWdvcnkiLCJpY29uIjoiaHR0cDpcL1wvYmVsb3R0aS5jb21cL3dwLWNvbnRlbnRcL3VwbG9hZHNcLzIwMjJcLzEwXC9maWxpYWxpLTEucG5nIn1dfSx7ImlkIjoiMjEiLCJ0aXRsZSI6IkJlbG90dGkgKFNoYW5naGFpKSBNYWNoaW5lIFRvb2xzIFRyYWRlIENvLiBMdGQiLCJhZGRyZXNzIjoiUm9vbSBBMTA1LCA0dGggRmxvb3IgKEVhc3QpLCBDaGFuZ25pbmcgRGlzdHJpY3QsIFNoYW5naGFpLCBDaGluYSwiLCJzb3VyY2UiOiJtYW51YWwiLCJsb2NhdGlvbiI6eyJpY29uIjoiaHR0cDpcL1wvYmVsb3R0aS5jb21cL3dwLWNvbnRlbnRcL3VwbG9hZHNcLzIwMjJcLzEwXC9maWxpYWxpLTEucG5nIiwibGF0IjoiMzEuMjIwMzY3IiwibG5nIjoiMTIxLjQyNDYyNCIsInN0YXRlIjoiU2hhbmdoYWkiLCJjb3VudHJ5IjoiQ2hpbmEiLCJvbmNsaWNrX2FjdGlvbiI6Im1hcmtlciIsIm9wZW5fbmV3X3RhYiI6InllcyIsImRyYWdnYWJsZSI6ZmFsc2UsImluZm93aW5kb3dfZGVmYXVsdF9vcGVuIjpmYWxzZSwiaW5mb3dpbmRvd19kaXNhYmxlIjp0cnVlLCJ6b29tIjo1LCJleHRyYV9maWVsZHMiOnsidGVsZWZvbm8iOiIiLCJmYXgiOiIiLCJsaXN0b3JkZXIiOjB9fSwiY2F0ZWdvcmllcyI6W3siaWQiOiI1IiwibmFtZSI6IlN1Y3Vyc2FsZXMiLCJ0eXBlIjoiY2F0ZWdvcnkiLCJpY29uIjoiaHR0cDpcL1wvYmVsb3R0aS5jb21cL3dwLWNvbnRlbnRcL3VwbG9hZHNcLzIwMjJcLzEwXC9maWxpYWxpLTEucG5nIn1dfV0sInN0eWxlcyI6W3siZmVhdHVyZVR5cGUiOiJ3YXRlciIsImVsZW1lbnRUeXBlIjoiU2VsZWN0IEVsZW1lbnQgVHlwZSIsInN0eWxlcnMiOlt7ImNvbG9yIjoiI2JiZDllNSIsInZpc2liaWxpdHkiOiJvbiJ9XX0seyJmZWF0dXJlVHlwZSI6ImxhbmRzY2FwZSIsImVsZW1lbnRUeXBlIjoiU2VsZWN0IEVsZW1lbnQgVHlwZSIsInN0eWxlcnMiOlt7ImNvbG9yIjoiI2YyZjJmMiIsInZpc2liaWxpdHkiOiJvbiJ9XX1dLCJtYXBfdGFicyI6eyJoaWRlX3RhYnNfZGVmYXVsdCI6ZmFsc2UsImNhdGVnb3J5X3RhYiI6eyJjYXRfdGFiIjp0cnVlLCJjYXRfdGFiX3RpdGxlIjoiRmlsdHJhIHBlciIsImNhdF9vcmRlcl9ieSI6InRpdGxlIiwiY2F0X3Bvc3Rfb3JkZXIiOiJkZXNjIiwic2hvd19jb3VudCI6ZmFsc2UsImhpZGVfbG9jYXRpb24iOnRydWUsInNlbGVjdF9hbGwiOmZhbHNlLCJhbGxfY2F0cyI6eyIxIjp7Imdyb3VwX21hcF9pZCI6IjEiLCJncm91cF9tYXBfdGl0bGUiOiJGaWxpYWxpIiwiZ3JvdXBfbWFya2VyIjoiaHR0cDpcL1wvYmVsb3R0aS5jb21cL3dwLWNvbnRlbnRcL3VwbG9hZHNcLzIwMjBcLzEyXC9maWxpYWxpLTEucG5nIiwiZXh0ZW5zaW9uc19maWVsZHMiOnsiY2F0X29yZGVyIjoiOSJ9LCJncm91cF9wYXJlbnQiOiIwIiwiZ3JvdXBfYWRkZWQiOiIyMDIzLTA2LTI3IDEwOjQxOjUxIn0sIjIiOnsiZ3JvdXBfbWFwX2lkIjoiMiIsImdyb3VwX21hcF90aXRsZSI6IkhlYWRxdWFydGVyIiwiZ3JvdXBfbWFya2VyIjoiaHR0cDpcL1wvYmVsb3R0aS5jb21cL3dwLWNvbnRlbnRcL3VwbG9hZHNcLzIwMjRcLzA2XC9oZWFkcXVhcnRlci0yNC5wbmciLCJleHRlbnNpb25zX2ZpZWxkcyI6eyJjYXRfb3JkZXIiOiIifSwiZ3JvdXBfcGFyZW50IjoiMCIsImdyb3VwX2FkZGVkIjoiMjAyNC0wNi0xMyAxNzowODoyNCJ9LCIzIjp7Imdyb3VwX21hcF9pZCI6IjMiLCJncm91cF9tYXBfdGl0bGUiOiJCcmFuY2hlcyIsImdyb3VwX21hcmtlciI6Imh0dHA6XC9cL2JlbG90dGkuY29tXC93cC1jb250ZW50XC91cGxvYWRzXC8yMDIwXC8xMlwvZmlsaWFsaS0xLnBuZyIsImV4dGVuc2lvbnNfZmllbGRzIjp7ImNhdF9vcmRlciI6IjkifSwiZ3JvdXBfcGFyZW50IjoiMCIsImdyb3VwX2FkZGVkIjoiMjAyMy0wNi0yNyAxMDo0MTo1MSJ9LCI0Ijp7Imdyb3VwX21hcF9pZCI6IjQiLCJncm91cF9tYXBfdGl0bGUiOiJOaWVkZXJsYXNzdW5nIiwiZ3JvdXBfbWFya2VyIjoiaHR0cDpcL1wvYmVsb3R0aS5jb21cL3dwLWNvbnRlbnRcL3VwbG9hZHNcLzIwMjJcLzEwXC9maWxpYWxpLTEucG5nIiwiZXh0ZW5zaW9uc19maWVsZHMiOnsiY2F0X29yZGVyIjoiIn0sImdyb3VwX3BhcmVudCI6IjAiLCJncm91cF9hZGRlZCI6IjIwMjMtMDYtMjcgMTA6NDE6NTEifSwiNSI6eyJncm91cF9tYXBfaWQiOiI1IiwiZ3JvdXBfbWFwX3RpdGxlIjoiU3VjdXJzYWxlcyIsImdyb3VwX21hcmtlciI6Imh0dHA6XC9cL2JlbG90dGkuY29tXC93cC1jb250ZW50XC91cGxvYWRzXC8yMDIyXC8xMFwvZmlsaWFsaS0xLnBuZyIsImV4dGVuc2lvbnNfZmllbGRzIjp7ImNhdF9vcmRlciI6IiJ9LCJncm91cF9wYXJlbnQiOiIwIiwiZ3JvdXBfYWRkZWQiOiIyMDI0LTEyLTA5IDE4OjI2OjI1In0sIjYiOnsiZ3JvdXBfbWFwX2lkIjoiNiIsImdyb3VwX21hcF90aXRsZSI6IlNlZGUgY2VudHJhbCIsImdyb3VwX21hcmtlciI6Imh0dHA6XC9cL2JlbG90dGkuY29tXC93cC1jb250ZW50XC91cGxvYWRzXC8yMDI0XC8wNlwvaGVhZHF1YXJ0ZXItMjQucG5nIiwiZXh0ZW5zaW9uc19maWVsZHMiOnsiY2F0X29yZGVyIjoiIn0sImdyb3VwX3BhcmVudCI6IjAiLCJncm91cF9hZGRlZCI6IjIwMjQtMTItMDkgMTg6Mjg6NDUifSwiNyI6eyJncm91cF9tYXBfaWQiOiI3IiwiZ3JvdXBfbWFwX3RpdGxlIjoiU3VjY3Vyc2FsZSIsImdyb3VwX21hcmtlciI6Imh0dHA6XC9cL2JlbG90dGkuY29tXC93cC1jb250ZW50XC91cGxvYWRzXC8yMDIyXC8xMFwvZmlsaWFsaS0xLnBuZyIsImV4dGVuc2lvbnNfZmllbGRzIjp7ImNhdF9vcmRlciI6IjkifSwiZ3JvdXBfcGFyZW50IjoiMCIsImdyb3VwX2FkZGVkIjoiMjAyNS0wMS0xMCAxMDoyNjoyNCJ9LCI4Ijp7Imdyb3VwX21hcF9pZCI6IjgiLCJncm91cF9tYXBfdGl0bGUiOiJTaVx1MDBlOGdlIiwiZ3JvdXBfbWFya2VyIjoiaHR0cDpcL1wvYmVsb3R0aS5jb21cL3dwLWNvbnRlbnRcL3VwbG9hZHNcLzIwMjRcLzA2XC9oZWFkcXVhcnRlci0yNC5wbmciLCJleHRlbnNpb25zX2ZpZWxkcyI6eyJjYXRfb3JkZXIiOiIifSwiZ3JvdXBfcGFyZW50IjoiMCIsImdyb3VwX2FkZGVkIjoiMjAyNS0wMS0xNCAxMzozNDoxNiJ9fX0sImRpcmVjdGlvbl90YWIiOnsiZGlyX3RhYiI6ZmFsc2UsImRpcmVjdGlvbl90YWJfdGl0bGUiOiJEaXJlY3Rpb25zIiwic3VwcHJlc3NfbWFya2VycyI6ZmFsc2V9LCJuZWFyYnlfdGFiIjp7Im5lYXJfdGFiIjpmYWxzZSwibmVhcmJ5X3RhYl90aXRsZSI6Ik5lYXJieSBQbGFjZXMiLCJuZWFyYnlfY2lyY2xlX2ZpbGxjb2xvciI6IiM4Q0FFRjIiLCJuZWFyYnlfY2lyY2xlX2ZpbGxvcGFjaXR5IjoiLjUiLCJuZWFyYnlfY2lyY2xlX3N0cm9rZWNvbG9yIjoiIzhDQUVGMiIsIm5lYXJieV9jaXJjbGVfc3Ryb2tlb3BhY2l0eSI6Ii41Iiwic2hvd19uZWFyYnlfY2lyY2xlIjpmYWxzZSwibmVhcmJ5X2NpcmNsZV9zdHJva2V3ZWlnaHQiOiIxIiwibmVhcmJ5X2NpcmNsZV96b29tIjoiOCJ9LCJyb3V0ZV90YWIiOnsiZGlzcGxheV9yb3V0ZV90YWIiOmZhbHNlLCJyb3V0ZV90YWJfdGl0bGUiOiJSb3V0ZXMiLCJkaXNwbGF5X3JvdXRlX3RhYl9kYXRhIjpmYWxzZX0sInJvdXRlX3N0YXJ0X2xvY2F0aW9uIjoidGV4dGJveCIsInJvdXRlX2VuZF9sb2NhdGlvbiI6InRleHRib3gifSwibWFwX3Byb3BlcnR5Ijp7Im1hcF9pZCI6IjQiLCJkZWJ1Z19tb2RlIjpmYWxzZX0sIm1hcF9tYXJrZXJfc3BpZGVyZmllcl9zZXR0aW5nIjp7Im1pbmltdW1fbWFya2VycyI6IjAifSwic2hhcGVzIjp7ImRyYXdpbmdfZWRpdGFibGUiOmZhbHNlfSwiZmlsdGVycyI6eyJmaWx0ZXJzX2NvbnRhaW5lciI6IltkYXRhLWNvbnRhaW5lcj1cIndwZ21wLWZpbHRlcnMtY29udGFpbmVyXCJdIn0sIm1hcmtlcl9jYXRlZ29yeV9pY29ucyI6eyIxIjoiaHR0cDpcL1wvYmVsb3R0aS5jb21cL3dwLWNvbnRlbnRcL3VwbG9hZHNcLzIwMjBcLzEyXC9maWxpYWxpLTEucG5nIiwiMiI6Imh0dHA6XC9cL2JlbG90dGkuY29tXC93cC1jb250ZW50XC91cGxvYWRzXC8yMDI0XC8wNlwvaGVhZHF1YXJ0ZXItMjQucG5nIiwiMyI6Imh0dHA6XC9cL2JlbG90dGkuY29tXC93cC1jb250ZW50XC91cGxvYWRzXC8yMDIwXC8xMlwvZmlsaWFsaS0xLnBuZyIsIjQiOiJodHRwOlwvXC9iZWxvdHRpLmNvbVwvd3AtY29udGVudFwvdXBsb2Fkc1wvMjAyMlwvMTBcL2ZpbGlhbGktMS5wbmciLCI1IjoiaHR0cDpcL1wvYmVsb3R0aS5jb21cL3dwLWNvbnRlbnRcL3VwbG9hZHNcLzIwMjJcLzEwXC9maWxpYWxpLTEucG5nIiwiNiI6Imh0dHA6XC9cL2JlbG90dGkuY29tXC93cC1jb250ZW50XC91cGxvYWRzXC8yMDI0XC8wNlwvaGVhZHF1YXJ0ZXItMjQucG5nIiwiNyI6Imh0dHA6XC9cL2JlbG90dGkuY29tXC93cC1jb250ZW50XC91cGxvYWRzXC8yMDIyXC8xMFwvZmlsaWFsaS0xLnBuZyIsIjgiOiJodHRwOlwvXC9iZWxvdHRpLmNvbVwvd3AtY29udGVudFwvdXBsb2Fkc1wvMjAyNFwvMDZcL2hlYWRxdWFydGVyLTI0LnBuZyJ9fQ==\"; });<\/script><style id=\"wpgmp_server_generated_css_rules\">.wpgmp-map-4 ,.wpgmp-map-4  .wpgmp_tabs_container,.wpgmp-map-4  .wpgmp_listing_container { font-size : 16px !important;} .wpgmp-map-4 .wpgmp_tabs_container .wpgmp_tabs li a.active, .wpgmp-map-4 .fc-primary-bg, .wpgmp-map-4 .wpgmp_infowindow .fc-badge.info, .wpgmp-map-4 .wpgmp_toggle_main_container .amenity_type:hover, .wpgmp-map-4 \n.wpgmp_direction_container p input.wpgmp_find_direction,\n.wpgmp-map-4 .wpgmp_nearby_container .wpgmp_find_nearby_button, .wpgmp-map-4 .fc-label-info, .wpgmp-map-4 .fc-badge.info, .wpgmp-map-4 .wpgmp_pagination span,\n.wpgmp-map-4 .wpgmp_pagination a, .wpgmp-map-4 div.categories_filter select,  .wpgmp-map-4 .wpgmp_toggle_container, .wpgmp-map-4  .categories_filter_reset_btn,.wpgmp-map-4 .categories_filter input[type=\"button\"], .wpgmp-map-4 .categories_filter_reset_btn:hover {\n        background-color: #bbd9e5;\n}\n\n.wpgmp-map-4 .wpgmp-select-all,.wpgmp-map-4 .fc-primary-fg{\n        color: #bbd9e5;\n} \n\n.wpgmp-map-4 .fc-label-info, .wpgmp-map-4 .fc-badge.info {\n    border: 1px solid #bbd9e5;\n}\n\n.wpgmp-map-4 div.wpgmp_search_form input.wpgmp_search_input {\n\tborder-bottom: 1px solid #bbd9e5;\n} .wpgmp-map-4 .wpgmp_iw_content .fc-item-title span{color:#fff;}.wpgmp-map-4 .wpgmp_location_category.fc-badge.info{color:#fff;}<\/style>\n","protected":false},"excerpt":{"rendered":"<p>Compartimos los datos de contacto de las divisiones corporativas y sucursales individuales de Belotti para garantizar una comunicaci\u00f3n&#8230;<\/p>\n","protected":false},"author":1,"featured_media":0,"parent":0,"menu_order":0,"comment_status":"closed","ping_status":"closed","template":"page-contatti.php","meta":{"_acf_changed":false,"_monsterinsights_skip_tracking":false,"_monsterinsights_sitenote_active":false,"_monsterinsights_sitenote_note":"","_monsterinsights_sitenote_category":0,"footnotes":""},"class_list":["post-18821","page","type-page","status-publish","hentry"],"acf":[],"yoast_head":"<!-- This site is optimized with the Yoast SEO plugin v27.2 - https:\/\/yoast.com\/product\/yoast-seo-wordpress\/ -->\n<title>Contacto - Belotti<\/title>\n<meta name=\"description\" content=\"Compartimos los datos de contacto de las divisiones corporativas y sucursales individuales de Belotti para garantizar una comunicaci\u00f3n directa con el \u00e1rea\" \/>\n<meta name=\"robots\" content=\"index, follow, max-snippet:-1, max-image-preview:large, max-video-preview:-1\" \/>\n<link rel=\"canonical\" href=\"https:\/\/www.belotti.com\/es\/contacto\/\" \/>\n<meta property=\"og:locale\" content=\"es_ES\" \/>\n<meta property=\"og:type\" content=\"article\" \/>\n<meta property=\"og:title\" content=\"Contacto - Belotti\" \/>\n<meta property=\"og:description\" content=\"Compartimos los datos de contacto de las divisiones corporativas y sucursales individuales de Belotti para garantizar una comunicaci\u00f3n directa con el \u00e1rea\" \/>\n<meta property=\"og:url\" content=\"https:\/\/www.belotti.com\/es\/contacto\/\" \/>\n<meta property=\"og:site_name\" content=\"Belotti\" \/>\n<meta property=\"article:publisher\" content=\"https:\/\/www.facebook.com\/Belotti.SPA\" \/>\n<meta property=\"article:modified_time\" content=\"2025-07-08T12:59:14+00:00\" \/>\n<meta name=\"twitter:card\" content=\"summary_large_image\" \/>\n<meta name=\"twitter:site\" content=\"@Belotti__SPA\" \/>\n<meta name=\"twitter:label1\" content=\"Tiempo de lectura\" \/>\n\t<meta name=\"twitter:data1\" content=\"2 minutos\" \/>\n<script type=\"application\/ld+json\" class=\"yoast-schema-graph\">{\"@context\":\"https:\/\/schema.org\",\"@graph\":[{\"@type\":\"WebPage\",\"@id\":\"https:\/\/www.belotti.com\/es\/contacto\/\",\"url\":\"https:\/\/www.belotti.com\/es\/contacto\/\",\"name\":\"Contacto - Belotti\",\"isPartOf\":{\"@id\":\"https:\/\/www.belotti.com\/es\/#website\"},\"datePublished\":\"2020-12-04T08:18:28+00:00\",\"dateModified\":\"2025-07-08T12:59:14+00:00\",\"description\":\"Compartimos los datos de contacto de las divisiones corporativas y sucursales individuales de Belotti para garantizar una comunicaci\u00f3n directa con el \u00e1rea\",\"breadcrumb\":{\"@id\":\"https:\/\/www.belotti.com\/es\/contacto\/#breadcrumb\"},\"inLanguage\":\"es\",\"potentialAction\":[{\"@type\":\"ReadAction\",\"target\":[\"https:\/\/www.belotti.com\/es\/contacto\/\"]}]},{\"@type\":\"BreadcrumbList\",\"@id\":\"https:\/\/www.belotti.com\/es\/contacto\/#breadcrumb\",\"itemListElement\":[{\"@type\":\"ListItem\",\"position\":1,\"name\":\"Home\",\"item\":\"https:\/\/www.belotti.com\/es\/\"},{\"@type\":\"ListItem\",\"position\":2,\"name\":\"Contacto\"}]},{\"@type\":\"WebSite\",\"@id\":\"https:\/\/www.belotti.com\/es\/#website\",\"url\":\"https:\/\/www.belotti.com\/es\/\",\"name\":\"Belotti Spa\",\"description\":\"CNC Machining Centers\",\"publisher\":{\"@id\":\"https:\/\/www.belotti.com\/es\/#organization\"},\"potentialAction\":[{\"@type\":\"SearchAction\",\"target\":{\"@type\":\"EntryPoint\",\"urlTemplate\":\"https:\/\/www.belotti.com\/es\/?s={search_term_string}\"},\"query-input\":{\"@type\":\"PropertyValueSpecification\",\"valueRequired\":true,\"valueName\":\"search_term_string\"}}],\"inLanguage\":\"es\"},{\"@type\":\"Organization\",\"@id\":\"https:\/\/www.belotti.com\/es\/#organization\",\"name\":\"Belotti Spa\",\"url\":\"https:\/\/www.belotti.com\/es\/\",\"logo\":{\"@type\":\"ImageObject\",\"inLanguage\":\"es\",\"@id\":\"https:\/\/www.belotti.com\/es\/#\/schema\/logo\/image\/\",\"url\":\"http:\/\/belotti.com\/wp-content\/uploads\/2023\/04\/logo-Belotti-1.png\",\"contentUrl\":\"http:\/\/belotti.com\/wp-content\/uploads\/2023\/04\/logo-Belotti-1.png\",\"width\":708,\"height\":225,\"caption\":\"Belotti Spa\"},\"image\":{\"@id\":\"https:\/\/www.belotti.com\/es\/#\/schema\/logo\/image\/\"},\"sameAs\":[\"https:\/\/www.facebook.com\/Belotti.SPA\",\"https:\/\/x.com\/Belotti__SPA\",\"https:\/\/www.youtube.com\/channel\/UC5q7E8IMymZ-agKfVsPCorw\",\"https:\/\/www.linkedin.com\/company\/belotti-s-p-a-\/?viewAsMember=true\",\"https:\/\/www.instagram.com\/belotti_spa\/\"]}]}<\/script>\n<!-- \/ Yoast SEO plugin. -->","yoast_head_json":{"title":"Contacto - Belotti","description":"Compartimos los datos de contacto de las divisiones corporativas y sucursales individuales de Belotti para garantizar una comunicaci\u00f3n directa con el \u00e1rea","robots":{"index":"index","follow":"follow","max-snippet":"max-snippet:-1","max-image-preview":"max-image-preview:large","max-video-preview":"max-video-preview:-1"},"canonical":"https:\/\/www.belotti.com\/es\/contacto\/","og_locale":"es_ES","og_type":"article","og_title":"Contacto - Belotti","og_description":"Compartimos los datos de contacto de las divisiones corporativas y sucursales individuales de Belotti para garantizar una comunicaci\u00f3n directa con el \u00e1rea","og_url":"https:\/\/www.belotti.com\/es\/contacto\/","og_site_name":"Belotti","article_publisher":"https:\/\/www.facebook.com\/Belotti.SPA","article_modified_time":"2025-07-08T12:59:14+00:00","twitter_card":"summary_large_image","twitter_site":"@Belotti__SPA","twitter_misc":{"Tiempo de lectura":"2 minutos"},"schema":{"@context":"https:\/\/schema.org","@graph":[{"@type":"WebPage","@id":"https:\/\/www.belotti.com\/es\/contacto\/","url":"https:\/\/www.belotti.com\/es\/contacto\/","name":"Contacto - Belotti","isPartOf":{"@id":"https:\/\/www.belotti.com\/es\/#website"},"datePublished":"2020-12-04T08:18:28+00:00","dateModified":"2025-07-08T12:59:14+00:00","description":"Compartimos los datos de contacto de las divisiones corporativas y sucursales individuales de Belotti para garantizar una comunicaci\u00f3n directa con el \u00e1rea","breadcrumb":{"@id":"https:\/\/www.belotti.com\/es\/contacto\/#breadcrumb"},"inLanguage":"es","potentialAction":[{"@type":"ReadAction","target":["https:\/\/www.belotti.com\/es\/contacto\/"]}]},{"@type":"BreadcrumbList","@id":"https:\/\/www.belotti.com\/es\/contacto\/#breadcrumb","itemListElement":[{"@type":"ListItem","position":1,"name":"Home","item":"https:\/\/www.belotti.com\/es\/"},{"@type":"ListItem","position":2,"name":"Contacto"}]},{"@type":"WebSite","@id":"https:\/\/www.belotti.com\/es\/#website","url":"https:\/\/www.belotti.com\/es\/","name":"Belotti Spa","description":"CNC Machining Centers","publisher":{"@id":"https:\/\/www.belotti.com\/es\/#organization"},"potentialAction":[{"@type":"SearchAction","target":{"@type":"EntryPoint","urlTemplate":"https:\/\/www.belotti.com\/es\/?s={search_term_string}"},"query-input":{"@type":"PropertyValueSpecification","valueRequired":true,"valueName":"search_term_string"}}],"inLanguage":"es"},{"@type":"Organization","@id":"https:\/\/www.belotti.com\/es\/#organization","name":"Belotti Spa","url":"https:\/\/www.belotti.com\/es\/","logo":{"@type":"ImageObject","inLanguage":"es","@id":"https:\/\/www.belotti.com\/es\/#\/schema\/logo\/image\/","url":"http:\/\/belotti.com\/wp-content\/uploads\/2023\/04\/logo-Belotti-1.png","contentUrl":"http:\/\/belotti.com\/wp-content\/uploads\/2023\/04\/logo-Belotti-1.png","width":708,"height":225,"caption":"Belotti Spa"},"image":{"@id":"https:\/\/www.belotti.com\/es\/#\/schema\/logo\/image\/"},"sameAs":["https:\/\/www.facebook.com\/Belotti.SPA","https:\/\/x.com\/Belotti__SPA","https:\/\/www.youtube.com\/channel\/UC5q7E8IMymZ-agKfVsPCorw","https:\/\/www.linkedin.com\/company\/belotti-s-p-a-\/?viewAsMember=true","https:\/\/www.instagram.com\/belotti_spa\/"]}]}},"_links":{"self":[{"href":"https:\/\/www.belotti.com\/es\/wp-json\/wp\/v2\/pages\/18821","targetHints":{"allow":["GET"]}}],"collection":[{"href":"https:\/\/www.belotti.com\/es\/wp-json\/wp\/v2\/pages"}],"about":[{"href":"https:\/\/www.belotti.com\/es\/wp-json\/wp\/v2\/types\/page"}],"author":[{"embeddable":true,"href":"https:\/\/www.belotti.com\/es\/wp-json\/wp\/v2\/users\/1"}],"replies":[{"embeddable":true,"href":"https:\/\/www.belotti.com\/es\/wp-json\/wp\/v2\/comments?post=18821"}],"version-history":[{"count":7,"href":"https:\/\/www.belotti.com\/es\/wp-json\/wp\/v2\/pages\/18821\/revisions"}],"predecessor-version":[{"id":25730,"href":"https:\/\/www.belotti.com\/es\/wp-json\/wp\/v2\/pages\/18821\/revisions\/25730"}],"wp:attachment":[{"href":"https:\/\/www.belotti.com\/es\/wp-json\/wp\/v2\/media?parent=18821"}],"curies":[{"name":"wp","href":"https:\/\/api.w.org\/{rel}","templated":true}]}}