{"id":18823,"date":"2020-12-04T09:18:00","date_gmt":"2020-12-04T08:18:00","guid":{"rendered":"https:\/\/belotti.com\/belotti-service\/"},"modified":"2024-12-19T14:50:06","modified_gmt":"2024-12-19T13:50:06","slug":"belotti-service","status":"publish","type":"page","link":"https:\/\/www.belotti.com\/es\/service-asistencia-mantenimiento-centros-de-mecanizado\/","title":{"rendered":"Belotti Service"},"content":{"rendered":"<p><strong>A tu lado, para la m\u00e1xima eficacia\u00a0<\/strong><\/p>\n<p>Desde la compra hasta toda la vida operativa de un <a href=\"https:\/\/www.belotti.com\/es\/centros-de-mecanizado-cnc\/\">centro de mecanizado Belotti<\/a>, nuestro objetivo es proporcionar las mejores soluciones para garantizar la m\u00e1xima eficiencia operativa.<br \/>\nMantenimiento preventivo, actualizaciones de productos, piezas de repuesto originales disponibles r\u00e1pidamente, asesoramiento t\u00e9cnico y formaci\u00f3n, asistencia en programaci\u00f3n, revisiones y reparaciones de componentes principales como husillos: los servicios posventa de Belotti Service son la respuesta concreta a las necesidades de los clientes para obtener la m\u00e1xima productividad y durabilidad.<\/p>\n","protected":false},"excerpt":{"rendered":"<p>A tu lado, para la m\u00e1xima eficacia\u00a0 Desde la compra hasta toda la vida operativa de un centro&#8230;<\/p>\n","protected":false},"author":1,"featured_media":18824,"parent":0,"menu_order":0,"comment_status":"closed","ping_status":"closed","template":"page-servizi.php","meta":{"_acf_changed":false,"_monsterinsights_skip_tracking":false,"_monsterinsights_sitenote_active":false,"_monsterinsights_sitenote_note":"","_monsterinsights_sitenote_category":0,"footnotes":""},"class_list":["post-18823","page","type-page","status-publish","has-post-thumbnail","hentry"],"acf":[],"yoast_head":"<!-- This site is optimized with the Yoast SEO plugin v27.2 - https:\/\/yoast.com\/product\/yoast-seo-wordpress\/ -->\n<title>Belotti Service - Belotti<\/title>\n<meta name=\"description\" content=\"Belotti Service ofrece un paquete completo de servicios para garantizar la m\u00e1xima eficacia de tu centro de mecanizado CNC.\" \/>\n<meta name=\"robots\" content=\"index, follow, max-snippet:-1, max-image-preview:large, max-video-preview:-1\" \/>\n<link rel=\"canonical\" href=\"https:\/\/www.belotti.com\/es\/service-asistencia-mantenimiento-centros-de-mecanizado\/\" \/>\n<meta property=\"og:locale\" content=\"es_ES\" \/>\n<meta property=\"og:type\" content=\"article\" \/>\n<meta property=\"og:title\" content=\"Belotti Service - Belotti\" \/>\n<meta property=\"og:description\" content=\"Belotti Service ofrece un paquete completo de servicios para garantizar la m\u00e1xima eficacia de tu centro de mecanizado CNC.\" \/>\n<meta property=\"og:url\" content=\"https:\/\/www.belotti.com\/es\/service-asistencia-mantenimiento-centros-de-mecanizado\/\" \/>\n<meta property=\"og:site_name\" content=\"Belotti\" \/>\n<meta property=\"article:publisher\" content=\"https:\/\/www.facebook.com\/Belotti.SPA\" \/>\n<meta property=\"article:modified_time\" content=\"2024-12-19T13:50:06+00:00\" \/>\n<meta property=\"og:image\" content=\"https:\/\/www.belotti.com\/wp-content\/uploads\/2020\/12\/servizi.jpg\" \/>\n\t<meta property=\"og:image:width\" content=\"1004\" \/>\n\t<meta property=\"og:image:height\" content=\"669\" \/>\n\t<meta property=\"og:image:type\" content=\"image\/jpeg\" \/>\n<meta name=\"twitter:card\" content=\"summary_large_image\" \/>\n<meta name=\"twitter:site\" content=\"@Belotti__SPA\" \/>\n<meta name=\"twitter:label1\" content=\"Tiempo de lectura\" \/>\n\t<meta name=\"twitter:data1\" content=\"1 minuto\" \/>\n<script type=\"application\/ld+json\" class=\"yoast-schema-graph\">{\"@context\":\"https:\/\/schema.org\",\"@graph\":[{\"@type\":\"WebPage\",\"@id\":\"https:\/\/www.belotti.com\/es\/service-asistencia-mantenimiento-centros-de-mecanizado\/\",\"url\":\"https:\/\/www.belotti.com\/es\/service-asistencia-mantenimiento-centros-de-mecanizado\/\",\"name\":\"Belotti Service - Belotti\",\"isPartOf\":{\"@id\":\"https:\/\/www.belotti.com\/es\/#website\"},\"primaryImageOfPage\":{\"@id\":\"https:\/\/www.belotti.com\/es\/service-asistencia-mantenimiento-centros-de-mecanizado\/#primaryimage\"},\"image\":{\"@id\":\"https:\/\/www.belotti.com\/es\/service-asistencia-mantenimiento-centros-de-mecanizado\/#primaryimage\"},\"thumbnailUrl\":\"https:\/\/www.belotti.com\/wp-content\/uploads\/2020\/12\/servizi.jpg\",\"datePublished\":\"2020-12-04T08:18:00+00:00\",\"dateModified\":\"2024-12-19T13:50:06+00:00\",\"description\":\"Belotti Service ofrece un paquete completo de servicios para garantizar la m\u00e1xima eficacia de tu centro de mecanizado CNC.\",\"breadcrumb\":{\"@id\":\"https:\/\/www.belotti.com\/es\/service-asistencia-mantenimiento-centros-de-mecanizado\/#breadcrumb\"},\"inLanguage\":\"es\",\"potentialAction\":[{\"@type\":\"ReadAction\",\"target\":[\"https:\/\/www.belotti.com\/es\/service-asistencia-mantenimiento-centros-de-mecanizado\/\"]}]},{\"@type\":\"ImageObject\",\"inLanguage\":\"es\",\"@id\":\"https:\/\/www.belotti.com\/es\/service-asistencia-mantenimiento-centros-de-mecanizado\/#primaryimage\",\"url\":\"https:\/\/www.belotti.com\/wp-content\/uploads\/2020\/12\/servizi.jpg\",\"contentUrl\":\"https:\/\/www.belotti.com\/wp-content\/uploads\/2020\/12\/servizi.jpg\",\"width\":1004,\"height\":669},{\"@type\":\"BreadcrumbList\",\"@id\":\"https:\/\/www.belotti.com\/es\/service-asistencia-mantenimiento-centros-de-mecanizado\/#breadcrumb\",\"itemListElement\":[{\"@type\":\"ListItem\",\"position\":1,\"name\":\"Home\",\"item\":\"https:\/\/www.belotti.com\/es\/\"},{\"@type\":\"ListItem\",\"position\":2,\"name\":\"Belotti Service\"}]},{\"@type\":\"WebSite\",\"@id\":\"https:\/\/www.belotti.com\/es\/#website\",\"url\":\"https:\/\/www.belotti.com\/es\/\",\"name\":\"Belotti Spa\",\"description\":\"CNC Machining Centers\",\"publisher\":{\"@id\":\"https:\/\/www.belotti.com\/es\/#organization\"},\"potentialAction\":[{\"@type\":\"SearchAction\",\"target\":{\"@type\":\"EntryPoint\",\"urlTemplate\":\"https:\/\/www.belotti.com\/es\/?s={search_term_string}\"},\"query-input\":{\"@type\":\"PropertyValueSpecification\",\"valueRequired\":true,\"valueName\":\"search_term_string\"}}],\"inLanguage\":\"es\"},{\"@type\":\"Organization\",\"@id\":\"https:\/\/www.belotti.com\/es\/#organization\",\"name\":\"Belotti Spa\",\"url\":\"https:\/\/www.belotti.com\/es\/\",\"logo\":{\"@type\":\"ImageObject\",\"inLanguage\":\"es\",\"@id\":\"https:\/\/www.belotti.com\/es\/#\/schema\/logo\/image\/\",\"url\":\"http:\/\/belotti.com\/wp-content\/uploads\/2023\/04\/logo-Belotti-1.png\",\"contentUrl\":\"http:\/\/belotti.com\/wp-content\/uploads\/2023\/04\/logo-Belotti-1.png\",\"width\":708,\"height\":225,\"caption\":\"Belotti Spa\"},\"image\":{\"@id\":\"https:\/\/www.belotti.com\/es\/#\/schema\/logo\/image\/\"},\"sameAs\":[\"https:\/\/www.facebook.com\/Belotti.SPA\",\"https:\/\/x.com\/Belotti__SPA\",\"https:\/\/www.youtube.com\/channel\/UC5q7E8IMymZ-agKfVsPCorw\",\"https:\/\/www.linkedin.com\/company\/belotti-s-p-a-\/?viewAsMember=true\",\"https:\/\/www.instagram.com\/belotti_spa\/\"]}]}<\/script>\n<!-- \/ Yoast SEO plugin. -->","yoast_head_json":{"title":"Belotti Service - Belotti","description":"Belotti Service ofrece un paquete completo de servicios para garantizar la m\u00e1xima eficacia de tu centro de mecanizado CNC.","robots":{"index":"index","follow":"follow","max-snippet":"max-snippet:-1","max-image-preview":"max-image-preview:large","max-video-preview":"max-video-preview:-1"},"canonical":"https:\/\/www.belotti.com\/es\/service-asistencia-mantenimiento-centros-de-mecanizado\/","og_locale":"es_ES","og_type":"article","og_title":"Belotti Service - Belotti","og_description":"Belotti Service ofrece un paquete completo de servicios para garantizar la m\u00e1xima eficacia de tu centro de mecanizado CNC.","og_url":"https:\/\/www.belotti.com\/es\/service-asistencia-mantenimiento-centros-de-mecanizado\/","og_site_name":"Belotti","article_publisher":"https:\/\/www.facebook.com\/Belotti.SPA","article_modified_time":"2024-12-19T13:50:06+00:00","og_image":[{"width":1004,"height":669,"url":"https:\/\/www.belotti.com\/wp-content\/uploads\/2020\/12\/servizi.jpg","type":"image\/jpeg"}],"twitter_card":"summary_large_image","twitter_site":"@Belotti__SPA","twitter_misc":{"Tiempo de lectura":"1 minuto"},"schema":{"@context":"https:\/\/schema.org","@graph":[{"@type":"WebPage","@id":"https:\/\/www.belotti.com\/es\/service-asistencia-mantenimiento-centros-de-mecanizado\/","url":"https:\/\/www.belotti.com\/es\/service-asistencia-mantenimiento-centros-de-mecanizado\/","name":"Belotti Service - Belotti","isPartOf":{"@id":"https:\/\/www.belotti.com\/es\/#website"},"primaryImageOfPage":{"@id":"https:\/\/www.belotti.com\/es\/service-asistencia-mantenimiento-centros-de-mecanizado\/#primaryimage"},"image":{"@id":"https:\/\/www.belotti.com\/es\/service-asistencia-mantenimiento-centros-de-mecanizado\/#primaryimage"},"thumbnailUrl":"https:\/\/www.belotti.com\/wp-content\/uploads\/2020\/12\/servizi.jpg","datePublished":"2020-12-04T08:18:00+00:00","dateModified":"2024-12-19T13:50:06+00:00","description":"Belotti Service ofrece un paquete completo de servicios para garantizar la m\u00e1xima eficacia de tu centro de mecanizado CNC.","breadcrumb":{"@id":"https:\/\/www.belotti.com\/es\/service-asistencia-mantenimiento-centros-de-mecanizado\/#breadcrumb"},"inLanguage":"es","potentialAction":[{"@type":"ReadAction","target":["https:\/\/www.belotti.com\/es\/service-asistencia-mantenimiento-centros-de-mecanizado\/"]}]},{"@type":"ImageObject","inLanguage":"es","@id":"https:\/\/www.belotti.com\/es\/service-asistencia-mantenimiento-centros-de-mecanizado\/#primaryimage","url":"https:\/\/www.belotti.com\/wp-content\/uploads\/2020\/12\/servizi.jpg","contentUrl":"https:\/\/www.belotti.com\/wp-content\/uploads\/2020\/12\/servizi.jpg","width":1004,"height":669},{"@type":"BreadcrumbList","@id":"https:\/\/www.belotti.com\/es\/service-asistencia-mantenimiento-centros-de-mecanizado\/#breadcrumb","itemListElement":[{"@type":"ListItem","position":1,"name":"Home","item":"https:\/\/www.belotti.com\/es\/"},{"@type":"ListItem","position":2,"name":"Belotti Service"}]},{"@type":"WebSite","@id":"https:\/\/www.belotti.com\/es\/#website","url":"https:\/\/www.belotti.com\/es\/","name":"Belotti Spa","description":"CNC Machining Centers","publisher":{"@id":"https:\/\/www.belotti.com\/es\/#organization"},"potentialAction":[{"@type":"SearchAction","target":{"@type":"EntryPoint","urlTemplate":"https:\/\/www.belotti.com\/es\/?s={search_term_string}"},"query-input":{"@type":"PropertyValueSpecification","valueRequired":true,"valueName":"search_term_string"}}],"inLanguage":"es"},{"@type":"Organization","@id":"https:\/\/www.belotti.com\/es\/#organization","name":"Belotti Spa","url":"https:\/\/www.belotti.com\/es\/","logo":{"@type":"ImageObject","inLanguage":"es","@id":"https:\/\/www.belotti.com\/es\/#\/schema\/logo\/image\/","url":"http:\/\/belotti.com\/wp-content\/uploads\/2023\/04\/logo-Belotti-1.png","contentUrl":"http:\/\/belotti.com\/wp-content\/uploads\/2023\/04\/logo-Belotti-1.png","width":708,"height":225,"caption":"Belotti Spa"},"image":{"@id":"https:\/\/www.belotti.com\/es\/#\/schema\/logo\/image\/"},"sameAs":["https:\/\/www.facebook.com\/Belotti.SPA","https:\/\/x.com\/Belotti__SPA","https:\/\/www.youtube.com\/channel\/UC5q7E8IMymZ-agKfVsPCorw","https:\/\/www.linkedin.com\/company\/belotti-s-p-a-\/?viewAsMember=true","https:\/\/www.instagram.com\/belotti_spa\/"]}]}},"_links":{"self":[{"href":"https:\/\/www.belotti.com\/es\/wp-json\/wp\/v2\/pages\/18823","targetHints":{"allow":["GET"]}}],"collection":[{"href":"https:\/\/www.belotti.com\/es\/wp-json\/wp\/v2\/pages"}],"about":[{"href":"https:\/\/www.belotti.com\/es\/wp-json\/wp\/v2\/types\/page"}],"author":[{"embeddable":true,"href":"https:\/\/www.belotti.com\/es\/wp-json\/wp\/v2\/users\/1"}],"replies":[{"embeddable":true,"href":"https:\/\/www.belotti.com\/es\/wp-json\/wp\/v2\/comments?post=18823"}],"version-history":[{"count":5,"href":"https:\/\/www.belotti.com\/es\/wp-json\/wp\/v2\/pages\/18823\/revisions"}],"predecessor-version":[{"id":21115,"href":"https:\/\/www.belotti.com\/es\/wp-json\/wp\/v2\/pages\/18823\/revisions\/21115"}],"wp:featuredmedia":[{"embeddable":true,"href":"https:\/\/www.belotti.com\/es\/wp-json\/wp\/v2\/media\/18824"}],"wp:attachment":[{"href":"https:\/\/www.belotti.com\/es\/wp-json\/wp\/v2\/media?parent=18823"}],"curies":[{"name":"wp","href":"https:\/\/api.w.org\/{rel}","templated":true}]}}