{"id":18826,"date":"2020-12-09T14:55:00","date_gmt":"2020-12-09T13:55:00","guid":{"rendered":"https:\/\/belotti.com\/azienda\/our-team\/"},"modified":"2025-03-17T12:25:44","modified_gmt":"2025-03-17T11:25:44","slug":"nuestro-equipo","status":"publish","type":"page","link":"https:\/\/www.belotti.com\/es\/empresa\/nuestro-equipo\/","title":{"rendered":"Nuestro equipo"},"content":{"rendered":"<p>Un equipo joven y heterog\u00e9neo, unido, motivado y apasionado por su trabajo. Un empuje y entusiasmo que gana valor al integrarse con la experiencia y el saber hacer de los veteranos.<br \/>\nDe la fuerza que anima la producci\u00f3n, de la visi\u00f3n que gu\u00eda el \u00e1rea comercial, de la pasi\u00f3n y los cono-cimientos de I+D, de la competencia, la seriedad y el indomable esp\u00edritu emprendedor de quienes dirigen y gu\u00edan la empresa: de todos estos componentes nace el \u00e9xito de una empresa que representa un punto de referencia tecnol\u00f3gico en la producci\u00f3n de <a href=\"https:\/\/www.belotti.com\/es\/centros-de-mecanizado-cnc\/\">centros de mecanizado de control num\u00e9rico<\/a>.<\/p>\n","protected":false},"excerpt":{"rendered":"<p>Un equipo joven y heterog\u00e9neo, unido, motivado y apasionado por su trabajo. Un empuje y entusiasmo que gana&#8230;<\/p>\n","protected":false},"author":1,"featured_media":0,"parent":18825,"menu_order":0,"comment_status":"closed","ping_status":"closed","template":"page-ourteam.php","meta":{"_acf_changed":false,"_monsterinsights_skip_tracking":false,"_monsterinsights_sitenote_active":false,"_monsterinsights_sitenote_note":"","_monsterinsights_sitenote_category":0,"footnotes":""},"class_list":["post-18826","page","type-page","status-publish","hentry"],"acf":[],"yoast_head":"<!-- This site is optimized with the Yoast SEO plugin v27.2 - https:\/\/yoast.com\/product\/yoast-seo-wordpress\/ -->\n<title>Nuestro equipo - Belotti<\/title>\n<meta name=\"description\" content=\"Belotti Spa: l&#039;esperienza e l&#039;entusiasmo di una squadra vincente per offrirti i migliori centri di lavoro a CN.\" \/>\n<meta name=\"robots\" content=\"index, follow, max-snippet:-1, max-image-preview:large, max-video-preview:-1\" \/>\n<link rel=\"canonical\" href=\"https:\/\/www.belotti.com\/es\/empresa\/nuestro-equipo\/\" \/>\n<meta property=\"og:locale\" content=\"es_ES\" \/>\n<meta property=\"og:type\" content=\"article\" \/>\n<meta property=\"og:title\" content=\"Nuestro equipo - Belotti\" \/>\n<meta property=\"og:description\" content=\"Belotti Spa: l&#039;esperienza e l&#039;entusiasmo di una squadra vincente per offrirti i migliori centri di lavoro a CN.\" \/>\n<meta property=\"og:url\" content=\"https:\/\/www.belotti.com\/es\/empresa\/nuestro-equipo\/\" \/>\n<meta property=\"og:site_name\" content=\"Belotti\" \/>\n<meta property=\"article:publisher\" content=\"https:\/\/www.facebook.com\/Belotti.SPA\" \/>\n<meta property=\"article:modified_time\" content=\"2025-03-17T11:25:44+00:00\" \/>\n<meta name=\"twitter:card\" content=\"summary_large_image\" \/>\n<meta name=\"twitter:site\" content=\"@Belotti__SPA\" \/>\n<meta name=\"twitter:label1\" content=\"Tiempo de lectura\" \/>\n\t<meta name=\"twitter:data1\" content=\"5 minutos\" \/>\n<script type=\"application\/ld+json\" class=\"yoast-schema-graph\">{\"@context\":\"https:\/\/schema.org\",\"@graph\":[{\"@type\":\"WebPage\",\"@id\":\"https:\/\/www.belotti.com\/es\/empresa\/nuestro-equipo\/\",\"url\":\"https:\/\/www.belotti.com\/es\/empresa\/nuestro-equipo\/\",\"name\":\"Nuestro equipo - Belotti\",\"isPartOf\":{\"@id\":\"https:\/\/www.belotti.com\/es\/#website\"},\"datePublished\":\"2020-12-09T13:55:00+00:00\",\"dateModified\":\"2025-03-17T11:25:44+00:00\",\"description\":\"Belotti Spa: l'esperienza e l'entusiasmo di una squadra vincente per offrirti i migliori centri di lavoro a CN.\",\"breadcrumb\":{\"@id\":\"https:\/\/www.belotti.com\/es\/empresa\/nuestro-equipo\/#breadcrumb\"},\"inLanguage\":\"es\",\"potentialAction\":[{\"@type\":\"ReadAction\",\"target\":[\"https:\/\/www.belotti.com\/es\/empresa\/nuestro-equipo\/\"]}]},{\"@type\":\"BreadcrumbList\",\"@id\":\"https:\/\/www.belotti.com\/es\/empresa\/nuestro-equipo\/#breadcrumb\",\"itemListElement\":[{\"@type\":\"ListItem\",\"position\":1,\"name\":\"Home\",\"item\":\"https:\/\/www.belotti.com\/es\/\"},{\"@type\":\"ListItem\",\"position\":2,\"name\":\"Empresa\",\"item\":\"https:\/\/www.belotti.com\/en\/company\/\"},{\"@type\":\"ListItem\",\"position\":3,\"name\":\"Nuestro equipo\"}]},{\"@type\":\"WebSite\",\"@id\":\"https:\/\/www.belotti.com\/es\/#website\",\"url\":\"https:\/\/www.belotti.com\/es\/\",\"name\":\"Belotti Spa\",\"description\":\"CNC Machining Centers\",\"publisher\":{\"@id\":\"https:\/\/www.belotti.com\/es\/#organization\"},\"potentialAction\":[{\"@type\":\"SearchAction\",\"target\":{\"@type\":\"EntryPoint\",\"urlTemplate\":\"https:\/\/www.belotti.com\/es\/?s={search_term_string}\"},\"query-input\":{\"@type\":\"PropertyValueSpecification\",\"valueRequired\":true,\"valueName\":\"search_term_string\"}}],\"inLanguage\":\"es\"},{\"@type\":\"Organization\",\"@id\":\"https:\/\/www.belotti.com\/es\/#organization\",\"name\":\"Belotti Spa\",\"url\":\"https:\/\/www.belotti.com\/es\/\",\"logo\":{\"@type\":\"ImageObject\",\"inLanguage\":\"es\",\"@id\":\"https:\/\/www.belotti.com\/es\/#\/schema\/logo\/image\/\",\"url\":\"http:\/\/belotti.com\/wp-content\/uploads\/2023\/04\/logo-Belotti-1.png\",\"contentUrl\":\"http:\/\/belotti.com\/wp-content\/uploads\/2023\/04\/logo-Belotti-1.png\",\"width\":708,\"height\":225,\"caption\":\"Belotti Spa\"},\"image\":{\"@id\":\"https:\/\/www.belotti.com\/es\/#\/schema\/logo\/image\/\"},\"sameAs\":[\"https:\/\/www.facebook.com\/Belotti.SPA\",\"https:\/\/x.com\/Belotti__SPA\",\"https:\/\/www.youtube.com\/channel\/UC5q7E8IMymZ-agKfVsPCorw\",\"https:\/\/www.linkedin.com\/company\/belotti-s-p-a-\/?viewAsMember=true\",\"https:\/\/www.instagram.com\/belotti_spa\/\"]}]}<\/script>\n<!-- \/ Yoast SEO plugin. -->","yoast_head_json":{"title":"Nuestro equipo - Belotti","description":"Belotti Spa: l'esperienza e l'entusiasmo di una squadra vincente per offrirti i migliori centri di lavoro a CN.","robots":{"index":"index","follow":"follow","max-snippet":"max-snippet:-1","max-image-preview":"max-image-preview:large","max-video-preview":"max-video-preview:-1"},"canonical":"https:\/\/www.belotti.com\/es\/empresa\/nuestro-equipo\/","og_locale":"es_ES","og_type":"article","og_title":"Nuestro equipo - Belotti","og_description":"Belotti Spa: l'esperienza e l'entusiasmo di una squadra vincente per offrirti i migliori centri di lavoro a CN.","og_url":"https:\/\/www.belotti.com\/es\/empresa\/nuestro-equipo\/","og_site_name":"Belotti","article_publisher":"https:\/\/www.facebook.com\/Belotti.SPA","article_modified_time":"2025-03-17T11:25:44+00:00","twitter_card":"summary_large_image","twitter_site":"@Belotti__SPA","twitter_misc":{"Tiempo de lectura":"5 minutos"},"schema":{"@context":"https:\/\/schema.org","@graph":[{"@type":"WebPage","@id":"https:\/\/www.belotti.com\/es\/empresa\/nuestro-equipo\/","url":"https:\/\/www.belotti.com\/es\/empresa\/nuestro-equipo\/","name":"Nuestro equipo - Belotti","isPartOf":{"@id":"https:\/\/www.belotti.com\/es\/#website"},"datePublished":"2020-12-09T13:55:00+00:00","dateModified":"2025-03-17T11:25:44+00:00","description":"Belotti Spa: l'esperienza e l'entusiasmo di una squadra vincente per offrirti i migliori centri di lavoro a CN.","breadcrumb":{"@id":"https:\/\/www.belotti.com\/es\/empresa\/nuestro-equipo\/#breadcrumb"},"inLanguage":"es","potentialAction":[{"@type":"ReadAction","target":["https:\/\/www.belotti.com\/es\/empresa\/nuestro-equipo\/"]}]},{"@type":"BreadcrumbList","@id":"https:\/\/www.belotti.com\/es\/empresa\/nuestro-equipo\/#breadcrumb","itemListElement":[{"@type":"ListItem","position":1,"name":"Home","item":"https:\/\/www.belotti.com\/es\/"},{"@type":"ListItem","position":2,"name":"Empresa","item":"https:\/\/www.belotti.com\/en\/company\/"},{"@type":"ListItem","position":3,"name":"Nuestro equipo"}]},{"@type":"WebSite","@id":"https:\/\/www.belotti.com\/es\/#website","url":"https:\/\/www.belotti.com\/es\/","name":"Belotti Spa","description":"CNC Machining Centers","publisher":{"@id":"https:\/\/www.belotti.com\/es\/#organization"},"potentialAction":[{"@type":"SearchAction","target":{"@type":"EntryPoint","urlTemplate":"https:\/\/www.belotti.com\/es\/?s={search_term_string}"},"query-input":{"@type":"PropertyValueSpecification","valueRequired":true,"valueName":"search_term_string"}}],"inLanguage":"es"},{"@type":"Organization","@id":"https:\/\/www.belotti.com\/es\/#organization","name":"Belotti Spa","url":"https:\/\/www.belotti.com\/es\/","logo":{"@type":"ImageObject","inLanguage":"es","@id":"https:\/\/www.belotti.com\/es\/#\/schema\/logo\/image\/","url":"http:\/\/belotti.com\/wp-content\/uploads\/2023\/04\/logo-Belotti-1.png","contentUrl":"http:\/\/belotti.com\/wp-content\/uploads\/2023\/04\/logo-Belotti-1.png","width":708,"height":225,"caption":"Belotti Spa"},"image":{"@id":"https:\/\/www.belotti.com\/es\/#\/schema\/logo\/image\/"},"sameAs":["https:\/\/www.facebook.com\/Belotti.SPA","https:\/\/x.com\/Belotti__SPA","https:\/\/www.youtube.com\/channel\/UC5q7E8IMymZ-agKfVsPCorw","https:\/\/www.linkedin.com\/company\/belotti-s-p-a-\/?viewAsMember=true","https:\/\/www.instagram.com\/belotti_spa\/"]}]}},"_links":{"self":[{"href":"https:\/\/www.belotti.com\/es\/wp-json\/wp\/v2\/pages\/18826","targetHints":{"allow":["GET"]}}],"collection":[{"href":"https:\/\/www.belotti.com\/es\/wp-json\/wp\/v2\/pages"}],"about":[{"href":"https:\/\/www.belotti.com\/es\/wp-json\/wp\/v2\/types\/page"}],"author":[{"embeddable":true,"href":"https:\/\/www.belotti.com\/es\/wp-json\/wp\/v2\/users\/1"}],"replies":[{"embeddable":true,"href":"https:\/\/www.belotti.com\/es\/wp-json\/wp\/v2\/comments?post=18826"}],"version-history":[{"count":10,"href":"https:\/\/www.belotti.com\/es\/wp-json\/wp\/v2\/pages\/18826\/revisions"}],"predecessor-version":[{"id":24013,"href":"https:\/\/www.belotti.com\/es\/wp-json\/wp\/v2\/pages\/18826\/revisions\/24013"}],"up":[{"embeddable":true,"href":"https:\/\/www.belotti.com\/es\/wp-json\/wp\/v2\/pages\/18825"}],"wp:attachment":[{"href":"https:\/\/www.belotti.com\/es\/wp-json\/wp\/v2\/media?parent=18826"}],"curies":[{"name":"wp","href":"https:\/\/api.w.org\/{rel}","templated":true}]}}