{"id":18833,"date":"2020-12-09T14:54:15","date_gmt":"2020-12-09T13:54:15","guid":{"rendered":"https:\/\/belotti.com\/azienda\/chi-siamo\/"},"modified":"2026-03-23T11:17:30","modified_gmt":"2026-03-23T10:17:30","slug":"quienes-somos","status":"publish","type":"page","link":"https:\/\/www.belotti.com\/es\/empresa\/quienes-somos\/","title":{"rendered":"Qui\u00e9nes Somos"},"content":{"rendered":"<p class=\"big\"><strong>Belotti dise\u00f1a, desarrolla y produce <a href=\"https:\/\/www.belotti.com\/es\/centros-de-mecanizado-cnc\/\">centros de mecanizado CNC <\/a> a de 3 y 5 ejes y <a href=\"https:\/\/www.belotti.com\/es\/tecnologias-avanzadas\/sistema-de-corte-por-chorro-de-agua\/\">sistemas de corte por chorro de agua<\/a> para el fresado y el recorte de materiales compuestos, aleaciones ligeras y pl\u00e1sticos.<\/strong><\/p>\n<p>Desde hace m\u00e1s de 40 a\u00f1os, las soluciones de <strong>Belotti<\/strong> contribuyen al \u00e9xito de sus clientes: <strong>fiabilidad, precisi\u00f3n y rendimiento productivo<\/strong> son los valores de referencia de la oferta que Belotti dirige a los numerosos sectores de aplicaci\u00f3n. <strong>Aeroespacial, Automotriz, Ferroviario, N\u00e1utico, Design y Mobiliario, Modelos y Moldes, Embalaje<\/strong>, son algunas de las principales aplicaciones en las que se utiliza con \u00e9xito la tecnolog\u00eda Belotti.<\/p>\n<div style=\"padding: 50px 0;\">\n<h3 style=\"margin-bottom: 50px;\">Certificaciones<\/h3>\n<div>\n<div class=\"uk-width-1-1\">\n<div class=\"uk-grid uk-grid-small uk-flex uk-flex-middle\">\n<div class=\"uk-width-auto\"><img decoding=\"async\" class=\"ico_pdf\" src=\"https:\/\/www.belotti.com\/wp-content\/uploads\/2022\/06\/icon_pdf.png\" alt=\"\" width=\"21\" height=\"28\" \/><\/div>\n<div class=\"uk-width-expand\">\n<p style=\"text-align: left;\">Belotti S.p.A. est\u00e1 certificada <strong>UNI EN ISO 9001:2015 &#8211; Sistema de Ges-ti\u00f3n de la Calidad.<\/strong><\/p>\n<\/div>\n<div class=\"uk-width-auto uk-text-right\"><a style=\"color: #ab192d!important;\" href=\"https:\/\/www.belotti.com\/wp-content\/uploads\/2026\/03\/CERTIFICATO_QS_-_BELOTTI_9001_ENG.pdf\" target=\"_blank\" rel=\"noopener\"><strong style=\"color: #ab192d!important;\">Descarga el certificado<\/strong><\/a><\/div>\n<\/div>\n<hr style=\"background: #AB192D; height: 1px;\" \/>\n<div class=\"uk-grid uk-grid-small uk-flex uk-flex-middle\">\n<div class=\"uk-width-auto\"><img decoding=\"async\" class=\"ico_pdf\" src=\"https:\/\/www.belotti.com\/wp-content\/uploads\/2022\/06\/icon_pdf.png\" alt=\"\" width=\"21\" height=\"28\" \/><\/div>\n<div class=\"uk-width-expand\">\n<p style=\"text-align: left;\">Belotti S.p.A. est\u00e1 certificada <strong>UNI EN ISO 14001:2015 &#8211; Sistema de Gesti\u00f3n Ambiental<\/strong> (SGA)<\/p>\n<\/div>\n<div class=\"uk-width-auto uk-text-right\"><a style=\"color: #ab192d!important;\" href=\"https:\/\/www.belotti.com\/wp-content\/uploads\/2026\/01\/Belotti-SpA-ISO-14001-certificate.pdf\" target=\"_blank\" rel=\"noopener\"><strong style=\"color: #ab192d!important;\">Descarga el certificado<\/strong><\/a><\/div>\n<\/div>\n<hr style=\"background: #AB192D; height: 1px;\" \/>\n<div class=\"uk-grid uk-grid-small uk-flex uk-flex-middle\">\n<div class=\"uk-width-auto\"><img decoding=\"async\" class=\"ico_pdf\" src=\"https:\/\/www.belotti.com\/wp-content\/uploads\/2022\/06\/icon_pdf.png\" alt=\"\" width=\"21\" height=\"28\" \/><\/div>\n<div class=\"uk-width-expand\">\n<p style=\"text-align: left;\">Belotti S.p.A. est\u00e1 certificada <strong>UNI EN ISO 45001:2018 &#8211; Sistemas de Gesti\u00f3n de Seguridad y Salud en el Trabajo<\/strong> (SG-SST)<\/p>\n<\/div>\n<div class=\"uk-width-auto uk-text-right\"><a style=\"color: #ab192d!important;\" href=\"https:\/\/www.belotti.com\/wp-content\/uploads\/2026\/01\/Belotti-SpA-ISO-45001-certificate.pdf\" target=\"_blank\" rel=\"noopener\"><strong style=\"color: #ab192d!important;\">Descarga el certificado<\/strong><\/a><\/div>\n<\/div>\n<hr style=\"background: #AB192D; height: 1px;\" \/>\n<div class=\"uk-grid uk-grid-small uk-flex uk-flex-middle\">\n<div class=\"uk-width-auto\"><img decoding=\"async\" class=\"ico_pdf\" src=\"https:\/\/www.belotti.com\/wp-content\/uploads\/2022\/06\/icon_pdf.png\" alt=\"\" width=\"21\" height=\"28\" \/><\/div>\n<div class=\"uk-width-expand\">\n<p style=\"text-align: left;\">Belotti S.p.A. ha obtenido el certificado de <strong>m\u00e1xima fiabilidad<\/strong> emitido por <strong>CRIBIS D&amp;B.<\/strong><\/p>\n<\/div>\n<div class=\"uk-width-auto uk-text-right\"><a style=\"color: #ab192d!important;\" href=\"https:\/\/www.belotti.com\/wp-content\/uploads\/2023\/09\/Cribis-certificate-Belotti-Prime-company-for-commercial-reliability-2023-IT.pdf\" target=\"_blank\" rel=\"noopener\"><strong style=\"color: #ab192d!important;\">Descarga el certificado<\/strong><\/a><\/div>\n<\/div>\n<hr style=\"background: #AB192D; height: 1px;\" \/>\n<\/div>\n<\/div>\n<\/div>\n","protected":false},"excerpt":{"rendered":"<p>Belotti dise\u00f1a, desarrolla y produce centros de mecanizado CNC a de 3 y 5 ejes y sistemas de&#8230;<\/p>\n","protected":false},"author":1,"featured_media":18835,"parent":18825,"menu_order":0,"comment_status":"closed","ping_status":"closed","template":"page-chisiamo.php","meta":{"_acf_changed":false,"_monsterinsights_skip_tracking":false,"_monsterinsights_sitenote_active":false,"_monsterinsights_sitenote_note":"","_monsterinsights_sitenote_category":0,"footnotes":""},"class_list":["post-18833","page","type-page","status-publish","has-post-thumbnail","hentry"],"acf":[],"yoast_head":"<!-- This site is optimized with the Yoast SEO plugin v27.2 - https:\/\/yoast.com\/product\/yoast-seo-wordpress\/ -->\n<title>Qui\u00e9nes Somos - Belotti<\/title>\n<meta name=\"description\" content=\"Affidabilit\u00e0, precisione e performance: scegli i centri di lavoro cnc di Belotti per la tua massima produttivit\u00e0.\" \/>\n<meta name=\"robots\" content=\"index, follow, max-snippet:-1, max-image-preview:large, max-video-preview:-1\" \/>\n<link rel=\"canonical\" href=\"https:\/\/www.belotti.com\/es\/empresa\/quienes-somos\/\" \/>\n<meta property=\"og:locale\" content=\"es_ES\" \/>\n<meta property=\"og:type\" content=\"article\" \/>\n<meta property=\"og:title\" content=\"Qui\u00e9nes Somos - Belotti\" \/>\n<meta property=\"og:description\" content=\"Affidabilit\u00e0, precisione e performance: scegli i centri di lavoro cnc di Belotti per la tua massima produttivit\u00e0.\" \/>\n<meta property=\"og:url\" content=\"https:\/\/www.belotti.com\/es\/empresa\/quienes-somos\/\" \/>\n<meta property=\"og:site_name\" content=\"Belotti\" \/>\n<meta property=\"article:publisher\" content=\"https:\/\/www.facebook.com\/Belotti.SPA\" \/>\n<meta property=\"article:modified_time\" content=\"2026-03-23T10:17:30+00:00\" \/>\n<meta property=\"og:image\" content=\"https:\/\/www.belotti.com\/wp-content\/uploads\/2021\/10\/belotti-azienda1.jpg\" \/>\n\t<meta property=\"og:image:width\" content=\"1920\" \/>\n\t<meta property=\"og:image:height\" content=\"679\" \/>\n\t<meta property=\"og:image:type\" content=\"image\/jpeg\" \/>\n<meta name=\"twitter:card\" content=\"summary_large_image\" \/>\n<meta name=\"twitter:site\" content=\"@Belotti__SPA\" \/>\n<meta name=\"twitter:label1\" content=\"Tiempo de lectura\" \/>\n\t<meta name=\"twitter:data1\" content=\"4 minutos\" \/>\n<script type=\"application\/ld+json\" class=\"yoast-schema-graph\">{\"@context\":\"https:\/\/schema.org\",\"@graph\":[{\"@type\":\"WebPage\",\"@id\":\"https:\/\/www.belotti.com\/es\/empresa\/quienes-somos\/\",\"url\":\"https:\/\/www.belotti.com\/es\/empresa\/quienes-somos\/\",\"name\":\"Qui\u00e9nes Somos - Belotti\",\"isPartOf\":{\"@id\":\"https:\/\/www.belotti.com\/es\/#website\"},\"primaryImageOfPage\":{\"@id\":\"https:\/\/www.belotti.com\/es\/empresa\/quienes-somos\/#primaryimage\"},\"image\":{\"@id\":\"https:\/\/www.belotti.com\/es\/empresa\/quienes-somos\/#primaryimage\"},\"thumbnailUrl\":\"https:\/\/www.belotti.com\/wp-content\/uploads\/2021\/10\/belotti-azienda1.jpg\",\"datePublished\":\"2020-12-09T13:54:15+00:00\",\"dateModified\":\"2026-03-23T10:17:30+00:00\",\"description\":\"Affidabilit\u00e0, precisione e performance: scegli i centri di lavoro cnc di Belotti per la tua massima produttivit\u00e0.\",\"breadcrumb\":{\"@id\":\"https:\/\/www.belotti.com\/es\/empresa\/quienes-somos\/#breadcrumb\"},\"inLanguage\":\"es\",\"potentialAction\":[{\"@type\":\"ReadAction\",\"target\":[\"https:\/\/www.belotti.com\/es\/empresa\/quienes-somos\/\"]}]},{\"@type\":\"ImageObject\",\"inLanguage\":\"es\",\"@id\":\"https:\/\/www.belotti.com\/es\/empresa\/quienes-somos\/#primaryimage\",\"url\":\"https:\/\/www.belotti.com\/wp-content\/uploads\/2021\/10\/belotti-azienda1.jpg\",\"contentUrl\":\"https:\/\/www.belotti.com\/wp-content\/uploads\/2021\/10\/belotti-azienda1.jpg\",\"width\":1920,\"height\":679},{\"@type\":\"BreadcrumbList\",\"@id\":\"https:\/\/www.belotti.com\/es\/empresa\/quienes-somos\/#breadcrumb\",\"itemListElement\":[{\"@type\":\"ListItem\",\"position\":1,\"name\":\"Home\",\"item\":\"https:\/\/www.belotti.com\/es\/\"},{\"@type\":\"ListItem\",\"position\":2,\"name\":\"Empresa\",\"item\":\"https:\/\/www.belotti.com\/en\/company\/\"},{\"@type\":\"ListItem\",\"position\":3,\"name\":\"Qui\u00e9nes Somos\"}]},{\"@type\":\"WebSite\",\"@id\":\"https:\/\/www.belotti.com\/es\/#website\",\"url\":\"https:\/\/www.belotti.com\/es\/\",\"name\":\"Belotti Spa\",\"description\":\"CNC Machining Centers\",\"publisher\":{\"@id\":\"https:\/\/www.belotti.com\/es\/#organization\"},\"potentialAction\":[{\"@type\":\"SearchAction\",\"target\":{\"@type\":\"EntryPoint\",\"urlTemplate\":\"https:\/\/www.belotti.com\/es\/?s={search_term_string}\"},\"query-input\":{\"@type\":\"PropertyValueSpecification\",\"valueRequired\":true,\"valueName\":\"search_term_string\"}}],\"inLanguage\":\"es\"},{\"@type\":\"Organization\",\"@id\":\"https:\/\/www.belotti.com\/es\/#organization\",\"name\":\"Belotti Spa\",\"url\":\"https:\/\/www.belotti.com\/es\/\",\"logo\":{\"@type\":\"ImageObject\",\"inLanguage\":\"es\",\"@id\":\"https:\/\/www.belotti.com\/es\/#\/schema\/logo\/image\/\",\"url\":\"http:\/\/belotti.com\/wp-content\/uploads\/2023\/04\/logo-Belotti-1.png\",\"contentUrl\":\"http:\/\/belotti.com\/wp-content\/uploads\/2023\/04\/logo-Belotti-1.png\",\"width\":708,\"height\":225,\"caption\":\"Belotti Spa\"},\"image\":{\"@id\":\"https:\/\/www.belotti.com\/es\/#\/schema\/logo\/image\/\"},\"sameAs\":[\"https:\/\/www.facebook.com\/Belotti.SPA\",\"https:\/\/x.com\/Belotti__SPA\",\"https:\/\/www.youtube.com\/channel\/UC5q7E8IMymZ-agKfVsPCorw\",\"https:\/\/www.linkedin.com\/company\/belotti-s-p-a-\/?viewAsMember=true\",\"https:\/\/www.instagram.com\/belotti_spa\/\"]}]}<\/script>\n<!-- \/ Yoast SEO plugin. -->","yoast_head_json":{"title":"Qui\u00e9nes Somos - Belotti","description":"Affidabilit\u00e0, precisione e performance: scegli i centri di lavoro cnc di Belotti per la tua massima produttivit\u00e0.","robots":{"index":"index","follow":"follow","max-snippet":"max-snippet:-1","max-image-preview":"max-image-preview:large","max-video-preview":"max-video-preview:-1"},"canonical":"https:\/\/www.belotti.com\/es\/empresa\/quienes-somos\/","og_locale":"es_ES","og_type":"article","og_title":"Qui\u00e9nes Somos - Belotti","og_description":"Affidabilit\u00e0, precisione e performance: scegli i centri di lavoro cnc di Belotti per la tua massima produttivit\u00e0.","og_url":"https:\/\/www.belotti.com\/es\/empresa\/quienes-somos\/","og_site_name":"Belotti","article_publisher":"https:\/\/www.facebook.com\/Belotti.SPA","article_modified_time":"2026-03-23T10:17:30+00:00","og_image":[{"width":1920,"height":679,"url":"https:\/\/www.belotti.com\/wp-content\/uploads\/2021\/10\/belotti-azienda1.jpg","type":"image\/jpeg"}],"twitter_card":"summary_large_image","twitter_site":"@Belotti__SPA","twitter_misc":{"Tiempo de lectura":"4 minutos"},"schema":{"@context":"https:\/\/schema.org","@graph":[{"@type":"WebPage","@id":"https:\/\/www.belotti.com\/es\/empresa\/quienes-somos\/","url":"https:\/\/www.belotti.com\/es\/empresa\/quienes-somos\/","name":"Qui\u00e9nes Somos - Belotti","isPartOf":{"@id":"https:\/\/www.belotti.com\/es\/#website"},"primaryImageOfPage":{"@id":"https:\/\/www.belotti.com\/es\/empresa\/quienes-somos\/#primaryimage"},"image":{"@id":"https:\/\/www.belotti.com\/es\/empresa\/quienes-somos\/#primaryimage"},"thumbnailUrl":"https:\/\/www.belotti.com\/wp-content\/uploads\/2021\/10\/belotti-azienda1.jpg","datePublished":"2020-12-09T13:54:15+00:00","dateModified":"2026-03-23T10:17:30+00:00","description":"Affidabilit\u00e0, precisione e performance: scegli i centri di lavoro cnc di Belotti per la tua massima produttivit\u00e0.","breadcrumb":{"@id":"https:\/\/www.belotti.com\/es\/empresa\/quienes-somos\/#breadcrumb"},"inLanguage":"es","potentialAction":[{"@type":"ReadAction","target":["https:\/\/www.belotti.com\/es\/empresa\/quienes-somos\/"]}]},{"@type":"ImageObject","inLanguage":"es","@id":"https:\/\/www.belotti.com\/es\/empresa\/quienes-somos\/#primaryimage","url":"https:\/\/www.belotti.com\/wp-content\/uploads\/2021\/10\/belotti-azienda1.jpg","contentUrl":"https:\/\/www.belotti.com\/wp-content\/uploads\/2021\/10\/belotti-azienda1.jpg","width":1920,"height":679},{"@type":"BreadcrumbList","@id":"https:\/\/www.belotti.com\/es\/empresa\/quienes-somos\/#breadcrumb","itemListElement":[{"@type":"ListItem","position":1,"name":"Home","item":"https:\/\/www.belotti.com\/es\/"},{"@type":"ListItem","position":2,"name":"Empresa","item":"https:\/\/www.belotti.com\/en\/company\/"},{"@type":"ListItem","position":3,"name":"Qui\u00e9nes Somos"}]},{"@type":"WebSite","@id":"https:\/\/www.belotti.com\/es\/#website","url":"https:\/\/www.belotti.com\/es\/","name":"Belotti Spa","description":"CNC Machining Centers","publisher":{"@id":"https:\/\/www.belotti.com\/es\/#organization"},"potentialAction":[{"@type":"SearchAction","target":{"@type":"EntryPoint","urlTemplate":"https:\/\/www.belotti.com\/es\/?s={search_term_string}"},"query-input":{"@type":"PropertyValueSpecification","valueRequired":true,"valueName":"search_term_string"}}],"inLanguage":"es"},{"@type":"Organization","@id":"https:\/\/www.belotti.com\/es\/#organization","name":"Belotti Spa","url":"https:\/\/www.belotti.com\/es\/","logo":{"@type":"ImageObject","inLanguage":"es","@id":"https:\/\/www.belotti.com\/es\/#\/schema\/logo\/image\/","url":"http:\/\/belotti.com\/wp-content\/uploads\/2023\/04\/logo-Belotti-1.png","contentUrl":"http:\/\/belotti.com\/wp-content\/uploads\/2023\/04\/logo-Belotti-1.png","width":708,"height":225,"caption":"Belotti Spa"},"image":{"@id":"https:\/\/www.belotti.com\/es\/#\/schema\/logo\/image\/"},"sameAs":["https:\/\/www.facebook.com\/Belotti.SPA","https:\/\/x.com\/Belotti__SPA","https:\/\/www.youtube.com\/channel\/UC5q7E8IMymZ-agKfVsPCorw","https:\/\/www.linkedin.com\/company\/belotti-s-p-a-\/?viewAsMember=true","https:\/\/www.instagram.com\/belotti_spa\/"]}]}},"_links":{"self":[{"href":"https:\/\/www.belotti.com\/es\/wp-json\/wp\/v2\/pages\/18833","targetHints":{"allow":["GET"]}}],"collection":[{"href":"https:\/\/www.belotti.com\/es\/wp-json\/wp\/v2\/pages"}],"about":[{"href":"https:\/\/www.belotti.com\/es\/wp-json\/wp\/v2\/types\/page"}],"author":[{"embeddable":true,"href":"https:\/\/www.belotti.com\/es\/wp-json\/wp\/v2\/users\/1"}],"replies":[{"embeddable":true,"href":"https:\/\/www.belotti.com\/es\/wp-json\/wp\/v2\/comments?post=18833"}],"version-history":[{"count":26,"href":"https:\/\/www.belotti.com\/es\/wp-json\/wp\/v2\/pages\/18833\/revisions"}],"predecessor-version":[{"id":28686,"href":"https:\/\/www.belotti.com\/es\/wp-json\/wp\/v2\/pages\/18833\/revisions\/28686"}],"up":[{"embeddable":true,"href":"https:\/\/www.belotti.com\/es\/wp-json\/wp\/v2\/pages\/18825"}],"wp:featuredmedia":[{"embeddable":true,"href":"https:\/\/www.belotti.com\/es\/wp-json\/wp\/v2\/media\/18835"}],"wp:attachment":[{"href":"https:\/\/www.belotti.com\/es\/wp-json\/wp\/v2\/media?parent=18833"}],"curies":[{"name":"wp","href":"https:\/\/api.w.org\/{rel}","templated":true}]}}