{"id":18838,"date":"2020-12-04T08:44:03","date_gmt":"2020-12-04T07:44:03","guid":{"rendered":"https:\/\/belotti.com\/privacy-policy\/"},"modified":"2024-11-15T16:23:49","modified_gmt":"2024-11-15T15:23:49","slug":"privacy-policy","status":"publish","type":"page","link":"https:\/\/www.belotti.com\/es\/politica-de-privacidad\/","title":{"rendered":"Pol\u00edtica de privacidad"},"content":{"rendered":"<p><strong>EL RESPONSABLE DEL TRATAMIENTO<\/strong><\/p>\n<p><strong>Belotti Spa<\/strong><br \/>\nVia San Giovanni Bosco 12 &#8211; 24040 Suisio (BG) ITALY<br \/>\nTel. +390354934411<br \/>\nVAT N. IT 13258950156<br \/>\nP\u00e1gina web o servicio web accesible en<br \/>\n<a title=\"sito Belotti Spa\" href=\"https:\/\/www.belotti.com\/it\/\">www.belotti.com<\/a><\/p>\n<p><strong>Declaraci\u00f3n de Privacidad de conformidad con el Decreto Legislativo 196\/2003 y el art\u00edculo 13 del Reglamento Europeo 679\/2016 (GDPR)<\/strong><br \/>\nBelotti S.p.A. (P.IVA 13258950156), en la persona de su representante legal pro tempore, con domicilio social en Via San Giovanni Bosco, 12 &#8211; 24040 Suisio (BG), en calidad de responsable del tratamiento, Le informa que, de conformidad con el Decreto Legislativo 196\/2003 y el Reglamento Europeo 679\/2016 (cd. GDPR), que rige y regula la protecci\u00f3n de los datos personales y su libre circulaci\u00f3n, Sus datos personales ser\u00e1n tratados de conformidad con la legislaci\u00f3n antes mencionada, sobre la base de los principios de correcci\u00f3n, licitud, proporcionalidad de intereses y transparencia, as\u00ed como la protecci\u00f3n de Su privacidad y Sus derechos, para los fines, en la forma y en los t\u00e9rminos establecidos a continuaci\u00f3n.<\/p>\n<h2>-1- Finalidad, m\u00e9todos y bases jur\u00eddicas del tratamiento de datos<\/h2>\n<p>Esta pol\u00edtica de privacidad se aplica exclusivamente a las actividades en l\u00ednea de esta p\u00e1gina web y es v\u00e1lida para los visitantes\/usuarios de la misma. No se aplica a la informaci\u00f3n recopilada a trav\u00e9s de canales distintos de esta p\u00e1gina web. El objetivo de la pol\u00edtica de privacidad es ofrecer la m\u00e1xima transparencia en relaci\u00f3n con la informaci\u00f3n que recoge la p\u00e1gina web y c\u00f3mo la utiliza.<\/p>\n<p>Sus datos personales ser\u00e1n tratados exclusivamente para fines estrictamente relacionados, instrumentales y necesarios para el cumplimiento de las obligaciones inherentes a la relaci\u00f3n con nuestra Empresa; en particular:<\/p>\n<p>El tratamiento de los datos personales se lleva a cabo mediante las operaciones indicadas en el Decreto Legislativo 196\/2003 y art. 4 n\u00ba 2) GDPR y precisamente: recogida, registro, organizaci\u00f3n, almacenamiento, consulta, procesamiento, modificaci\u00f3n, selecci\u00f3n, extracci\u00f3n, comparaci\u00f3n, uso, interconexi\u00f3n, bloqueo, comunicaci\u00f3n, cancelaci\u00f3n y destrucci\u00f3n.<\/p>\n<p>El tratamiento de los datos personales ser\u00e1 efectuado por el responsable del tratamiento, el encargado o encargados y las personas autorizadas (designadas) con observancia de todas las medidas cautelares para garantizar su seguridad y confidencialidad. Los datos no ser\u00e1n objeto de elaboraci\u00f3n de perfiles ni de procesos automatizados de toma de decisiones.<\/p>\n<p>Los datos se almacenar\u00e1n en el responsable del tratamiento y en los encargados del tratamiento designados por el responsable del tratamiento. En cualquier caso, sus datos personales se almacenar\u00e1n y tratar\u00e1n dentro de las fronteras del Espacio Econ\u00f3mico Europeo y s\u00f3lo se transferir\u00e1n fuera de ellas con su consentimiento expl\u00edcito.<\/p>\n<p>En el caso de que Usted facilite comentarios y\/o datos personales para la solicitud de informaci\u00f3n y\/o servicios espec\u00edficos solicitados por el usuario (a t\u00edtulo enunciativo, pero no limitativo, solicitud de informaci\u00f3n comercial, suscripci\u00f3n a nuestro portal, suscripci\u00f3n a nuestro bolet\u00edn), se entender\u00e1 que dichos datos han sido facilitados voluntariamente por el usuario en el momento de la solicitud de prestaci\u00f3n del servicio.<br \/>\nAl introducir un comentario u otra informaci\u00f3n el usuario acepta expresamente esta pol\u00edtica de privacidad. Esta p\u00e1gina puede procesar algunos de los datos personales de acuerdo con los intereses leg\u00edtimos del controlador de datos seg\u00fan lo dispuesto en el Decreto Legislativo 196\/2003 y el art. 6 del Reglamento Europeo 679\/206.<\/p>\n<p>Los datos recibidos se utilizar\u00e1n exclusivamente para la prestaci\u00f3n del servicio solicitado y s\u00f3lo durante el tiempo necesario para la prestaci\u00f3n del servicio.<br \/>\nLa informaci\u00f3n que los usuarios de la p\u00e1gina decidan hacer p\u00fablica a trav\u00e9s de los servicios y herramientas puestos a su disposici\u00f3n, es facilitada por el usuario de forma consciente y voluntaria, eximiendo a esta p\u00e1gina de cualquier responsabilidad por cualquier infracci\u00f3n de la ley. Corresponde al usuario verificar que dispone de los permisos necesarios para introducir datos personales de terceros o contenidos protegidos por la normativa nacional e internacional.<\/p>\n<p>Los datos recogidos por la p\u00e1gina durante su funcionamiento se utilizan exclusivamente para los fines mencionados y se almacenan durante el tiempo estrictamente necesario para llevar a cabo las actividades especificadas. En cualquier caso, los datos recogidos por la p\u00e1gina web nunca ser\u00e1n facilitados a terceros, por ning\u00fan motivo, salvo que se trate de una petici\u00f3n leg\u00edtima de una autoridad judicial y s\u00f3lo en los casos previstos por la ley.<\/p>\n<h2>-2- Naturaleza de la recolecci\u00f3n de datos y las consecuencias de una\u00a0eventual falta de aportaci\u00f3n<\/h2>\n<p>Como todas las p\u00e1ginas web, tambi\u00e9n esta p\u00e1gina hace uso de archivos de registro en los que se almacena la informaci\u00f3n recopilada autom\u00e1ticamente durante las visitas de los usuarios. La informaci\u00f3n recogida puede ser la siguiente:<\/p>\n<ul>\n<li>direcci\u00f3n del protocolo de Internet (IP);<\/li>\n<li>\u00a0tipo de navegador y par\u00e1metros del dispositivo utilizado para conectarse a la p\u00e1gina;<\/li>\n<li>\u00a0nombre del proveedor de servicios de Internet (PSI);<\/li>\n<li>\u00a0fecha y hora de la visita;<\/li>\n<li>\u00a0p\u00e1gina web de origen (referral) y salida del visitante;<\/li>\n<li>\u00a0eventualmente, el n\u00famero de clics.<\/li>\n<\/ul>\n<p>La informaci\u00f3n antes mencionada se procesa autom\u00e1ticamente y se recopila de forma exclusivamente agregada con el fin de verificar el correcto funcionamiento de la p\u00e1gina web, por motivos de seguridad y por los intereses leg\u00edtimos del propietario, tal y como establece la legislaci\u00f3n vigente.<br \/>\nPor motivos de seguridad (filtros antispam, cortafuegos, detecci\u00f3n de virus), los datos registrados autom\u00e1ticamente tambi\u00e9n pueden incluir datos personales como la direcci\u00f3n IP, que podr\u00eda utilizarse, de conformidad con la legislaci\u00f3n vigente en la materia, para bloquear intentos de da\u00f1ar la propia p\u00e1gina o de causar da\u00f1os a otros usuarios, o en cualquier caso actividades perjudiciales o delictivas. Estos datos nunca se utilizan para identificar o crear perfiles de los usuarios, sino \u00fanicamente con el fin de proteger la p\u00e1gina y a sus usuarios, as\u00ed como los intereses leg\u00edtimos del responsable del tratamiento en el tratamiento de los datos.<\/p>\n<p>Al utilizar o consultar esta p\u00e1gina web, los visitantes y usuarios aprueban expl\u00edcitamente esta pol\u00edtica de privacidad y consienten el tratamiento de sus datos personales en la forma y para los fines descritos a continuaci\u00f3n, incluida la posible divulgaci\u00f3n a terceros si fuera necesario para la prestaci\u00f3n de un servicio. El suministro de datos y, por tanto, el consentimiento para la recogida y el tratamiento de los mismos es opcional; no obstante, la denegaci\u00f3n del consentimiento puede imposibilitar la prestaci\u00f3n de determinados servicios y comprometer la experiencia de navegaci\u00f3n por la p\u00e1gina.<br \/>\nEl consentimiento para el uso de sus datos con fines de marketing y\/o publicidad (env\u00edo de correos electr\u00f3nicos y\/o comunicaciones con ofertas publicitarias) es opcional y requiere por su parte, adem\u00e1s del suministro de sus datos personales, tambi\u00e9n una solicitud expl\u00edcita a trav\u00e9s de la funci\u00f3n opt-in de esta p\u00e1gina web.<\/p>\n<h2>-3- Calendario y t\u00e9rminos<\/h2>\n<p>El Responsable del Tratamiento, los encargados del tratamiento y las personas autorizadas para el tratamiento (encargados) tratar\u00e1n los datos personales durante el tiempo necesario para cumplir las finalidades indicadas y, en todo caso, durante un plazo no superior a 10 a\u00f1os desde la finalizaci\u00f3n de la relaci\u00f3n cuando as\u00ed lo prevea o haga necesario la normativa vigente.<br \/>\nPor lo que respecta al suministro de datos por su parte para la recepci\u00f3n de informaci\u00f3n comercial, boletines informativos e informaci\u00f3n peri\u00f3dica, los datos ser\u00e1n tratados hasta su solicitud de baja.<\/p>\n<h2>-4- Comunicaci\u00f3n y difusi\u00f3n de datos<\/h2>\n<p>Sus datos personales, con el fin de ejecutar el contrato o los servicios solicitados por usted y para los fines indicados anteriormente, podr\u00e1n comunicarse:<\/p>\n<ul>\n<li>a todas las personas f\u00edsicas y jur\u00eddicas (a t\u00edtulo enunciativo, pero no limitativo, empresas de asesoramiento jur\u00eddico, administrativo y fiscal, empresas de auditor\u00eda, empresas de mensajer\u00eda y transporte, centros de procesamiento de datos, asesores inform\u00e1ticos, proveedores, etc.) en los casos en que la comunicaci\u00f3n sea necesaria para las finalidades ilustradas anteriormente;<\/li>\n<li>a entidades bancarias para la gesti\u00f3n de cobros y pagos;<\/li>\n<li>a empresas de factoring o de cobro de deudas;<\/li>\n<li>a nuestros colaboradores y empleados espec\u00edficamente designados a tal efecto y en el \u00e1mbito de sus funciones;<\/li>\n<li>a proveedores SMTP para el env\u00edo de boletines informativos.<\/li>\n<\/ul>\n<p>El D.P.O., si ha sido designado por el Responsable del tratamiento de forma obligatoria o voluntaria, as\u00ed como el nombre y el n\u00famero de los responsables pueden estar sujetos a cambios, por lo que le recomendamos que consulte nuestra p\u00e1gina web -donde encontrar\u00e1 toda la informaci\u00f3n actualizada- en la p\u00e1gina dedicada al siguiente enlace: www.belotti.com o poni\u00e9ndose en contacto con los siguientes datos de contacto: +39 0354934411, <a href=\"mailto:belotti@belotti.com\">belotti@belotti.com<\/a>.<\/p>\n<h2>-5- Derechos del interesado<\/h2>\n<p>Llamando al +39 0354934411 o escribiendo a <a href=\"mailto:belotti@belotti.com\">belotti@belotti.com<\/a> podr\u00e1 ejercer en cualquier momento Sus derechos frente al responsable del tratamiento de acuerdo con el Reglamento Europeo 679\/2016, que reproducimos para su comodidad. El interesado tendr\u00e1 derecho a obtener confirmaci\u00f3n sobre si se est\u00e1n tratando o no datos personales que le conciernen, aunque a\u00fan no est\u00e9n registrados, as\u00ed como a la comunicaci\u00f3n de los mismos en forma inteligible. El interesado tiene derecho a ser informado de:<\/p>\n<ul>\n<li>el origen de los datos personales (con especial atenci\u00f3n al caso en que los mismos no se recojan del interesado y, en caso de transferencia de datos a un tercer pa\u00eds, la existencia de garant\u00edas adecuadas con arreglo al art\u00edculo 46 del Reglamento);<\/li>\n<li>de las finalidades y modalidades del tratamiento;<\/li>\n<li>de la l\u00f3gica aplicada en caso de tratamiento efectuado con ayuda de instrumentos electr\u00f3nicos;<\/li>\n<li>de los datos de identificaci\u00f3n del responsable del tratamiento, de los encargados del tratamiento y del representante designado;<\/li>\n<li>de las entidades o categor\u00edas de entidades a las que se pueden comunicar los datos personales o que pueden llegar a conocer dichos datos en su calidad de representante(s) designado(s) en el territorio del Estado, de encargado(s) del tratamiento o de entidad(es) autorizada(s);<\/li>\n<li>de las categor\u00edas de datos personales objeto de tratamiento;<\/li>\n<li>del plazo de conservaci\u00f3n de los datos o los criterios utilizados para determinar dicho plazo;<\/li>\n<li>de la existencia de procesos automatizados de toma de decisiones, con especial atenci\u00f3n a la elaboraci\u00f3n de perfiles, y la l\u00f3gica aplicada a los mismos;<\/li>\n<li>del derecho a obtener una copia de los datos personales objeto de tratamiento.<\/li>\n<\/ul>\n<p>El interesado tambi\u00e9n tiene derecho a obtener:<\/p>\n<ul>\n<li>la actualizaci\u00f3n, la rectificaci\u00f3n o, cuando le interese, la integraci\u00f3n de los datos;<\/li>\n<li>la cancelaci\u00f3n, la transformaci\u00f3n en forma an\u00f3nima o el bloqueo de los datos tratados en violaci\u00f3n de la ley, incluidos aquellos cuya conservaci\u00f3n no sea necesaria en relaci\u00f3n con los fines para los que fueron recogidos o posteriormente tratados;<\/li>\n<li>la certificaci\u00f3n de que las operaciones indicadas en las letras a) y b) han sido notificadas, tambi\u00e9n en lo que respecta a su contenido, a los sujetos a los que los datos han sido comunicados o difundidos, a menos que tal exigencia resulte imposible o comporte un empleo de medios manifiestamente desproporcionado respecto al derecho que se pretende tutelar;<\/li>\n<li>la portabilidad de los datos a otros sujetos, para lo cual deber\u00e1 presentarse una solicitud expl\u00edcita a las siguientes direcciones +39 0354934411, <a href=\"mailto:belotti@belotti.com\">belotti@belotti.com<\/a><\/li>\n<li>a cancelaci\u00f3n de los datos en nuestros archivos de conformidad con el art. 17 pt. 1 lett. a) hasta f) del Reglamento (el llamado derecho al olvido), mediante comunicaci\u00f3n a +39 0354934411, <a href=\"mailto:belotti@belotti.com\"> belotti@belotti.com<\/a><\/li>\n<li>limitar el tratamiento de los datos, de conformidad con el art\u00edculo 18, apartado 1, letras a) a d), del Reglamento.<\/li>\n<\/ul>\n<p>El interesado tiene derecho a oponerse, total o parcialmente, al tratamiento de los datos:<\/p>\n<ul>\n<li>por motivos leg\u00edtimos relacionados con su situaci\u00f3n particular, aun cuando el tratamiento sea pertinente para la finalidad de la recogida;<\/li>\n<li>al tratamiento de datos personales que le conciernan con fines de env\u00edo de material publicitario o de venta directa o para la realizaci\u00f3n de estudios de mercado o de comunicaci\u00f3n comercial;<\/li>\n<li>al tratamiento de datos con arreglo al art\u00edculo 6, punto 1, letras e) y f), incluida la elaboraci\u00f3n de perfiles sobre la base de estas disposiciones.<\/li>\n<\/ul>\n<p>Si el tratamiento de datos se basa en el consentimiento del interesado, \u00e9ste tendr\u00e1 derecho a revocar dicho consentimiento en cualquier momento mediante solicitud expresa a los datos de contacto +39 0354934411, <a href=\"mailto:belotti@belotti.com\">belotti@belotti.com<\/a>. El interesado tambi\u00e9n tiene derecho a presentar una reclamaci\u00f3n ante la Autoridad de Control. El ejercicio de los derechos mencionados podr\u00e1 efectuarse dirigiendo una solicitud al responsable del tratamiento o al supervisor de datos por tel\u00e9fono, por correo electr\u00f3nico a las direcciones antes mencionadas o por carta certificada con acuse de recibo.<\/p>\n<p>&nbsp;<\/p>\n","protected":false},"excerpt":{"rendered":"<p>EL RESPONSABLE DEL TRATAMIENTO Belotti Spa Via San Giovanni Bosco 12 &#8211; 24040 Suisio (BG) ITALY Tel. +390354934411&#8230;<\/p>\n","protected":false},"author":1,"featured_media":0,"parent":0,"menu_order":0,"comment_status":"closed","ping_status":"closed","template":"","meta":{"_acf_changed":false,"_monsterinsights_skip_tracking":false,"_monsterinsights_sitenote_active":false,"_monsterinsights_sitenote_note":"","_monsterinsights_sitenote_category":0,"footnotes":""},"class_list":["post-18838","page","type-page","status-publish","hentry"],"acf":[],"yoast_head":"<!-- This site is optimized with the Yoast SEO plugin v27.2 - https:\/\/yoast.com\/product\/yoast-seo-wordpress\/ -->\n<title>Pol\u00edtica de privacidad - Belotti<\/title>\n<meta name=\"description\" content=\"EL RESPONSABLE DEL TRATAMIENTO Belotti Spa Via San Giovanni Bosco 12 - 24040 Suisio (BG) ITALY Tel. +390354934411 VAT N. IT 13258950156 P\u00e1gina web o\" \/>\n<meta name=\"robots\" content=\"index, follow, max-snippet:-1, max-image-preview:large, max-video-preview:-1\" \/>\n<link rel=\"canonical\" href=\"https:\/\/www.belotti.com\/es\/politica-de-privacidad\/\" \/>\n<meta property=\"og:locale\" content=\"es_ES\" \/>\n<meta property=\"og:type\" content=\"article\" \/>\n<meta property=\"og:title\" content=\"Pol\u00edtica de privacidad - Belotti\" \/>\n<meta property=\"og:description\" content=\"EL RESPONSABLE DEL TRATAMIENTO Belotti Spa Via San Giovanni Bosco 12 - 24040 Suisio (BG) ITALY Tel. +390354934411 VAT N. IT 13258950156 P\u00e1gina web o\" \/>\n<meta property=\"og:url\" content=\"https:\/\/www.belotti.com\/es\/politica-de-privacidad\/\" \/>\n<meta property=\"og:site_name\" content=\"Belotti\" \/>\n<meta property=\"article:publisher\" content=\"https:\/\/www.facebook.com\/Belotti.SPA\" \/>\n<meta property=\"article:modified_time\" content=\"2024-11-15T15:23:49+00:00\" \/>\n<meta name=\"twitter:card\" content=\"summary_large_image\" \/>\n<meta name=\"twitter:site\" content=\"@Belotti__SPA\" \/>\n<meta name=\"twitter:label1\" content=\"Tiempo de lectura\" \/>\n\t<meta name=\"twitter:data1\" content=\"11 minutos\" \/>\n<script type=\"application\/ld+json\" class=\"yoast-schema-graph\">{\"@context\":\"https:\/\/schema.org\",\"@graph\":[{\"@type\":\"WebPage\",\"@id\":\"https:\/\/www.belotti.com\/es\/politica-de-privacidad\/\",\"url\":\"https:\/\/www.belotti.com\/es\/politica-de-privacidad\/\",\"name\":\"Pol\u00edtica de privacidad - Belotti\",\"isPartOf\":{\"@id\":\"https:\/\/www.belotti.com\/es\/#website\"},\"datePublished\":\"2020-12-04T07:44:03+00:00\",\"dateModified\":\"2024-11-15T15:23:49+00:00\",\"description\":\"EL RESPONSABLE DEL TRATAMIENTO Belotti Spa Via San Giovanni Bosco 12 - 24040 Suisio (BG) ITALY Tel. +390354934411 VAT N. IT 13258950156 P\u00e1gina web o\",\"breadcrumb\":{\"@id\":\"https:\/\/www.belotti.com\/es\/politica-de-privacidad\/#breadcrumb\"},\"inLanguage\":\"es\",\"potentialAction\":[{\"@type\":\"ReadAction\",\"target\":[\"https:\/\/www.belotti.com\/es\/politica-de-privacidad\/\"]}]},{\"@type\":\"BreadcrumbList\",\"@id\":\"https:\/\/www.belotti.com\/es\/politica-de-privacidad\/#breadcrumb\",\"itemListElement\":[{\"@type\":\"ListItem\",\"position\":1,\"name\":\"Home\",\"item\":\"https:\/\/www.belotti.com\/es\/\"},{\"@type\":\"ListItem\",\"position\":2,\"name\":\"Pol\u00edtica de privacidad\"}]},{\"@type\":\"WebSite\",\"@id\":\"https:\/\/www.belotti.com\/es\/#website\",\"url\":\"https:\/\/www.belotti.com\/es\/\",\"name\":\"Belotti Spa\",\"description\":\"CNC Machining Centers\",\"publisher\":{\"@id\":\"https:\/\/www.belotti.com\/es\/#organization\"},\"potentialAction\":[{\"@type\":\"SearchAction\",\"target\":{\"@type\":\"EntryPoint\",\"urlTemplate\":\"https:\/\/www.belotti.com\/es\/?s={search_term_string}\"},\"query-input\":{\"@type\":\"PropertyValueSpecification\",\"valueRequired\":true,\"valueName\":\"search_term_string\"}}],\"inLanguage\":\"es\"},{\"@type\":\"Organization\",\"@id\":\"https:\/\/www.belotti.com\/es\/#organization\",\"name\":\"Belotti Spa\",\"url\":\"https:\/\/www.belotti.com\/es\/\",\"logo\":{\"@type\":\"ImageObject\",\"inLanguage\":\"es\",\"@id\":\"https:\/\/www.belotti.com\/es\/#\/schema\/logo\/image\/\",\"url\":\"http:\/\/belotti.com\/wp-content\/uploads\/2023\/04\/logo-Belotti-1.png\",\"contentUrl\":\"http:\/\/belotti.com\/wp-content\/uploads\/2023\/04\/logo-Belotti-1.png\",\"width\":708,\"height\":225,\"caption\":\"Belotti Spa\"},\"image\":{\"@id\":\"https:\/\/www.belotti.com\/es\/#\/schema\/logo\/image\/\"},\"sameAs\":[\"https:\/\/www.facebook.com\/Belotti.SPA\",\"https:\/\/x.com\/Belotti__SPA\",\"https:\/\/www.youtube.com\/channel\/UC5q7E8IMymZ-agKfVsPCorw\",\"https:\/\/www.linkedin.com\/company\/belotti-s-p-a-\/?viewAsMember=true\",\"https:\/\/www.instagram.com\/belotti_spa\/\"]}]}<\/script>\n<!-- \/ Yoast SEO plugin. -->","yoast_head_json":{"title":"Pol\u00edtica de privacidad - Belotti","description":"EL RESPONSABLE DEL TRATAMIENTO Belotti Spa Via San Giovanni Bosco 12 - 24040 Suisio (BG) ITALY Tel. +390354934411 VAT N. IT 13258950156 P\u00e1gina web o","robots":{"index":"index","follow":"follow","max-snippet":"max-snippet:-1","max-image-preview":"max-image-preview:large","max-video-preview":"max-video-preview:-1"},"canonical":"https:\/\/www.belotti.com\/es\/politica-de-privacidad\/","og_locale":"es_ES","og_type":"article","og_title":"Pol\u00edtica de privacidad - Belotti","og_description":"EL RESPONSABLE DEL TRATAMIENTO Belotti Spa Via San Giovanni Bosco 12 - 24040 Suisio (BG) ITALY Tel. +390354934411 VAT N. IT 13258950156 P\u00e1gina web o","og_url":"https:\/\/www.belotti.com\/es\/politica-de-privacidad\/","og_site_name":"Belotti","article_publisher":"https:\/\/www.facebook.com\/Belotti.SPA","article_modified_time":"2024-11-15T15:23:49+00:00","twitter_card":"summary_large_image","twitter_site":"@Belotti__SPA","twitter_misc":{"Tiempo de lectura":"11 minutos"},"schema":{"@context":"https:\/\/schema.org","@graph":[{"@type":"WebPage","@id":"https:\/\/www.belotti.com\/es\/politica-de-privacidad\/","url":"https:\/\/www.belotti.com\/es\/politica-de-privacidad\/","name":"Pol\u00edtica de privacidad - Belotti","isPartOf":{"@id":"https:\/\/www.belotti.com\/es\/#website"},"datePublished":"2020-12-04T07:44:03+00:00","dateModified":"2024-11-15T15:23:49+00:00","description":"EL RESPONSABLE DEL TRATAMIENTO Belotti Spa Via San Giovanni Bosco 12 - 24040 Suisio (BG) ITALY Tel. +390354934411 VAT N. IT 13258950156 P\u00e1gina web o","breadcrumb":{"@id":"https:\/\/www.belotti.com\/es\/politica-de-privacidad\/#breadcrumb"},"inLanguage":"es","potentialAction":[{"@type":"ReadAction","target":["https:\/\/www.belotti.com\/es\/politica-de-privacidad\/"]}]},{"@type":"BreadcrumbList","@id":"https:\/\/www.belotti.com\/es\/politica-de-privacidad\/#breadcrumb","itemListElement":[{"@type":"ListItem","position":1,"name":"Home","item":"https:\/\/www.belotti.com\/es\/"},{"@type":"ListItem","position":2,"name":"Pol\u00edtica de privacidad"}]},{"@type":"WebSite","@id":"https:\/\/www.belotti.com\/es\/#website","url":"https:\/\/www.belotti.com\/es\/","name":"Belotti Spa","description":"CNC Machining Centers","publisher":{"@id":"https:\/\/www.belotti.com\/es\/#organization"},"potentialAction":[{"@type":"SearchAction","target":{"@type":"EntryPoint","urlTemplate":"https:\/\/www.belotti.com\/es\/?s={search_term_string}"},"query-input":{"@type":"PropertyValueSpecification","valueRequired":true,"valueName":"search_term_string"}}],"inLanguage":"es"},{"@type":"Organization","@id":"https:\/\/www.belotti.com\/es\/#organization","name":"Belotti Spa","url":"https:\/\/www.belotti.com\/es\/","logo":{"@type":"ImageObject","inLanguage":"es","@id":"https:\/\/www.belotti.com\/es\/#\/schema\/logo\/image\/","url":"http:\/\/belotti.com\/wp-content\/uploads\/2023\/04\/logo-Belotti-1.png","contentUrl":"http:\/\/belotti.com\/wp-content\/uploads\/2023\/04\/logo-Belotti-1.png","width":708,"height":225,"caption":"Belotti Spa"},"image":{"@id":"https:\/\/www.belotti.com\/es\/#\/schema\/logo\/image\/"},"sameAs":["https:\/\/www.facebook.com\/Belotti.SPA","https:\/\/x.com\/Belotti__SPA","https:\/\/www.youtube.com\/channel\/UC5q7E8IMymZ-agKfVsPCorw","https:\/\/www.linkedin.com\/company\/belotti-s-p-a-\/?viewAsMember=true","https:\/\/www.instagram.com\/belotti_spa\/"]}]}},"_links":{"self":[{"href":"https:\/\/www.belotti.com\/es\/wp-json\/wp\/v2\/pages\/18838","targetHints":{"allow":["GET"]}}],"collection":[{"href":"https:\/\/www.belotti.com\/es\/wp-json\/wp\/v2\/pages"}],"about":[{"href":"https:\/\/www.belotti.com\/es\/wp-json\/wp\/v2\/types\/page"}],"author":[{"embeddable":true,"href":"https:\/\/www.belotti.com\/es\/wp-json\/wp\/v2\/users\/1"}],"replies":[{"embeddable":true,"href":"https:\/\/www.belotti.com\/es\/wp-json\/wp\/v2\/comments?post=18838"}],"version-history":[{"count":4,"href":"https:\/\/www.belotti.com\/es\/wp-json\/wp\/v2\/pages\/18838\/revisions"}],"predecessor-version":[{"id":20172,"href":"https:\/\/www.belotti.com\/es\/wp-json\/wp\/v2\/pages\/18838\/revisions\/20172"}],"wp:attachment":[{"href":"https:\/\/www.belotti.com\/es\/wp-json\/wp\/v2\/media?parent=18838"}],"curies":[{"name":"wp","href":"https:\/\/api.w.org\/{rel}","templated":true}]}}