{"id":19809,"date":"2020-12-10T10:16:21","date_gmt":"2020-12-10T09:16:21","guid":{"rendered":"https:\/\/belotti.com\/careers\/stage-e-tirocini\/"},"modified":"2024-12-09T16:02:59","modified_gmt":"2024-12-09T15:02:59","slug":"stage-e-tirocini","status":"publish","type":"page","link":"https:\/\/www.belotti.com\/es\/empleo\/practicas-y-pasantias\/","title":{"rendered":"Pr\u00e1cticas y pasant\u00edas"},"content":{"rendered":"<p class=\"big\">Combinar la teor\u00eda con la pr\u00e1ctica, mediante programas de pr\u00e1cticas o pasant\u00edas que acerquen el mundo de la escuela al trabajo.<\/p>\n<p>Creemos firmemente en el valor de la formaci\u00f3n y en la importancia de aplicar los conocimientos en un contexto empresarial.<br \/>\nPor eso estamos siempre abiertos a acoger tanto a estudiantes de secundaria como a universitarios que quieran desarrollar sus competencias.<\/p>\n<p>Tambi\u00e9n ofrecemos cursos de alternancia escuela-trabajo con perspectivas de empleo, activados en cooperaci\u00f3n con las escuelas locales.<\/p>\n<p>Si est\u00e1s interesado en realizar una experiencia en Belotti, env\u00edanos tu CV.<\/p>\n\n<div class=\"wpcf7 no-js\" id=\"wpcf7-f18848-o1\" lang=\"es-ES\" dir=\"ltr\" data-wpcf7-id=\"18848\">\n<div class=\"screen-reader-response\"><p role=\"status\" aria-live=\"polite\" aria-atomic=\"true\"><\/p> <ul><\/ul><\/div>\n<form action=\"\/es\/wp-json\/wp\/v2\/pages\/19809#wpcf7-f18848-o1\" method=\"post\" class=\"wpcf7-form init\" aria-label=\"Formulario de contacto\" enctype=\"multipart\/form-data\" novalidate=\"novalidate\" data-status=\"init\">\n<fieldset class=\"hidden-fields-container\"><input type=\"hidden\" name=\"_wpcf7\" value=\"18848\" \/><input type=\"hidden\" name=\"_wpcf7_version\" value=\"6.1.5\" \/><input type=\"hidden\" name=\"_wpcf7_locale\" value=\"es_ES\" \/><input type=\"hidden\" name=\"_wpcf7_unit_tag\" value=\"wpcf7-f18848-o1\" \/><input type=\"hidden\" name=\"_wpcf7_container_post\" value=\"0\" \/><input type=\"hidden\" name=\"_wpcf7_posted_data_hash\" value=\"\" \/><input type=\"hidden\" name=\"_wpcf7cf_hidden_group_fields\" value=\"[]\" \/><input type=\"hidden\" name=\"_wpcf7cf_hidden_groups\" value=\"[]\" \/><input type=\"hidden\" name=\"_wpcf7cf_visible_groups\" value=\"[]\" \/><input type=\"hidden\" name=\"_wpcf7cf_repeaters\" value=\"[]\" \/><input type=\"hidden\" name=\"_wpcf7cf_steps\" value=\"{}\" \/><input type=\"hidden\" name=\"_wpcf7cf_options\" value=\"{&quot;form_id&quot;:18848,&quot;conditions&quot;:[],&quot;settings&quot;:{&quot;animation&quot;:&quot;yes&quot;,&quot;animation_intime&quot;:200,&quot;animation_outtime&quot;:200,&quot;conditions_ui&quot;:&quot;normal&quot;,&quot;notice_dismissed&quot;:false,&quot;notice_dismissed_rollback-cf7-5.8.2&quot;:true}}\" \/><input type=\"hidden\" name=\"_wpcf7dtx_version\" value=\"5.0.5\" \/><input type=\"hidden\" name=\"_wpcf7_recaptcha_response\" value=\"\" \/>\n<\/fieldset>\n<div class=\"uk-grid uk-grid-medium uk-child-width-1-2@s uk-flex-bottom\" uk-grid>\n\t<div>\n\t\t<p><label>Nombre*<\/label><br \/>\n<span class=\"wpcf7-form-control-wrap\" data-name=\"nome\"><input size=\"40\" maxlength=\"400\" class=\"wpcf7-form-control wpcf7-text wpcf7-validates-as-required\" aria-required=\"true\" aria-invalid=\"false\" value=\"\" type=\"text\" name=\"nome\" \/><\/span>\n\t\t<\/p>\n\t<\/div>\n\t<div>\n\t\t<p><label>Apellido*<\/label><br \/>\n<span class=\"wpcf7-form-control-wrap\" data-name=\"cognome\"><input size=\"40\" maxlength=\"400\" class=\"wpcf7-form-control wpcf7-text wpcf7-validates-as-required\" aria-required=\"true\" aria-invalid=\"false\" value=\"\" type=\"text\" name=\"cognome\" \/><\/span>\n\t\t<\/p>\n\t<\/div>\n\t<div>\n\t\t<p><label>Correo electr\u00f3nico*<\/label><br \/>\n<span class=\"wpcf7-form-control-wrap\" data-name=\"email\"><input size=\"40\" maxlength=\"400\" class=\"wpcf7-form-control wpcf7-email wpcf7-validates-as-required wpcf7-text wpcf7-validates-as-email\" aria-required=\"true\" aria-invalid=\"false\" value=\"\" type=\"email\" name=\"email\" \/><\/span>\n\t\t<\/p>\n\t<\/div>\n\t<div>\n\t\t<p><label>Tel\u00e9fono*<\/label><br \/>\n<span class=\"wpcf7-form-control-wrap\" data-name=\"telefono\"><input size=\"40\" maxlength=\"400\" class=\"wpcf7-form-control wpcf7-text wpcf7-validates-as-required\" aria-required=\"true\" aria-invalid=\"false\" value=\"\" type=\"text\" name=\"telefono\" \/><\/span>\n\t\t<\/p>\n\t<\/div>\n\t<div>\n\t\t<p><label>Campo de inter\u00e9s \/ Funci\u00f3n corporativa*<\/label><br \/>\n<span class=\"wpcf7-form-control-wrap\" data-name=\"ambito\"><input size=\"40\" maxlength=\"400\" class=\"wpcf7-form-control wpcf7-text wpcf7-validates-as-required\" aria-required=\"true\" aria-invalid=\"false\" value=\"\" type=\"text\" name=\"ambito\" \/><\/span>\n\t\t<\/p>\n\t<\/div>\n\t<div>\n\t\t<p><label>Sede<br \/>\n<span class=\"wpcf7-form-control-wrap\" data-name=\"dove\"><select class=\"wpcf7-form-control wpcf7-select\" aria-invalid=\"false\" name=\"dove\"><option value=\"\">&#8212;Por favor, elige una opci\u00f3n&#8212;<\/option><option value=\"Modena\">Modena<\/option><option value=\"Suisio (Bg)\">Suisio (Bg)<\/option><\/select><\/span><\/label>\n\t\t<\/p>\n\t<\/div>\n\t<div>\n\t\t<p><label>Adjunta tu CV*<span class=\"limiti\">M\u00e1ximo 6 MB. Tipos de archivos permitidos: PDF, DOC, DOCX<\/span><\/label><span class=\"wpcf7-form-control-wrap\" data-name=\"file-114\"><input size=\"40\" class=\"wpcf7-form-control wpcf7-file wpcf7-validates-as-required\" accept=\".pdf,.doc,.docx\" aria-required=\"true\" aria-invalid=\"false\" type=\"file\" name=\"file-114\" \/><\/span>\n\t\t<\/p>\n\t<\/div>\n\t<div class=\"uk-width-1-1\">\n\t\t<p><label>Mensaje\/Carta de presentaci\u00f3n*<\/label><br \/>\n<span class=\"wpcf7-form-control-wrap\" data-name=\"messaggio\"><textarea cols=\"40\" rows=\"10\" maxlength=\"2000\" class=\"wpcf7-form-control wpcf7-textarea wpcf7-validates-as-required\" aria-required=\"true\" aria-invalid=\"false\" name=\"messaggio\"><\/textarea><\/span>\n\t\t<\/p>\n\t<\/div>\n\t<div class=\"uk-width-1-1\">\n\t\t<p><span class=\"wpcf7-form-control-wrap\" data-name=\"privacy\"><span class=\"wpcf7-form-control wpcf7-acceptance\"><span class=\"wpcf7-list-item\"><input type=\"checkbox\" name=\"privacy\" value=\"1\" aria-invalid=\"false\" \/><\/span><\/span><\/span><span class=\"testo-privacy\">* Doy mi consentimiento para el tratamiento de los datos recogidos anteriormente para la finalidad indicada de acuerdo con la <a href=\"https:\/\/www.belotti.com\/es\/politica-de-privacidad\/\" title=\"Privacy Policy\" target=\"_blank\">Pol\u00edtica de Privacidad<\/a>.<\/span><br \/>\n<span class=\"recaptcha\">Esta p\u00e1gina est\u00e1 protegida por reCAPTCHA y se aplican la <a href=\"https:\/\/policies.google.com\/privacy\" target=\"_blank\">Pol\u00edtica de Privacidad<\/a> y las <a href=\"https:\/\/policies.google.com\/terms\" target=\"_blank\">Condiciones del Servicio<\/a> de Google.<\/span>\n\t\t<\/p>\n\t\t<div class=\"uk-width-1-1\">\n\t\t\t<p><input class=\"wpcf7-form-control wpcf7-submit has-spinner\" type=\"submit\" value=\"Enviar\" \/>\n\t\t\t<\/p>\n\t\t<\/div>\n\t<\/div>\n<\/div><p style=\"display: none !important;\" class=\"akismet-fields-container\" data-prefix=\"_wpcf7_ak_\"><label>&#916;<textarea name=\"_wpcf7_ak_hp_textarea\" cols=\"45\" rows=\"8\" maxlength=\"100\"><\/textarea><\/label><input type=\"hidden\" id=\"ak_js_1\" name=\"_wpcf7_ak_js\" value=\"14\"\/><script>document.getElementById( \"ak_js_1\" ).setAttribute( \"value\", ( new Date() ).getTime() );<\/script><\/p><div class=\"wpcf7-response-output\" aria-hidden=\"true\"><\/div>\n<\/form>\n<\/div>\n\n","protected":false},"excerpt":{"rendered":"<p>Combinar la teor\u00eda con la pr\u00e1ctica, mediante programas de pr\u00e1cticas o pasant\u00edas que acerquen el mundo de la&#8230;<\/p>\n","protected":false},"author":1,"featured_media":0,"parent":18818,"menu_order":0,"comment_status":"closed","ping_status":"closed","template":"","meta":{"_acf_changed":false,"_monsterinsights_skip_tracking":false,"_monsterinsights_sitenote_active":false,"_monsterinsights_sitenote_note":"","_monsterinsights_sitenote_category":0,"footnotes":""},"class_list":["post-19809","page","type-page","status-publish","hentry"],"acf":[],"yoast_head":"<!-- This site is optimized with the Yoast SEO plugin v27.2 - https:\/\/yoast.com\/product\/yoast-seo-wordpress\/ -->\n<title>Pr\u00e1cticas y pasant\u00edas - Belotti<\/title>\n<meta name=\"description\" content=\"Combinar la teor\u00eda con la pr\u00e1ctica, mediante programas de pr\u00e1cticas o pasant\u00edas que acerquen el mundo de la escuela al trabajo. Creemos firmemente en el\" \/>\n<meta name=\"robots\" content=\"index, follow, max-snippet:-1, max-image-preview:large, max-video-preview:-1\" \/>\n<link rel=\"canonical\" href=\"https:\/\/www.belotti.com\/es\/empleo\/practicas-y-pasantias\/\" \/>\n<meta property=\"og:locale\" content=\"es_ES\" \/>\n<meta property=\"og:type\" content=\"article\" \/>\n<meta property=\"og:title\" content=\"Pr\u00e1cticas y pasant\u00edas - Belotti\" \/>\n<meta property=\"og:description\" content=\"Combinar la teor\u00eda con la pr\u00e1ctica, mediante programas de pr\u00e1cticas o pasant\u00edas que acerquen el mundo de la escuela al trabajo. Creemos firmemente en el\" \/>\n<meta property=\"og:url\" content=\"https:\/\/www.belotti.com\/es\/empleo\/practicas-y-pasantias\/\" \/>\n<meta property=\"og:site_name\" content=\"Belotti\" \/>\n<meta property=\"article:publisher\" content=\"https:\/\/www.facebook.com\/Belotti.SPA\" \/>\n<meta property=\"article:modified_time\" content=\"2024-12-09T15:02:59+00:00\" \/>\n<meta name=\"twitter:card\" content=\"summary_large_image\" \/>\n<meta name=\"twitter:site\" content=\"@Belotti__SPA\" \/>\n<meta name=\"twitter:label1\" content=\"Tiempo de lectura\" \/>\n\t<meta name=\"twitter:data1\" content=\"1 minuto\" \/>\n<script type=\"application\/ld+json\" class=\"yoast-schema-graph\">{\"@context\":\"https:\/\/schema.org\",\"@graph\":[{\"@type\":\"WebPage\",\"@id\":\"https:\/\/www.belotti.com\/es\/empleo\/practicas-y-pasantias\/\",\"url\":\"https:\/\/www.belotti.com\/es\/empleo\/practicas-y-pasantias\/\",\"name\":\"Pr\u00e1cticas y pasant\u00edas - Belotti\",\"isPartOf\":{\"@id\":\"https:\/\/www.belotti.com\/es\/#website\"},\"datePublished\":\"2020-12-10T09:16:21+00:00\",\"dateModified\":\"2024-12-09T15:02:59+00:00\",\"description\":\"Combinar la teor\u00eda con la pr\u00e1ctica, mediante programas de pr\u00e1cticas o pasant\u00edas que acerquen el mundo de la escuela al trabajo. Creemos firmemente en el\",\"breadcrumb\":{\"@id\":\"https:\/\/www.belotti.com\/es\/empleo\/practicas-y-pasantias\/#breadcrumb\"},\"inLanguage\":\"es\",\"potentialAction\":[{\"@type\":\"ReadAction\",\"target\":[\"https:\/\/www.belotti.com\/es\/empleo\/practicas-y-pasantias\/\"]}]},{\"@type\":\"BreadcrumbList\",\"@id\":\"https:\/\/www.belotti.com\/es\/empleo\/practicas-y-pasantias\/#breadcrumb\",\"itemListElement\":[{\"@type\":\"ListItem\",\"position\":1,\"name\":\"Home\",\"item\":\"https:\/\/www.belotti.com\/es\/\"},{\"@type\":\"ListItem\",\"position\":2,\"name\":\"Empleo\",\"item\":\"https:\/\/www.belotti.com\/en\/careers\/\"},{\"@type\":\"ListItem\",\"position\":3,\"name\":\"Pr\u00e1cticas y pasant\u00edas\"}]},{\"@type\":\"WebSite\",\"@id\":\"https:\/\/www.belotti.com\/es\/#website\",\"url\":\"https:\/\/www.belotti.com\/es\/\",\"name\":\"Belotti Spa\",\"description\":\"CNC Machining Centers\",\"publisher\":{\"@id\":\"https:\/\/www.belotti.com\/es\/#organization\"},\"potentialAction\":[{\"@type\":\"SearchAction\",\"target\":{\"@type\":\"EntryPoint\",\"urlTemplate\":\"https:\/\/www.belotti.com\/es\/?s={search_term_string}\"},\"query-input\":{\"@type\":\"PropertyValueSpecification\",\"valueRequired\":true,\"valueName\":\"search_term_string\"}}],\"inLanguage\":\"es\"},{\"@type\":\"Organization\",\"@id\":\"https:\/\/www.belotti.com\/es\/#organization\",\"name\":\"Belotti Spa\",\"url\":\"https:\/\/www.belotti.com\/es\/\",\"logo\":{\"@type\":\"ImageObject\",\"inLanguage\":\"es\",\"@id\":\"https:\/\/www.belotti.com\/es\/#\/schema\/logo\/image\/\",\"url\":\"http:\/\/belotti.com\/wp-content\/uploads\/2023\/04\/logo-Belotti-1.png\",\"contentUrl\":\"http:\/\/belotti.com\/wp-content\/uploads\/2023\/04\/logo-Belotti-1.png\",\"width\":708,\"height\":225,\"caption\":\"Belotti Spa\"},\"image\":{\"@id\":\"https:\/\/www.belotti.com\/es\/#\/schema\/logo\/image\/\"},\"sameAs\":[\"https:\/\/www.facebook.com\/Belotti.SPA\",\"https:\/\/x.com\/Belotti__SPA\",\"https:\/\/www.youtube.com\/channel\/UC5q7E8IMymZ-agKfVsPCorw\",\"https:\/\/www.linkedin.com\/company\/belotti-s-p-a-\/?viewAsMember=true\",\"https:\/\/www.instagram.com\/belotti_spa\/\"]}]}<\/script>\n<!-- \/ Yoast SEO plugin. -->","yoast_head_json":{"title":"Pr\u00e1cticas y pasant\u00edas - Belotti","description":"Combinar la teor\u00eda con la pr\u00e1ctica, mediante programas de pr\u00e1cticas o pasant\u00edas que acerquen el mundo de la escuela al trabajo. Creemos firmemente en el","robots":{"index":"index","follow":"follow","max-snippet":"max-snippet:-1","max-image-preview":"max-image-preview:large","max-video-preview":"max-video-preview:-1"},"canonical":"https:\/\/www.belotti.com\/es\/empleo\/practicas-y-pasantias\/","og_locale":"es_ES","og_type":"article","og_title":"Pr\u00e1cticas y pasant\u00edas - Belotti","og_description":"Combinar la teor\u00eda con la pr\u00e1ctica, mediante programas de pr\u00e1cticas o pasant\u00edas que acerquen el mundo de la escuela al trabajo. Creemos firmemente en el","og_url":"https:\/\/www.belotti.com\/es\/empleo\/practicas-y-pasantias\/","og_site_name":"Belotti","article_publisher":"https:\/\/www.facebook.com\/Belotti.SPA","article_modified_time":"2024-12-09T15:02:59+00:00","twitter_card":"summary_large_image","twitter_site":"@Belotti__SPA","twitter_misc":{"Tiempo de lectura":"1 minuto"},"schema":{"@context":"https:\/\/schema.org","@graph":[{"@type":"WebPage","@id":"https:\/\/www.belotti.com\/es\/empleo\/practicas-y-pasantias\/","url":"https:\/\/www.belotti.com\/es\/empleo\/practicas-y-pasantias\/","name":"Pr\u00e1cticas y pasant\u00edas - Belotti","isPartOf":{"@id":"https:\/\/www.belotti.com\/es\/#website"},"datePublished":"2020-12-10T09:16:21+00:00","dateModified":"2024-12-09T15:02:59+00:00","description":"Combinar la teor\u00eda con la pr\u00e1ctica, mediante programas de pr\u00e1cticas o pasant\u00edas que acerquen el mundo de la escuela al trabajo. Creemos firmemente en el","breadcrumb":{"@id":"https:\/\/www.belotti.com\/es\/empleo\/practicas-y-pasantias\/#breadcrumb"},"inLanguage":"es","potentialAction":[{"@type":"ReadAction","target":["https:\/\/www.belotti.com\/es\/empleo\/practicas-y-pasantias\/"]}]},{"@type":"BreadcrumbList","@id":"https:\/\/www.belotti.com\/es\/empleo\/practicas-y-pasantias\/#breadcrumb","itemListElement":[{"@type":"ListItem","position":1,"name":"Home","item":"https:\/\/www.belotti.com\/es\/"},{"@type":"ListItem","position":2,"name":"Empleo","item":"https:\/\/www.belotti.com\/en\/careers\/"},{"@type":"ListItem","position":3,"name":"Pr\u00e1cticas y pasant\u00edas"}]},{"@type":"WebSite","@id":"https:\/\/www.belotti.com\/es\/#website","url":"https:\/\/www.belotti.com\/es\/","name":"Belotti Spa","description":"CNC Machining Centers","publisher":{"@id":"https:\/\/www.belotti.com\/es\/#organization"},"potentialAction":[{"@type":"SearchAction","target":{"@type":"EntryPoint","urlTemplate":"https:\/\/www.belotti.com\/es\/?s={search_term_string}"},"query-input":{"@type":"PropertyValueSpecification","valueRequired":true,"valueName":"search_term_string"}}],"inLanguage":"es"},{"@type":"Organization","@id":"https:\/\/www.belotti.com\/es\/#organization","name":"Belotti Spa","url":"https:\/\/www.belotti.com\/es\/","logo":{"@type":"ImageObject","inLanguage":"es","@id":"https:\/\/www.belotti.com\/es\/#\/schema\/logo\/image\/","url":"http:\/\/belotti.com\/wp-content\/uploads\/2023\/04\/logo-Belotti-1.png","contentUrl":"http:\/\/belotti.com\/wp-content\/uploads\/2023\/04\/logo-Belotti-1.png","width":708,"height":225,"caption":"Belotti Spa"},"image":{"@id":"https:\/\/www.belotti.com\/es\/#\/schema\/logo\/image\/"},"sameAs":["https:\/\/www.facebook.com\/Belotti.SPA","https:\/\/x.com\/Belotti__SPA","https:\/\/www.youtube.com\/channel\/UC5q7E8IMymZ-agKfVsPCorw","https:\/\/www.linkedin.com\/company\/belotti-s-p-a-\/?viewAsMember=true","https:\/\/www.instagram.com\/belotti_spa\/"]}]}},"_links":{"self":[{"href":"https:\/\/www.belotti.com\/es\/wp-json\/wp\/v2\/pages\/19809","targetHints":{"allow":["GET"]}}],"collection":[{"href":"https:\/\/www.belotti.com\/es\/wp-json\/wp\/v2\/pages"}],"about":[{"href":"https:\/\/www.belotti.com\/es\/wp-json\/wp\/v2\/types\/page"}],"author":[{"embeddable":true,"href":"https:\/\/www.belotti.com\/es\/wp-json\/wp\/v2\/users\/1"}],"replies":[{"embeddable":true,"href":"https:\/\/www.belotti.com\/es\/wp-json\/wp\/v2\/comments?post=19809"}],"version-history":[{"count":2,"href":"https:\/\/www.belotti.com\/es\/wp-json\/wp\/v2\/pages\/19809\/revisions"}],"predecessor-version":[{"id":19811,"href":"https:\/\/www.belotti.com\/es\/wp-json\/wp\/v2\/pages\/19809\/revisions\/19811"}],"up":[{"embeddable":true,"href":"https:\/\/www.belotti.com\/es\/wp-json\/wp\/v2\/pages\/18818"}],"wp:attachment":[{"href":"https:\/\/www.belotti.com\/es\/wp-json\/wp\/v2\/media?parent=19809"}],"curies":[{"name":"wp","href":"https:\/\/api.w.org\/{rel}","templated":true}]}}