{"id":23085,"date":"2020-12-09T14:54:47","date_gmt":"2020-12-09T13:54:47","guid":{"rendered":"https:\/\/belotti.com\/?page_id=23085"},"modified":"2026-02-05T14:29:25","modified_gmt":"2026-02-05T13:29:25","slug":"belotti-historia","status":"publish","type":"page","link":"https:\/\/www.belotti.com\/es\/empresa\/nuestra-historia\/","title":{"rendered":"Nuestra historia"},"content":{"rendered":"<p>La historia de <strong>Belotti<\/strong> es la historia\u00a0 de una empresa de mec\u00e1nica industrial que se ha desarrollado gracias a una mezcla equilibrada de <strong>competencia e innovaci\u00f3n tecnol\u00f3gica<\/strong> en sinergia con una visi\u00f3n empresarial valiente e ind\u00f3mita.<\/p>\n<p>El tejido industrial del distrito de B\u00e9rgamo fue el motor de las actividades que <strong>Luciano Belotti<\/strong> llev\u00f3 a cabo en el primer taller creado en 1976. A partir de ese momento, el desarrollo industrial y los logros tecnol\u00f3gicos corren en paralelo al crecimiento comercial para llegar directamente a nuestros d\u00edas y determinar la afirmaci\u00f3n de Belotti en el mercado como <strong>protagonista del dise\u00f1o y de la fabricaci\u00f3n de soluciones de control num\u00e9rico<\/strong>.<\/p>\n","protected":false},"excerpt":{"rendered":"<p>La historia de Belotti es la historia\u00a0 de una empresa de mec\u00e1nica industrial que se ha desarrollado gracias&#8230;<\/p>\n","protected":false},"author":1,"featured_media":18832,"parent":18825,"menu_order":0,"comment_status":"closed","ping_status":"closed","template":"page-timeline.php","meta":{"_acf_changed":false,"_monsterinsights_skip_tracking":false,"_monsterinsights_sitenote_active":false,"_monsterinsights_sitenote_note":"","_monsterinsights_sitenote_category":0,"footnotes":""},"class_list":["post-23085","page","type-page","status-publish","has-post-thumbnail","hentry"],"acf":[],"yoast_head":"<!-- This site is optimized with the Yoast SEO plugin v27.2 - https:\/\/yoast.com\/product\/yoast-seo-wordpress\/ -->\n<title>Nuestra historia - Belotti<\/title>\n<meta name=\"description\" content=\"La historia de Belotti es la historia\u00a0 de una empresa de mec\u00e1nica industrial que se ha desarrollado gracias a una mezcla equilibrada de competencia e\" \/>\n<meta name=\"robots\" content=\"index, follow, max-snippet:-1, max-image-preview:large, max-video-preview:-1\" \/>\n<link rel=\"canonical\" href=\"https:\/\/www.belotti.com\/es\/empresa\/nuestra-historia\/\" \/>\n<meta property=\"og:locale\" content=\"es_ES\" \/>\n<meta property=\"og:type\" content=\"article\" \/>\n<meta property=\"og:title\" content=\"Nuestra historia - Belotti\" \/>\n<meta property=\"og:description\" content=\"La historia de Belotti es la historia\u00a0 de una empresa de mec\u00e1nica industrial que se ha desarrollado gracias a una mezcla equilibrada de competencia e\" \/>\n<meta property=\"og:url\" content=\"https:\/\/www.belotti.com\/es\/empresa\/nuestra-historia\/\" \/>\n<meta property=\"og:site_name\" content=\"Belotti\" \/>\n<meta property=\"article:publisher\" content=\"https:\/\/www.facebook.com\/Belotti.SPA\" \/>\n<meta property=\"article:modified_time\" content=\"2026-02-05T13:29:25+00:00\" \/>\n<meta property=\"og:image\" content=\"https:\/\/www.belotti.com\/wp-content\/uploads\/2021\/10\/belotti-storia1.jpg\" \/>\n\t<meta property=\"og:image:width\" content=\"1920\" \/>\n\t<meta property=\"og:image:height\" content=\"679\" \/>\n\t<meta property=\"og:image:type\" content=\"image\/jpeg\" \/>\n<meta name=\"twitter:card\" content=\"summary_large_image\" \/>\n<meta name=\"twitter:site\" content=\"@Belotti__SPA\" \/>\n<meta name=\"twitter:label1\" content=\"Tiempo de lectura\" \/>\n\t<meta name=\"twitter:data1\" content=\"13 minutos\" \/>\n<script type=\"application\/ld+json\" class=\"yoast-schema-graph\">{\"@context\":\"https:\/\/schema.org\",\"@graph\":[{\"@type\":\"WebPage\",\"@id\":\"https:\/\/www.belotti.com\/es\/empresa\/nuestra-historia\/\",\"url\":\"https:\/\/www.belotti.com\/es\/empresa\/nuestra-historia\/\",\"name\":\"Nuestra historia - Belotti\",\"isPartOf\":{\"@id\":\"https:\/\/www.belotti.com\/es\/#website\"},\"primaryImageOfPage\":{\"@id\":\"https:\/\/www.belotti.com\/es\/empresa\/nuestra-historia\/#primaryimage\"},\"image\":{\"@id\":\"https:\/\/www.belotti.com\/es\/empresa\/nuestra-historia\/#primaryimage\"},\"thumbnailUrl\":\"https:\/\/www.belotti.com\/wp-content\/uploads\/2021\/10\/belotti-storia1.jpg\",\"datePublished\":\"2020-12-09T13:54:47+00:00\",\"dateModified\":\"2026-02-05T13:29:25+00:00\",\"description\":\"La historia de Belotti es la historia\u00a0 de una empresa de mec\u00e1nica industrial que se ha desarrollado gracias a una mezcla equilibrada de competencia e\",\"breadcrumb\":{\"@id\":\"https:\/\/www.belotti.com\/es\/empresa\/nuestra-historia\/#breadcrumb\"},\"inLanguage\":\"es\",\"potentialAction\":[{\"@type\":\"ReadAction\",\"target\":[\"https:\/\/www.belotti.com\/es\/empresa\/nuestra-historia\/\"]}]},{\"@type\":\"ImageObject\",\"inLanguage\":\"es\",\"@id\":\"https:\/\/www.belotti.com\/es\/empresa\/nuestra-historia\/#primaryimage\",\"url\":\"https:\/\/www.belotti.com\/wp-content\/uploads\/2021\/10\/belotti-storia1.jpg\",\"contentUrl\":\"https:\/\/www.belotti.com\/wp-content\/uploads\/2021\/10\/belotti-storia1.jpg\",\"width\":1920,\"height\":679},{\"@type\":\"BreadcrumbList\",\"@id\":\"https:\/\/www.belotti.com\/es\/empresa\/nuestra-historia\/#breadcrumb\",\"itemListElement\":[{\"@type\":\"ListItem\",\"position\":1,\"name\":\"Home\",\"item\":\"https:\/\/www.belotti.com\/es\/\"},{\"@type\":\"ListItem\",\"position\":2,\"name\":\"Empresa\",\"item\":\"https:\/\/www.belotti.com\/en\/company\/\"},{\"@type\":\"ListItem\",\"position\":3,\"name\":\"Nuestra historia\"}]},{\"@type\":\"WebSite\",\"@id\":\"https:\/\/www.belotti.com\/es\/#website\",\"url\":\"https:\/\/www.belotti.com\/es\/\",\"name\":\"Belotti Spa\",\"description\":\"CNC Machining Centers\",\"publisher\":{\"@id\":\"https:\/\/www.belotti.com\/es\/#organization\"},\"potentialAction\":[{\"@type\":\"SearchAction\",\"target\":{\"@type\":\"EntryPoint\",\"urlTemplate\":\"https:\/\/www.belotti.com\/es\/?s={search_term_string}\"},\"query-input\":{\"@type\":\"PropertyValueSpecification\",\"valueRequired\":true,\"valueName\":\"search_term_string\"}}],\"inLanguage\":\"es\"},{\"@type\":\"Organization\",\"@id\":\"https:\/\/www.belotti.com\/es\/#organization\",\"name\":\"Belotti Spa\",\"url\":\"https:\/\/www.belotti.com\/es\/\",\"logo\":{\"@type\":\"ImageObject\",\"inLanguage\":\"es\",\"@id\":\"https:\/\/www.belotti.com\/es\/#\/schema\/logo\/image\/\",\"url\":\"http:\/\/belotti.com\/wp-content\/uploads\/2023\/04\/logo-Belotti-1.png\",\"contentUrl\":\"http:\/\/belotti.com\/wp-content\/uploads\/2023\/04\/logo-Belotti-1.png\",\"width\":708,\"height\":225,\"caption\":\"Belotti Spa\"},\"image\":{\"@id\":\"https:\/\/www.belotti.com\/es\/#\/schema\/logo\/image\/\"},\"sameAs\":[\"https:\/\/www.facebook.com\/Belotti.SPA\",\"https:\/\/x.com\/Belotti__SPA\",\"https:\/\/www.youtube.com\/channel\/UC5q7E8IMymZ-agKfVsPCorw\",\"https:\/\/www.linkedin.com\/company\/belotti-s-p-a-\/?viewAsMember=true\",\"https:\/\/www.instagram.com\/belotti_spa\/\"]}]}<\/script>\n<!-- \/ Yoast SEO plugin. -->","yoast_head_json":{"title":"Nuestra historia - Belotti","description":"La historia de Belotti es la historia\u00a0 de una empresa de mec\u00e1nica industrial que se ha desarrollado gracias a una mezcla equilibrada de competencia e","robots":{"index":"index","follow":"follow","max-snippet":"max-snippet:-1","max-image-preview":"max-image-preview:large","max-video-preview":"max-video-preview:-1"},"canonical":"https:\/\/www.belotti.com\/es\/empresa\/nuestra-historia\/","og_locale":"es_ES","og_type":"article","og_title":"Nuestra historia - Belotti","og_description":"La historia de Belotti es la historia\u00a0 de una empresa de mec\u00e1nica industrial que se ha desarrollado gracias a una mezcla equilibrada de competencia e","og_url":"https:\/\/www.belotti.com\/es\/empresa\/nuestra-historia\/","og_site_name":"Belotti","article_publisher":"https:\/\/www.facebook.com\/Belotti.SPA","article_modified_time":"2026-02-05T13:29:25+00:00","og_image":[{"width":1920,"height":679,"url":"https:\/\/www.belotti.com\/wp-content\/uploads\/2021\/10\/belotti-storia1.jpg","type":"image\/jpeg"}],"twitter_card":"summary_large_image","twitter_site":"@Belotti__SPA","twitter_misc":{"Tiempo de lectura":"13 minutos"},"schema":{"@context":"https:\/\/schema.org","@graph":[{"@type":"WebPage","@id":"https:\/\/www.belotti.com\/es\/empresa\/nuestra-historia\/","url":"https:\/\/www.belotti.com\/es\/empresa\/nuestra-historia\/","name":"Nuestra historia - Belotti","isPartOf":{"@id":"https:\/\/www.belotti.com\/es\/#website"},"primaryImageOfPage":{"@id":"https:\/\/www.belotti.com\/es\/empresa\/nuestra-historia\/#primaryimage"},"image":{"@id":"https:\/\/www.belotti.com\/es\/empresa\/nuestra-historia\/#primaryimage"},"thumbnailUrl":"https:\/\/www.belotti.com\/wp-content\/uploads\/2021\/10\/belotti-storia1.jpg","datePublished":"2020-12-09T13:54:47+00:00","dateModified":"2026-02-05T13:29:25+00:00","description":"La historia de Belotti es la historia\u00a0 de una empresa de mec\u00e1nica industrial que se ha desarrollado gracias a una mezcla equilibrada de competencia e","breadcrumb":{"@id":"https:\/\/www.belotti.com\/es\/empresa\/nuestra-historia\/#breadcrumb"},"inLanguage":"es","potentialAction":[{"@type":"ReadAction","target":["https:\/\/www.belotti.com\/es\/empresa\/nuestra-historia\/"]}]},{"@type":"ImageObject","inLanguage":"es","@id":"https:\/\/www.belotti.com\/es\/empresa\/nuestra-historia\/#primaryimage","url":"https:\/\/www.belotti.com\/wp-content\/uploads\/2021\/10\/belotti-storia1.jpg","contentUrl":"https:\/\/www.belotti.com\/wp-content\/uploads\/2021\/10\/belotti-storia1.jpg","width":1920,"height":679},{"@type":"BreadcrumbList","@id":"https:\/\/www.belotti.com\/es\/empresa\/nuestra-historia\/#breadcrumb","itemListElement":[{"@type":"ListItem","position":1,"name":"Home","item":"https:\/\/www.belotti.com\/es\/"},{"@type":"ListItem","position":2,"name":"Empresa","item":"https:\/\/www.belotti.com\/en\/company\/"},{"@type":"ListItem","position":3,"name":"Nuestra historia"}]},{"@type":"WebSite","@id":"https:\/\/www.belotti.com\/es\/#website","url":"https:\/\/www.belotti.com\/es\/","name":"Belotti Spa","description":"CNC Machining Centers","publisher":{"@id":"https:\/\/www.belotti.com\/es\/#organization"},"potentialAction":[{"@type":"SearchAction","target":{"@type":"EntryPoint","urlTemplate":"https:\/\/www.belotti.com\/es\/?s={search_term_string}"},"query-input":{"@type":"PropertyValueSpecification","valueRequired":true,"valueName":"search_term_string"}}],"inLanguage":"es"},{"@type":"Organization","@id":"https:\/\/www.belotti.com\/es\/#organization","name":"Belotti Spa","url":"https:\/\/www.belotti.com\/es\/","logo":{"@type":"ImageObject","inLanguage":"es","@id":"https:\/\/www.belotti.com\/es\/#\/schema\/logo\/image\/","url":"http:\/\/belotti.com\/wp-content\/uploads\/2023\/04\/logo-Belotti-1.png","contentUrl":"http:\/\/belotti.com\/wp-content\/uploads\/2023\/04\/logo-Belotti-1.png","width":708,"height":225,"caption":"Belotti Spa"},"image":{"@id":"https:\/\/www.belotti.com\/es\/#\/schema\/logo\/image\/"},"sameAs":["https:\/\/www.facebook.com\/Belotti.SPA","https:\/\/x.com\/Belotti__SPA","https:\/\/www.youtube.com\/channel\/UC5q7E8IMymZ-agKfVsPCorw","https:\/\/www.linkedin.com\/company\/belotti-s-p-a-\/?viewAsMember=true","https:\/\/www.instagram.com\/belotti_spa\/"]}]}},"_links":{"self":[{"href":"https:\/\/www.belotti.com\/es\/wp-json\/wp\/v2\/pages\/23085","targetHints":{"allow":["GET"]}}],"collection":[{"href":"https:\/\/www.belotti.com\/es\/wp-json\/wp\/v2\/pages"}],"about":[{"href":"https:\/\/www.belotti.com\/es\/wp-json\/wp\/v2\/types\/page"}],"author":[{"embeddable":true,"href":"https:\/\/www.belotti.com\/es\/wp-json\/wp\/v2\/users\/1"}],"replies":[{"embeddable":true,"href":"https:\/\/www.belotti.com\/es\/wp-json\/wp\/v2\/comments?post=23085"}],"version-history":[{"count":11,"href":"https:\/\/www.belotti.com\/es\/wp-json\/wp\/v2\/pages\/23085\/revisions"}],"predecessor-version":[{"id":28386,"href":"https:\/\/www.belotti.com\/es\/wp-json\/wp\/v2\/pages\/23085\/revisions\/28386"}],"up":[{"embeddable":true,"href":"https:\/\/www.belotti.com\/es\/wp-json\/wp\/v2\/pages\/18825"}],"wp:featuredmedia":[{"embeddable":true,"href":"https:\/\/www.belotti.com\/es\/wp-json\/wp\/v2\/media\/18832"}],"wp:attachment":[{"href":"https:\/\/www.belotti.com\/es\/wp-json\/wp\/v2\/media?parent=23085"}],"curies":[{"name":"wp","href":"https:\/\/api.w.org\/{rel}","templated":true}]}}