{"id":21243,"date":"2020-12-09T14:54:15","date_gmt":"2020-12-09T13:54:15","guid":{"rendered":"https:\/\/belotti.com\/azienda\/chi-siamo\/"},"modified":"2026-03-23T11:16:11","modified_gmt":"2026-03-23T10:16:11","slug":"chi-siamo","status":"publish","type":"page","link":"https:\/\/www.belotti.com\/fr\/societe\/qui-sommes-nous\/","title":{"rendered":"Qui sommes-nous"},"content":{"rendered":"<p class=\"big\"><strong>Belotti con\u00e7oit, d\u00e9veloppe et fabrique des <a href=\"https:\/\/www.belotti.com\/fr\/centres-d-usinage-cnc\/\">centres d&rsquo;usinage CNC<\/a> \u00e0 3 et 5 axes et des <a href=\"https:\/\/www.belotti.com\/fr\/technologies-avancees\/systeme-de-decoupe-au-jet-d-eau\/\">syst\u00e8mes de d\u00e9coupe \u00e0 jet d&rsquo;eau<\/a> pour le fraisage et le d\u00e9tourage des mat\u00e9riaux composites, des alliages l\u00e9gers et des plastiques.<\/strong><\/p>\n<p>Depuis plus de 40 ans, les solutions <strong>Belotti<\/strong> ont contribu\u00e9 au succ\u00e8s de ses clients : <strong>fiabilit\u00e9, pr\u00e9cision et haute performance de production<\/strong> sont les valeurs de r\u00e9f\u00e9rence de l&rsquo;offre que <strong>Belotti<\/strong> adresse aux nombreux secteurs d&rsquo;application. <strong>A\u00e9rospatial, Automobile, Ferroviaire, Nautique, Design et D\u00e9coration, Mod\u00e8les et Moules, Emballage<\/strong>, sont parmi les principaux d\u00e9bouch\u00e9s dans lesquels la technologie Belotti est utilis\u00e9e avec succ\u00e8s.<\/p>\n<div style=\"padding: 50px 0;\">\n<h3 style=\"margin-bottom: 50px;\">Certifications<\/h3>\n<div>\n<div class=\"uk-width-1-1\">\n<div class=\"uk-grid uk-grid-small uk-flex uk-flex-middle\">\n<div class=\"uk-width-auto\"><img decoding=\"async\" class=\"ico_pdf\" src=\"https:\/\/www.belotti.com\/wp-content\/uploads\/2022\/06\/icon_pdf.png\" alt=\"\" width=\"21\" height=\"28\" \/><\/div>\n<div class=\"uk-width-expand\">\n<p style=\"text-align: left;\">Belotti S.p.A. est certifi\u00e9e <strong>UNI EN ISO 9001:2015 &#8211; Syst\u00e8me de gestion de la qualit\u00e9<\/strong><\/p>\n<\/div>\n<div class=\"uk-width-auto uk-text-right\"><a style=\"color: #ab192d!important;\" href=\"https:\/\/www.belotti.com\/wp-content\/uploads\/2026\/03\/CERTIFICATO_QS_-_BELOTTI_9001_ENG.pdf\" target=\"_blank\" rel=\"noopener\"><strong style=\"color: #ab192d!important;\">T\u00e9l\u00e9charger le certificat<\/strong><\/a><\/div>\n<\/div>\n<hr style=\"background: #AB192D; height: 1px;\" \/>\n<div class=\"uk-grid uk-grid-small uk-flex uk-flex-middle\">\n<div class=\"uk-width-auto\"><img decoding=\"async\" class=\"ico_pdf\" src=\"https:\/\/www.belotti.com\/wp-content\/uploads\/2022\/06\/icon_pdf.png\" alt=\"\" width=\"21\" height=\"28\" \/><\/div>\n<div class=\"uk-width-expand\">\n<p style=\"text-align: left;\">Belotti S.p.A. est certifi\u00e9e <strong>UNI EN ISO 14001:2015 &#8211; Syst\u00e8me de Management Environnemental<\/strong> (SME)<\/p>\n<\/div>\n<div class=\"uk-width-auto uk-text-right\"><a style=\"color: #ab192d!important;\" href=\"https:\/\/www.belotti.com\/wp-content\/uploads\/2026\/01\/Belotti-SpA-ISO-14001-certificate.pdf\" target=\"_blank\" rel=\"noopener\"><strong style=\"color: #ab192d!important;\">T\u00e9l\u00e9charger le certificat<\/strong><\/a><\/div>\n<\/div>\n<hr style=\"background: #AB192D; height: 1px;\" \/>\n<div class=\"uk-grid uk-grid-small uk-flex uk-flex-middle\">\n<div class=\"uk-width-auto\"><img decoding=\"async\" class=\"ico_pdf\" src=\"https:\/\/www.belotti.com\/wp-content\/uploads\/2022\/06\/icon_pdf.png\" alt=\"\" width=\"21\" height=\"28\" \/><\/div>\n<div class=\"uk-width-expand\">\n<p style=\"text-align: left;\">Belotti S.p.A. est certifi\u00e9e <strong>UNI EN ISO 45001:2018 &#8211; Syst\u00e8me de Gestion de la Sant\u00e9 et S\u00e9curit\u00e9 au Travail <\/strong> (SGSST)<\/p>\n<\/div>\n<div class=\"uk-width-auto uk-text-right\"><a style=\"color: #ab192d!important;\" href=\"https:\/\/www.belotti.com\/wp-content\/uploads\/2026\/01\/Belotti-SpA-ISO-45001-certificate.pdf\" target=\"_blank\" rel=\"noopener\"><strong style=\"color: #ab192d!important;\">T\u00e9l\u00e9charger le certificat<\/strong><\/a><\/div>\n<\/div>\n<hr style=\"background: #AB192D; height: 1px;\" \/>\n<div class=\"uk-grid uk-grid-small uk-flex uk-flex-middle\">\n<div class=\"uk-width-auto\"><img decoding=\"async\" class=\"ico_pdf\" src=\"https:\/\/www.belotti.com\/wp-content\/uploads\/2022\/06\/icon_pdf.png\" alt=\"\" width=\"21\" height=\"28\" \/><\/div>\n<div class=\"uk-width-expand\">\n<p style=\"text-align: left;\">Belotti S.p.A. a obtenu le certificat de <strong>fiabilit\u00e9 maximale<\/strong> d\u00e9livr\u00e9 par <strong>CRIBIS D&amp;B.<\/strong><\/p>\n<\/div>\n<div class=\"uk-width-auto uk-text-right\"><a style=\"color: #ab192d!important;\" href=\"https:\/\/www.belotti.com\/wp-content\/uploads\/2023\/09\/Cribis-certificate-Belotti-Prime-company-for-commercial-reliability-2023-IT.pdf\" target=\"_blank\" rel=\"noopener\"><strong style=\"color: #ab192d!important;\">T\u00e9l\u00e9charger le certificat<\/strong><\/a><\/div>\n<\/div>\n<hr style=\"background: #AB192D; height: 1px;\" \/>\n<\/div>\n<\/div>\n<\/div>\n","protected":false},"excerpt":{"rendered":"<p>Belotti con\u00e7oit, d\u00e9veloppe et fabrique des centres d&rsquo;usinage CNC \u00e0 3 et 5 axes et des syst\u00e8mes de&#8230;<\/p>\n","protected":false},"author":1,"featured_media":21245,"parent":21241,"menu_order":0,"comment_status":"closed","ping_status":"closed","template":"page-chisiamo.php","meta":{"_acf_changed":false,"_monsterinsights_skip_tracking":false,"_monsterinsights_sitenote_active":false,"_monsterinsights_sitenote_note":"","_monsterinsights_sitenote_category":0,"footnotes":""},"class_list":["post-21243","page","type-page","status-publish","has-post-thumbnail","hentry"],"acf":[],"yoast_head":"<!-- This site is optimized with the Yoast SEO plugin v27.2 - https:\/\/yoast.com\/product\/yoast-seo-wordpress\/ -->\n<title>Qui sommes-nous - Belotti<\/title>\n<meta name=\"description\" content=\"Affidabilit\u00e0, precisione e performance: scegli i centri di lavoro cnc di Belotti per la tua massima produttivit\u00e0.\" \/>\n<meta name=\"robots\" content=\"index, follow, max-snippet:-1, max-image-preview:large, max-video-preview:-1\" \/>\n<link rel=\"canonical\" href=\"https:\/\/www.belotti.com\/fr\/societe\/qui-sommes-nous\/\" \/>\n<meta property=\"og:locale\" content=\"fr_FR\" \/>\n<meta property=\"og:type\" content=\"article\" \/>\n<meta property=\"og:title\" content=\"Qui sommes-nous - Belotti\" \/>\n<meta property=\"og:description\" content=\"Affidabilit\u00e0, precisione e performance: scegli i centri di lavoro cnc di Belotti per la tua massima produttivit\u00e0.\" \/>\n<meta property=\"og:url\" content=\"https:\/\/www.belotti.com\/fr\/societe\/qui-sommes-nous\/\" \/>\n<meta property=\"og:site_name\" content=\"Belotti\" \/>\n<meta property=\"article:publisher\" content=\"https:\/\/www.facebook.com\/Belotti.SPA\" \/>\n<meta property=\"article:modified_time\" content=\"2026-03-23T10:16:11+00:00\" \/>\n<meta property=\"og:image\" content=\"https:\/\/www.belotti.com\/wp-content\/uploads\/2021\/10\/belotti-azienda1.jpg\" \/>\n\t<meta property=\"og:image:width\" content=\"1920\" \/>\n\t<meta property=\"og:image:height\" content=\"679\" \/>\n\t<meta property=\"og:image:type\" content=\"image\/jpeg\" \/>\n<meta name=\"twitter:card\" content=\"summary_large_image\" \/>\n<meta name=\"twitter:site\" content=\"@Belotti__SPA\" \/>\n<meta name=\"twitter:label1\" content=\"Dur\u00e9e de lecture estim\u00e9e\" \/>\n\t<meta name=\"twitter:data1\" content=\"4 minutes\" \/>\n<script type=\"application\/ld+json\" class=\"yoast-schema-graph\">{\"@context\":\"https:\/\/schema.org\",\"@graph\":[{\"@type\":\"WebPage\",\"@id\":\"https:\/\/www.belotti.com\/fr\/societe\/qui-sommes-nous\/\",\"url\":\"https:\/\/www.belotti.com\/fr\/societe\/qui-sommes-nous\/\",\"name\":\"Qui sommes-nous - Belotti\",\"isPartOf\":{\"@id\":\"https:\/\/www.belotti.com\/fr\/#website\"},\"primaryImageOfPage\":{\"@id\":\"https:\/\/www.belotti.com\/fr\/societe\/qui-sommes-nous\/#primaryimage\"},\"image\":{\"@id\":\"https:\/\/www.belotti.com\/fr\/societe\/qui-sommes-nous\/#primaryimage\"},\"thumbnailUrl\":\"https:\/\/www.belotti.com\/wp-content\/uploads\/2021\/10\/belotti-azienda1.jpg\",\"datePublished\":\"2020-12-09T13:54:15+00:00\",\"dateModified\":\"2026-03-23T10:16:11+00:00\",\"description\":\"Affidabilit\u00e0, precisione e performance: scegli i centri di lavoro cnc di Belotti per la tua massima produttivit\u00e0.\",\"breadcrumb\":{\"@id\":\"https:\/\/www.belotti.com\/fr\/societe\/qui-sommes-nous\/#breadcrumb\"},\"inLanguage\":\"fr-FR\",\"potentialAction\":[{\"@type\":\"ReadAction\",\"target\":[\"https:\/\/www.belotti.com\/fr\/societe\/qui-sommes-nous\/\"]}]},{\"@type\":\"ImageObject\",\"inLanguage\":\"fr-FR\",\"@id\":\"https:\/\/www.belotti.com\/fr\/societe\/qui-sommes-nous\/#primaryimage\",\"url\":\"https:\/\/www.belotti.com\/wp-content\/uploads\/2021\/10\/belotti-azienda1.jpg\",\"contentUrl\":\"https:\/\/www.belotti.com\/wp-content\/uploads\/2021\/10\/belotti-azienda1.jpg\",\"width\":1920,\"height\":679},{\"@type\":\"BreadcrumbList\",\"@id\":\"https:\/\/www.belotti.com\/fr\/societe\/qui-sommes-nous\/#breadcrumb\",\"itemListElement\":[{\"@type\":\"ListItem\",\"position\":1,\"name\":\"Home\",\"item\":\"https:\/\/www.belotti.com\/fr\/\"},{\"@type\":\"ListItem\",\"position\":2,\"name\":\"Soci\u00e9t\u00e9\",\"item\":\"https:\/\/www.belotti.com\/fr\/azienda\/\"},{\"@type\":\"ListItem\",\"position\":3,\"name\":\"Qui sommes-nous\"}]},{\"@type\":\"WebSite\",\"@id\":\"https:\/\/www.belotti.com\/fr\/#website\",\"url\":\"https:\/\/www.belotti.com\/fr\/\",\"name\":\"Belotti Spa\",\"description\":\"CNC Machining Centers\",\"publisher\":{\"@id\":\"https:\/\/www.belotti.com\/fr\/#organization\"},\"potentialAction\":[{\"@type\":\"SearchAction\",\"target\":{\"@type\":\"EntryPoint\",\"urlTemplate\":\"https:\/\/www.belotti.com\/fr\/?s={search_term_string}\"},\"query-input\":{\"@type\":\"PropertyValueSpecification\",\"valueRequired\":true,\"valueName\":\"search_term_string\"}}],\"inLanguage\":\"fr-FR\"},{\"@type\":\"Organization\",\"@id\":\"https:\/\/www.belotti.com\/fr\/#organization\",\"name\":\"Belotti Spa\",\"url\":\"https:\/\/www.belotti.com\/fr\/\",\"logo\":{\"@type\":\"ImageObject\",\"inLanguage\":\"fr-FR\",\"@id\":\"https:\/\/www.belotti.com\/fr\/#\/schema\/logo\/image\/\",\"url\":\"http:\/\/belotti.com\/wp-content\/uploads\/2023\/04\/logo-Belotti-1.png\",\"contentUrl\":\"http:\/\/belotti.com\/wp-content\/uploads\/2023\/04\/logo-Belotti-1.png\",\"width\":708,\"height\":225,\"caption\":\"Belotti Spa\"},\"image\":{\"@id\":\"https:\/\/www.belotti.com\/fr\/#\/schema\/logo\/image\/\"},\"sameAs\":[\"https:\/\/www.facebook.com\/Belotti.SPA\",\"https:\/\/x.com\/Belotti__SPA\",\"https:\/\/www.youtube.com\/channel\/UC5q7E8IMymZ-agKfVsPCorw\",\"https:\/\/www.linkedin.com\/company\/belotti-s-p-a-\/?viewAsMember=true\",\"https:\/\/www.instagram.com\/belotti_spa\/\"]}]}<\/script>\n<!-- \/ Yoast SEO plugin. -->","yoast_head_json":{"title":"Qui sommes-nous - Belotti","description":"Affidabilit\u00e0, precisione e performance: scegli i centri di lavoro cnc di Belotti per la tua massima produttivit\u00e0.","robots":{"index":"index","follow":"follow","max-snippet":"max-snippet:-1","max-image-preview":"max-image-preview:large","max-video-preview":"max-video-preview:-1"},"canonical":"https:\/\/www.belotti.com\/fr\/societe\/qui-sommes-nous\/","og_locale":"fr_FR","og_type":"article","og_title":"Qui sommes-nous - Belotti","og_description":"Affidabilit\u00e0, precisione e performance: scegli i centri di lavoro cnc di Belotti per la tua massima produttivit\u00e0.","og_url":"https:\/\/www.belotti.com\/fr\/societe\/qui-sommes-nous\/","og_site_name":"Belotti","article_publisher":"https:\/\/www.facebook.com\/Belotti.SPA","article_modified_time":"2026-03-23T10:16:11+00:00","og_image":[{"width":1920,"height":679,"url":"https:\/\/www.belotti.com\/wp-content\/uploads\/2021\/10\/belotti-azienda1.jpg","type":"image\/jpeg"}],"twitter_card":"summary_large_image","twitter_site":"@Belotti__SPA","twitter_misc":{"Dur\u00e9e de lecture estim\u00e9e":"4 minutes"},"schema":{"@context":"https:\/\/schema.org","@graph":[{"@type":"WebPage","@id":"https:\/\/www.belotti.com\/fr\/societe\/qui-sommes-nous\/","url":"https:\/\/www.belotti.com\/fr\/societe\/qui-sommes-nous\/","name":"Qui sommes-nous - Belotti","isPartOf":{"@id":"https:\/\/www.belotti.com\/fr\/#website"},"primaryImageOfPage":{"@id":"https:\/\/www.belotti.com\/fr\/societe\/qui-sommes-nous\/#primaryimage"},"image":{"@id":"https:\/\/www.belotti.com\/fr\/societe\/qui-sommes-nous\/#primaryimage"},"thumbnailUrl":"https:\/\/www.belotti.com\/wp-content\/uploads\/2021\/10\/belotti-azienda1.jpg","datePublished":"2020-12-09T13:54:15+00:00","dateModified":"2026-03-23T10:16:11+00:00","description":"Affidabilit\u00e0, precisione e performance: scegli i centri di lavoro cnc di Belotti per la tua massima produttivit\u00e0.","breadcrumb":{"@id":"https:\/\/www.belotti.com\/fr\/societe\/qui-sommes-nous\/#breadcrumb"},"inLanguage":"fr-FR","potentialAction":[{"@type":"ReadAction","target":["https:\/\/www.belotti.com\/fr\/societe\/qui-sommes-nous\/"]}]},{"@type":"ImageObject","inLanguage":"fr-FR","@id":"https:\/\/www.belotti.com\/fr\/societe\/qui-sommes-nous\/#primaryimage","url":"https:\/\/www.belotti.com\/wp-content\/uploads\/2021\/10\/belotti-azienda1.jpg","contentUrl":"https:\/\/www.belotti.com\/wp-content\/uploads\/2021\/10\/belotti-azienda1.jpg","width":1920,"height":679},{"@type":"BreadcrumbList","@id":"https:\/\/www.belotti.com\/fr\/societe\/qui-sommes-nous\/#breadcrumb","itemListElement":[{"@type":"ListItem","position":1,"name":"Home","item":"https:\/\/www.belotti.com\/fr\/"},{"@type":"ListItem","position":2,"name":"Soci\u00e9t\u00e9","item":"https:\/\/www.belotti.com\/fr\/azienda\/"},{"@type":"ListItem","position":3,"name":"Qui sommes-nous"}]},{"@type":"WebSite","@id":"https:\/\/www.belotti.com\/fr\/#website","url":"https:\/\/www.belotti.com\/fr\/","name":"Belotti Spa","description":"CNC Machining Centers","publisher":{"@id":"https:\/\/www.belotti.com\/fr\/#organization"},"potentialAction":[{"@type":"SearchAction","target":{"@type":"EntryPoint","urlTemplate":"https:\/\/www.belotti.com\/fr\/?s={search_term_string}"},"query-input":{"@type":"PropertyValueSpecification","valueRequired":true,"valueName":"search_term_string"}}],"inLanguage":"fr-FR"},{"@type":"Organization","@id":"https:\/\/www.belotti.com\/fr\/#organization","name":"Belotti Spa","url":"https:\/\/www.belotti.com\/fr\/","logo":{"@type":"ImageObject","inLanguage":"fr-FR","@id":"https:\/\/www.belotti.com\/fr\/#\/schema\/logo\/image\/","url":"http:\/\/belotti.com\/wp-content\/uploads\/2023\/04\/logo-Belotti-1.png","contentUrl":"http:\/\/belotti.com\/wp-content\/uploads\/2023\/04\/logo-Belotti-1.png","width":708,"height":225,"caption":"Belotti Spa"},"image":{"@id":"https:\/\/www.belotti.com\/fr\/#\/schema\/logo\/image\/"},"sameAs":["https:\/\/www.facebook.com\/Belotti.SPA","https:\/\/x.com\/Belotti__SPA","https:\/\/www.youtube.com\/channel\/UC5q7E8IMymZ-agKfVsPCorw","https:\/\/www.linkedin.com\/company\/belotti-s-p-a-\/?viewAsMember=true","https:\/\/www.instagram.com\/belotti_spa\/"]}]}},"_links":{"self":[{"href":"https:\/\/www.belotti.com\/fr\/wp-json\/wp\/v2\/pages\/21243","targetHints":{"allow":["GET"]}}],"collection":[{"href":"https:\/\/www.belotti.com\/fr\/wp-json\/wp\/v2\/pages"}],"about":[{"href":"https:\/\/www.belotti.com\/fr\/wp-json\/wp\/v2\/types\/page"}],"author":[{"embeddable":true,"href":"https:\/\/www.belotti.com\/fr\/wp-json\/wp\/v2\/users\/1"}],"replies":[{"embeddable":true,"href":"https:\/\/www.belotti.com\/fr\/wp-json\/wp\/v2\/comments?post=21243"}],"version-history":[{"count":21,"href":"https:\/\/www.belotti.com\/fr\/wp-json\/wp\/v2\/pages\/21243\/revisions"}],"predecessor-version":[{"id":28684,"href":"https:\/\/www.belotti.com\/fr\/wp-json\/wp\/v2\/pages\/21243\/revisions\/28684"}],"up":[{"embeddable":true,"href":"https:\/\/www.belotti.com\/fr\/wp-json\/wp\/v2\/pages\/21241"}],"wp:featuredmedia":[{"embeddable":true,"href":"https:\/\/www.belotti.com\/fr\/wp-json\/wp\/v2\/media\/21245"}],"wp:attachment":[{"href":"https:\/\/www.belotti.com\/fr\/wp-json\/wp\/v2\/media?parent=21243"}],"curies":[{"name":"wp","href":"https:\/\/api.w.org\/{rel}","templated":true}]}}