{"id":21416,"date":"2020-12-09T14:54:48","date_gmt":"2020-12-09T13:54:48","guid":{"rendered":"https:\/\/belotti.com\/azienda\/our-purpose\/"},"modified":"2025-03-17T12:22:41","modified_gmt":"2025-03-17T11:22:41","slug":"our-purpose","status":"publish","type":"page","link":"https:\/\/www.belotti.com\/fr\/societe\/notre-mission\/","title":{"rendered":"Notre mission"},"content":{"rendered":"<p>\u00catre flexible et r\u00e9sistant, comme les mat\u00e9riaux que nous usinons, pour agir avec succ\u00e8s dans le pr\u00e9sent, tout en imaginant l&rsquo;avenir.<br \/>\nL&rsquo;analyse des tendances des diff\u00e9rents march\u00e9s contribue \u00e0 d\u00e9velopper notre capacit\u00e9 \u00e0 pr\u00e9voir les changements dans le d\u00e9tail et \u00e0 les anticiper. C&rsquo;est l&#8217;empreinte inscrite dans notre ADN, un \u00e9l\u00e9ment d\u00e9terminant pour g\u00e9n\u00e9rer les prestigieuses r\u00e9alisations de l&rsquo;entreprise \u00e0 travers le monde.<\/p>\n<p>La force motrice qui nous a pouss\u00e9s vers la r\u00e9alisation de ces objectifs est la recherche d&rsquo;une qualit\u00e9 sans compromis, d\u00e9clin\u00e9e dans le produit et dans le service. Cette ligne directrice nous guide dans nos relations avec les clients jusqu&rsquo;\u00e0 la satisfaction totale et absolue.<\/p>\n<div class=\"uk-text-center\">\n<a class=\"uk-button button-red\" href=\"https:\/\/www.belotti.com\/wp-content\/uploads\/2021\/09\/Codice-etico-Belotti-SpA-rev03-2021-ITA.pdf\" rel=\"noopener\" target=\"_blank\">T\u00e9l\u00e9charger le code d&rsquo;\u00e9thique<\/a>\n<\/div>\n","protected":false},"excerpt":{"rendered":"<p>\u00catre flexible et r\u00e9sistant, comme les mat\u00e9riaux que nous usinons, pour agir avec succ\u00e8s dans le pr\u00e9sent, tout&#8230;<\/p>\n","protected":false},"author":1,"featured_media":21417,"parent":21241,"menu_order":0,"comment_status":"closed","ping_status":"closed","template":"page-ourpurpose.php","meta":{"_acf_changed":false,"_monsterinsights_skip_tracking":false,"_monsterinsights_sitenote_active":false,"_monsterinsights_sitenote_note":"","_monsterinsights_sitenote_category":0,"footnotes":""},"class_list":["post-21416","page","type-page","status-publish","has-post-thumbnail","hentry"],"acf":[],"yoast_head":"<!-- This site is optimized with the Yoast SEO plugin v27.2 - https:\/\/yoast.com\/product\/yoast-seo-wordpress\/ -->\n<title>Notre mission - Belotti<\/title>\n<meta name=\"description\" content=\"\u00catre flexible et r\u00e9sistant, comme les mat\u00e9riaux que nous usinons, pour agir avec succ\u00e8s dans le pr\u00e9sent, tout en imaginant l&#039;avenir. L&#039;analyse des\" \/>\n<meta name=\"robots\" content=\"index, follow, max-snippet:-1, max-image-preview:large, max-video-preview:-1\" \/>\n<link rel=\"canonical\" href=\"https:\/\/www.belotti.com\/fr\/societe\/notre-mission\/\" \/>\n<meta property=\"og:locale\" content=\"fr_FR\" \/>\n<meta property=\"og:type\" content=\"article\" \/>\n<meta property=\"og:title\" content=\"Notre mission - Belotti\" \/>\n<meta property=\"og:description\" content=\"\u00catre flexible et r\u00e9sistant, comme les mat\u00e9riaux que nous usinons, pour agir avec succ\u00e8s dans le pr\u00e9sent, tout en imaginant l&#039;avenir. L&#039;analyse des\" \/>\n<meta property=\"og:url\" content=\"https:\/\/www.belotti.com\/fr\/societe\/notre-mission\/\" \/>\n<meta property=\"og:site_name\" content=\"Belotti\" \/>\n<meta property=\"article:publisher\" content=\"https:\/\/www.facebook.com\/Belotti.SPA\" \/>\n<meta property=\"article:modified_time\" content=\"2025-03-17T11:22:41+00:00\" \/>\n<meta property=\"og:image\" content=\"https:\/\/www.belotti.com\/wp-content\/uploads\/2021\/10\/belotti-our-purpose-1.jpg\" \/>\n\t<meta property=\"og:image:width\" content=\"1920\" \/>\n\t<meta property=\"og:image:height\" content=\"679\" \/>\n\t<meta property=\"og:image:type\" content=\"image\/jpeg\" \/>\n<meta name=\"twitter:card\" content=\"summary_large_image\" \/>\n<meta name=\"twitter:site\" content=\"@Belotti__SPA\" \/>\n<meta name=\"twitter:label1\" content=\"Dur\u00e9e de lecture estim\u00e9e\" \/>\n\t<meta name=\"twitter:data1\" content=\"2 minutes\" \/>\n<script type=\"application\/ld+json\" class=\"yoast-schema-graph\">{\"@context\":\"https:\/\/schema.org\",\"@graph\":[{\"@type\":\"WebPage\",\"@id\":\"https:\/\/www.belotti.com\/fr\/societe\/notre-mission\/\",\"url\":\"https:\/\/www.belotti.com\/fr\/societe\/notre-mission\/\",\"name\":\"Notre mission - Belotti\",\"isPartOf\":{\"@id\":\"https:\/\/www.belotti.com\/fr\/#website\"},\"primaryImageOfPage\":{\"@id\":\"https:\/\/www.belotti.com\/fr\/societe\/notre-mission\/#primaryimage\"},\"image\":{\"@id\":\"https:\/\/www.belotti.com\/fr\/societe\/notre-mission\/#primaryimage\"},\"thumbnailUrl\":\"https:\/\/www.belotti.com\/wp-content\/uploads\/2021\/10\/belotti-our-purpose-1.jpg\",\"datePublished\":\"2020-12-09T13:54:48+00:00\",\"dateModified\":\"2025-03-17T11:22:41+00:00\",\"description\":\"\u00catre flexible et r\u00e9sistant, comme les mat\u00e9riaux que nous usinons, pour agir avec succ\u00e8s dans le pr\u00e9sent, tout en imaginant l'avenir. L'analyse des\",\"breadcrumb\":{\"@id\":\"https:\/\/www.belotti.com\/fr\/societe\/notre-mission\/#breadcrumb\"},\"inLanguage\":\"fr-FR\",\"potentialAction\":[{\"@type\":\"ReadAction\",\"target\":[\"https:\/\/www.belotti.com\/fr\/societe\/notre-mission\/\"]}]},{\"@type\":\"ImageObject\",\"inLanguage\":\"fr-FR\",\"@id\":\"https:\/\/www.belotti.com\/fr\/societe\/notre-mission\/#primaryimage\",\"url\":\"https:\/\/www.belotti.com\/wp-content\/uploads\/2021\/10\/belotti-our-purpose-1.jpg\",\"contentUrl\":\"https:\/\/www.belotti.com\/wp-content\/uploads\/2021\/10\/belotti-our-purpose-1.jpg\",\"width\":1920,\"height\":679},{\"@type\":\"BreadcrumbList\",\"@id\":\"https:\/\/www.belotti.com\/fr\/societe\/notre-mission\/#breadcrumb\",\"itemListElement\":[{\"@type\":\"ListItem\",\"position\":1,\"name\":\"Home\",\"item\":\"https:\/\/www.belotti.com\/fr\/\"},{\"@type\":\"ListItem\",\"position\":2,\"name\":\"Soci\u00e9t\u00e9\",\"item\":\"https:\/\/www.belotti.com\/fr\/azienda\/\"},{\"@type\":\"ListItem\",\"position\":3,\"name\":\"Notre mission\"}]},{\"@type\":\"WebSite\",\"@id\":\"https:\/\/www.belotti.com\/fr\/#website\",\"url\":\"https:\/\/www.belotti.com\/fr\/\",\"name\":\"Belotti Spa\",\"description\":\"CNC Machining Centers\",\"publisher\":{\"@id\":\"https:\/\/www.belotti.com\/fr\/#organization\"},\"potentialAction\":[{\"@type\":\"SearchAction\",\"target\":{\"@type\":\"EntryPoint\",\"urlTemplate\":\"https:\/\/www.belotti.com\/fr\/?s={search_term_string}\"},\"query-input\":{\"@type\":\"PropertyValueSpecification\",\"valueRequired\":true,\"valueName\":\"search_term_string\"}}],\"inLanguage\":\"fr-FR\"},{\"@type\":\"Organization\",\"@id\":\"https:\/\/www.belotti.com\/fr\/#organization\",\"name\":\"Belotti Spa\",\"url\":\"https:\/\/www.belotti.com\/fr\/\",\"logo\":{\"@type\":\"ImageObject\",\"inLanguage\":\"fr-FR\",\"@id\":\"https:\/\/www.belotti.com\/fr\/#\/schema\/logo\/image\/\",\"url\":\"http:\/\/belotti.com\/wp-content\/uploads\/2023\/04\/logo-Belotti-1.png\",\"contentUrl\":\"http:\/\/belotti.com\/wp-content\/uploads\/2023\/04\/logo-Belotti-1.png\",\"width\":708,\"height\":225,\"caption\":\"Belotti Spa\"},\"image\":{\"@id\":\"https:\/\/www.belotti.com\/fr\/#\/schema\/logo\/image\/\"},\"sameAs\":[\"https:\/\/www.facebook.com\/Belotti.SPA\",\"https:\/\/x.com\/Belotti__SPA\",\"https:\/\/www.youtube.com\/channel\/UC5q7E8IMymZ-agKfVsPCorw\",\"https:\/\/www.linkedin.com\/company\/belotti-s-p-a-\/?viewAsMember=true\",\"https:\/\/www.instagram.com\/belotti_spa\/\"]}]}<\/script>\n<!-- \/ Yoast SEO plugin. -->","yoast_head_json":{"title":"Notre mission - Belotti","description":"\u00catre flexible et r\u00e9sistant, comme les mat\u00e9riaux que nous usinons, pour agir avec succ\u00e8s dans le pr\u00e9sent, tout en imaginant l'avenir. L'analyse des","robots":{"index":"index","follow":"follow","max-snippet":"max-snippet:-1","max-image-preview":"max-image-preview:large","max-video-preview":"max-video-preview:-1"},"canonical":"https:\/\/www.belotti.com\/fr\/societe\/notre-mission\/","og_locale":"fr_FR","og_type":"article","og_title":"Notre mission - Belotti","og_description":"\u00catre flexible et r\u00e9sistant, comme les mat\u00e9riaux que nous usinons, pour agir avec succ\u00e8s dans le pr\u00e9sent, tout en imaginant l'avenir. L'analyse des","og_url":"https:\/\/www.belotti.com\/fr\/societe\/notre-mission\/","og_site_name":"Belotti","article_publisher":"https:\/\/www.facebook.com\/Belotti.SPA","article_modified_time":"2025-03-17T11:22:41+00:00","og_image":[{"width":1920,"height":679,"url":"https:\/\/www.belotti.com\/wp-content\/uploads\/2021\/10\/belotti-our-purpose-1.jpg","type":"image\/jpeg"}],"twitter_card":"summary_large_image","twitter_site":"@Belotti__SPA","twitter_misc":{"Dur\u00e9e de lecture estim\u00e9e":"2 minutes"},"schema":{"@context":"https:\/\/schema.org","@graph":[{"@type":"WebPage","@id":"https:\/\/www.belotti.com\/fr\/societe\/notre-mission\/","url":"https:\/\/www.belotti.com\/fr\/societe\/notre-mission\/","name":"Notre mission - Belotti","isPartOf":{"@id":"https:\/\/www.belotti.com\/fr\/#website"},"primaryImageOfPage":{"@id":"https:\/\/www.belotti.com\/fr\/societe\/notre-mission\/#primaryimage"},"image":{"@id":"https:\/\/www.belotti.com\/fr\/societe\/notre-mission\/#primaryimage"},"thumbnailUrl":"https:\/\/www.belotti.com\/wp-content\/uploads\/2021\/10\/belotti-our-purpose-1.jpg","datePublished":"2020-12-09T13:54:48+00:00","dateModified":"2025-03-17T11:22:41+00:00","description":"\u00catre flexible et r\u00e9sistant, comme les mat\u00e9riaux que nous usinons, pour agir avec succ\u00e8s dans le pr\u00e9sent, tout en imaginant l'avenir. L'analyse des","breadcrumb":{"@id":"https:\/\/www.belotti.com\/fr\/societe\/notre-mission\/#breadcrumb"},"inLanguage":"fr-FR","potentialAction":[{"@type":"ReadAction","target":["https:\/\/www.belotti.com\/fr\/societe\/notre-mission\/"]}]},{"@type":"ImageObject","inLanguage":"fr-FR","@id":"https:\/\/www.belotti.com\/fr\/societe\/notre-mission\/#primaryimage","url":"https:\/\/www.belotti.com\/wp-content\/uploads\/2021\/10\/belotti-our-purpose-1.jpg","contentUrl":"https:\/\/www.belotti.com\/wp-content\/uploads\/2021\/10\/belotti-our-purpose-1.jpg","width":1920,"height":679},{"@type":"BreadcrumbList","@id":"https:\/\/www.belotti.com\/fr\/societe\/notre-mission\/#breadcrumb","itemListElement":[{"@type":"ListItem","position":1,"name":"Home","item":"https:\/\/www.belotti.com\/fr\/"},{"@type":"ListItem","position":2,"name":"Soci\u00e9t\u00e9","item":"https:\/\/www.belotti.com\/fr\/azienda\/"},{"@type":"ListItem","position":3,"name":"Notre mission"}]},{"@type":"WebSite","@id":"https:\/\/www.belotti.com\/fr\/#website","url":"https:\/\/www.belotti.com\/fr\/","name":"Belotti Spa","description":"CNC Machining Centers","publisher":{"@id":"https:\/\/www.belotti.com\/fr\/#organization"},"potentialAction":[{"@type":"SearchAction","target":{"@type":"EntryPoint","urlTemplate":"https:\/\/www.belotti.com\/fr\/?s={search_term_string}"},"query-input":{"@type":"PropertyValueSpecification","valueRequired":true,"valueName":"search_term_string"}}],"inLanguage":"fr-FR"},{"@type":"Organization","@id":"https:\/\/www.belotti.com\/fr\/#organization","name":"Belotti Spa","url":"https:\/\/www.belotti.com\/fr\/","logo":{"@type":"ImageObject","inLanguage":"fr-FR","@id":"https:\/\/www.belotti.com\/fr\/#\/schema\/logo\/image\/","url":"http:\/\/belotti.com\/wp-content\/uploads\/2023\/04\/logo-Belotti-1.png","contentUrl":"http:\/\/belotti.com\/wp-content\/uploads\/2023\/04\/logo-Belotti-1.png","width":708,"height":225,"caption":"Belotti Spa"},"image":{"@id":"https:\/\/www.belotti.com\/fr\/#\/schema\/logo\/image\/"},"sameAs":["https:\/\/www.facebook.com\/Belotti.SPA","https:\/\/x.com\/Belotti__SPA","https:\/\/www.youtube.com\/channel\/UC5q7E8IMymZ-agKfVsPCorw","https:\/\/www.linkedin.com\/company\/belotti-s-p-a-\/?viewAsMember=true","https:\/\/www.instagram.com\/belotti_spa\/"]}]}},"_links":{"self":[{"href":"https:\/\/www.belotti.com\/fr\/wp-json\/wp\/v2\/pages\/21416","targetHints":{"allow":["GET"]}}],"collection":[{"href":"https:\/\/www.belotti.com\/fr\/wp-json\/wp\/v2\/pages"}],"about":[{"href":"https:\/\/www.belotti.com\/fr\/wp-json\/wp\/v2\/types\/page"}],"author":[{"embeddable":true,"href":"https:\/\/www.belotti.com\/fr\/wp-json\/wp\/v2\/users\/1"}],"replies":[{"embeddable":true,"href":"https:\/\/www.belotti.com\/fr\/wp-json\/wp\/v2\/comments?post=21416"}],"version-history":[{"count":5,"href":"https:\/\/www.belotti.com\/fr\/wp-json\/wp\/v2\/pages\/21416\/revisions"}],"predecessor-version":[{"id":24001,"href":"https:\/\/www.belotti.com\/fr\/wp-json\/wp\/v2\/pages\/21416\/revisions\/24001"}],"up":[{"embeddable":true,"href":"https:\/\/www.belotti.com\/fr\/wp-json\/wp\/v2\/pages\/21241"}],"wp:featuredmedia":[{"embeddable":true,"href":"https:\/\/www.belotti.com\/fr\/wp-json\/wp\/v2\/media\/21417"}],"wp:attachment":[{"href":"https:\/\/www.belotti.com\/fr\/wp-json\/wp\/v2\/media?parent=21416"}],"curies":[{"name":"wp","href":"https:\/\/api.w.org\/{rel}","templated":true}]}}