{"id":21462,"date":"2020-12-09T14:55:00","date_gmt":"2020-12-09T13:55:00","guid":{"rendered":"https:\/\/belotti.com\/azienda\/our-team\/"},"modified":"2025-03-17T12:25:08","modified_gmt":"2025-03-17T11:25:08","slug":"our-team","status":"publish","type":"page","link":"https:\/\/www.belotti.com\/fr\/societe\/notre-equipe\/","title":{"rendered":"Notre \u00c9quipe"},"content":{"rendered":"<p>Une \u00e9quipe jeune et diversifi\u00e9e, soud\u00e9e, motiv\u00e9e et passionn\u00e9e par son travail.<br \/>\nUn dynamisme et un enthousiasme qui prennent de la valeur en s&rsquo;int\u00e9grant \u00e0 l&rsquo;exp\u00e9rience et au savoir-faire des v\u00e9t\u00e9rans.<br \/>\nDe la force qui anime la production, de la vision qui guide le secteur commercial, de la passion et des connaissances de la R&#038;D, de la comp\u00e9tence, du s\u00e9rieux et de l&rsquo;esprit d&rsquo;entreprise indomptable de ceux qui dirigent et guident l&rsquo;entreprise: de toutes ces composantes na\u00eet le succ\u00e8s d&rsquo;une entreprise qui repr\u00e9sente un point de r\u00e9f\u00e9rence technologique dans la production de <a href=\"https:\/\/www.belotti.com\/fr\/centres-d-usinage-cnc\/\">centres d&rsquo;usinage \u00e0 commande num\u00e9rique<\/a>.<\/p>\n","protected":false},"excerpt":{"rendered":"<p>Une \u00e9quipe jeune et diversifi\u00e9e, soud\u00e9e, motiv\u00e9e et passionn\u00e9e par son travail. Un dynamisme et un enthousiasme qui&#8230;<\/p>\n","protected":false},"author":1,"featured_media":0,"parent":21241,"menu_order":0,"comment_status":"closed","ping_status":"closed","template":"page-ourteam.php","meta":{"_acf_changed":false,"_monsterinsights_skip_tracking":false,"_monsterinsights_sitenote_active":false,"_monsterinsights_sitenote_note":"","_monsterinsights_sitenote_category":0,"footnotes":""},"class_list":["post-21462","page","type-page","status-publish","hentry"],"acf":[],"yoast_head":"<!-- This site is optimized with the Yoast SEO plugin v27.2 - https:\/\/yoast.com\/product\/yoast-seo-wordpress\/ -->\n<title>Notre \u00c9quipe - Belotti<\/title>\n<meta name=\"description\" content=\"Belotti Spa: l&#039;esperienza e l&#039;entusiasmo di una squadra vincente per offrirti i migliori centri di lavoro a CN.\" \/>\n<meta name=\"robots\" content=\"index, follow, max-snippet:-1, max-image-preview:large, max-video-preview:-1\" \/>\n<link rel=\"canonical\" href=\"https:\/\/www.belotti.com\/fr\/societe\/notre-equipe\/\" \/>\n<meta property=\"og:locale\" content=\"fr_FR\" \/>\n<meta property=\"og:type\" content=\"article\" \/>\n<meta property=\"og:title\" content=\"Notre \u00c9quipe - Belotti\" \/>\n<meta property=\"og:description\" content=\"Belotti Spa: l&#039;esperienza e l&#039;entusiasmo di una squadra vincente per offrirti i migliori centri di lavoro a CN.\" \/>\n<meta property=\"og:url\" content=\"https:\/\/www.belotti.com\/fr\/societe\/notre-equipe\/\" \/>\n<meta property=\"og:site_name\" content=\"Belotti\" \/>\n<meta property=\"article:publisher\" content=\"https:\/\/www.facebook.com\/Belotti.SPA\" \/>\n<meta property=\"article:modified_time\" content=\"2025-03-17T11:25:08+00:00\" \/>\n<meta name=\"twitter:card\" content=\"summary_large_image\" \/>\n<meta name=\"twitter:site\" content=\"@Belotti__SPA\" \/>\n<meta name=\"twitter:label1\" content=\"Dur\u00e9e de lecture estim\u00e9e\" \/>\n\t<meta name=\"twitter:data1\" content=\"5 minutes\" \/>\n<script type=\"application\/ld+json\" class=\"yoast-schema-graph\">{\"@context\":\"https:\/\/schema.org\",\"@graph\":[{\"@type\":\"WebPage\",\"@id\":\"https:\/\/www.belotti.com\/fr\/societe\/notre-equipe\/\",\"url\":\"https:\/\/www.belotti.com\/fr\/societe\/notre-equipe\/\",\"name\":\"Notre \u00c9quipe - Belotti\",\"isPartOf\":{\"@id\":\"https:\/\/www.belotti.com\/fr\/#website\"},\"datePublished\":\"2020-12-09T13:55:00+00:00\",\"dateModified\":\"2025-03-17T11:25:08+00:00\",\"description\":\"Belotti Spa: l'esperienza e l'entusiasmo di una squadra vincente per offrirti i migliori centri di lavoro a CN.\",\"breadcrumb\":{\"@id\":\"https:\/\/www.belotti.com\/fr\/societe\/notre-equipe\/#breadcrumb\"},\"inLanguage\":\"fr-FR\",\"potentialAction\":[{\"@type\":\"ReadAction\",\"target\":[\"https:\/\/www.belotti.com\/fr\/societe\/notre-equipe\/\"]}]},{\"@type\":\"BreadcrumbList\",\"@id\":\"https:\/\/www.belotti.com\/fr\/societe\/notre-equipe\/#breadcrumb\",\"itemListElement\":[{\"@type\":\"ListItem\",\"position\":1,\"name\":\"Home\",\"item\":\"https:\/\/www.belotti.com\/fr\/\"},{\"@type\":\"ListItem\",\"position\":2,\"name\":\"Soci\u00e9t\u00e9\",\"item\":\"https:\/\/www.belotti.com\/fr\/azienda\/\"},{\"@type\":\"ListItem\",\"position\":3,\"name\":\"Notre \u00c9quipe\"}]},{\"@type\":\"WebSite\",\"@id\":\"https:\/\/www.belotti.com\/fr\/#website\",\"url\":\"https:\/\/www.belotti.com\/fr\/\",\"name\":\"Belotti Spa\",\"description\":\"CNC Machining Centers\",\"publisher\":{\"@id\":\"https:\/\/www.belotti.com\/fr\/#organization\"},\"potentialAction\":[{\"@type\":\"SearchAction\",\"target\":{\"@type\":\"EntryPoint\",\"urlTemplate\":\"https:\/\/www.belotti.com\/fr\/?s={search_term_string}\"},\"query-input\":{\"@type\":\"PropertyValueSpecification\",\"valueRequired\":true,\"valueName\":\"search_term_string\"}}],\"inLanguage\":\"fr-FR\"},{\"@type\":\"Organization\",\"@id\":\"https:\/\/www.belotti.com\/fr\/#organization\",\"name\":\"Belotti Spa\",\"url\":\"https:\/\/www.belotti.com\/fr\/\",\"logo\":{\"@type\":\"ImageObject\",\"inLanguage\":\"fr-FR\",\"@id\":\"https:\/\/www.belotti.com\/fr\/#\/schema\/logo\/image\/\",\"url\":\"http:\/\/belotti.com\/wp-content\/uploads\/2023\/04\/logo-Belotti-1.png\",\"contentUrl\":\"http:\/\/belotti.com\/wp-content\/uploads\/2023\/04\/logo-Belotti-1.png\",\"width\":708,\"height\":225,\"caption\":\"Belotti Spa\"},\"image\":{\"@id\":\"https:\/\/www.belotti.com\/fr\/#\/schema\/logo\/image\/\"},\"sameAs\":[\"https:\/\/www.facebook.com\/Belotti.SPA\",\"https:\/\/x.com\/Belotti__SPA\",\"https:\/\/www.youtube.com\/channel\/UC5q7E8IMymZ-agKfVsPCorw\",\"https:\/\/www.linkedin.com\/company\/belotti-s-p-a-\/?viewAsMember=true\",\"https:\/\/www.instagram.com\/belotti_spa\/\"]}]}<\/script>\n<!-- \/ Yoast SEO plugin. -->","yoast_head_json":{"title":"Notre \u00c9quipe - Belotti","description":"Belotti Spa: l'esperienza e l'entusiasmo di una squadra vincente per offrirti i migliori centri di lavoro a CN.","robots":{"index":"index","follow":"follow","max-snippet":"max-snippet:-1","max-image-preview":"max-image-preview:large","max-video-preview":"max-video-preview:-1"},"canonical":"https:\/\/www.belotti.com\/fr\/societe\/notre-equipe\/","og_locale":"fr_FR","og_type":"article","og_title":"Notre \u00c9quipe - Belotti","og_description":"Belotti Spa: l'esperienza e l'entusiasmo di una squadra vincente per offrirti i migliori centri di lavoro a CN.","og_url":"https:\/\/www.belotti.com\/fr\/societe\/notre-equipe\/","og_site_name":"Belotti","article_publisher":"https:\/\/www.facebook.com\/Belotti.SPA","article_modified_time":"2025-03-17T11:25:08+00:00","twitter_card":"summary_large_image","twitter_site":"@Belotti__SPA","twitter_misc":{"Dur\u00e9e de lecture estim\u00e9e":"5 minutes"},"schema":{"@context":"https:\/\/schema.org","@graph":[{"@type":"WebPage","@id":"https:\/\/www.belotti.com\/fr\/societe\/notre-equipe\/","url":"https:\/\/www.belotti.com\/fr\/societe\/notre-equipe\/","name":"Notre \u00c9quipe - Belotti","isPartOf":{"@id":"https:\/\/www.belotti.com\/fr\/#website"},"datePublished":"2020-12-09T13:55:00+00:00","dateModified":"2025-03-17T11:25:08+00:00","description":"Belotti Spa: l'esperienza e l'entusiasmo di una squadra vincente per offrirti i migliori centri di lavoro a CN.","breadcrumb":{"@id":"https:\/\/www.belotti.com\/fr\/societe\/notre-equipe\/#breadcrumb"},"inLanguage":"fr-FR","potentialAction":[{"@type":"ReadAction","target":["https:\/\/www.belotti.com\/fr\/societe\/notre-equipe\/"]}]},{"@type":"BreadcrumbList","@id":"https:\/\/www.belotti.com\/fr\/societe\/notre-equipe\/#breadcrumb","itemListElement":[{"@type":"ListItem","position":1,"name":"Home","item":"https:\/\/www.belotti.com\/fr\/"},{"@type":"ListItem","position":2,"name":"Soci\u00e9t\u00e9","item":"https:\/\/www.belotti.com\/fr\/azienda\/"},{"@type":"ListItem","position":3,"name":"Notre \u00c9quipe"}]},{"@type":"WebSite","@id":"https:\/\/www.belotti.com\/fr\/#website","url":"https:\/\/www.belotti.com\/fr\/","name":"Belotti Spa","description":"CNC Machining Centers","publisher":{"@id":"https:\/\/www.belotti.com\/fr\/#organization"},"potentialAction":[{"@type":"SearchAction","target":{"@type":"EntryPoint","urlTemplate":"https:\/\/www.belotti.com\/fr\/?s={search_term_string}"},"query-input":{"@type":"PropertyValueSpecification","valueRequired":true,"valueName":"search_term_string"}}],"inLanguage":"fr-FR"},{"@type":"Organization","@id":"https:\/\/www.belotti.com\/fr\/#organization","name":"Belotti Spa","url":"https:\/\/www.belotti.com\/fr\/","logo":{"@type":"ImageObject","inLanguage":"fr-FR","@id":"https:\/\/www.belotti.com\/fr\/#\/schema\/logo\/image\/","url":"http:\/\/belotti.com\/wp-content\/uploads\/2023\/04\/logo-Belotti-1.png","contentUrl":"http:\/\/belotti.com\/wp-content\/uploads\/2023\/04\/logo-Belotti-1.png","width":708,"height":225,"caption":"Belotti Spa"},"image":{"@id":"https:\/\/www.belotti.com\/fr\/#\/schema\/logo\/image\/"},"sameAs":["https:\/\/www.facebook.com\/Belotti.SPA","https:\/\/x.com\/Belotti__SPA","https:\/\/www.youtube.com\/channel\/UC5q7E8IMymZ-agKfVsPCorw","https:\/\/www.linkedin.com\/company\/belotti-s-p-a-\/?viewAsMember=true","https:\/\/www.instagram.com\/belotti_spa\/"]}]}},"_links":{"self":[{"href":"https:\/\/www.belotti.com\/fr\/wp-json\/wp\/v2\/pages\/21462","targetHints":{"allow":["GET"]}}],"collection":[{"href":"https:\/\/www.belotti.com\/fr\/wp-json\/wp\/v2\/pages"}],"about":[{"href":"https:\/\/www.belotti.com\/fr\/wp-json\/wp\/v2\/types\/page"}],"author":[{"embeddable":true,"href":"https:\/\/www.belotti.com\/fr\/wp-json\/wp\/v2\/users\/1"}],"replies":[{"embeddable":true,"href":"https:\/\/www.belotti.com\/fr\/wp-json\/wp\/v2\/comments?post=21462"}],"version-history":[{"count":7,"href":"https:\/\/www.belotti.com\/fr\/wp-json\/wp\/v2\/pages\/21462\/revisions"}],"predecessor-version":[{"id":24011,"href":"https:\/\/www.belotti.com\/fr\/wp-json\/wp\/v2\/pages\/21462\/revisions\/24011"}],"up":[{"embeddable":true,"href":"https:\/\/www.belotti.com\/fr\/wp-json\/wp\/v2\/pages\/21241"}],"wp:attachment":[{"href":"https:\/\/www.belotti.com\/fr\/wp-json\/wp\/v2\/media?parent=21462"}],"curies":[{"name":"wp","href":"https:\/\/api.w.org\/{rel}","templated":true}]}}