{"id":21528,"date":"2020-12-04T09:18:00","date_gmt":"2020-12-04T08:18:00","guid":{"rendered":"https:\/\/belotti.com\/belotti-service\/"},"modified":"2025-01-27T11:29:33","modified_gmt":"2025-01-27T10:29:33","slug":"belotti-service","status":"publish","type":"page","link":"https:\/\/www.belotti.com\/fr\/service-assistance-maintenance-centres-d-usinage\/","title":{"rendered":"Belotti Service"},"content":{"rendered":"<p><strong>A vos c\u00f4t\u00e9s pour une efficacit\u00e9 maximale.<\/strong><\/p>\n<p>De l&rsquo;achat \u00e0 la dur\u00e9e de vie d&rsquo;un <a href=\"https:\/\/www.belotti.com\/fr\/centres-d-usinage-cnc\/\">centre d&rsquo;usinage Belotti<\/a>, notre objectif est de fournir les meilleures solutions pour garantir une efficacit\u00e9 op\u00e9rationnelle maximale.<br \/>\nMaintenance pr\u00e9ventive, mise \u00e0 jour des produits, pi\u00e8ces de rechange originelles  rapidement disponibles, conseils techniques et formation, assistance \u00e0 la programmation, r\u00e9visions et r\u00e9parations des principaux composants tels que les broches : les services apr\u00e8s-vente de Belotti Service sont la r\u00e9ponse concr\u00e8te aux besoins des clients pour une productivit\u00e9 et une durabilit\u00e9 maximale.<\/p>\n","protected":false},"excerpt":{"rendered":"<p>A vos c\u00f4t\u00e9s pour une efficacit\u00e9 maximale. De l&rsquo;achat \u00e0 la dur\u00e9e de vie d&rsquo;un centre d&rsquo;usinage Belotti,&#8230;<\/p>\n","protected":false},"author":1,"featured_media":21529,"parent":0,"menu_order":0,"comment_status":"closed","ping_status":"closed","template":"page-servizi.php","meta":{"_acf_changed":false,"_monsterinsights_skip_tracking":false,"_monsterinsights_sitenote_active":false,"_monsterinsights_sitenote_note":"","_monsterinsights_sitenote_category":0,"footnotes":""},"class_list":["post-21528","page","type-page","status-publish","has-post-thumbnail","hentry"],"acf":[],"yoast_head":"<!-- This site is optimized with the Yoast SEO plugin v27.2 - https:\/\/yoast.com\/product\/yoast-seo-wordpress\/ -->\n<title>Belotti Service - Belotti<\/title>\n<meta name=\"description\" content=\"Belotti Service propose un ensemble complet de services pour assurer l&#039;efficacit\u00e9 maximale de votre centre d&#039;usinage CNC.\" \/>\n<meta name=\"robots\" content=\"index, follow, max-snippet:-1, max-image-preview:large, max-video-preview:-1\" \/>\n<link rel=\"canonical\" href=\"https:\/\/www.belotti.com\/fr\/service-assistance-maintenance-centres-d-usinage\/\" \/>\n<meta property=\"og:locale\" content=\"fr_FR\" \/>\n<meta property=\"og:type\" content=\"article\" \/>\n<meta property=\"og:title\" content=\"Belotti Service - Belotti\" \/>\n<meta property=\"og:description\" content=\"Belotti Service propose un ensemble complet de services pour assurer l&#039;efficacit\u00e9 maximale de votre centre d&#039;usinage CNC.\" \/>\n<meta property=\"og:url\" content=\"https:\/\/www.belotti.com\/fr\/service-assistance-maintenance-centres-d-usinage\/\" \/>\n<meta property=\"og:site_name\" content=\"Belotti\" \/>\n<meta property=\"article:publisher\" content=\"https:\/\/www.facebook.com\/Belotti.SPA\" \/>\n<meta property=\"article:modified_time\" content=\"2025-01-27T10:29:33+00:00\" \/>\n<meta property=\"og:image\" content=\"https:\/\/www.belotti.com\/wp-content\/uploads\/2020\/12\/servizi.jpg\" \/>\n\t<meta property=\"og:image:width\" content=\"1004\" \/>\n\t<meta property=\"og:image:height\" content=\"669\" \/>\n\t<meta property=\"og:image:type\" content=\"image\/jpeg\" \/>\n<meta name=\"twitter:card\" content=\"summary_large_image\" \/>\n<meta name=\"twitter:site\" content=\"@Belotti__SPA\" \/>\n<meta name=\"twitter:label1\" content=\"Dur\u00e9e de lecture estim\u00e9e\" \/>\n\t<meta name=\"twitter:data1\" content=\"1 minute\" \/>\n<script type=\"application\/ld+json\" class=\"yoast-schema-graph\">{\"@context\":\"https:\/\/schema.org\",\"@graph\":[{\"@type\":\"WebPage\",\"@id\":\"https:\/\/www.belotti.com\/fr\/service-assistance-maintenance-centres-d-usinage\/\",\"url\":\"https:\/\/www.belotti.com\/fr\/service-assistance-maintenance-centres-d-usinage\/\",\"name\":\"Belotti Service - Belotti\",\"isPartOf\":{\"@id\":\"https:\/\/www.belotti.com\/fr\/#website\"},\"primaryImageOfPage\":{\"@id\":\"https:\/\/www.belotti.com\/fr\/service-assistance-maintenance-centres-d-usinage\/#primaryimage\"},\"image\":{\"@id\":\"https:\/\/www.belotti.com\/fr\/service-assistance-maintenance-centres-d-usinage\/#primaryimage\"},\"thumbnailUrl\":\"https:\/\/www.belotti.com\/wp-content\/uploads\/2020\/12\/servizi.jpg\",\"datePublished\":\"2020-12-04T08:18:00+00:00\",\"dateModified\":\"2025-01-27T10:29:33+00:00\",\"description\":\"Belotti Service propose un ensemble complet de services pour assurer l'efficacit\u00e9 maximale de votre centre d'usinage CNC.\",\"breadcrumb\":{\"@id\":\"https:\/\/www.belotti.com\/fr\/service-assistance-maintenance-centres-d-usinage\/#breadcrumb\"},\"inLanguage\":\"fr-FR\",\"potentialAction\":[{\"@type\":\"ReadAction\",\"target\":[\"https:\/\/www.belotti.com\/fr\/service-assistance-maintenance-centres-d-usinage\/\"]}]},{\"@type\":\"ImageObject\",\"inLanguage\":\"fr-FR\",\"@id\":\"https:\/\/www.belotti.com\/fr\/service-assistance-maintenance-centres-d-usinage\/#primaryimage\",\"url\":\"https:\/\/www.belotti.com\/wp-content\/uploads\/2020\/12\/servizi.jpg\",\"contentUrl\":\"https:\/\/www.belotti.com\/wp-content\/uploads\/2020\/12\/servizi.jpg\",\"width\":1004,\"height\":669},{\"@type\":\"BreadcrumbList\",\"@id\":\"https:\/\/www.belotti.com\/fr\/service-assistance-maintenance-centres-d-usinage\/#breadcrumb\",\"itemListElement\":[{\"@type\":\"ListItem\",\"position\":1,\"name\":\"Home\",\"item\":\"https:\/\/www.belotti.com\/fr\/\"},{\"@type\":\"ListItem\",\"position\":2,\"name\":\"Belotti Service\"}]},{\"@type\":\"WebSite\",\"@id\":\"https:\/\/www.belotti.com\/fr\/#website\",\"url\":\"https:\/\/www.belotti.com\/fr\/\",\"name\":\"Belotti Spa\",\"description\":\"CNC Machining Centers\",\"publisher\":{\"@id\":\"https:\/\/www.belotti.com\/fr\/#organization\"},\"potentialAction\":[{\"@type\":\"SearchAction\",\"target\":{\"@type\":\"EntryPoint\",\"urlTemplate\":\"https:\/\/www.belotti.com\/fr\/?s={search_term_string}\"},\"query-input\":{\"@type\":\"PropertyValueSpecification\",\"valueRequired\":true,\"valueName\":\"search_term_string\"}}],\"inLanguage\":\"fr-FR\"},{\"@type\":\"Organization\",\"@id\":\"https:\/\/www.belotti.com\/fr\/#organization\",\"name\":\"Belotti Spa\",\"url\":\"https:\/\/www.belotti.com\/fr\/\",\"logo\":{\"@type\":\"ImageObject\",\"inLanguage\":\"fr-FR\",\"@id\":\"https:\/\/www.belotti.com\/fr\/#\/schema\/logo\/image\/\",\"url\":\"http:\/\/belotti.com\/wp-content\/uploads\/2023\/04\/logo-Belotti-1.png\",\"contentUrl\":\"http:\/\/belotti.com\/wp-content\/uploads\/2023\/04\/logo-Belotti-1.png\",\"width\":708,\"height\":225,\"caption\":\"Belotti Spa\"},\"image\":{\"@id\":\"https:\/\/www.belotti.com\/fr\/#\/schema\/logo\/image\/\"},\"sameAs\":[\"https:\/\/www.facebook.com\/Belotti.SPA\",\"https:\/\/x.com\/Belotti__SPA\",\"https:\/\/www.youtube.com\/channel\/UC5q7E8IMymZ-agKfVsPCorw\",\"https:\/\/www.linkedin.com\/company\/belotti-s-p-a-\/?viewAsMember=true\",\"https:\/\/www.instagram.com\/belotti_spa\/\"]}]}<\/script>\n<!-- \/ Yoast SEO plugin. -->","yoast_head_json":{"title":"Belotti Service - Belotti","description":"Belotti Service propose un ensemble complet de services pour assurer l'efficacit\u00e9 maximale de votre centre d'usinage CNC.","robots":{"index":"index","follow":"follow","max-snippet":"max-snippet:-1","max-image-preview":"max-image-preview:large","max-video-preview":"max-video-preview:-1"},"canonical":"https:\/\/www.belotti.com\/fr\/service-assistance-maintenance-centres-d-usinage\/","og_locale":"fr_FR","og_type":"article","og_title":"Belotti Service - Belotti","og_description":"Belotti Service propose un ensemble complet de services pour assurer l'efficacit\u00e9 maximale de votre centre d'usinage CNC.","og_url":"https:\/\/www.belotti.com\/fr\/service-assistance-maintenance-centres-d-usinage\/","og_site_name":"Belotti","article_publisher":"https:\/\/www.facebook.com\/Belotti.SPA","article_modified_time":"2025-01-27T10:29:33+00:00","og_image":[{"width":1004,"height":669,"url":"https:\/\/www.belotti.com\/wp-content\/uploads\/2020\/12\/servizi.jpg","type":"image\/jpeg"}],"twitter_card":"summary_large_image","twitter_site":"@Belotti__SPA","twitter_misc":{"Dur\u00e9e de lecture estim\u00e9e":"1 minute"},"schema":{"@context":"https:\/\/schema.org","@graph":[{"@type":"WebPage","@id":"https:\/\/www.belotti.com\/fr\/service-assistance-maintenance-centres-d-usinage\/","url":"https:\/\/www.belotti.com\/fr\/service-assistance-maintenance-centres-d-usinage\/","name":"Belotti Service - Belotti","isPartOf":{"@id":"https:\/\/www.belotti.com\/fr\/#website"},"primaryImageOfPage":{"@id":"https:\/\/www.belotti.com\/fr\/service-assistance-maintenance-centres-d-usinage\/#primaryimage"},"image":{"@id":"https:\/\/www.belotti.com\/fr\/service-assistance-maintenance-centres-d-usinage\/#primaryimage"},"thumbnailUrl":"https:\/\/www.belotti.com\/wp-content\/uploads\/2020\/12\/servizi.jpg","datePublished":"2020-12-04T08:18:00+00:00","dateModified":"2025-01-27T10:29:33+00:00","description":"Belotti Service propose un ensemble complet de services pour assurer l'efficacit\u00e9 maximale de votre centre d'usinage CNC.","breadcrumb":{"@id":"https:\/\/www.belotti.com\/fr\/service-assistance-maintenance-centres-d-usinage\/#breadcrumb"},"inLanguage":"fr-FR","potentialAction":[{"@type":"ReadAction","target":["https:\/\/www.belotti.com\/fr\/service-assistance-maintenance-centres-d-usinage\/"]}]},{"@type":"ImageObject","inLanguage":"fr-FR","@id":"https:\/\/www.belotti.com\/fr\/service-assistance-maintenance-centres-d-usinage\/#primaryimage","url":"https:\/\/www.belotti.com\/wp-content\/uploads\/2020\/12\/servizi.jpg","contentUrl":"https:\/\/www.belotti.com\/wp-content\/uploads\/2020\/12\/servizi.jpg","width":1004,"height":669},{"@type":"BreadcrumbList","@id":"https:\/\/www.belotti.com\/fr\/service-assistance-maintenance-centres-d-usinage\/#breadcrumb","itemListElement":[{"@type":"ListItem","position":1,"name":"Home","item":"https:\/\/www.belotti.com\/fr\/"},{"@type":"ListItem","position":2,"name":"Belotti Service"}]},{"@type":"WebSite","@id":"https:\/\/www.belotti.com\/fr\/#website","url":"https:\/\/www.belotti.com\/fr\/","name":"Belotti Spa","description":"CNC Machining Centers","publisher":{"@id":"https:\/\/www.belotti.com\/fr\/#organization"},"potentialAction":[{"@type":"SearchAction","target":{"@type":"EntryPoint","urlTemplate":"https:\/\/www.belotti.com\/fr\/?s={search_term_string}"},"query-input":{"@type":"PropertyValueSpecification","valueRequired":true,"valueName":"search_term_string"}}],"inLanguage":"fr-FR"},{"@type":"Organization","@id":"https:\/\/www.belotti.com\/fr\/#organization","name":"Belotti Spa","url":"https:\/\/www.belotti.com\/fr\/","logo":{"@type":"ImageObject","inLanguage":"fr-FR","@id":"https:\/\/www.belotti.com\/fr\/#\/schema\/logo\/image\/","url":"http:\/\/belotti.com\/wp-content\/uploads\/2023\/04\/logo-Belotti-1.png","contentUrl":"http:\/\/belotti.com\/wp-content\/uploads\/2023\/04\/logo-Belotti-1.png","width":708,"height":225,"caption":"Belotti Spa"},"image":{"@id":"https:\/\/www.belotti.com\/fr\/#\/schema\/logo\/image\/"},"sameAs":["https:\/\/www.facebook.com\/Belotti.SPA","https:\/\/x.com\/Belotti__SPA","https:\/\/www.youtube.com\/channel\/UC5q7E8IMymZ-agKfVsPCorw","https:\/\/www.linkedin.com\/company\/belotti-s-p-a-\/?viewAsMember=true","https:\/\/www.instagram.com\/belotti_spa\/"]}]}},"_links":{"self":[{"href":"https:\/\/www.belotti.com\/fr\/wp-json\/wp\/v2\/pages\/21528","targetHints":{"allow":["GET"]}}],"collection":[{"href":"https:\/\/www.belotti.com\/fr\/wp-json\/wp\/v2\/pages"}],"about":[{"href":"https:\/\/www.belotti.com\/fr\/wp-json\/wp\/v2\/types\/page"}],"author":[{"embeddable":true,"href":"https:\/\/www.belotti.com\/fr\/wp-json\/wp\/v2\/users\/1"}],"replies":[{"embeddable":true,"href":"https:\/\/www.belotti.com\/fr\/wp-json\/wp\/v2\/comments?post=21528"}],"version-history":[{"count":4,"href":"https:\/\/www.belotti.com\/fr\/wp-json\/wp\/v2\/pages\/21528\/revisions"}],"predecessor-version":[{"id":23193,"href":"https:\/\/www.belotti.com\/fr\/wp-json\/wp\/v2\/pages\/21528\/revisions\/23193"}],"wp:featuredmedia":[{"embeddable":true,"href":"https:\/\/www.belotti.com\/fr\/wp-json\/wp\/v2\/media\/21529"}],"wp:attachment":[{"href":"https:\/\/www.belotti.com\/fr\/wp-json\/wp\/v2\/media?parent=21528"}],"curies":[{"name":"wp","href":"https:\/\/api.w.org\/{rel}","templated":true}]}}