{"id":21750,"date":"2020-12-14T11:07:58","date_gmt":"2020-12-14T10:07:58","guid":{"rendered":"https:\/\/belotti.com\/bead\/"},"modified":"2026-03-31T10:49:43","modified_gmt":"2026-03-31T08:49:43","slug":"bead","status":"publish","type":"page","link":"https:\/\/www.belotti.com\/fr\/bead-centre-d-usinage-cnc-impression-3d-et-fraisage\/","title":{"rendered":"Bead"},"content":{"rendered":"<p><strong>BEAD<\/strong> est la <strong>solution hybride qui int\u00e8gre dans un seul centre d\u2019usinage la fabrication additive grand format<\/strong> (<strong>L<\/strong>arge <strong>F<\/strong>ormat <strong>A<\/strong>dditive <strong>M<\/strong>anufacturing) et le fraisage CNC de pr\u00e9cision.<br \/>\n<strong>BEAD<\/strong> exploite au maximum les deux processus, en combinant dans un seul syst\u00e8me la vitesse et le potentiel cr\u00e9atif de l\u2019impression 3D avec la pr\u00e9cision et la fiabilit\u00e9 d\u2019un centre d\u2019usinage CNC.<br \/>\nEn int\u00e9grant une <strong>extrudeuse<\/strong> de fabrication additive CEAD (de taille et de capacit\u00e9 variables) dans un <a href=\"https:\/\/www.belotti.com\/fr\/centres-d-usinage-cnc\/\"><strong>centre d&rsquo;usinage CNC \u00e0 5 axes<\/strong><\/a> Belotti, BEAD permet de produire des pi\u00e8ces suffisamment surdimensionn\u00e9es pour \u00eatre finies avec les tol\u00e9rances requises en moins de temps et en consommant moins de mati\u00e8res premi\u00e8res que les m\u00e9thodes traditionnelles. Le potentiel d&rsquo;application de cette solution est \u00e9norme et en constante \u00e9volution : les premi\u00e8res destinations ont \u00e9t\u00e9 les secteurs naval, automobile et a\u00e9rospatial, pour lesquels des moules, des mod\u00e8les, des outils et des pi\u00e8ces finales ont \u00e9t\u00e9 produits.<\/p>\n","protected":false},"excerpt":{"rendered":"<p>BEAD est la solution hybride qui int\u00e8gre dans un seul centre d\u2019usinage la fabrication additive grand format (Large&#8230;<\/p>\n","protected":false},"author":1,"featured_media":21751,"parent":0,"menu_order":0,"comment_status":"closed","ping_status":"closed","template":"page-bead.php","meta":{"_acf_changed":false,"_monsterinsights_skip_tracking":false,"_monsterinsights_sitenote_active":false,"_monsterinsights_sitenote_note":"","_monsterinsights_sitenote_category":0,"footnotes":""},"class_list":["post-21750","page","type-page","status-publish","has-post-thumbnail","hentry"],"acf":[],"yoast_head":"<!-- This site is optimized with the Yoast SEO plugin v27.2 - https:\/\/yoast.com\/product\/yoast-seo-wordpress\/ -->\n<title>BEAD: Impression 3D et fraisage dans un seul centre d&#039;usinage<\/title>\n<meta name=\"description\" content=\"Impression 3D et fraisage int\u00e9gr\u00e9s dans un seul centre d&#039;usinage pour une flexibilit\u00e9, une productivit\u00e9 et une pr\u00e9cision sans pr\u00e9c\u00e9dent.\" \/>\n<meta name=\"robots\" content=\"index, follow, max-snippet:-1, max-image-preview:large, max-video-preview:-1\" \/>\n<link rel=\"canonical\" href=\"https:\/\/www.belotti.com\/fr\/bead-centre-d-usinage-cnc-impression-3d-et-fraisage\/\" \/>\n<meta property=\"og:locale\" content=\"fr_FR\" \/>\n<meta property=\"og:type\" content=\"article\" \/>\n<meta property=\"og:title\" content=\"BEAD: Impression 3D et fraisage dans un seul centre d&#039;usinage\" \/>\n<meta property=\"og:description\" content=\"Impression 3D et fraisage int\u00e9gr\u00e9s dans un seul centre d&#039;usinage pour une flexibilit\u00e9, une productivit\u00e9 et une pr\u00e9cision sans pr\u00e9c\u00e9dent.\" \/>\n<meta property=\"og:url\" content=\"https:\/\/www.belotti.com\/fr\/bead-centre-d-usinage-cnc-impression-3d-et-fraisage\/\" \/>\n<meta property=\"og:site_name\" content=\"Belotti\" \/>\n<meta property=\"article:publisher\" content=\"https:\/\/www.facebook.com\/Belotti.SPA\" \/>\n<meta property=\"article:modified_time\" content=\"2026-03-31T08:49:43+00:00\" \/>\n<meta property=\"og:image\" content=\"https:\/\/www.belotti.com\/wp-content\/uploads\/2024\/12\/BEAD-3D-Printing-FLU2617.jpg\" \/>\n\t<meta property=\"og:image:width\" content=\"1920\" \/>\n\t<meta property=\"og:image:height\" content=\"1080\" \/>\n\t<meta property=\"og:image:type\" content=\"image\/jpeg\" \/>\n<meta name=\"twitter:card\" content=\"summary_large_image\" \/>\n<meta name=\"twitter:site\" content=\"@Belotti__SPA\" \/>\n<meta name=\"twitter:label1\" content=\"Dur\u00e9e de lecture estim\u00e9e\" \/>\n\t<meta name=\"twitter:data1\" content=\"11 minutes\" \/>\n<script type=\"application\/ld+json\" class=\"yoast-schema-graph\">{\"@context\":\"https:\/\/schema.org\",\"@graph\":[{\"@type\":\"WebPage\",\"@id\":\"https:\/\/www.belotti.com\/fr\/bead-centre-d-usinage-cnc-impression-3d-et-fraisage\/\",\"url\":\"https:\/\/www.belotti.com\/fr\/bead-centre-d-usinage-cnc-impression-3d-et-fraisage\/\",\"name\":\"BEAD: Impression 3D et fraisage dans un seul centre d'usinage\",\"isPartOf\":{\"@id\":\"https:\/\/www.belotti.com\/fr\/#website\"},\"primaryImageOfPage\":{\"@id\":\"https:\/\/www.belotti.com\/fr\/bead-centre-d-usinage-cnc-impression-3d-et-fraisage\/#primaryimage\"},\"image\":{\"@id\":\"https:\/\/www.belotti.com\/fr\/bead-centre-d-usinage-cnc-impression-3d-et-fraisage\/#primaryimage\"},\"thumbnailUrl\":\"https:\/\/www.belotti.com\/wp-content\/uploads\/2024\/12\/BEAD-3D-Printing-FLU2617.jpg\",\"datePublished\":\"2020-12-14T10:07:58+00:00\",\"dateModified\":\"2026-03-31T08:49:43+00:00\",\"description\":\"Impression 3D et fraisage int\u00e9gr\u00e9s dans un seul centre d'usinage pour une flexibilit\u00e9, une productivit\u00e9 et une pr\u00e9cision sans pr\u00e9c\u00e9dent.\",\"breadcrumb\":{\"@id\":\"https:\/\/www.belotti.com\/fr\/bead-centre-d-usinage-cnc-impression-3d-et-fraisage\/#breadcrumb\"},\"inLanguage\":\"fr-FR\",\"potentialAction\":[{\"@type\":\"ReadAction\",\"target\":[\"https:\/\/www.belotti.com\/fr\/bead-centre-d-usinage-cnc-impression-3d-et-fraisage\/\"]}]},{\"@type\":\"ImageObject\",\"inLanguage\":\"fr-FR\",\"@id\":\"https:\/\/www.belotti.com\/fr\/bead-centre-d-usinage-cnc-impression-3d-et-fraisage\/#primaryimage\",\"url\":\"https:\/\/www.belotti.com\/wp-content\/uploads\/2024\/12\/BEAD-3D-Printing-FLU2617.jpg\",\"contentUrl\":\"https:\/\/www.belotti.com\/wp-content\/uploads\/2024\/12\/BEAD-3D-Printing-FLU2617.jpg\",\"width\":1920,\"height\":1080},{\"@type\":\"BreadcrumbList\",\"@id\":\"https:\/\/www.belotti.com\/fr\/bead-centre-d-usinage-cnc-impression-3d-et-fraisage\/#breadcrumb\",\"itemListElement\":[{\"@type\":\"ListItem\",\"position\":1,\"name\":\"Home\",\"item\":\"https:\/\/www.belotti.com\/fr\/\"},{\"@type\":\"ListItem\",\"position\":2,\"name\":\"Bead\"}]},{\"@type\":\"WebSite\",\"@id\":\"https:\/\/www.belotti.com\/fr\/#website\",\"url\":\"https:\/\/www.belotti.com\/fr\/\",\"name\":\"Belotti Spa\",\"description\":\"CNC Machining Centers\",\"publisher\":{\"@id\":\"https:\/\/www.belotti.com\/fr\/#organization\"},\"potentialAction\":[{\"@type\":\"SearchAction\",\"target\":{\"@type\":\"EntryPoint\",\"urlTemplate\":\"https:\/\/www.belotti.com\/fr\/?s={search_term_string}\"},\"query-input\":{\"@type\":\"PropertyValueSpecification\",\"valueRequired\":true,\"valueName\":\"search_term_string\"}}],\"inLanguage\":\"fr-FR\"},{\"@type\":\"Organization\",\"@id\":\"https:\/\/www.belotti.com\/fr\/#organization\",\"name\":\"Belotti Spa\",\"url\":\"https:\/\/www.belotti.com\/fr\/\",\"logo\":{\"@type\":\"ImageObject\",\"inLanguage\":\"fr-FR\",\"@id\":\"https:\/\/www.belotti.com\/fr\/#\/schema\/logo\/image\/\",\"url\":\"http:\/\/belotti.com\/wp-content\/uploads\/2023\/04\/logo-Belotti-1.png\",\"contentUrl\":\"http:\/\/belotti.com\/wp-content\/uploads\/2023\/04\/logo-Belotti-1.png\",\"width\":708,\"height\":225,\"caption\":\"Belotti Spa\"},\"image\":{\"@id\":\"https:\/\/www.belotti.com\/fr\/#\/schema\/logo\/image\/\"},\"sameAs\":[\"https:\/\/www.facebook.com\/Belotti.SPA\",\"https:\/\/x.com\/Belotti__SPA\",\"https:\/\/www.youtube.com\/channel\/UC5q7E8IMymZ-agKfVsPCorw\",\"https:\/\/www.linkedin.com\/company\/belotti-s-p-a-\/?viewAsMember=true\",\"https:\/\/www.instagram.com\/belotti_spa\/\"]}]}<\/script>\n<!-- \/ Yoast SEO plugin. -->","yoast_head_json":{"title":"BEAD: Impression 3D et fraisage dans un seul centre d'usinage","description":"Impression 3D et fraisage int\u00e9gr\u00e9s dans un seul centre d'usinage pour une flexibilit\u00e9, une productivit\u00e9 et une pr\u00e9cision sans pr\u00e9c\u00e9dent.","robots":{"index":"index","follow":"follow","max-snippet":"max-snippet:-1","max-image-preview":"max-image-preview:large","max-video-preview":"max-video-preview:-1"},"canonical":"https:\/\/www.belotti.com\/fr\/bead-centre-d-usinage-cnc-impression-3d-et-fraisage\/","og_locale":"fr_FR","og_type":"article","og_title":"BEAD: Impression 3D et fraisage dans un seul centre d'usinage","og_description":"Impression 3D et fraisage int\u00e9gr\u00e9s dans un seul centre d'usinage pour une flexibilit\u00e9, une productivit\u00e9 et une pr\u00e9cision sans pr\u00e9c\u00e9dent.","og_url":"https:\/\/www.belotti.com\/fr\/bead-centre-d-usinage-cnc-impression-3d-et-fraisage\/","og_site_name":"Belotti","article_publisher":"https:\/\/www.facebook.com\/Belotti.SPA","article_modified_time":"2026-03-31T08:49:43+00:00","og_image":[{"width":1920,"height":1080,"url":"https:\/\/www.belotti.com\/wp-content\/uploads\/2024\/12\/BEAD-3D-Printing-FLU2617.jpg","type":"image\/jpeg"}],"twitter_card":"summary_large_image","twitter_site":"@Belotti__SPA","twitter_misc":{"Dur\u00e9e de lecture estim\u00e9e":"11 minutes"},"schema":{"@context":"https:\/\/schema.org","@graph":[{"@type":"WebPage","@id":"https:\/\/www.belotti.com\/fr\/bead-centre-d-usinage-cnc-impression-3d-et-fraisage\/","url":"https:\/\/www.belotti.com\/fr\/bead-centre-d-usinage-cnc-impression-3d-et-fraisage\/","name":"BEAD: Impression 3D et fraisage dans un seul centre d'usinage","isPartOf":{"@id":"https:\/\/www.belotti.com\/fr\/#website"},"primaryImageOfPage":{"@id":"https:\/\/www.belotti.com\/fr\/bead-centre-d-usinage-cnc-impression-3d-et-fraisage\/#primaryimage"},"image":{"@id":"https:\/\/www.belotti.com\/fr\/bead-centre-d-usinage-cnc-impression-3d-et-fraisage\/#primaryimage"},"thumbnailUrl":"https:\/\/www.belotti.com\/wp-content\/uploads\/2024\/12\/BEAD-3D-Printing-FLU2617.jpg","datePublished":"2020-12-14T10:07:58+00:00","dateModified":"2026-03-31T08:49:43+00:00","description":"Impression 3D et fraisage int\u00e9gr\u00e9s dans un seul centre d'usinage pour une flexibilit\u00e9, une productivit\u00e9 et une pr\u00e9cision sans pr\u00e9c\u00e9dent.","breadcrumb":{"@id":"https:\/\/www.belotti.com\/fr\/bead-centre-d-usinage-cnc-impression-3d-et-fraisage\/#breadcrumb"},"inLanguage":"fr-FR","potentialAction":[{"@type":"ReadAction","target":["https:\/\/www.belotti.com\/fr\/bead-centre-d-usinage-cnc-impression-3d-et-fraisage\/"]}]},{"@type":"ImageObject","inLanguage":"fr-FR","@id":"https:\/\/www.belotti.com\/fr\/bead-centre-d-usinage-cnc-impression-3d-et-fraisage\/#primaryimage","url":"https:\/\/www.belotti.com\/wp-content\/uploads\/2024\/12\/BEAD-3D-Printing-FLU2617.jpg","contentUrl":"https:\/\/www.belotti.com\/wp-content\/uploads\/2024\/12\/BEAD-3D-Printing-FLU2617.jpg","width":1920,"height":1080},{"@type":"BreadcrumbList","@id":"https:\/\/www.belotti.com\/fr\/bead-centre-d-usinage-cnc-impression-3d-et-fraisage\/#breadcrumb","itemListElement":[{"@type":"ListItem","position":1,"name":"Home","item":"https:\/\/www.belotti.com\/fr\/"},{"@type":"ListItem","position":2,"name":"Bead"}]},{"@type":"WebSite","@id":"https:\/\/www.belotti.com\/fr\/#website","url":"https:\/\/www.belotti.com\/fr\/","name":"Belotti Spa","description":"CNC Machining Centers","publisher":{"@id":"https:\/\/www.belotti.com\/fr\/#organization"},"potentialAction":[{"@type":"SearchAction","target":{"@type":"EntryPoint","urlTemplate":"https:\/\/www.belotti.com\/fr\/?s={search_term_string}"},"query-input":{"@type":"PropertyValueSpecification","valueRequired":true,"valueName":"search_term_string"}}],"inLanguage":"fr-FR"},{"@type":"Organization","@id":"https:\/\/www.belotti.com\/fr\/#organization","name":"Belotti Spa","url":"https:\/\/www.belotti.com\/fr\/","logo":{"@type":"ImageObject","inLanguage":"fr-FR","@id":"https:\/\/www.belotti.com\/fr\/#\/schema\/logo\/image\/","url":"http:\/\/belotti.com\/wp-content\/uploads\/2023\/04\/logo-Belotti-1.png","contentUrl":"http:\/\/belotti.com\/wp-content\/uploads\/2023\/04\/logo-Belotti-1.png","width":708,"height":225,"caption":"Belotti Spa"},"image":{"@id":"https:\/\/www.belotti.com\/fr\/#\/schema\/logo\/image\/"},"sameAs":["https:\/\/www.facebook.com\/Belotti.SPA","https:\/\/x.com\/Belotti__SPA","https:\/\/www.youtube.com\/channel\/UC5q7E8IMymZ-agKfVsPCorw","https:\/\/www.linkedin.com\/company\/belotti-s-p-a-\/?viewAsMember=true","https:\/\/www.instagram.com\/belotti_spa\/"]}]}},"_links":{"self":[{"href":"https:\/\/www.belotti.com\/fr\/wp-json\/wp\/v2\/pages\/21750","targetHints":{"allow":["GET"]}}],"collection":[{"href":"https:\/\/www.belotti.com\/fr\/wp-json\/wp\/v2\/pages"}],"about":[{"href":"https:\/\/www.belotti.com\/fr\/wp-json\/wp\/v2\/types\/page"}],"author":[{"embeddable":true,"href":"https:\/\/www.belotti.com\/fr\/wp-json\/wp\/v2\/users\/1"}],"replies":[{"embeddable":true,"href":"https:\/\/www.belotti.com\/fr\/wp-json\/wp\/v2\/comments?post=21750"}],"version-history":[{"count":22,"href":"https:\/\/www.belotti.com\/fr\/wp-json\/wp\/v2\/pages\/21750\/revisions"}],"predecessor-version":[{"id":28892,"href":"https:\/\/www.belotti.com\/fr\/wp-json\/wp\/v2\/pages\/21750\/revisions\/28892"}],"wp:featuredmedia":[{"embeddable":true,"href":"https:\/\/www.belotti.com\/fr\/wp-json\/wp\/v2\/media\/21751"}],"wp:attachment":[{"href":"https:\/\/www.belotti.com\/fr\/wp-json\/wp\/v2\/media?parent=21750"}],"curies":[{"name":"wp","href":"https:\/\/api.w.org\/{rel}","templated":true}]}}