{"id":21910,"date":"2020-12-10T10:16:21","date_gmt":"2020-12-10T09:16:21","guid":{"rendered":"https:\/\/belotti.com\/careers\/stage-e-tirocini\/"},"modified":"2025-01-27T11:01:52","modified_gmt":"2025-01-27T10:01:52","slug":"stage-e-tirocini","status":"publish","type":"page","link":"https:\/\/www.belotti.com\/fr\/carrieres\/stages-et-apprentissages\/","title":{"rendered":"Stages et apprentissages"},"content":{"rendered":"<p class=\"big\">Combiner la th\u00e9orie et la pratique, par le biais de stages ou d&rsquo;apprentissages qui rapprochent les mondes de l&rsquo;\u00e9cole et du travail.<\/p>\n<p>Nous croyons fermement \u00e0 la valeur de la formation et \u00e0 l&rsquo;importance de l&rsquo;application des connaissances dans un contexte professionnel.<br \/>\nC&rsquo;est pourquoi nous sommes toujours pr\u00eats \u00e0 accueillir des \u00e9l\u00e8ves de l&rsquo;enseignement secondaire ou des \u00e9tudiants universitaires qui souhaitent d\u00e9velopper leurs comp\u00e9tences.<\/p>\n<p>Nous proposons \u00e9galement des cours en alternance avec des perspectives d&#8217;emploi, organis\u00e9s en collaboration avec les \u00e9coles locales.<\/p>\n<p>Si vous \u00eates int\u00e9ress\u00e9 par une exp\u00e9rience chez Belotti, envoyez-nous votre CV.<\/p>\n\n<div class=\"wpcf7 no-js\" id=\"wpcf7-f22710-o1\" lang=\"fr-FR\" dir=\"ltr\" data-wpcf7-id=\"22710\">\n<div class=\"screen-reader-response\"><p role=\"status\" aria-live=\"polite\" aria-atomic=\"true\"><\/p> <ul><\/ul><\/div>\n<form action=\"\/fr\/wp-json\/wp\/v2\/pages\/21910#wpcf7-f22710-o1\" method=\"post\" class=\"wpcf7-form init\" aria-label=\"Formulaire de contact\" enctype=\"multipart\/form-data\" novalidate=\"novalidate\" data-status=\"init\">\n<fieldset class=\"hidden-fields-container\"><input type=\"hidden\" name=\"_wpcf7\" value=\"22710\" \/><input type=\"hidden\" name=\"_wpcf7_version\" value=\"6.1.5\" \/><input type=\"hidden\" name=\"_wpcf7_locale\" value=\"fr_FR\" \/><input type=\"hidden\" name=\"_wpcf7_unit_tag\" value=\"wpcf7-f22710-o1\" \/><input type=\"hidden\" name=\"_wpcf7_container_post\" value=\"0\" \/><input type=\"hidden\" name=\"_wpcf7_posted_data_hash\" value=\"\" \/><input type=\"hidden\" name=\"_wpcf7cf_hidden_group_fields\" value=\"[]\" \/><input type=\"hidden\" name=\"_wpcf7cf_hidden_groups\" value=\"[]\" \/><input type=\"hidden\" name=\"_wpcf7cf_visible_groups\" value=\"[]\" \/><input type=\"hidden\" name=\"_wpcf7cf_repeaters\" value=\"[]\" \/><input type=\"hidden\" name=\"_wpcf7cf_steps\" value=\"{}\" \/><input type=\"hidden\" name=\"_wpcf7cf_options\" value=\"{&quot;form_id&quot;:22710,&quot;conditions&quot;:[],&quot;settings&quot;:{&quot;animation&quot;:&quot;yes&quot;,&quot;animation_intime&quot;:200,&quot;animation_outtime&quot;:200,&quot;conditions_ui&quot;:&quot;normal&quot;,&quot;notice_dismissed&quot;:false,&quot;notice_dismissed_rollback-cf7-5.8.2&quot;:true}}\" \/><input type=\"hidden\" name=\"_wpcf7dtx_version\" value=\"5.0.5\" \/><input type=\"hidden\" name=\"_wpcf7_recaptcha_response\" value=\"\" \/>\n<\/fieldset>\n<div class=\"uk-grid uk-grid-medium uk-child-width-1-2@s uk-flex-bottom\" uk-grid>\n\t<div>\n\t\t<p><label>Pr\u00e9nom*<\/label><br \/>\n<span class=\"wpcf7-form-control-wrap\" data-name=\"nome\"><input size=\"40\" maxlength=\"400\" class=\"wpcf7-form-control wpcf7-text wpcf7-validates-as-required\" aria-required=\"true\" aria-invalid=\"false\" value=\"\" type=\"text\" name=\"nome\" \/><\/span>\n\t\t<\/p>\n\t<\/div>\n\t<div>\n\t\t<p><label>Nom de famille*<\/label><br \/>\n<span class=\"wpcf7-form-control-wrap\" data-name=\"cognome\"><input size=\"40\" maxlength=\"400\" class=\"wpcf7-form-control wpcf7-text wpcf7-validates-as-required\" aria-required=\"true\" aria-invalid=\"false\" value=\"\" type=\"text\" name=\"cognome\" \/><\/span>\n\t\t<\/p>\n\t<\/div>\n\t<div>\n\t\t<p><label>Courriel*<\/label><br \/>\n<span class=\"wpcf7-form-control-wrap\" data-name=\"email\"><input size=\"40\" maxlength=\"400\" class=\"wpcf7-form-control wpcf7-email wpcf7-validates-as-required wpcf7-text wpcf7-validates-as-email\" aria-required=\"true\" aria-invalid=\"false\" value=\"\" type=\"email\" name=\"email\" \/><\/span>\n\t\t<\/p>\n\t<\/div>\n\t<div>\n\t\t<p><label>T\u00e9l\u00e9phone*<\/label><br \/>\n<span class=\"wpcf7-form-control-wrap\" data-name=\"telefono\"><input size=\"40\" maxlength=\"400\" class=\"wpcf7-form-control wpcf7-text wpcf7-validates-as-required\" aria-required=\"true\" aria-invalid=\"false\" value=\"\" type=\"text\" name=\"telefono\" \/><\/span>\n\t\t<\/p>\n\t<\/div>\n\t<div>\n\t\t<p><label>Domaine d'int\u00e9r\u00eat\/ Poste*<\/label><br \/>\n<span class=\"wpcf7-form-control-wrap\" data-name=\"ambito\"><input size=\"40\" maxlength=\"400\" class=\"wpcf7-form-control wpcf7-text wpcf7-validates-as-required\" aria-required=\"true\" aria-invalid=\"false\" value=\"\" type=\"text\" name=\"ambito\" \/><\/span>\n\t\t<\/p>\n\t<\/div>\n\t<div>\n\t\t<p><label>Lieu de travail<br \/>\n<span class=\"wpcf7-form-control-wrap\" data-name=\"dove\"><select class=\"wpcf7-form-control wpcf7-select\" aria-invalid=\"false\" name=\"dove\"><option value=\"\">&#8212;Veuillez choisir une option&#8212;<\/option><option value=\"Mod\u00e8ne\">Mod\u00e8ne<\/option><option value=\"Suisio (Bg)\">Suisio (Bg)<\/option><\/select><\/span><\/label>\n\t\t<\/p>\n\t<\/div>\n\t<div>\n\t\t<p><label>Ajoutez votre CV*<span class=\"limiti\">Max. 6MB. Types de fichiers autoris\u00e9s: PDF, DOC, DOCX<\/span><\/label><span class=\"wpcf7-form-control-wrap\" data-name=\"file-114\"><input size=\"40\" class=\"wpcf7-form-control wpcf7-file wpcf7-validates-as-required\" accept=\".pdf,.doc,.docx\" aria-required=\"true\" aria-invalid=\"false\" type=\"file\" name=\"file-114\" \/><\/span>\n\t\t<\/p>\n\t<\/div>\n\t<div class=\"uk-width-1-1\">\n\t\t<p><label>Message\/lettre d'accompagnement*<\/label><br \/>\n<span class=\"wpcf7-form-control-wrap\" data-name=\"messaggio\"><textarea cols=\"40\" rows=\"10\" maxlength=\"2000\" class=\"wpcf7-form-control wpcf7-textarea wpcf7-validates-as-required\" aria-required=\"true\" aria-invalid=\"false\" name=\"messaggio\"><\/textarea><\/span>\n\t\t<\/p>\n\t<\/div>\n\t<div class=\"uk-width-1-1\">\n\t\t<p><span class=\"wpcf7-form-control-wrap\" data-name=\"privacy\"><span class=\"wpcf7-form-control wpcf7-acceptance\"><span class=\"wpcf7-list-item\"><input type=\"checkbox\" name=\"privacy\" value=\"1\" aria-invalid=\"false\" \/><\/span><\/span><\/span><span class=\"testo-privacy\">* Je consens au traitement des donn\u00e9es collect\u00e9es ci-dessus aux fins indiqu\u00e9es conform\u00e9ment \u00e0 la <a href=\"https:\/\/www.belotti.com\/fr\/privacy-policy\/\" title=\"Privacy Policy\" target=\"_blank\">politique de confidentialit\u00e9<\/a>. Ce consentement peut \u00eatre r\u00e9voqu\u00e9 \u00e0 tout moment avec effet pour l'avenir.<\/span><br \/>\n<span class=\"recaptcha\">Ce site est prot\u00e9g\u00e9 par reCAPTCHA et les <a href=\"https:\/\/policies.google.com\/privacy\" target=\"_blank\">r\u00e8gles de confidentialit\u00e9<\/a> et les <a href=\"https:\/\/policies.google.com\/terms\" target=\"_blank\">conditions d'utilisation<\/a> de Google s'appliquent.<\/span>\n\t\t<\/p>\n\t<\/div>\n\t<div class=\"uk-width-1-1\">\n\t\t<p><input class=\"wpcf7-form-control wpcf7-submit has-spinner\" type=\"submit\" value=\"Envoyer\" \/>\n\t\t<\/p>\n\t<\/div>\n<\/div><p style=\"display: none !important;\" class=\"akismet-fields-container\" data-prefix=\"_wpcf7_ak_\"><label>&#916;<textarea name=\"_wpcf7_ak_hp_textarea\" cols=\"45\" rows=\"8\" maxlength=\"100\"><\/textarea><\/label><input type=\"hidden\" id=\"ak_js_1\" name=\"_wpcf7_ak_js\" value=\"80\"\/><script>document.getElementById( \"ak_js_1\" ).setAttribute( \"value\", ( new Date() ).getTime() );<\/script><\/p><div class=\"wpcf7-response-output\" aria-hidden=\"true\"><\/div>\n<\/form>\n<\/div>\n\n","protected":false},"excerpt":{"rendered":"<p>Combiner la th\u00e9orie et la pratique, par le biais de stages ou d&rsquo;apprentissages qui rapprochent les mondes de&#8230;<\/p>\n","protected":false},"author":1,"featured_media":0,"parent":21905,"menu_order":0,"comment_status":"closed","ping_status":"closed","template":"","meta":{"_acf_changed":false,"_monsterinsights_skip_tracking":false,"_monsterinsights_sitenote_active":false,"_monsterinsights_sitenote_note":"","_monsterinsights_sitenote_category":0,"footnotes":""},"class_list":["post-21910","page","type-page","status-publish","hentry"],"acf":[],"yoast_head":"<!-- This site is optimized with the Yoast SEO plugin v27.2 - https:\/\/yoast.com\/product\/yoast-seo-wordpress\/ -->\n<title>Stages et apprentissages - Belotti<\/title>\n<meta name=\"description\" content=\"Combiner la th\u00e9orie et la pratique, par le biais de stages ou d&#039;apprentissages qui rapprochent les mondes de l&#039;\u00e9cole et du travail. Nous croyons fermement\" \/>\n<meta name=\"robots\" content=\"index, follow, max-snippet:-1, max-image-preview:large, max-video-preview:-1\" \/>\n<link rel=\"canonical\" href=\"https:\/\/www.belotti.com\/fr\/carrieres\/stages-et-apprentissages\/\" \/>\n<meta property=\"og:locale\" content=\"fr_FR\" \/>\n<meta property=\"og:type\" content=\"article\" \/>\n<meta property=\"og:title\" content=\"Stages et apprentissages - Belotti\" \/>\n<meta property=\"og:description\" content=\"Combiner la th\u00e9orie et la pratique, par le biais de stages ou d&#039;apprentissages qui rapprochent les mondes de l&#039;\u00e9cole et du travail. Nous croyons fermement\" \/>\n<meta property=\"og:url\" content=\"https:\/\/www.belotti.com\/fr\/carrieres\/stages-et-apprentissages\/\" \/>\n<meta property=\"og:site_name\" content=\"Belotti\" \/>\n<meta property=\"article:publisher\" content=\"https:\/\/www.facebook.com\/Belotti.SPA\" \/>\n<meta property=\"article:modified_time\" content=\"2025-01-27T10:01:52+00:00\" \/>\n<meta name=\"twitter:card\" content=\"summary_large_image\" \/>\n<meta name=\"twitter:site\" content=\"@Belotti__SPA\" \/>\n<meta name=\"twitter:label1\" content=\"Dur\u00e9e de lecture estim\u00e9e\" \/>\n\t<meta name=\"twitter:data1\" content=\"1 minute\" \/>\n<script type=\"application\/ld+json\" class=\"yoast-schema-graph\">{\"@context\":\"https:\/\/schema.org\",\"@graph\":[{\"@type\":\"WebPage\",\"@id\":\"https:\/\/www.belotti.com\/fr\/carrieres\/stages-et-apprentissages\/\",\"url\":\"https:\/\/www.belotti.com\/fr\/carrieres\/stages-et-apprentissages\/\",\"name\":\"Stages et apprentissages - Belotti\",\"isPartOf\":{\"@id\":\"https:\/\/www.belotti.com\/fr\/#website\"},\"datePublished\":\"2020-12-10T09:16:21+00:00\",\"dateModified\":\"2025-01-27T10:01:52+00:00\",\"description\":\"Combiner la th\u00e9orie et la pratique, par le biais de stages ou d'apprentissages qui rapprochent les mondes de l'\u00e9cole et du travail. Nous croyons fermement\",\"breadcrumb\":{\"@id\":\"https:\/\/www.belotti.com\/fr\/carrieres\/stages-et-apprentissages\/#breadcrumb\"},\"inLanguage\":\"fr-FR\",\"potentialAction\":[{\"@type\":\"ReadAction\",\"target\":[\"https:\/\/www.belotti.com\/fr\/carrieres\/stages-et-apprentissages\/\"]}]},{\"@type\":\"BreadcrumbList\",\"@id\":\"https:\/\/www.belotti.com\/fr\/carrieres\/stages-et-apprentissages\/#breadcrumb\",\"itemListElement\":[{\"@type\":\"ListItem\",\"position\":1,\"name\":\"Home\",\"item\":\"https:\/\/www.belotti.com\/fr\/\"},{\"@type\":\"ListItem\",\"position\":2,\"name\":\"Carri\u00e8res\",\"item\":\"https:\/\/www.belotti.com\/fr\/careers\/\"},{\"@type\":\"ListItem\",\"position\":3,\"name\":\"Stages et apprentissages\"}]},{\"@type\":\"WebSite\",\"@id\":\"https:\/\/www.belotti.com\/fr\/#website\",\"url\":\"https:\/\/www.belotti.com\/fr\/\",\"name\":\"Belotti Spa\",\"description\":\"CNC Machining Centers\",\"publisher\":{\"@id\":\"https:\/\/www.belotti.com\/fr\/#organization\"},\"potentialAction\":[{\"@type\":\"SearchAction\",\"target\":{\"@type\":\"EntryPoint\",\"urlTemplate\":\"https:\/\/www.belotti.com\/fr\/?s={search_term_string}\"},\"query-input\":{\"@type\":\"PropertyValueSpecification\",\"valueRequired\":true,\"valueName\":\"search_term_string\"}}],\"inLanguage\":\"fr-FR\"},{\"@type\":\"Organization\",\"@id\":\"https:\/\/www.belotti.com\/fr\/#organization\",\"name\":\"Belotti Spa\",\"url\":\"https:\/\/www.belotti.com\/fr\/\",\"logo\":{\"@type\":\"ImageObject\",\"inLanguage\":\"fr-FR\",\"@id\":\"https:\/\/www.belotti.com\/fr\/#\/schema\/logo\/image\/\",\"url\":\"http:\/\/belotti.com\/wp-content\/uploads\/2023\/04\/logo-Belotti-1.png\",\"contentUrl\":\"http:\/\/belotti.com\/wp-content\/uploads\/2023\/04\/logo-Belotti-1.png\",\"width\":708,\"height\":225,\"caption\":\"Belotti Spa\"},\"image\":{\"@id\":\"https:\/\/www.belotti.com\/fr\/#\/schema\/logo\/image\/\"},\"sameAs\":[\"https:\/\/www.facebook.com\/Belotti.SPA\",\"https:\/\/x.com\/Belotti__SPA\",\"https:\/\/www.youtube.com\/channel\/UC5q7E8IMymZ-agKfVsPCorw\",\"https:\/\/www.linkedin.com\/company\/belotti-s-p-a-\/?viewAsMember=true\",\"https:\/\/www.instagram.com\/belotti_spa\/\"]}]}<\/script>\n<!-- \/ Yoast SEO plugin. -->","yoast_head_json":{"title":"Stages et apprentissages - Belotti","description":"Combiner la th\u00e9orie et la pratique, par le biais de stages ou d'apprentissages qui rapprochent les mondes de l'\u00e9cole et du travail. Nous croyons fermement","robots":{"index":"index","follow":"follow","max-snippet":"max-snippet:-1","max-image-preview":"max-image-preview:large","max-video-preview":"max-video-preview:-1"},"canonical":"https:\/\/www.belotti.com\/fr\/carrieres\/stages-et-apprentissages\/","og_locale":"fr_FR","og_type":"article","og_title":"Stages et apprentissages - Belotti","og_description":"Combiner la th\u00e9orie et la pratique, par le biais de stages ou d'apprentissages qui rapprochent les mondes de l'\u00e9cole et du travail. Nous croyons fermement","og_url":"https:\/\/www.belotti.com\/fr\/carrieres\/stages-et-apprentissages\/","og_site_name":"Belotti","article_publisher":"https:\/\/www.facebook.com\/Belotti.SPA","article_modified_time":"2025-01-27T10:01:52+00:00","twitter_card":"summary_large_image","twitter_site":"@Belotti__SPA","twitter_misc":{"Dur\u00e9e de lecture estim\u00e9e":"1 minute"},"schema":{"@context":"https:\/\/schema.org","@graph":[{"@type":"WebPage","@id":"https:\/\/www.belotti.com\/fr\/carrieres\/stages-et-apprentissages\/","url":"https:\/\/www.belotti.com\/fr\/carrieres\/stages-et-apprentissages\/","name":"Stages et apprentissages - Belotti","isPartOf":{"@id":"https:\/\/www.belotti.com\/fr\/#website"},"datePublished":"2020-12-10T09:16:21+00:00","dateModified":"2025-01-27T10:01:52+00:00","description":"Combiner la th\u00e9orie et la pratique, par le biais de stages ou d'apprentissages qui rapprochent les mondes de l'\u00e9cole et du travail. Nous croyons fermement","breadcrumb":{"@id":"https:\/\/www.belotti.com\/fr\/carrieres\/stages-et-apprentissages\/#breadcrumb"},"inLanguage":"fr-FR","potentialAction":[{"@type":"ReadAction","target":["https:\/\/www.belotti.com\/fr\/carrieres\/stages-et-apprentissages\/"]}]},{"@type":"BreadcrumbList","@id":"https:\/\/www.belotti.com\/fr\/carrieres\/stages-et-apprentissages\/#breadcrumb","itemListElement":[{"@type":"ListItem","position":1,"name":"Home","item":"https:\/\/www.belotti.com\/fr\/"},{"@type":"ListItem","position":2,"name":"Carri\u00e8res","item":"https:\/\/www.belotti.com\/fr\/careers\/"},{"@type":"ListItem","position":3,"name":"Stages et apprentissages"}]},{"@type":"WebSite","@id":"https:\/\/www.belotti.com\/fr\/#website","url":"https:\/\/www.belotti.com\/fr\/","name":"Belotti Spa","description":"CNC Machining Centers","publisher":{"@id":"https:\/\/www.belotti.com\/fr\/#organization"},"potentialAction":[{"@type":"SearchAction","target":{"@type":"EntryPoint","urlTemplate":"https:\/\/www.belotti.com\/fr\/?s={search_term_string}"},"query-input":{"@type":"PropertyValueSpecification","valueRequired":true,"valueName":"search_term_string"}}],"inLanguage":"fr-FR"},{"@type":"Organization","@id":"https:\/\/www.belotti.com\/fr\/#organization","name":"Belotti Spa","url":"https:\/\/www.belotti.com\/fr\/","logo":{"@type":"ImageObject","inLanguage":"fr-FR","@id":"https:\/\/www.belotti.com\/fr\/#\/schema\/logo\/image\/","url":"http:\/\/belotti.com\/wp-content\/uploads\/2023\/04\/logo-Belotti-1.png","contentUrl":"http:\/\/belotti.com\/wp-content\/uploads\/2023\/04\/logo-Belotti-1.png","width":708,"height":225,"caption":"Belotti Spa"},"image":{"@id":"https:\/\/www.belotti.com\/fr\/#\/schema\/logo\/image\/"},"sameAs":["https:\/\/www.facebook.com\/Belotti.SPA","https:\/\/x.com\/Belotti__SPA","https:\/\/www.youtube.com\/channel\/UC5q7E8IMymZ-agKfVsPCorw","https:\/\/www.linkedin.com\/company\/belotti-s-p-a-\/?viewAsMember=true","https:\/\/www.instagram.com\/belotti_spa\/"]}]}},"_links":{"self":[{"href":"https:\/\/www.belotti.com\/fr\/wp-json\/wp\/v2\/pages\/21910","targetHints":{"allow":["GET"]}}],"collection":[{"href":"https:\/\/www.belotti.com\/fr\/wp-json\/wp\/v2\/pages"}],"about":[{"href":"https:\/\/www.belotti.com\/fr\/wp-json\/wp\/v2\/types\/page"}],"author":[{"embeddable":true,"href":"https:\/\/www.belotti.com\/fr\/wp-json\/wp\/v2\/users\/1"}],"replies":[{"embeddable":true,"href":"https:\/\/www.belotti.com\/fr\/wp-json\/wp\/v2\/comments?post=21910"}],"version-history":[{"count":2,"href":"https:\/\/www.belotti.com\/fr\/wp-json\/wp\/v2\/pages\/21910\/revisions"}],"predecessor-version":[{"id":21912,"href":"https:\/\/www.belotti.com\/fr\/wp-json\/wp\/v2\/pages\/21910\/revisions\/21912"}],"up":[{"embeddable":true,"href":"https:\/\/www.belotti.com\/fr\/wp-json\/wp\/v2\/pages\/21905"}],"wp:attachment":[{"href":"https:\/\/www.belotti.com\/fr\/wp-json\/wp\/v2\/media?parent=21910"}],"curies":[{"name":"wp","href":"https:\/\/api.w.org\/{rel}","templated":true}]}}