{"id":22251,"date":"2020-12-04T08:44:03","date_gmt":"2020-12-04T07:44:03","guid":{"rendered":"https:\/\/belotti.com\/privacy-policy\/"},"modified":"2025-01-10T16:56:44","modified_gmt":"2025-01-10T15:56:44","slug":"privacy-policy","status":"publish","type":"page","link":"https:\/\/www.belotti.com\/fr\/privacy-policy\/","title":{"rendered":"Politique de confidentialit\u00e9"},"content":{"rendered":"<p><strong>LE RESPONSABLE DU TRAITEMENT DES DONN\u00c9ES<\/strong><\/p>\n<p><strong>Belotti Spa<\/strong><br \/>\nVia San Giovanni Bosco 12 &#8211; 24040 Suisio (BG) ITALIE<br \/>\nT\u00e9l. +390354934411<br \/>\nP.IVA 13258950156<br \/>\nSite web ou service web accessible \u00e0 l&rsquo;adresse:<br \/>\n<a title=\"site Belotti Spa\" href=\"https:\/\/www.belotti.com\/it\/\">www.belotti.com<\/a><\/p>\n<p><strong>D\u00e9claration de Politique de Confidentialit\u00e9 conform\u00e9ment au D\u00e9cret L\u00e9gislatif 196\/2003 et \u00e0 l&rsquo;article 13 du R\u00e8glement Europ\u00e9en 679\/2016 (GDPR)<\/strong><br \/>\nBelotti S.p.A. (num\u00e9ro de TVA\u00a013258950156), en la personne de son repr\u00e9sentant l\u00e9gal pro tempore, dont le si\u00e8ge social est situ\u00e9 Via San Giovanni Bosco, 12 &#8211; 24040 Suisio (BG), en tant que responsable du traitement, vous informe que, conform\u00e9ment au d\u00e9cret l\u00e9gislatif 196\/2003 et au r\u00e8glement europ\u00e9en 679\/2016 (cd. GDPR), qui r\u00e9git et r\u00e9glemente la protection des donn\u00e9es personnelles et leur libre circulation, vos donn\u00e9es personnelles seront trait\u00e9es conform\u00e9ment \u00e0 la l\u00e9gislation susmentionn\u00e9e, sur la base des principes d&rsquo;exactitude, de l\u00e9galit\u00e9, de proportionnalit\u00e9 des int\u00e9r\u00eats et de transparence, ainsi que de la protection de votre vie priv\u00e9e et de vos droits, aux fins, de la mani\u00e8re et dans les termes indiqu\u00e9s ci-dessous.<\/p>\n<h2>-1- Finalit\u00e9, m\u00e9thodes et bases juridiques du traitement des donn\u00e9es<\/h2>\n<p>La pr\u00e9sente politique de confidentialit\u00e9 s&rsquo;applique exclusivement aux activit\u00e9s en ligne de ce site web et est valable pour les visiteurs\/utilisateurs du site web. Elle ne s&rsquo;applique pas aux informations collect\u00e9es par d&rsquo;autres canaux que ce site web. L&rsquo;objectif de la politique de confidentialit\u00e9 est de fournir un maximum de transparence concernant les informations que le site web recueille et la mani\u00e8re dont il les utilise.<\/p>\n<p>Vos donn\u00e9es personnelles seront trait\u00e9es exclusivement \u00e0 des fins strictement li\u00e9es, instrumentales et n\u00e9cessaires \u00e0 l&rsquo;ex\u00e9cution des obligations inh\u00e9rentes \u00e0 la relation avec notre soci\u00e9t\u00e9; en particulier:<\/p>\n<p>Le traitement des donn\u00e9es personnelles est effectu\u00e9 au moyen des op\u00e9rations indiqu\u00e9es dans le d\u00e9cret l\u00e9gislatif 196\/2003 et l&rsquo;art. 4 n\u00b0 2) GDPR et pr\u00e9cis\u00e9ment : collecte, enregistrement, organisation, conservation, consultation, traitement, modification, s\u00e9lection, extraction, comparaison, utilisation, interconnexion, blocage, communication, annulation et destruction.<\/p>\n<p>Le traitement des donn\u00e9es \u00e0 caract\u00e8re personnel sera effectu\u00e9 par le responsable du traitement, le(s) responsable(s) et les personnes autoris\u00e9es (nomm\u00e9es), en prenant toutes les mesures de pr\u00e9caution n\u00e9cessaires pour garantir la s\u00e9curit\u00e9 et la confidentialit\u00e9 des donn\u00e9es.<br \/>\nLes donn\u00e9es ne seront pas soumises \u00e0 des processus de profilage ou de prise de d\u00e9cision automatis\u00e9e.<\/p>\n<p>Les donn\u00e9es seront stock\u00e9es chez le responsable du traitement et chez les sous-traitants d\u00e9sign\u00e9s par le responsable du traitement. En tout \u00e9tat de cause, vos donn\u00e9es personnelles seront stock\u00e9es et trait\u00e9es dans les limites de l&rsquo;Espace \u00e9conomique europ\u00e9en et ne seront transf\u00e9r\u00e9es en dehors de ces limites qu&rsquo;avec votre consentement explicite.<\/p>\n<p>Dans le cas o\u00f9 Vous fournissez des commentaires et\/ou des donn\u00e9es personnelles pour la demande d&rsquo;informations et\/ou de services sp\u00e9cifiques demand\u00e9s par l&rsquo;utilisateur (\u00e0 titre d&rsquo;exemple mais non limit\u00e9 \u00e0 la demande d&rsquo;informations commerciales, d&rsquo;abonnement \u00e0 notre portail, d&rsquo;abonnement \u00e0 notre newsletter), ces donn\u00e9es seront r\u00e9put\u00e9es avoir \u00e9t\u00e9 fournies volontairement par l&rsquo;utilisateur au moment de la demande de fourniture du service.<br \/>\nCe site peut traiter certaines donn\u00e9es personnelles en fonction des int\u00e9r\u00eats l\u00e9gitimes du responsable du traitement, conform\u00e9ment au d\u00e9cret l\u00e9gislatif 196\/2003 et \u00e0 l&rsquo;article 6 du R\u00e8glement Europ\u00e9en 679\/206.<\/p>\n<p>Les donn\u00e9es re\u00e7ues seront utilis\u00e9es exclusivement pour la fourniture du service demand\u00e9 et seulement pendant le temps n\u00e9cessaire \u00e0 la fourniture du service.<br \/>\nLes informations que les utilisateurs du site d\u00e9cident de rendre publiques par le biais des services et des outils mis \u00e0 leur disposition sont fournies par l&rsquo;utilisateur en toute connaissance de cause et volontairement, ce qui exon\u00e8re ce site de toute responsabilit\u00e9 en cas de violation de la loi. Il appartient \u00e0 l&rsquo;utilisateur de v\u00e9rifier qu&rsquo;il dispose des autorisations n\u00e9cessaires pour introduire des donn\u00e9es personnelles de tiers ou des contenus prot\u00e9g\u00e9s par des r\u00e9glementations nationales et internationales.<\/p>\n<p>Les donn\u00e9es collect\u00e9es par le site au cours de son fonctionnement sont utilis\u00e9es exclusivement aux fins susmentionn\u00e9es et conserv\u00e9es pendant le temps strictement n\u00e9cessaire \u00e0 la r\u00e9alisation des activit\u00e9s sp\u00e9cifi\u00e9es. En tout \u00e9tat de cause, les donn\u00e9es collect\u00e9es par le site ne seront jamais fournies \u00e0 des tiers, pour quelque raison que ce soit, \u00e0 moins qu&rsquo;il ne s&rsquo;agisse d&rsquo;une demande l\u00e9gitime d&rsquo;une autorit\u00e9 judiciaire et uniquement dans les cas pr\u00e9vus par la loi.<\/p>\n<h2>-2- Nature de la collecte des donn\u00e9es et cons\u00e9quences de la non-fourniture de donn\u00e9es<\/h2>\n<p>Comme tous les sites web, ce site utilise \u00e9galement des fichiers journaux (log files) dans lesquels sont stock\u00e9es les informations collect\u00e9es automatiquement lors des visites des utilisateurs. Les informations collect\u00e9es peuvent \u00eatre les suivantes:<\/p>\n<ul>\n<li>l&rsquo;adresse du protocole Internet (IP);<\/li>\n<li>type de navigateur et param\u00e8tres de l&rsquo;appareil utilis\u00e9 pour se connecter au site;<\/li>\n<li>nom du fournisseur d&rsquo;acc\u00e8s \u00e0 Internet (FAI);<\/li>\n<li>la date et l&rsquo;heure de la visite;<\/li>\n<li>la page web d&rsquo;origine (referral) et de sortie du visiteur;<\/li>\n<li>\u00e9ventuellement le nombre de clics.<\/li>\n<\/ul>\n<p>Les informations susmentionn\u00e9es sont trait\u00e9es automatiquement et collect\u00e9es sous une forme exclusivement agr\u00e9g\u00e9e dans le but de v\u00e9rifier le bon fonctionnement du site, pour des raisons de s\u00e9curit\u00e9 et pour les int\u00e9r\u00eats l\u00e9gitimes du propri\u00e9taire tels que pr\u00e9vus par la l\u00e9gislation en vigueur.<br \/>\n\u00c0 des fins de s\u00e9curit\u00e9 (filtres anti-spam, firewalls, d\u00e9tection de virus), les donn\u00e9es enregistr\u00e9es automatiquement peuvent \u00e9ventuellement inclure des donn\u00e9es personnelles telles que l&rsquo;adresse IP, qui pourraient \u00eatre utilis\u00e9es, conform\u00e9ment aux lois pertinentes en vigueur, afin de bloquer les tentatives d&rsquo;endommager le site lui-m\u00eame ou de causer des dommages \u00e0 d&rsquo;autres utilisateurs, ou en tout \u00e9tat de cause des activit\u00e9s nuisibles ou criminelles. Ces donn\u00e9es ne sont jamais utilis\u00e9es pour identifier ou profiler les utilisateurs, mais uniquement dans le but de prot\u00e9ger le site et ses utilisateurs et les int\u00e9r\u00eats l\u00e9gitimes du Responsable du traitement des donn\u00e9es.<\/p>\n<p>En utilisant ou en consultant ce site, les visiteurs et les utilisateurs approuvent explicitement la pr\u00e9sente politique de confidentialit\u00e9 et consentent au traitement de leurs donn\u00e9es personnelles de la mani\u00e8re et aux fins d\u00e9crites ci-dessous, y compris la divulgation \u00e9ventuelle \u00e0 des tiers si cela s&rsquo;av\u00e8re n\u00e9cessaire pour la fourniture d&rsquo;un service. Fournir des donn\u00e9es et donc consentir \u00e0 la collecte et au traitement des donn\u00e9es est facultatif. Toutefois, le refus de consentir peut entra\u00eener l&rsquo;impossibilit\u00e9 de fournir certains services et l&rsquo;exp\u00e9rience de navigation sur le site peut \u00eatre compromise.<br \/>\nLe consentement \u00e0 l&rsquo;utilisation de vos donn\u00e9es \u00e0 des fins de marketing et\/ou de publicit\u00e9 (envoi d&rsquo;e-mails et\/ou de communications avec des offres publicitaires) est facultatif et n\u00e9cessite de votre part, outre la fourniture de vos donn\u00e9es personnelles, une demande explicite via la fonction \u00ab\u00a0opt-in\u00a0\u00bb de ce site web.<\/p>\n<h2>-3- D\u00e9lais et conditions<\/h2>\n<p>Le Responsable du traitement, les sous-traitants et les personnes autoris\u00e9es \u00e0 traiter les donn\u00e9es (personnes d\u00e9sign\u00e9es) traiteront les donn\u00e9es \u00e0 caract\u00e8re personnel pendant la dur\u00e9e n\u00e9cessaire \u00e0 la r\u00e9alisation des objectifs susmentionn\u00e9s et, en tout \u00e9tat de cause, pendant une p\u00e9riode n&rsquo;exc\u00e9dant pas 10 ans \u00e0 compter de la cessation de la relation lorsque celle-ci est envisag\u00e9e ou rendue n\u00e9cessaire par la r\u00e9glementation en vigueur.<br \/>\nEn ce qui concerne la fourniture de donn\u00e9es par vous pour la r\u00e9ception d&rsquo;informations commerciales, de bulletins d&rsquo;information et d&rsquo;informations p\u00e9riodiques, les donn\u00e9es seront trait\u00e9es jusqu&rsquo;\u00e0 ce que vous demandiez \u00e0 vous d\u00e9sabonner.<\/p>\n<h2>-4- Communication et diffusion des donn\u00e9es<\/h2>\n<p>Vos donn\u00e9es personnelles, aux fins de l&rsquo;ex\u00e9cution du contrat ou des services que vous avez demand\u00e9s et aux fins indiqu\u00e9es ci-dessus, peuvent \u00eatre communiqu\u00e9es:<\/p>\n<ul>\n<li>\u00e0 toutes les personnes physiques et morales (\u00e0 titre d&rsquo;exemple mais non limit\u00e9 aux cabinets de conseil juridique, administratif et fiscal, aux cabinets d&rsquo;audit, aux messageries et transitaires, aux centres de traitement des donn\u00e9es, aux consultants en informatique, aux fournisseurs, etc.;<\/li>\n<li>aux institutions bancaires pour la gestion des encaissements et des paiements;<\/li>\n<li>\u00e0 des soci\u00e9t\u00e9s d&rsquo;affacturage ou de recouvrement de cr\u00e9ances;<\/li>\n<li>\u00e0 nos collaborateurs et employ\u00e9s sp\u00e9cifiquement d\u00e9sign\u00e9s \u00e0 cette fin et dans le cadre de leurs fonctions;<\/li>\n<li>aux fournisseurs SMTP pour l&rsquo;envoi de lettres d&rsquo;information.<\/li>\n<\/ul>\n<p>Le D.P.O., s&rsquo;il est d\u00e9sign\u00e9 par le Titulaire du traitement \u00e0 titre obligatoire ou volontaire, ainsi que le nom et le num\u00e9ro des responsables peuvent faire l&rsquo;objet de modifications, c&rsquo;est pourquoi nous vous conseillons de consulter notre site Internet &#8211; o\u00f9 vous trouverez toutes les informations mises \u00e0 jour &#8211; sur la page d\u00e9di\u00e9e au lien suivant: <a href=\"https:\/\/www.belotti.com\/it\/\">www.belotti.com<\/a> ou en contactant les num\u00e9ros suivants: +39 0354934411, <a href=\"mailto:belotti@belotti.com\">belotti@belotti.com<\/a>.<\/p>\n<h2>-5- Droits de la personne concern\u00e9e<\/h2>\n<p>En appelant le +39 0354934411 ou en \u00e9crivant \u00e0 <a href=\"mailto:belotti@belotti.com\">belotti@belotti.com<\/a> vous pouvez \u00e0 tout moment exercer vos droits \u00e0 l&rsquo;\u00e9gard du responsable du traitement des donn\u00e9es conform\u00e9ment au r\u00e8glement europ\u00e9en 679\/2016, que nous reproduisons pour votre commodit\u00e9. La personne concern\u00e9e a le droit d&rsquo;obtenir la confirmation que des donn\u00e9es \u00e0 caract\u00e8re personnel la concernant sont ou ne sont pas trait\u00e9es, m\u00eame si elles ne sont pas encore enregistr\u00e9es, ainsi que la communication de ces donn\u00e9es sous une forme intelligible.<br \/>\nLa personne concern\u00e9e a le droit d&rsquo;\u00eatre inform\u00e9e\u00a0:<\/p>\n<ul>\n<li>de l&rsquo;origine des donn\u00e9es \u00e0 caract\u00e8re personnel (en tenant compte en particulier du cas o\u00f9 ces donn\u00e9es ne sont pas collect\u00e9es aupr\u00e8s de la personne concern\u00e9e et, en cas de transfert de donn\u00e9es vers un pays tiers, de l&rsquo;existence de garanties ad\u00e9quates conform\u00e9ment \u00e0 l&rsquo;article 46 du r\u00e8glement);<\/li>\n<li>des finalit\u00e9s et des modalit\u00e9s du traitement;<\/li>\n<li>de la logique appliqu\u00e9e en cas de traitement effectu\u00e9 \u00e0 l&rsquo;aide d&rsquo;instruments \u00e9lectroniques;<\/li>\n<li>les donn\u00e9es d&rsquo;identification du responsable du traitement, des sous-traitants et du repr\u00e9sentant d\u00e9sign\u00e9;<\/li>\n<li>des entit\u00e9s ou cat\u00e9gories d&rsquo;entit\u00e9s auxquelles les donn\u00e9es \u00e0 caract\u00e8re personnel peuvent \u00eatre communiqu\u00e9es ou qui peuvent en prendre connaissance en qualit\u00e9 de repr\u00e9sentant(s) d\u00e9sign\u00e9(s) sur le territoire de l&rsquo;\u00c9tat, de responsable(s) du traitement ou d&rsquo;entit\u00e9(s) autoris\u00e9e(s);<\/li>\n<li>des cat\u00e9gories de donn\u00e9es \u00e0 caract\u00e8re personnel trait\u00e9es;<\/li>\n<li>de la dur\u00e9e de conservation des donn\u00e9es ou les crit\u00e8res utilis\u00e9s pour d\u00e9terminer cette dur\u00e9e;<\/li>\n<li>de l&rsquo;existence de processus d\u00e9cisionnels automatis\u00e9s, notamment en ce qui concerne le profilage, et la logique qui leur est appliqu\u00e9e;<\/li>\n<li>du droit d&rsquo;obtenir une copie des donn\u00e9es \u00e0 caract\u00e8re personnel faisant l&rsquo;objet du traitement;<\/li>\n<\/ul>\n<p>La personne concern\u00e9e a \u00e9galement le droit d&rsquo;obtenir:<\/p>\n<ul>\n<li>a mise \u00e0 jour, la rectification ou, lorsqu&rsquo;elle le souhaite, l&rsquo;int\u00e9gration des donn\u00e9es;<\/li>\n<li>l&rsquo;effacement, la transformation sous forme anonyme ou le blocage des donn\u00e9es trait\u00e9es en violation de la loi, y compris celles dont la conservation n&rsquo;est pas n\u00e9cessaire au regard des finalit\u00e9s pour lesquelles elles ont \u00e9t\u00e9 collect\u00e9es ou trait\u00e9es ult\u00e9rieurement;<\/li>\n<li>l&rsquo;attestation que les op\u00e9rations vis\u00e9es aux lettres a) et b) ont \u00e9t\u00e9 notifi\u00e9es, y compris en ce qui concerne leur contenu, aux entit\u00e9s auxquelles les donn\u00e9es ont \u00e9t\u00e9 communiqu\u00e9es ou diffus\u00e9es, \u00e0 moins que cette exigence ne s&rsquo;av\u00e8re impossible ou n&rsquo;implique un effort manifestement disproportionn\u00e9 par rapport au droit \u00e0 prot\u00e9ger;<\/li>\n<li>a portabilit\u00e9 des donn\u00e9es \u00e0 d&rsquo;autres sujets, pour laquelle une demande explicite doit \u00eatre faite aux adresses suivantes +39 0354934411, <a href=\"mailto:belotti@belotti.com\">belotti@belotti.com<\/a><\/li>\n<li>l&rsquo;effacement des donn\u00e9es dans nos archives conform\u00e9ment \u00e0 l&rsquo;art. 17 pt. 1 lett. a) \u00e0 f) du R\u00e8glement (le soi-disant droit \u00e0 l&rsquo;oubli), en communiquant \u00e0 +39 0354934411,<a href=\"mailto:belotti@belotti.com\"> belotti@belotti.com<\/a><\/li>\n<li>limiter le traitement des donn\u00e9es conform\u00e9ment \u00e0 l&rsquo;article 18, paragraphe 1, alin\u00e9as a) \u00e0 d) du r\u00e8glement<\/li>\n<\/ul>\n<p>La personne concern\u00e9e a le droit de s&rsquo;opposer, en tout ou en partie, au traitement des donn\u00e9es:<\/p>\n<ul>\n<li>pour des motifs l\u00e9gitimes tenant \u00e0 sa situation particuli\u00e8re, m\u00eame si le traitement est pertinent au regard de la finalit\u00e9 de la collecte;<\/li>\n<li>au traitement des donn\u00e9es \u00e0 caract\u00e8re personnel le concernant aux fins d&rsquo;envoi de mat\u00e9riel publicitaire ou de vente directe ou pour la r\u00e9alisation d&rsquo;\u00e9tudes de march\u00e9 ou de communication commerciale;<\/li>\n<li>au traitement des donn\u00e9es conform\u00e9ment \u00e0 l&rsquo;article 6, paragraphe 1, points e) et f), y compris le profilage sur la base de ces dispositions.<\/li>\n<\/ul>\n<p>Si le traitement des donn\u00e9es est fond\u00e9 sur le consentement de la personne concern\u00e9e, celle-ci a le droit de r\u00e9voquer ce consentement \u00e0 tout moment en adressant une demande explicite aux num\u00e9ros suivants: +39 0354934411, <a href=\"mailto:belotti@belotti.com\">belotti@belotti.com<\/a>. La personne concern\u00e9e a \u00e9galement le droit d&rsquo;introduire une r\u00e9clamation aupr\u00e8s de l&rsquo;Autorit\u00e9 de Contr\u00f4le. L&rsquo;exercice des droits susmentionn\u00e9s peut se faire en adressant une demande au responsable du traitement ou au superviseur des donn\u00e9es par t\u00e9l\u00e9phone, par courrier \u00e9lectronique aux adresses susmentionn\u00e9es ou par lettre recommand\u00e9e avec accus\u00e9 de r\u00e9ception.<\/p>\n<p>&nbsp;<\/p>\n","protected":false},"excerpt":{"rendered":"<p>LE RESPONSABLE DU TRAITEMENT DES DONN\u00c9ES Belotti Spa Via San Giovanni Bosco 12 &#8211; 24040 Suisio (BG) ITALIE&#8230;<\/p>\n","protected":false},"author":1,"featured_media":0,"parent":0,"menu_order":0,"comment_status":"closed","ping_status":"closed","template":"","meta":{"_acf_changed":false,"_monsterinsights_skip_tracking":false,"_monsterinsights_sitenote_active":false,"_monsterinsights_sitenote_note":"","_monsterinsights_sitenote_category":0,"footnotes":""},"class_list":["post-22251","page","type-page","status-publish","hentry"],"acf":[],"yoast_head":"<!-- This site is optimized with the Yoast SEO plugin v27.2 - https:\/\/yoast.com\/product\/yoast-seo-wordpress\/ -->\n<title>Politique de confidentialit\u00e9 - Belotti<\/title>\n<meta name=\"description\" content=\"LE RESPONSABLE DU TRAITEMENT DES DONN\u00c9ES Belotti Spa Via San Giovanni Bosco 12 - 24040 Suisio (BG) ITALIE T\u00e9l. +390354934411 P.IVA 13258950156 Site web ou\" \/>\n<meta name=\"robots\" content=\"index, follow, max-snippet:-1, max-image-preview:large, max-video-preview:-1\" \/>\n<link rel=\"canonical\" href=\"https:\/\/www.belotti.com\/fr\/privacy-policy\/\" \/>\n<meta property=\"og:locale\" content=\"fr_FR\" \/>\n<meta property=\"og:type\" content=\"article\" \/>\n<meta property=\"og:title\" content=\"Politique de confidentialit\u00e9 - Belotti\" \/>\n<meta property=\"og:description\" content=\"LE RESPONSABLE DU TRAITEMENT DES DONN\u00c9ES Belotti Spa Via San Giovanni Bosco 12 - 24040 Suisio (BG) ITALIE T\u00e9l. +390354934411 P.IVA 13258950156 Site web ou\" \/>\n<meta property=\"og:url\" content=\"https:\/\/www.belotti.com\/fr\/privacy-policy\/\" \/>\n<meta property=\"og:site_name\" content=\"Belotti\" \/>\n<meta property=\"article:publisher\" content=\"https:\/\/www.facebook.com\/Belotti.SPA\" \/>\n<meta property=\"article:modified_time\" content=\"2025-01-10T15:56:44+00:00\" \/>\n<meta name=\"twitter:card\" content=\"summary_large_image\" \/>\n<meta name=\"twitter:site\" content=\"@Belotti__SPA\" \/>\n<meta name=\"twitter:label1\" content=\"Dur\u00e9e de lecture estim\u00e9e\" \/>\n\t<meta name=\"twitter:data1\" content=\"11 minutes\" \/>\n<script type=\"application\/ld+json\" class=\"yoast-schema-graph\">{\"@context\":\"https:\/\/schema.org\",\"@graph\":[{\"@type\":\"WebPage\",\"@id\":\"https:\/\/www.belotti.com\/fr\/privacy-policy\/\",\"url\":\"https:\/\/www.belotti.com\/fr\/privacy-policy\/\",\"name\":\"Politique de confidentialit\u00e9 - Belotti\",\"isPartOf\":{\"@id\":\"https:\/\/www.belotti.com\/fr\/#website\"},\"datePublished\":\"2020-12-04T07:44:03+00:00\",\"dateModified\":\"2025-01-10T15:56:44+00:00\",\"description\":\"LE RESPONSABLE DU TRAITEMENT DES DONN\u00c9ES Belotti Spa Via San Giovanni Bosco 12 - 24040 Suisio (BG) ITALIE T\u00e9l. +390354934411 P.IVA 13258950156 Site web ou\",\"breadcrumb\":{\"@id\":\"https:\/\/www.belotti.com\/fr\/privacy-policy\/#breadcrumb\"},\"inLanguage\":\"fr-FR\",\"potentialAction\":[{\"@type\":\"ReadAction\",\"target\":[\"https:\/\/www.belotti.com\/fr\/privacy-policy\/\"]}]},{\"@type\":\"BreadcrumbList\",\"@id\":\"https:\/\/www.belotti.com\/fr\/privacy-policy\/#breadcrumb\",\"itemListElement\":[{\"@type\":\"ListItem\",\"position\":1,\"name\":\"Home\",\"item\":\"https:\/\/www.belotti.com\/fr\/\"},{\"@type\":\"ListItem\",\"position\":2,\"name\":\"Politique de confidentialit\u00e9\"}]},{\"@type\":\"WebSite\",\"@id\":\"https:\/\/www.belotti.com\/fr\/#website\",\"url\":\"https:\/\/www.belotti.com\/fr\/\",\"name\":\"Belotti Spa\",\"description\":\"CNC Machining Centers\",\"publisher\":{\"@id\":\"https:\/\/www.belotti.com\/fr\/#organization\"},\"potentialAction\":[{\"@type\":\"SearchAction\",\"target\":{\"@type\":\"EntryPoint\",\"urlTemplate\":\"https:\/\/www.belotti.com\/fr\/?s={search_term_string}\"},\"query-input\":{\"@type\":\"PropertyValueSpecification\",\"valueRequired\":true,\"valueName\":\"search_term_string\"}}],\"inLanguage\":\"fr-FR\"},{\"@type\":\"Organization\",\"@id\":\"https:\/\/www.belotti.com\/fr\/#organization\",\"name\":\"Belotti Spa\",\"url\":\"https:\/\/www.belotti.com\/fr\/\",\"logo\":{\"@type\":\"ImageObject\",\"inLanguage\":\"fr-FR\",\"@id\":\"https:\/\/www.belotti.com\/fr\/#\/schema\/logo\/image\/\",\"url\":\"http:\/\/belotti.com\/wp-content\/uploads\/2023\/04\/logo-Belotti-1.png\",\"contentUrl\":\"http:\/\/belotti.com\/wp-content\/uploads\/2023\/04\/logo-Belotti-1.png\",\"width\":708,\"height\":225,\"caption\":\"Belotti Spa\"},\"image\":{\"@id\":\"https:\/\/www.belotti.com\/fr\/#\/schema\/logo\/image\/\"},\"sameAs\":[\"https:\/\/www.facebook.com\/Belotti.SPA\",\"https:\/\/x.com\/Belotti__SPA\",\"https:\/\/www.youtube.com\/channel\/UC5q7E8IMymZ-agKfVsPCorw\",\"https:\/\/www.linkedin.com\/company\/belotti-s-p-a-\/?viewAsMember=true\",\"https:\/\/www.instagram.com\/belotti_spa\/\"]}]}<\/script>\n<!-- \/ Yoast SEO plugin. -->","yoast_head_json":{"title":"Politique de confidentialit\u00e9 - Belotti","description":"LE RESPONSABLE DU TRAITEMENT DES DONN\u00c9ES Belotti Spa Via San Giovanni Bosco 12 - 24040 Suisio (BG) ITALIE T\u00e9l. +390354934411 P.IVA 13258950156 Site web ou","robots":{"index":"index","follow":"follow","max-snippet":"max-snippet:-1","max-image-preview":"max-image-preview:large","max-video-preview":"max-video-preview:-1"},"canonical":"https:\/\/www.belotti.com\/fr\/privacy-policy\/","og_locale":"fr_FR","og_type":"article","og_title":"Politique de confidentialit\u00e9 - Belotti","og_description":"LE RESPONSABLE DU TRAITEMENT DES DONN\u00c9ES Belotti Spa Via San Giovanni Bosco 12 - 24040 Suisio (BG) ITALIE T\u00e9l. +390354934411 P.IVA 13258950156 Site web ou","og_url":"https:\/\/www.belotti.com\/fr\/privacy-policy\/","og_site_name":"Belotti","article_publisher":"https:\/\/www.facebook.com\/Belotti.SPA","article_modified_time":"2025-01-10T15:56:44+00:00","twitter_card":"summary_large_image","twitter_site":"@Belotti__SPA","twitter_misc":{"Dur\u00e9e de lecture estim\u00e9e":"11 minutes"},"schema":{"@context":"https:\/\/schema.org","@graph":[{"@type":"WebPage","@id":"https:\/\/www.belotti.com\/fr\/privacy-policy\/","url":"https:\/\/www.belotti.com\/fr\/privacy-policy\/","name":"Politique de confidentialit\u00e9 - Belotti","isPartOf":{"@id":"https:\/\/www.belotti.com\/fr\/#website"},"datePublished":"2020-12-04T07:44:03+00:00","dateModified":"2025-01-10T15:56:44+00:00","description":"LE RESPONSABLE DU TRAITEMENT DES DONN\u00c9ES Belotti Spa Via San Giovanni Bosco 12 - 24040 Suisio (BG) ITALIE T\u00e9l. +390354934411 P.IVA 13258950156 Site web ou","breadcrumb":{"@id":"https:\/\/www.belotti.com\/fr\/privacy-policy\/#breadcrumb"},"inLanguage":"fr-FR","potentialAction":[{"@type":"ReadAction","target":["https:\/\/www.belotti.com\/fr\/privacy-policy\/"]}]},{"@type":"BreadcrumbList","@id":"https:\/\/www.belotti.com\/fr\/privacy-policy\/#breadcrumb","itemListElement":[{"@type":"ListItem","position":1,"name":"Home","item":"https:\/\/www.belotti.com\/fr\/"},{"@type":"ListItem","position":2,"name":"Politique de confidentialit\u00e9"}]},{"@type":"WebSite","@id":"https:\/\/www.belotti.com\/fr\/#website","url":"https:\/\/www.belotti.com\/fr\/","name":"Belotti Spa","description":"CNC Machining Centers","publisher":{"@id":"https:\/\/www.belotti.com\/fr\/#organization"},"potentialAction":[{"@type":"SearchAction","target":{"@type":"EntryPoint","urlTemplate":"https:\/\/www.belotti.com\/fr\/?s={search_term_string}"},"query-input":{"@type":"PropertyValueSpecification","valueRequired":true,"valueName":"search_term_string"}}],"inLanguage":"fr-FR"},{"@type":"Organization","@id":"https:\/\/www.belotti.com\/fr\/#organization","name":"Belotti Spa","url":"https:\/\/www.belotti.com\/fr\/","logo":{"@type":"ImageObject","inLanguage":"fr-FR","@id":"https:\/\/www.belotti.com\/fr\/#\/schema\/logo\/image\/","url":"http:\/\/belotti.com\/wp-content\/uploads\/2023\/04\/logo-Belotti-1.png","contentUrl":"http:\/\/belotti.com\/wp-content\/uploads\/2023\/04\/logo-Belotti-1.png","width":708,"height":225,"caption":"Belotti Spa"},"image":{"@id":"https:\/\/www.belotti.com\/fr\/#\/schema\/logo\/image\/"},"sameAs":["https:\/\/www.facebook.com\/Belotti.SPA","https:\/\/x.com\/Belotti__SPA","https:\/\/www.youtube.com\/channel\/UC5q7E8IMymZ-agKfVsPCorw","https:\/\/www.linkedin.com\/company\/belotti-s-p-a-\/?viewAsMember=true","https:\/\/www.instagram.com\/belotti_spa\/"]}]}},"_links":{"self":[{"href":"https:\/\/www.belotti.com\/fr\/wp-json\/wp\/v2\/pages\/22251","targetHints":{"allow":["GET"]}}],"collection":[{"href":"https:\/\/www.belotti.com\/fr\/wp-json\/wp\/v2\/pages"}],"about":[{"href":"https:\/\/www.belotti.com\/fr\/wp-json\/wp\/v2\/types\/page"}],"author":[{"embeddable":true,"href":"https:\/\/www.belotti.com\/fr\/wp-json\/wp\/v2\/users\/1"}],"replies":[{"embeddable":true,"href":"https:\/\/www.belotti.com\/fr\/wp-json\/wp\/v2\/comments?post=22251"}],"version-history":[{"count":3,"href":"https:\/\/www.belotti.com\/fr\/wp-json\/wp\/v2\/pages\/22251\/revisions"}],"predecessor-version":[{"id":22254,"href":"https:\/\/www.belotti.com\/fr\/wp-json\/wp\/v2\/pages\/22251\/revisions\/22254"}],"wp:attachment":[{"href":"https:\/\/www.belotti.com\/fr\/wp-json\/wp\/v2\/media?parent=22251"}],"curies":[{"name":"wp","href":"https:\/\/api.w.org\/{rel}","templated":true}]}}