{"id":22255,"date":"2024-01-15T12:40:07","date_gmt":"2024-01-15T11:40:07","guid":{"rendered":"https:\/\/belotti.com\/whistleblowing-reporting-channel\/"},"modified":"2025-01-13T12:35:37","modified_gmt":"2025-01-13T11:35:37","slug":"whistleblowing-reporting-channel","status":"publish","type":"page","link":"https:\/\/www.belotti.com\/fr\/whistleblowing-reporting-channel\/","title":{"rendered":"Politique de d\u00e9nonciation"},"content":{"rendered":"<p>Cher utilisateur,<br \/>\nbienvenue dans la zone du site web consacr\u00e9e au service de d\u00e9nonciation des dysfonctionnements.<br \/>\nConform\u00e9ment au d\u00e9cret l\u00e9gislatif 24\/2023, qui transpose la directive europ\u00e9enne sur les d\u00e9nonciations (2019\/1937), Belotti S.p.A. a activ\u00e9 un portail pour la collecte et la gestion des d\u00e9nonciations, en prenant toutes les mesures n\u00e9cessaires pour garantir la confidentialit\u00e9 des personnes impliqu\u00e9es.<\/p>\n<p>L&rsquo;enregistrement sur le portail et le signalement peuvent se faire de mani\u00e8re anonyme ou confidentielle.<br \/>\nQuel que soit le type de profil d&rsquo;utilisateur que vous d\u00e9cidez de cr\u00e9er, le portail vous permettra d&rsquo;envoyer vos rapports, de suivre leur \u00e9tat d&rsquo;avancement et de recevoir un retour d&rsquo;information de la part des personnes charg\u00e9es de les traiter.<br \/>\nSi vous d\u00e9cidez d&rsquo;opter pour un profil anonyme, n&rsquo;oubliez pas de conserver votre Pseudonyme et votre Mot de passe en lieu s\u00fbr, car ils ne seront connus que de vous et vous seront indispensables pour consulter vos dossiers.<\/p>\n<p><strong>ENREGISTREMENT DES UTILISATEURS ET ENVOI DE RAPPORTS <\/strong><br \/>\n<a href=\"https:\/\/wb.applicazionicloud.it\/segnalazioni\/b2262800\/register\" rel=\"noopener\" target=\"_blank\">https:\/\/wb.applicazionicloud.it\/segnalazioni\/b2262800\/register <\/a><\/p>\n<p><strong>CONSULTATION DU RAPPORT<\/strong><br \/>\n<a href=\"https:\/\/wb.applicazionicloud.it\/segnalazioni\/b2262800\/login\" rel=\"noopener\" target=\"_blank\">https:\/\/wb.applicazionicloud.it\/segnalazioni\/b2262800\/login<\/a><\/p>\n<p><strong>POLITIQUE DE CONFIDENTIALIT\u00c9<\/strong><br \/>\n<a href=\"https:\/\/www.belotti.com\/wp-content\/uploads\/2024\/01\/Whistleblowing-Privacy-Policy-Belotti-S.p.A.pdf\" rel=\"noopener\" target=\"_blank\">T\u00e9l\u00e9chargez<\/a><\/p>\n<p>&nbsp;<\/p>\n","protected":false},"excerpt":{"rendered":"<p>Cher utilisateur, bienvenue dans la zone du site web consacr\u00e9e au service de d\u00e9nonciation des dysfonctionnements. Conform\u00e9ment au&#8230;<\/p>\n","protected":false},"author":1,"featured_media":0,"parent":0,"menu_order":0,"comment_status":"closed","ping_status":"closed","template":"","meta":{"_acf_changed":false,"_monsterinsights_skip_tracking":false,"_monsterinsights_sitenote_active":false,"_monsterinsights_sitenote_note":"","_monsterinsights_sitenote_category":0,"footnotes":""},"class_list":["post-22255","page","type-page","status-publish","hentry"],"acf":[],"yoast_head":"<!-- This site is optimized with the Yoast SEO plugin v27.2 - https:\/\/yoast.com\/product\/yoast-seo-wordpress\/ -->\n<title>Politique de d\u00e9nonciation - Belotti<\/title>\n<meta name=\"description\" content=\"Cher utilisateur, bienvenue dans la zone du site web consacr\u00e9e au service de d\u00e9nonciation des dysfonctionnements. Conform\u00e9ment au d\u00e9cret l\u00e9gislatif\" \/>\n<meta name=\"robots\" content=\"index, follow, max-snippet:-1, max-image-preview:large, max-video-preview:-1\" \/>\n<link rel=\"canonical\" href=\"https:\/\/www.belotti.com\/fr\/whistleblowing-reporting-channel\/\" \/>\n<meta property=\"og:locale\" content=\"fr_FR\" \/>\n<meta property=\"og:type\" content=\"article\" \/>\n<meta property=\"og:title\" content=\"Politique de d\u00e9nonciation - Belotti\" \/>\n<meta property=\"og:description\" content=\"Cher utilisateur, bienvenue dans la zone du site web consacr\u00e9e au service de d\u00e9nonciation des dysfonctionnements. Conform\u00e9ment au d\u00e9cret l\u00e9gislatif\" \/>\n<meta property=\"og:url\" content=\"https:\/\/www.belotti.com\/fr\/whistleblowing-reporting-channel\/\" \/>\n<meta property=\"og:site_name\" content=\"Belotti\" \/>\n<meta property=\"article:publisher\" content=\"https:\/\/www.facebook.com\/Belotti.SPA\" \/>\n<meta property=\"article:modified_time\" content=\"2025-01-13T11:35:37+00:00\" \/>\n<meta name=\"twitter:card\" content=\"summary_large_image\" \/>\n<meta name=\"twitter:site\" content=\"@Belotti__SPA\" \/>\n<meta name=\"twitter:label1\" content=\"Dur\u00e9e de lecture estim\u00e9e\" \/>\n\t<meta name=\"twitter:data1\" content=\"2 minutes\" \/>\n<script type=\"application\/ld+json\" class=\"yoast-schema-graph\">{\"@context\":\"https:\/\/schema.org\",\"@graph\":[{\"@type\":\"WebPage\",\"@id\":\"https:\/\/www.belotti.com\/fr\/whistleblowing-reporting-channel\/\",\"url\":\"https:\/\/www.belotti.com\/fr\/whistleblowing-reporting-channel\/\",\"name\":\"Politique de d\u00e9nonciation - Belotti\",\"isPartOf\":{\"@id\":\"https:\/\/www.belotti.com\/fr\/#website\"},\"datePublished\":\"2024-01-15T11:40:07+00:00\",\"dateModified\":\"2025-01-13T11:35:37+00:00\",\"description\":\"Cher utilisateur, bienvenue dans la zone du site web consacr\u00e9e au service de d\u00e9nonciation des dysfonctionnements. Conform\u00e9ment au d\u00e9cret l\u00e9gislatif\",\"breadcrumb\":{\"@id\":\"https:\/\/www.belotti.com\/fr\/whistleblowing-reporting-channel\/#breadcrumb\"},\"inLanguage\":\"fr-FR\",\"potentialAction\":[{\"@type\":\"ReadAction\",\"target\":[\"https:\/\/www.belotti.com\/fr\/whistleblowing-reporting-channel\/\"]}]},{\"@type\":\"BreadcrumbList\",\"@id\":\"https:\/\/www.belotti.com\/fr\/whistleblowing-reporting-channel\/#breadcrumb\",\"itemListElement\":[{\"@type\":\"ListItem\",\"position\":1,\"name\":\"Home\",\"item\":\"https:\/\/www.belotti.com\/fr\/\"},{\"@type\":\"ListItem\",\"position\":2,\"name\":\"Politique de d\u00e9nonciation\"}]},{\"@type\":\"WebSite\",\"@id\":\"https:\/\/www.belotti.com\/fr\/#website\",\"url\":\"https:\/\/www.belotti.com\/fr\/\",\"name\":\"Belotti Spa\",\"description\":\"CNC Machining Centers\",\"publisher\":{\"@id\":\"https:\/\/www.belotti.com\/fr\/#organization\"},\"potentialAction\":[{\"@type\":\"SearchAction\",\"target\":{\"@type\":\"EntryPoint\",\"urlTemplate\":\"https:\/\/www.belotti.com\/fr\/?s={search_term_string}\"},\"query-input\":{\"@type\":\"PropertyValueSpecification\",\"valueRequired\":true,\"valueName\":\"search_term_string\"}}],\"inLanguage\":\"fr-FR\"},{\"@type\":\"Organization\",\"@id\":\"https:\/\/www.belotti.com\/fr\/#organization\",\"name\":\"Belotti Spa\",\"url\":\"https:\/\/www.belotti.com\/fr\/\",\"logo\":{\"@type\":\"ImageObject\",\"inLanguage\":\"fr-FR\",\"@id\":\"https:\/\/www.belotti.com\/fr\/#\/schema\/logo\/image\/\",\"url\":\"http:\/\/belotti.com\/wp-content\/uploads\/2023\/04\/logo-Belotti-1.png\",\"contentUrl\":\"http:\/\/belotti.com\/wp-content\/uploads\/2023\/04\/logo-Belotti-1.png\",\"width\":708,\"height\":225,\"caption\":\"Belotti Spa\"},\"image\":{\"@id\":\"https:\/\/www.belotti.com\/fr\/#\/schema\/logo\/image\/\"},\"sameAs\":[\"https:\/\/www.facebook.com\/Belotti.SPA\",\"https:\/\/x.com\/Belotti__SPA\",\"https:\/\/www.youtube.com\/channel\/UC5q7E8IMymZ-agKfVsPCorw\",\"https:\/\/www.linkedin.com\/company\/belotti-s-p-a-\/?viewAsMember=true\",\"https:\/\/www.instagram.com\/belotti_spa\/\"]}]}<\/script>\n<!-- \/ Yoast SEO plugin. -->","yoast_head_json":{"title":"Politique de d\u00e9nonciation - Belotti","description":"Cher utilisateur, bienvenue dans la zone du site web consacr\u00e9e au service de d\u00e9nonciation des dysfonctionnements. Conform\u00e9ment au d\u00e9cret l\u00e9gislatif","robots":{"index":"index","follow":"follow","max-snippet":"max-snippet:-1","max-image-preview":"max-image-preview:large","max-video-preview":"max-video-preview:-1"},"canonical":"https:\/\/www.belotti.com\/fr\/whistleblowing-reporting-channel\/","og_locale":"fr_FR","og_type":"article","og_title":"Politique de d\u00e9nonciation - Belotti","og_description":"Cher utilisateur, bienvenue dans la zone du site web consacr\u00e9e au service de d\u00e9nonciation des dysfonctionnements. Conform\u00e9ment au d\u00e9cret l\u00e9gislatif","og_url":"https:\/\/www.belotti.com\/fr\/whistleblowing-reporting-channel\/","og_site_name":"Belotti","article_publisher":"https:\/\/www.facebook.com\/Belotti.SPA","article_modified_time":"2025-01-13T11:35:37+00:00","twitter_card":"summary_large_image","twitter_site":"@Belotti__SPA","twitter_misc":{"Dur\u00e9e de lecture estim\u00e9e":"2 minutes"},"schema":{"@context":"https:\/\/schema.org","@graph":[{"@type":"WebPage","@id":"https:\/\/www.belotti.com\/fr\/whistleblowing-reporting-channel\/","url":"https:\/\/www.belotti.com\/fr\/whistleblowing-reporting-channel\/","name":"Politique de d\u00e9nonciation - Belotti","isPartOf":{"@id":"https:\/\/www.belotti.com\/fr\/#website"},"datePublished":"2024-01-15T11:40:07+00:00","dateModified":"2025-01-13T11:35:37+00:00","description":"Cher utilisateur, bienvenue dans la zone du site web consacr\u00e9e au service de d\u00e9nonciation des dysfonctionnements. Conform\u00e9ment au d\u00e9cret l\u00e9gislatif","breadcrumb":{"@id":"https:\/\/www.belotti.com\/fr\/whistleblowing-reporting-channel\/#breadcrumb"},"inLanguage":"fr-FR","potentialAction":[{"@type":"ReadAction","target":["https:\/\/www.belotti.com\/fr\/whistleblowing-reporting-channel\/"]}]},{"@type":"BreadcrumbList","@id":"https:\/\/www.belotti.com\/fr\/whistleblowing-reporting-channel\/#breadcrumb","itemListElement":[{"@type":"ListItem","position":1,"name":"Home","item":"https:\/\/www.belotti.com\/fr\/"},{"@type":"ListItem","position":2,"name":"Politique de d\u00e9nonciation"}]},{"@type":"WebSite","@id":"https:\/\/www.belotti.com\/fr\/#website","url":"https:\/\/www.belotti.com\/fr\/","name":"Belotti Spa","description":"CNC Machining Centers","publisher":{"@id":"https:\/\/www.belotti.com\/fr\/#organization"},"potentialAction":[{"@type":"SearchAction","target":{"@type":"EntryPoint","urlTemplate":"https:\/\/www.belotti.com\/fr\/?s={search_term_string}"},"query-input":{"@type":"PropertyValueSpecification","valueRequired":true,"valueName":"search_term_string"}}],"inLanguage":"fr-FR"},{"@type":"Organization","@id":"https:\/\/www.belotti.com\/fr\/#organization","name":"Belotti Spa","url":"https:\/\/www.belotti.com\/fr\/","logo":{"@type":"ImageObject","inLanguage":"fr-FR","@id":"https:\/\/www.belotti.com\/fr\/#\/schema\/logo\/image\/","url":"http:\/\/belotti.com\/wp-content\/uploads\/2023\/04\/logo-Belotti-1.png","contentUrl":"http:\/\/belotti.com\/wp-content\/uploads\/2023\/04\/logo-Belotti-1.png","width":708,"height":225,"caption":"Belotti Spa"},"image":{"@id":"https:\/\/www.belotti.com\/fr\/#\/schema\/logo\/image\/"},"sameAs":["https:\/\/www.facebook.com\/Belotti.SPA","https:\/\/x.com\/Belotti__SPA","https:\/\/www.youtube.com\/channel\/UC5q7E8IMymZ-agKfVsPCorw","https:\/\/www.linkedin.com\/company\/belotti-s-p-a-\/?viewAsMember=true","https:\/\/www.instagram.com\/belotti_spa\/"]}]}},"_links":{"self":[{"href":"https:\/\/www.belotti.com\/fr\/wp-json\/wp\/v2\/pages\/22255","targetHints":{"allow":["GET"]}}],"collection":[{"href":"https:\/\/www.belotti.com\/fr\/wp-json\/wp\/v2\/pages"}],"about":[{"href":"https:\/\/www.belotti.com\/fr\/wp-json\/wp\/v2\/types\/page"}],"author":[{"embeddable":true,"href":"https:\/\/www.belotti.com\/fr\/wp-json\/wp\/v2\/users\/1"}],"replies":[{"embeddable":true,"href":"https:\/\/www.belotti.com\/fr\/wp-json\/wp\/v2\/comments?post=22255"}],"version-history":[{"count":2,"href":"https:\/\/www.belotti.com\/fr\/wp-json\/wp\/v2\/pages\/22255\/revisions"}],"predecessor-version":[{"id":22702,"href":"https:\/\/www.belotti.com\/fr\/wp-json\/wp\/v2\/pages\/22255\/revisions\/22702"}],"wp:attachment":[{"href":"https:\/\/www.belotti.com\/fr\/wp-json\/wp\/v2\/media?parent=22255"}],"curies":[{"name":"wp","href":"https:\/\/api.w.org\/{rel}","templated":true}]}}