{"id":22257,"date":"2021-10-20T09:34:24","date_gmt":"2021-10-20T07:34:24","guid":{"rendered":"https:\/\/belotti.com\/cookie-policy\/"},"modified":"2025-01-10T17:13:28","modified_gmt":"2025-01-10T16:13:28","slug":"cookie-policy","status":"publish","type":"page","link":"https:\/\/www.belotti.com\/fr\/cookie-policy\/","title":{"rendered":"Politique en mati\u00e8re de cookies"},"content":{"rendered":"<h2>Utilisation des cookies<\/h2>\n<p>Le site www.belotti.com utilise des cookies pour rendre ses services simples et efficaces pour les utilisateurs qui consultent les pages de www.belotti.com. Les utilisateurs qui entrent sur le Site verront des quantit\u00e9s minimes d&rsquo;informations ins\u00e9r\u00e9es dans les dispositifs utilis\u00e9s, qu&rsquo;il s&rsquo;agisse d&rsquo;ordinateurs ou de dispositifs mobiles, dans de petits fichiers texte appel\u00e9s \u00ab\u00a0cookies\u00a0\u00bb enregistr\u00e9s dans les r\u00e9pertoires utilis\u00e9s par le navigateur web de l&rsquo;utilisateur. Il existe diff\u00e9rents types de cookies, certains pour rendre l&rsquo;utilisation du site plus efficace, d&rsquo;autres pour permettre certaines fonctionnalit\u00e9s.<\/p>\n<p>En les analysant en d\u00e9tail, nos cookies nous permettent de:<\/p>\n<ul>\n<li>de m\u00e9moriser les pr\u00e9f\u00e9rences que vous avez introduites;<\/li>\n<li>d&rsquo;\u00e9viter de saisir plusieurs fois les m\u00eames informations au cours de votre visite, comme votre nom d&rsquo;utilisateur et votre mot de passe;<\/li>\n<li>d&rsquo;analyser l&rsquo;utilisation des services et des contenus fournis par belotti.com afin d&rsquo;optimiser l&rsquo;exp\u00e9rience de navigation et les services offerts.<\/li>\n<\/ul>\n<h2>Liste des cookies et informations sur les cookies<\/h2>\n<p><strong>IVous avez la possibilit\u00e9 de modifier ou de r\u00e9voquer votre consentement \u00e0 la d\u00e9claration sur les cookies \u00e0 tout moment en cliquant <a title=\"dichiarazione dei cookie\" href=\"https:\/\/www.belotti.com\/it\/dichiarazione-dei-cookie\/\">ICI<\/a>.<\/strong><\/p>\n<h2>Types de cookies<\/h2>\n<p><strong>Cookies techniques<\/strong><br \/>\nCe type de cookies permet \u00e0 certaines sections du site de fonctionner correctement. Il existe deux cat\u00e9gories de cookies : les cookies persistants et les cookies de sessio:<\/p>\n<ul>\n<li>persistant : une fois le navigateur ferm\u00e9, ils ne sont pas d\u00e9truits mais restent en place jusqu&rsquo;\u00e0 une date d&rsquo;expiration pr\u00e9d\u00e9finie<\/li>\n<li>session : ils sont d\u00e9truits chaque fois que le navigateur est ferm\u00e9<\/li>\n<\/ul>\n<p>Ces cookies, toujours envoy\u00e9s depuis notre domaine, sont n\u00e9cessaires pour afficher correctement le site et en relation avec les services techniques offerts, ils seront donc toujours utilis\u00e9s et envoy\u00e9s, \u00e0 moins que l&rsquo;utilisateur ne modifie les param\u00e8tres de son navigateur (affectant ainsi l&rsquo;affichage des pages du site).<\/p>\n<p><strong>Cookies analytiques<\/strong><br \/>\nLes cookies de cette cat\u00e9gorie sont utilis\u00e9s pour recueillir des informations sur l&rsquo;utilisation du site www.belotti.com. Belotti utilisera ces informations pour des analyses statistiques anonymes afin d&rsquo;am\u00e9liorer l&rsquo;utilisation du site et de rendre le contenu plus int\u00e9ressant et plus adapt\u00e9 aux souhaits des utilisateurs. Ce type de cookie recueille des donn\u00e9es sous forme anonyme sur l&rsquo;activit\u00e9 des utilisateurs et sur la fa\u00e7on dont ils sont arriv\u00e9s sur le site. Les cookies analytiques sont envoy\u00e9s par le site lui-m\u00eame ou par des domaines tiers.<\/p>\n<p><strong>Cookies d&rsquo;analyse provenant de services tiers<\/strong><br \/>\nCes cookies sont utilis\u00e9s pour collecter des informations sur l&rsquo;utilisation du site par les utilisateurs sous une forme anonyme, telles que les pages visit\u00e9es, le temps pass\u00e9, l&rsquo;origine du trafic, l&rsquo;origine g\u00e9ographique, l&rsquo;\u00e2ge, le sexe et les centres d&rsquo;int\u00e9r\u00eat, dans le but de mener des campagnes de marketing. Ces cookies sont envoy\u00e9s par des domaines tiers en dehors du site.<\/p>\n<p><strong>Cookies permettant d&rsquo;int\u00e9grer des fonctions et des produits logiciels de tiers<\/strong><br \/>\nCe type de cookies int\u00e8gre des fonctionnalit\u00e9s d\u00e9velopp\u00e9es par des tiers au sein des pages du Site telles que les ic\u00f4nes et les pr\u00e9f\u00e9rences exprim\u00e9es dans les r\u00e9seaux sociaux dans le but de partager le contenu du Site ou pour l&rsquo;utilisation de services logiciels de tiers (tels que des logiciels pour g\u00e9n\u00e9rer des cartes et d&rsquo;autres logiciels offrant des services suppl\u00e9mentaires). Ces cookies sont envoy\u00e9s par des domaines tiers et des sites partenaires qui proposent leurs fonctionnalit\u00e9s entre les pages du Site.<\/p>\n<p><strong>Cookies de profilage<\/strong><br \/>\nIl s&rsquo;agit des cookies n\u00e9cessaires pour cr\u00e9er des profils d&rsquo;utilisateurs afin d&rsquo;envoyer des messages publicitaires en fonction des pr\u00e9f\u00e9rences exprim\u00e9es par l&rsquo;utilisateur \u00e0 l&rsquo;int\u00e9rieur des pages du Site.<\/p>\n<p>Belotti, conform\u00e9ment \u00e0 la r\u00e9glementation en vigueur, n&rsquo;est pas tenue de demander le consentement pour les cookies techniques et analytiques car ils sont n\u00e9cessaires pour fournir les services demand\u00e9s.<\/p>\n<p>Pour tous les autres types de cookies, le consentement peut \u00eatre exprim\u00e9 par l&rsquo;utilisateur d&rsquo;une ou de plusieurs des mani\u00e8res suivantes:<\/p>\n<ul>\n<li>Au moyen de configurations sp\u00e9cifiques du navigateur utilis\u00e9 ou des programmes informatiques pertinents utilis\u00e9s pour naviguer sur les pages qui composent le Site.<\/li>\n<li>En modifiant les param\u00e8tres lors de l&rsquo;utilisation de services de tiers<\/li>\n<\/ul>\n<p>Ces deux solutions peuvent vous emp\u00eacher d&rsquo;utiliser ou de visualiser certaines parties du site.<\/p>\n<p><strong>Sites web et services de tiers<\/strong><br \/>\nLe Site peut contenir des liens vers d&rsquo;autres sites Web qui ont leurs propres politiques de confidentialit\u00e9 qui peuvent \u00eatre diff\u00e9rentes de celles adopt\u00e9es par belotti.com, qui n&rsquo;est donc pas responsable de ces site.<\/p>\n<h2>Comment d\u00e9sactiver les cookies via la configuration du navigateur<\/h2>\n<ul>\n<li>Mozilla Firefox <a href=\"https:\/\/support.mozilla.org\/it\/kb\/Gestione%20dei%20cookie\">https:\/\/support.mozilla.org\/it\/kb\/Gestione%20dei%20cookie<\/a><\/li>\n<li>Google Chrome <a href=\"https:\/\/support.google.com\/chrome\/answer\/95647?hl=it\">https:\/\/support.google.com\/chrome\/answer\/95647?hl=it<\/a><\/li>\n<li>Internet Explorer <a href=\"https:\/\/windows.microsoft.com\/it-it\/windows-vista\/block-or-allow-cookies\">https:\/\/windows.microsoft.com\/it-it\/windows-vista\/block-or-allow-cookies<\/a><\/li>\n<li>Safari 6\/7 Mavericks <a href=\"https:\/\/support.apple.com\/kb\/PH17191?viewlocale=it_IT&amp;locale=it_IT\">https:\/\/support.apple.com\/kb\/PH17191?viewlocale=it_IT&amp;locale=it_IT<\/a><\/li>\n<li>Safari 8 Yosemite <a href=\"https:\/\/support.apple.com\/kb\/PH19214?viewlocale=it_IT&amp;locale=it_IT\">https:\/\/support.apple.com\/kb\/PH19214?viewlocale=it_IT&amp;locale=it_IT<\/a><\/li>\n<li>Safari sur iPhone, iPad ou iPod touch <a href=\"https:\/\/support.apple.com\/it-it\/HT201265\">https:\/\/support.apple.com\/it-it\/HT201265<\/a><\/li>\n<\/ul>\n<p>Si vous souhaitez en savoir plus sur la mani\u00e8re dont votre navigateur stocke les cookies pendant votre navigation, veuillez suivre ces liens vers les sites web des fournisseurs respectifs.<\/p>\n<p>&nbsp;<\/p>\n","protected":false},"excerpt":{"rendered":"<p>Utilisation des cookies Le site www.belotti.com utilise des cookies pour rendre ses services simples et efficaces pour les&#8230;<\/p>\n","protected":false},"author":1,"featured_media":0,"parent":0,"menu_order":0,"comment_status":"closed","ping_status":"closed","template":"","meta":{"_acf_changed":false,"_monsterinsights_skip_tracking":false,"_monsterinsights_sitenote_active":false,"_monsterinsights_sitenote_note":"","_monsterinsights_sitenote_category":0,"footnotes":""},"class_list":["post-22257","page","type-page","status-publish","hentry"],"acf":[],"yoast_head":"<!-- This site is optimized with the Yoast SEO plugin v27.2 - https:\/\/yoast.com\/product\/yoast-seo-wordpress\/ -->\n<title>Politique en mati\u00e8re de cookies - Belotti<\/title>\n<meta name=\"description\" content=\"Utilisation des cookies Le site www.belotti.com utilise des cookies pour rendre ses services simples et efficaces pour les utilisateurs qui consultent les\" \/>\n<meta name=\"robots\" content=\"index, follow, max-snippet:-1, max-image-preview:large, max-video-preview:-1\" \/>\n<link rel=\"canonical\" href=\"https:\/\/www.belotti.com\/fr\/cookie-policy\/\" \/>\n<meta property=\"og:locale\" content=\"fr_FR\" \/>\n<meta property=\"og:type\" content=\"article\" \/>\n<meta property=\"og:title\" content=\"Politique en mati\u00e8re de cookies - Belotti\" \/>\n<meta property=\"og:description\" content=\"Utilisation des cookies Le site www.belotti.com utilise des cookies pour rendre ses services simples et efficaces pour les utilisateurs qui consultent les\" \/>\n<meta property=\"og:url\" content=\"https:\/\/www.belotti.com\/fr\/cookie-policy\/\" \/>\n<meta property=\"og:site_name\" content=\"Belotti\" \/>\n<meta property=\"article:publisher\" content=\"https:\/\/www.facebook.com\/Belotti.SPA\" \/>\n<meta property=\"article:modified_time\" content=\"2025-01-10T16:13:28+00:00\" \/>\n<meta name=\"twitter:card\" content=\"summary_large_image\" \/>\n<meta name=\"twitter:site\" content=\"@Belotti__SPA\" \/>\n<meta name=\"twitter:label1\" content=\"Dur\u00e9e de lecture estim\u00e9e\" \/>\n\t<meta name=\"twitter:data1\" content=\"4 minutes\" \/>\n<script type=\"application\/ld+json\" class=\"yoast-schema-graph\">{\"@context\":\"https:\/\/schema.org\",\"@graph\":[{\"@type\":\"WebPage\",\"@id\":\"https:\/\/www.belotti.com\/fr\/cookie-policy\/\",\"url\":\"https:\/\/www.belotti.com\/fr\/cookie-policy\/\",\"name\":\"Politique en mati\u00e8re de cookies - Belotti\",\"isPartOf\":{\"@id\":\"https:\/\/www.belotti.com\/fr\/#website\"},\"datePublished\":\"2021-10-20T07:34:24+00:00\",\"dateModified\":\"2025-01-10T16:13:28+00:00\",\"description\":\"Utilisation des cookies Le site www.belotti.com utilise des cookies pour rendre ses services simples et efficaces pour les utilisateurs qui consultent les\",\"breadcrumb\":{\"@id\":\"https:\/\/www.belotti.com\/fr\/cookie-policy\/#breadcrumb\"},\"inLanguage\":\"fr-FR\",\"potentialAction\":[{\"@type\":\"ReadAction\",\"target\":[\"https:\/\/www.belotti.com\/fr\/cookie-policy\/\"]}]},{\"@type\":\"BreadcrumbList\",\"@id\":\"https:\/\/www.belotti.com\/fr\/cookie-policy\/#breadcrumb\",\"itemListElement\":[{\"@type\":\"ListItem\",\"position\":1,\"name\":\"Home\",\"item\":\"https:\/\/www.belotti.com\/fr\/\"},{\"@type\":\"ListItem\",\"position\":2,\"name\":\"Politique en mati\u00e8re de cookies\"}]},{\"@type\":\"WebSite\",\"@id\":\"https:\/\/www.belotti.com\/fr\/#website\",\"url\":\"https:\/\/www.belotti.com\/fr\/\",\"name\":\"Belotti Spa\",\"description\":\"CNC Machining Centers\",\"publisher\":{\"@id\":\"https:\/\/www.belotti.com\/fr\/#organization\"},\"potentialAction\":[{\"@type\":\"SearchAction\",\"target\":{\"@type\":\"EntryPoint\",\"urlTemplate\":\"https:\/\/www.belotti.com\/fr\/?s={search_term_string}\"},\"query-input\":{\"@type\":\"PropertyValueSpecification\",\"valueRequired\":true,\"valueName\":\"search_term_string\"}}],\"inLanguage\":\"fr-FR\"},{\"@type\":\"Organization\",\"@id\":\"https:\/\/www.belotti.com\/fr\/#organization\",\"name\":\"Belotti Spa\",\"url\":\"https:\/\/www.belotti.com\/fr\/\",\"logo\":{\"@type\":\"ImageObject\",\"inLanguage\":\"fr-FR\",\"@id\":\"https:\/\/www.belotti.com\/fr\/#\/schema\/logo\/image\/\",\"url\":\"http:\/\/belotti.com\/wp-content\/uploads\/2023\/04\/logo-Belotti-1.png\",\"contentUrl\":\"http:\/\/belotti.com\/wp-content\/uploads\/2023\/04\/logo-Belotti-1.png\",\"width\":708,\"height\":225,\"caption\":\"Belotti Spa\"},\"image\":{\"@id\":\"https:\/\/www.belotti.com\/fr\/#\/schema\/logo\/image\/\"},\"sameAs\":[\"https:\/\/www.facebook.com\/Belotti.SPA\",\"https:\/\/x.com\/Belotti__SPA\",\"https:\/\/www.youtube.com\/channel\/UC5q7E8IMymZ-agKfVsPCorw\",\"https:\/\/www.linkedin.com\/company\/belotti-s-p-a-\/?viewAsMember=true\",\"https:\/\/www.instagram.com\/belotti_spa\/\"]}]}<\/script>\n<!-- \/ Yoast SEO plugin. -->","yoast_head_json":{"title":"Politique en mati\u00e8re de cookies - Belotti","description":"Utilisation des cookies Le site www.belotti.com utilise des cookies pour rendre ses services simples et efficaces pour les utilisateurs qui consultent les","robots":{"index":"index","follow":"follow","max-snippet":"max-snippet:-1","max-image-preview":"max-image-preview:large","max-video-preview":"max-video-preview:-1"},"canonical":"https:\/\/www.belotti.com\/fr\/cookie-policy\/","og_locale":"fr_FR","og_type":"article","og_title":"Politique en mati\u00e8re de cookies - Belotti","og_description":"Utilisation des cookies Le site www.belotti.com utilise des cookies pour rendre ses services simples et efficaces pour les utilisateurs qui consultent les","og_url":"https:\/\/www.belotti.com\/fr\/cookie-policy\/","og_site_name":"Belotti","article_publisher":"https:\/\/www.facebook.com\/Belotti.SPA","article_modified_time":"2025-01-10T16:13:28+00:00","twitter_card":"summary_large_image","twitter_site":"@Belotti__SPA","twitter_misc":{"Dur\u00e9e de lecture estim\u00e9e":"4 minutes"},"schema":{"@context":"https:\/\/schema.org","@graph":[{"@type":"WebPage","@id":"https:\/\/www.belotti.com\/fr\/cookie-policy\/","url":"https:\/\/www.belotti.com\/fr\/cookie-policy\/","name":"Politique en mati\u00e8re de cookies - Belotti","isPartOf":{"@id":"https:\/\/www.belotti.com\/fr\/#website"},"datePublished":"2021-10-20T07:34:24+00:00","dateModified":"2025-01-10T16:13:28+00:00","description":"Utilisation des cookies Le site www.belotti.com utilise des cookies pour rendre ses services simples et efficaces pour les utilisateurs qui consultent les","breadcrumb":{"@id":"https:\/\/www.belotti.com\/fr\/cookie-policy\/#breadcrumb"},"inLanguage":"fr-FR","potentialAction":[{"@type":"ReadAction","target":["https:\/\/www.belotti.com\/fr\/cookie-policy\/"]}]},{"@type":"BreadcrumbList","@id":"https:\/\/www.belotti.com\/fr\/cookie-policy\/#breadcrumb","itemListElement":[{"@type":"ListItem","position":1,"name":"Home","item":"https:\/\/www.belotti.com\/fr\/"},{"@type":"ListItem","position":2,"name":"Politique en mati\u00e8re de cookies"}]},{"@type":"WebSite","@id":"https:\/\/www.belotti.com\/fr\/#website","url":"https:\/\/www.belotti.com\/fr\/","name":"Belotti Spa","description":"CNC Machining Centers","publisher":{"@id":"https:\/\/www.belotti.com\/fr\/#organization"},"potentialAction":[{"@type":"SearchAction","target":{"@type":"EntryPoint","urlTemplate":"https:\/\/www.belotti.com\/fr\/?s={search_term_string}"},"query-input":{"@type":"PropertyValueSpecification","valueRequired":true,"valueName":"search_term_string"}}],"inLanguage":"fr-FR"},{"@type":"Organization","@id":"https:\/\/www.belotti.com\/fr\/#organization","name":"Belotti Spa","url":"https:\/\/www.belotti.com\/fr\/","logo":{"@type":"ImageObject","inLanguage":"fr-FR","@id":"https:\/\/www.belotti.com\/fr\/#\/schema\/logo\/image\/","url":"http:\/\/belotti.com\/wp-content\/uploads\/2023\/04\/logo-Belotti-1.png","contentUrl":"http:\/\/belotti.com\/wp-content\/uploads\/2023\/04\/logo-Belotti-1.png","width":708,"height":225,"caption":"Belotti Spa"},"image":{"@id":"https:\/\/www.belotti.com\/fr\/#\/schema\/logo\/image\/"},"sameAs":["https:\/\/www.facebook.com\/Belotti.SPA","https:\/\/x.com\/Belotti__SPA","https:\/\/www.youtube.com\/channel\/UC5q7E8IMymZ-agKfVsPCorw","https:\/\/www.linkedin.com\/company\/belotti-s-p-a-\/?viewAsMember=true","https:\/\/www.instagram.com\/belotti_spa\/"]}]}},"_links":{"self":[{"href":"https:\/\/www.belotti.com\/fr\/wp-json\/wp\/v2\/pages\/22257","targetHints":{"allow":["GET"]}}],"collection":[{"href":"https:\/\/www.belotti.com\/fr\/wp-json\/wp\/v2\/pages"}],"about":[{"href":"https:\/\/www.belotti.com\/fr\/wp-json\/wp\/v2\/types\/page"}],"author":[{"embeddable":true,"href":"https:\/\/www.belotti.com\/fr\/wp-json\/wp\/v2\/users\/1"}],"replies":[{"embeddable":true,"href":"https:\/\/www.belotti.com\/fr\/wp-json\/wp\/v2\/comments?post=22257"}],"version-history":[{"count":2,"href":"https:\/\/www.belotti.com\/fr\/wp-json\/wp\/v2\/pages\/22257\/revisions"}],"predecessor-version":[{"id":22259,"href":"https:\/\/www.belotti.com\/fr\/wp-json\/wp\/v2\/pages\/22257\/revisions\/22259"}],"wp:attachment":[{"href":"https:\/\/www.belotti.com\/fr\/wp-json\/wp\/v2\/media?parent=22257"}],"curies":[{"name":"wp","href":"https:\/\/api.w.org\/{rel}","templated":true}]}}