{"id":23045,"date":"2020-12-09T14:54:47","date_gmt":"2020-12-09T13:54:47","guid":{"rendered":"https:\/\/belotti.com\/?page_id=23045"},"modified":"2026-02-05T14:23:53","modified_gmt":"2026-02-05T13:23:53","slug":"belotti-histoire","status":"publish","type":"page","link":"https:\/\/www.belotti.com\/fr\/societe\/histoire\/","title":{"rendered":"Histoire"},"content":{"rendered":"<p>L&rsquo;histoire de <strong>Belotti<\/strong> est celle d&rsquo;une entreprise de m\u00e9canique industrielle qui s&rsquo;est d\u00e9velopp\u00e9e gr\u00e2ce \u00e0 un m\u00e9lange \u00e9quilibr\u00e9 <strong>d&rsquo;expertise et d&rsquo;innovation technologique<\/strong>, en synergie avec une vision entrepreneuriale courageuse et tenace.<\/p>\n<p>Le tissu industriel de la r\u00e9gion de Bergamo a \u00e9t\u00e9 le moteur des activit\u00e9s que <strong>Luciano Belotti<\/strong> a exerc\u00e9es dans le premier atelier cr\u00e9\u00e9 en 1976.<br \/>\n\u00c0 partir de ce moment, le d\u00e9veloppement industriel et les r\u00e9alisations technologiques ont accompagn\u00e9 la croissance commerciale, pour arriver aujourd&rsquo;hui \u00e0 l&rsquo;affirmation de <strong>Belotti<\/strong> sur le march\u00e9 en tant qu&rsquo;<strong>acteur de premier plan dans la conception et la r\u00e9alisation de solutions \u00e0 contr\u00f4le num\u00e9rique<\/strong>.<\/p>\n","protected":false},"excerpt":{"rendered":"<p>L&rsquo;histoire de Belotti est celle d&rsquo;une entreprise de m\u00e9canique industrielle qui s&rsquo;est d\u00e9velopp\u00e9e gr\u00e2ce \u00e0 un m\u00e9lange \u00e9quilibr\u00e9&#8230;<\/p>\n","protected":false},"author":1,"featured_media":21341,"parent":21241,"menu_order":0,"comment_status":"closed","ping_status":"closed","template":"page-timeline.php","meta":{"_acf_changed":false,"_monsterinsights_skip_tracking":false,"_monsterinsights_sitenote_active":false,"_monsterinsights_sitenote_note":"","_monsterinsights_sitenote_category":0,"footnotes":""},"class_list":["post-23045","page","type-page","status-publish","has-post-thumbnail","hentry"],"acf":[],"yoast_head":"<!-- This site is optimized with the Yoast SEO plugin v27.2 - https:\/\/yoast.com\/product\/yoast-seo-wordpress\/ -->\n<title>Histoire - Belotti<\/title>\n<meta name=\"description\" content=\"L&#039;histoire de Belotti est celle d&#039;une entreprise de m\u00e9canique industrielle qui s&#039;est d\u00e9velopp\u00e9e gr\u00e2ce \u00e0 un m\u00e9lange \u00e9quilibr\u00e9 d&#039;expertise et d&#039;innovation\" \/>\n<meta name=\"robots\" content=\"index, follow, max-snippet:-1, max-image-preview:large, max-video-preview:-1\" \/>\n<link rel=\"canonical\" href=\"https:\/\/www.belotti.com\/fr\/societe\/histoire\/\" \/>\n<meta property=\"og:locale\" content=\"fr_FR\" \/>\n<meta property=\"og:type\" content=\"article\" \/>\n<meta property=\"og:title\" content=\"Histoire - Belotti\" \/>\n<meta property=\"og:description\" content=\"L&#039;histoire de Belotti est celle d&#039;une entreprise de m\u00e9canique industrielle qui s&#039;est d\u00e9velopp\u00e9e gr\u00e2ce \u00e0 un m\u00e9lange \u00e9quilibr\u00e9 d&#039;expertise et d&#039;innovation\" \/>\n<meta property=\"og:url\" content=\"https:\/\/www.belotti.com\/fr\/societe\/histoire\/\" \/>\n<meta property=\"og:site_name\" content=\"Belotti\" \/>\n<meta property=\"article:publisher\" content=\"https:\/\/www.facebook.com\/Belotti.SPA\" \/>\n<meta property=\"article:modified_time\" content=\"2026-02-05T13:23:53+00:00\" \/>\n<meta property=\"og:image\" content=\"https:\/\/www.belotti.com\/wp-content\/uploads\/2021\/10\/belotti-storia1.jpg\" \/>\n\t<meta property=\"og:image:width\" content=\"1920\" \/>\n\t<meta property=\"og:image:height\" content=\"679\" \/>\n\t<meta property=\"og:image:type\" content=\"image\/jpeg\" \/>\n<meta name=\"twitter:card\" content=\"summary_large_image\" \/>\n<meta name=\"twitter:site\" content=\"@Belotti__SPA\" \/>\n<meta name=\"twitter:label1\" content=\"Dur\u00e9e de lecture estim\u00e9e\" \/>\n\t<meta name=\"twitter:data1\" content=\"13 minutes\" \/>\n<script type=\"application\/ld+json\" class=\"yoast-schema-graph\">{\"@context\":\"https:\/\/schema.org\",\"@graph\":[{\"@type\":\"WebPage\",\"@id\":\"https:\/\/www.belotti.com\/fr\/societe\/histoire\/\",\"url\":\"https:\/\/www.belotti.com\/fr\/societe\/histoire\/\",\"name\":\"Histoire - Belotti\",\"isPartOf\":{\"@id\":\"https:\/\/www.belotti.com\/fr\/#website\"},\"primaryImageOfPage\":{\"@id\":\"https:\/\/www.belotti.com\/fr\/societe\/histoire\/#primaryimage\"},\"image\":{\"@id\":\"https:\/\/www.belotti.com\/fr\/societe\/histoire\/#primaryimage\"},\"thumbnailUrl\":\"https:\/\/www.belotti.com\/wp-content\/uploads\/2021\/10\/belotti-storia1.jpg\",\"datePublished\":\"2020-12-09T13:54:47+00:00\",\"dateModified\":\"2026-02-05T13:23:53+00:00\",\"description\":\"L'histoire de Belotti est celle d'une entreprise de m\u00e9canique industrielle qui s'est d\u00e9velopp\u00e9e gr\u00e2ce \u00e0 un m\u00e9lange \u00e9quilibr\u00e9 d'expertise et d'innovation\",\"breadcrumb\":{\"@id\":\"https:\/\/www.belotti.com\/fr\/societe\/histoire\/#breadcrumb\"},\"inLanguage\":\"fr-FR\",\"potentialAction\":[{\"@type\":\"ReadAction\",\"target\":[\"https:\/\/www.belotti.com\/fr\/societe\/histoire\/\"]}]},{\"@type\":\"ImageObject\",\"inLanguage\":\"fr-FR\",\"@id\":\"https:\/\/www.belotti.com\/fr\/societe\/histoire\/#primaryimage\",\"url\":\"https:\/\/www.belotti.com\/wp-content\/uploads\/2021\/10\/belotti-storia1.jpg\",\"contentUrl\":\"https:\/\/www.belotti.com\/wp-content\/uploads\/2021\/10\/belotti-storia1.jpg\",\"width\":1920,\"height\":679},{\"@type\":\"BreadcrumbList\",\"@id\":\"https:\/\/www.belotti.com\/fr\/societe\/histoire\/#breadcrumb\",\"itemListElement\":[{\"@type\":\"ListItem\",\"position\":1,\"name\":\"Home\",\"item\":\"https:\/\/www.belotti.com\/fr\/\"},{\"@type\":\"ListItem\",\"position\":2,\"name\":\"Soci\u00e9t\u00e9\",\"item\":\"https:\/\/www.belotti.com\/fr\/azienda\/\"},{\"@type\":\"ListItem\",\"position\":3,\"name\":\"Histoire\"}]},{\"@type\":\"WebSite\",\"@id\":\"https:\/\/www.belotti.com\/fr\/#website\",\"url\":\"https:\/\/www.belotti.com\/fr\/\",\"name\":\"Belotti Spa\",\"description\":\"CNC Machining Centers\",\"publisher\":{\"@id\":\"https:\/\/www.belotti.com\/fr\/#organization\"},\"potentialAction\":[{\"@type\":\"SearchAction\",\"target\":{\"@type\":\"EntryPoint\",\"urlTemplate\":\"https:\/\/www.belotti.com\/fr\/?s={search_term_string}\"},\"query-input\":{\"@type\":\"PropertyValueSpecification\",\"valueRequired\":true,\"valueName\":\"search_term_string\"}}],\"inLanguage\":\"fr-FR\"},{\"@type\":\"Organization\",\"@id\":\"https:\/\/www.belotti.com\/fr\/#organization\",\"name\":\"Belotti Spa\",\"url\":\"https:\/\/www.belotti.com\/fr\/\",\"logo\":{\"@type\":\"ImageObject\",\"inLanguage\":\"fr-FR\",\"@id\":\"https:\/\/www.belotti.com\/fr\/#\/schema\/logo\/image\/\",\"url\":\"http:\/\/belotti.com\/wp-content\/uploads\/2023\/04\/logo-Belotti-1.png\",\"contentUrl\":\"http:\/\/belotti.com\/wp-content\/uploads\/2023\/04\/logo-Belotti-1.png\",\"width\":708,\"height\":225,\"caption\":\"Belotti Spa\"},\"image\":{\"@id\":\"https:\/\/www.belotti.com\/fr\/#\/schema\/logo\/image\/\"},\"sameAs\":[\"https:\/\/www.facebook.com\/Belotti.SPA\",\"https:\/\/x.com\/Belotti__SPA\",\"https:\/\/www.youtube.com\/channel\/UC5q7E8IMymZ-agKfVsPCorw\",\"https:\/\/www.linkedin.com\/company\/belotti-s-p-a-\/?viewAsMember=true\",\"https:\/\/www.instagram.com\/belotti_spa\/\"]}]}<\/script>\n<!-- \/ Yoast SEO plugin. -->","yoast_head_json":{"title":"Histoire - Belotti","description":"L'histoire de Belotti est celle d'une entreprise de m\u00e9canique industrielle qui s'est d\u00e9velopp\u00e9e gr\u00e2ce \u00e0 un m\u00e9lange \u00e9quilibr\u00e9 d'expertise et d'innovation","robots":{"index":"index","follow":"follow","max-snippet":"max-snippet:-1","max-image-preview":"max-image-preview:large","max-video-preview":"max-video-preview:-1"},"canonical":"https:\/\/www.belotti.com\/fr\/societe\/histoire\/","og_locale":"fr_FR","og_type":"article","og_title":"Histoire - Belotti","og_description":"L'histoire de Belotti est celle d'une entreprise de m\u00e9canique industrielle qui s'est d\u00e9velopp\u00e9e gr\u00e2ce \u00e0 un m\u00e9lange \u00e9quilibr\u00e9 d'expertise et d'innovation","og_url":"https:\/\/www.belotti.com\/fr\/societe\/histoire\/","og_site_name":"Belotti","article_publisher":"https:\/\/www.facebook.com\/Belotti.SPA","article_modified_time":"2026-02-05T13:23:53+00:00","og_image":[{"width":1920,"height":679,"url":"https:\/\/www.belotti.com\/wp-content\/uploads\/2021\/10\/belotti-storia1.jpg","type":"image\/jpeg"}],"twitter_card":"summary_large_image","twitter_site":"@Belotti__SPA","twitter_misc":{"Dur\u00e9e de lecture estim\u00e9e":"13 minutes"},"schema":{"@context":"https:\/\/schema.org","@graph":[{"@type":"WebPage","@id":"https:\/\/www.belotti.com\/fr\/societe\/histoire\/","url":"https:\/\/www.belotti.com\/fr\/societe\/histoire\/","name":"Histoire - Belotti","isPartOf":{"@id":"https:\/\/www.belotti.com\/fr\/#website"},"primaryImageOfPage":{"@id":"https:\/\/www.belotti.com\/fr\/societe\/histoire\/#primaryimage"},"image":{"@id":"https:\/\/www.belotti.com\/fr\/societe\/histoire\/#primaryimage"},"thumbnailUrl":"https:\/\/www.belotti.com\/wp-content\/uploads\/2021\/10\/belotti-storia1.jpg","datePublished":"2020-12-09T13:54:47+00:00","dateModified":"2026-02-05T13:23:53+00:00","description":"L'histoire de Belotti est celle d'une entreprise de m\u00e9canique industrielle qui s'est d\u00e9velopp\u00e9e gr\u00e2ce \u00e0 un m\u00e9lange \u00e9quilibr\u00e9 d'expertise et d'innovation","breadcrumb":{"@id":"https:\/\/www.belotti.com\/fr\/societe\/histoire\/#breadcrumb"},"inLanguage":"fr-FR","potentialAction":[{"@type":"ReadAction","target":["https:\/\/www.belotti.com\/fr\/societe\/histoire\/"]}]},{"@type":"ImageObject","inLanguage":"fr-FR","@id":"https:\/\/www.belotti.com\/fr\/societe\/histoire\/#primaryimage","url":"https:\/\/www.belotti.com\/wp-content\/uploads\/2021\/10\/belotti-storia1.jpg","contentUrl":"https:\/\/www.belotti.com\/wp-content\/uploads\/2021\/10\/belotti-storia1.jpg","width":1920,"height":679},{"@type":"BreadcrumbList","@id":"https:\/\/www.belotti.com\/fr\/societe\/histoire\/#breadcrumb","itemListElement":[{"@type":"ListItem","position":1,"name":"Home","item":"https:\/\/www.belotti.com\/fr\/"},{"@type":"ListItem","position":2,"name":"Soci\u00e9t\u00e9","item":"https:\/\/www.belotti.com\/fr\/azienda\/"},{"@type":"ListItem","position":3,"name":"Histoire"}]},{"@type":"WebSite","@id":"https:\/\/www.belotti.com\/fr\/#website","url":"https:\/\/www.belotti.com\/fr\/","name":"Belotti Spa","description":"CNC Machining Centers","publisher":{"@id":"https:\/\/www.belotti.com\/fr\/#organization"},"potentialAction":[{"@type":"SearchAction","target":{"@type":"EntryPoint","urlTemplate":"https:\/\/www.belotti.com\/fr\/?s={search_term_string}"},"query-input":{"@type":"PropertyValueSpecification","valueRequired":true,"valueName":"search_term_string"}}],"inLanguage":"fr-FR"},{"@type":"Organization","@id":"https:\/\/www.belotti.com\/fr\/#organization","name":"Belotti Spa","url":"https:\/\/www.belotti.com\/fr\/","logo":{"@type":"ImageObject","inLanguage":"fr-FR","@id":"https:\/\/www.belotti.com\/fr\/#\/schema\/logo\/image\/","url":"http:\/\/belotti.com\/wp-content\/uploads\/2023\/04\/logo-Belotti-1.png","contentUrl":"http:\/\/belotti.com\/wp-content\/uploads\/2023\/04\/logo-Belotti-1.png","width":708,"height":225,"caption":"Belotti Spa"},"image":{"@id":"https:\/\/www.belotti.com\/fr\/#\/schema\/logo\/image\/"},"sameAs":["https:\/\/www.facebook.com\/Belotti.SPA","https:\/\/x.com\/Belotti__SPA","https:\/\/www.youtube.com\/channel\/UC5q7E8IMymZ-agKfVsPCorw","https:\/\/www.linkedin.com\/company\/belotti-s-p-a-\/?viewAsMember=true","https:\/\/www.instagram.com\/belotti_spa\/"]}]}},"_links":{"self":[{"href":"https:\/\/www.belotti.com\/fr\/wp-json\/wp\/v2\/pages\/23045","targetHints":{"allow":["GET"]}}],"collection":[{"href":"https:\/\/www.belotti.com\/fr\/wp-json\/wp\/v2\/pages"}],"about":[{"href":"https:\/\/www.belotti.com\/fr\/wp-json\/wp\/v2\/types\/page"}],"author":[{"embeddable":true,"href":"https:\/\/www.belotti.com\/fr\/wp-json\/wp\/v2\/users\/1"}],"replies":[{"embeddable":true,"href":"https:\/\/www.belotti.com\/fr\/wp-json\/wp\/v2\/comments?post=23045"}],"version-history":[{"count":12,"href":"https:\/\/www.belotti.com\/fr\/wp-json\/wp\/v2\/pages\/23045\/revisions"}],"predecessor-version":[{"id":28385,"href":"https:\/\/www.belotti.com\/fr\/wp-json\/wp\/v2\/pages\/23045\/revisions\/28385"}],"up":[{"embeddable":true,"href":"https:\/\/www.belotti.com\/fr\/wp-json\/wp\/v2\/pages\/21241"}],"wp:featuredmedia":[{"embeddable":true,"href":"https:\/\/www.belotti.com\/fr\/wp-json\/wp\/v2\/media\/21341"}],"wp:attachment":[{"href":"https:\/\/www.belotti.com\/fr\/wp-json\/wp\/v2\/media?parent=23045"}],"curies":[{"name":"wp","href":"https:\/\/api.w.org\/{rel}","templated":true}]}}