{"id":23852,"date":"2025-06-03T15:35:24","date_gmt":"2025-06-03T13:35:24","guid":{"rendered":"https:\/\/belotti.com\/?page_id=23852"},"modified":"2025-09-15T10:17:33","modified_gmt":"2025-09-15T08:17:33","slug":"faq","status":"publish","type":"page","link":"https:\/\/www.belotti.com\/fr\/faq\/","title":{"rendered":"FAQ"},"content":{"rendered":"<p class=\"big\"><strong>Bienvenue dans la section FAQ de Belotti.<\/strong><\/p>\n<p>Vous trouverez ici des informations g\u00e9n\u00e9rales sur notre entreprise, les technologies que nous d\u00e9veloppons et nos services apr\u00e8s-vente.<br \/>\nNous avons rassembl\u00e9 les questions les plus fr\u00e9quemment pos\u00e9es, class\u00e9es par th\u00e8me pour une consultation plus rapide.<br \/>\nSi vous ne trouvez pas la r\u00e9ponse que vous cherchez, contactez-nous et notre \u00e9quipe sera ravie de vous fournir toutes les informations et pr\u00e9cisions dont vous avez besoin.<\/p>\n","protected":false},"excerpt":{"rendered":"<p>Bienvenue dans la section FAQ de Belotti. Vous trouverez ici des informations g\u00e9n\u00e9rales sur notre entreprise, les technologies&#8230;<\/p>\n","protected":false},"author":1,"featured_media":0,"parent":0,"menu_order":0,"comment_status":"closed","ping_status":"closed","template":"page-faq.php","meta":{"_acf_changed":false,"_monsterinsights_skip_tracking":false,"_monsterinsights_sitenote_active":false,"_monsterinsights_sitenote_note":"","_monsterinsights_sitenote_category":0,"footnotes":""},"class_list":["post-23852","page","type-page","status-publish","hentry"],"acf":[],"yoast_head":"<!-- This site is optimized with the Yoast SEO plugin v27.2 - https:\/\/yoast.com\/product\/yoast-seo-wordpress\/ -->\n<title>FAQ - Belotti<\/title>\n<meta name=\"description\" content=\"Bienvenue dans la section FAQ de Belotti. Vous trouverez ici des informations g\u00e9n\u00e9rales sur notre entreprise, les technologies que nous d\u00e9veloppons et nos\" \/>\n<meta name=\"robots\" content=\"index, follow, max-snippet:-1, max-image-preview:large, max-video-preview:-1\" \/>\n<link rel=\"canonical\" href=\"https:\/\/www.belotti.com\/fr\/faq\/\" \/>\n<meta property=\"og:locale\" content=\"fr_FR\" \/>\n<meta property=\"og:type\" content=\"article\" \/>\n<meta property=\"og:title\" content=\"FAQ - Belotti\" \/>\n<meta property=\"og:description\" content=\"Bienvenue dans la section FAQ de Belotti. Vous trouverez ici des informations g\u00e9n\u00e9rales sur notre entreprise, les technologies que nous d\u00e9veloppons et nos\" \/>\n<meta property=\"og:url\" content=\"https:\/\/www.belotti.com\/fr\/faq\/\" \/>\n<meta property=\"og:site_name\" content=\"Belotti\" \/>\n<meta property=\"article:publisher\" content=\"https:\/\/www.facebook.com\/Belotti.SPA\" \/>\n<meta property=\"article:modified_time\" content=\"2025-09-15T08:17:33+00:00\" \/>\n<meta name=\"twitter:card\" content=\"summary_large_image\" \/>\n<meta name=\"twitter:site\" content=\"@Belotti__SPA\" \/>\n<meta name=\"twitter:label1\" content=\"Dur\u00e9e de lecture estim\u00e9e\" \/>\n\t<meta name=\"twitter:data1\" content=\"8 minutes\" \/>\n<script type=\"application\/ld+json\" class=\"yoast-schema-graph\">{\"@context\":\"https:\/\/schema.org\",\"@graph\":[{\"@type\":\"WebPage\",\"@id\":\"https:\/\/www.belotti.com\/fr\/faq\/\",\"url\":\"https:\/\/www.belotti.com\/fr\/faq\/\",\"name\":\"FAQ - Belotti\",\"isPartOf\":{\"@id\":\"https:\/\/www.belotti.com\/fr\/#website\"},\"datePublished\":\"2025-06-03T13:35:24+00:00\",\"dateModified\":\"2025-09-15T08:17:33+00:00\",\"description\":\"Bienvenue dans la section FAQ de Belotti. Vous trouverez ici des informations g\u00e9n\u00e9rales sur notre entreprise, les technologies que nous d\u00e9veloppons et nos\",\"breadcrumb\":{\"@id\":\"https:\/\/www.belotti.com\/fr\/faq\/#breadcrumb\"},\"inLanguage\":\"fr-FR\",\"potentialAction\":[{\"@type\":\"ReadAction\",\"target\":[\"https:\/\/www.belotti.com\/fr\/faq\/\"]}]},{\"@type\":\"BreadcrumbList\",\"@id\":\"https:\/\/www.belotti.com\/fr\/faq\/#breadcrumb\",\"itemListElement\":[{\"@type\":\"ListItem\",\"position\":1,\"name\":\"Home\",\"item\":\"https:\/\/www.belotti.com\/fr\/\"},{\"@type\":\"ListItem\",\"position\":2,\"name\":\"FAQ\"}]},{\"@type\":\"WebSite\",\"@id\":\"https:\/\/www.belotti.com\/fr\/#website\",\"url\":\"https:\/\/www.belotti.com\/fr\/\",\"name\":\"Belotti Spa\",\"description\":\"CNC Machining Centers\",\"publisher\":{\"@id\":\"https:\/\/www.belotti.com\/fr\/#organization\"},\"potentialAction\":[{\"@type\":\"SearchAction\",\"target\":{\"@type\":\"EntryPoint\",\"urlTemplate\":\"https:\/\/www.belotti.com\/fr\/?s={search_term_string}\"},\"query-input\":{\"@type\":\"PropertyValueSpecification\",\"valueRequired\":true,\"valueName\":\"search_term_string\"}}],\"inLanguage\":\"fr-FR\"},{\"@type\":\"Organization\",\"@id\":\"https:\/\/www.belotti.com\/fr\/#organization\",\"name\":\"Belotti Spa\",\"url\":\"https:\/\/www.belotti.com\/fr\/\",\"logo\":{\"@type\":\"ImageObject\",\"inLanguage\":\"fr-FR\",\"@id\":\"https:\/\/www.belotti.com\/fr\/#\/schema\/logo\/image\/\",\"url\":\"http:\/\/belotti.com\/wp-content\/uploads\/2023\/04\/logo-Belotti-1.png\",\"contentUrl\":\"http:\/\/belotti.com\/wp-content\/uploads\/2023\/04\/logo-Belotti-1.png\",\"width\":708,\"height\":225,\"caption\":\"Belotti Spa\"},\"image\":{\"@id\":\"https:\/\/www.belotti.com\/fr\/#\/schema\/logo\/image\/\"},\"sameAs\":[\"https:\/\/www.facebook.com\/Belotti.SPA\",\"https:\/\/x.com\/Belotti__SPA\",\"https:\/\/www.youtube.com\/channel\/UC5q7E8IMymZ-agKfVsPCorw\",\"https:\/\/www.linkedin.com\/company\/belotti-s-p-a-\/?viewAsMember=true\",\"https:\/\/www.instagram.com\/belotti_spa\/\"]}]}<\/script>\n<!-- \/ Yoast SEO plugin. -->","yoast_head_json":{"title":"FAQ - Belotti","description":"Bienvenue dans la section FAQ de Belotti. Vous trouverez ici des informations g\u00e9n\u00e9rales sur notre entreprise, les technologies que nous d\u00e9veloppons et nos","robots":{"index":"index","follow":"follow","max-snippet":"max-snippet:-1","max-image-preview":"max-image-preview:large","max-video-preview":"max-video-preview:-1"},"canonical":"https:\/\/www.belotti.com\/fr\/faq\/","og_locale":"fr_FR","og_type":"article","og_title":"FAQ - Belotti","og_description":"Bienvenue dans la section FAQ de Belotti. Vous trouverez ici des informations g\u00e9n\u00e9rales sur notre entreprise, les technologies que nous d\u00e9veloppons et nos","og_url":"https:\/\/www.belotti.com\/fr\/faq\/","og_site_name":"Belotti","article_publisher":"https:\/\/www.facebook.com\/Belotti.SPA","article_modified_time":"2025-09-15T08:17:33+00:00","twitter_card":"summary_large_image","twitter_site":"@Belotti__SPA","twitter_misc":{"Dur\u00e9e de lecture estim\u00e9e":"8 minutes"},"schema":{"@context":"https:\/\/schema.org","@graph":[{"@type":"WebPage","@id":"https:\/\/www.belotti.com\/fr\/faq\/","url":"https:\/\/www.belotti.com\/fr\/faq\/","name":"FAQ - Belotti","isPartOf":{"@id":"https:\/\/www.belotti.com\/fr\/#website"},"datePublished":"2025-06-03T13:35:24+00:00","dateModified":"2025-09-15T08:17:33+00:00","description":"Bienvenue dans la section FAQ de Belotti. Vous trouverez ici des informations g\u00e9n\u00e9rales sur notre entreprise, les technologies que nous d\u00e9veloppons et nos","breadcrumb":{"@id":"https:\/\/www.belotti.com\/fr\/faq\/#breadcrumb"},"inLanguage":"fr-FR","potentialAction":[{"@type":"ReadAction","target":["https:\/\/www.belotti.com\/fr\/faq\/"]}]},{"@type":"BreadcrumbList","@id":"https:\/\/www.belotti.com\/fr\/faq\/#breadcrumb","itemListElement":[{"@type":"ListItem","position":1,"name":"Home","item":"https:\/\/www.belotti.com\/fr\/"},{"@type":"ListItem","position":2,"name":"FAQ"}]},{"@type":"WebSite","@id":"https:\/\/www.belotti.com\/fr\/#website","url":"https:\/\/www.belotti.com\/fr\/","name":"Belotti Spa","description":"CNC Machining Centers","publisher":{"@id":"https:\/\/www.belotti.com\/fr\/#organization"},"potentialAction":[{"@type":"SearchAction","target":{"@type":"EntryPoint","urlTemplate":"https:\/\/www.belotti.com\/fr\/?s={search_term_string}"},"query-input":{"@type":"PropertyValueSpecification","valueRequired":true,"valueName":"search_term_string"}}],"inLanguage":"fr-FR"},{"@type":"Organization","@id":"https:\/\/www.belotti.com\/fr\/#organization","name":"Belotti Spa","url":"https:\/\/www.belotti.com\/fr\/","logo":{"@type":"ImageObject","inLanguage":"fr-FR","@id":"https:\/\/www.belotti.com\/fr\/#\/schema\/logo\/image\/","url":"http:\/\/belotti.com\/wp-content\/uploads\/2023\/04\/logo-Belotti-1.png","contentUrl":"http:\/\/belotti.com\/wp-content\/uploads\/2023\/04\/logo-Belotti-1.png","width":708,"height":225,"caption":"Belotti Spa"},"image":{"@id":"https:\/\/www.belotti.com\/fr\/#\/schema\/logo\/image\/"},"sameAs":["https:\/\/www.facebook.com\/Belotti.SPA","https:\/\/x.com\/Belotti__SPA","https:\/\/www.youtube.com\/channel\/UC5q7E8IMymZ-agKfVsPCorw","https:\/\/www.linkedin.com\/company\/belotti-s-p-a-\/?viewAsMember=true","https:\/\/www.instagram.com\/belotti_spa\/"]}]}},"_links":{"self":[{"href":"https:\/\/www.belotti.com\/fr\/wp-json\/wp\/v2\/pages\/23852","targetHints":{"allow":["GET"]}}],"collection":[{"href":"https:\/\/www.belotti.com\/fr\/wp-json\/wp\/v2\/pages"}],"about":[{"href":"https:\/\/www.belotti.com\/fr\/wp-json\/wp\/v2\/types\/page"}],"author":[{"embeddable":true,"href":"https:\/\/www.belotti.com\/fr\/wp-json\/wp\/v2\/users\/1"}],"replies":[{"embeddable":true,"href":"https:\/\/www.belotti.com\/fr\/wp-json\/wp\/v2\/comments?post=23852"}],"version-history":[{"count":11,"href":"https:\/\/www.belotti.com\/fr\/wp-json\/wp\/v2\/pages\/23852\/revisions"}],"predecessor-version":[{"id":25240,"href":"https:\/\/www.belotti.com\/fr\/wp-json\/wp\/v2\/pages\/23852\/revisions\/25240"}],"wp:attachment":[{"href":"https:\/\/www.belotti.com\/fr\/wp-json\/wp\/v2\/media?parent=23852"}],"curies":[{"name":"wp","href":"https:\/\/api.w.org\/{rel}","templated":true}]}}