{"id":24996,"date":"2025-05-21T16:58:34","date_gmt":"2025-05-21T14:58:34","guid":{"rendered":"https:\/\/belotti.com\/?page_id=24996"},"modified":"2026-02-18T16:30:34","modified_gmt":"2026-02-18T15:30:34","slug":"arc","status":"publish","type":"page","link":"https:\/\/www.belotti.com\/fr\/automatic-riveting-cell\/","title":{"rendered":"Automatic Riveting Cell"},"content":{"rendered":"<p>Belotti ARC est une cellule robotique r\u00e9volutionnaire \u00e9quip\u00e9e d\u2019une t\u00eate de rivetage sp\u00e9ciale con\u00e7ue pour l\u2019application rapide et automatis\u00e9e de toute la gamme d\u2019inserts et de rivets Time- Sert\u00ae de diff\u00e9rents diam\u00e8tres sur les ch\u00e2ssis et les composants composites.<\/p>\n","protected":false},"excerpt":{"rendered":"<p>Belotti ARC est une cellule robotique r\u00e9volutionnaire \u00e9quip\u00e9e d\u2019une t\u00eate de rivetage sp\u00e9ciale con\u00e7ue pour l\u2019application rapide et&#8230;<\/p>\n","protected":false},"author":1,"featured_media":28454,"parent":0,"menu_order":0,"comment_status":"closed","ping_status":"closed","template":"page-arc.php","meta":{"_acf_changed":false,"_monsterinsights_skip_tracking":false,"_monsterinsights_sitenote_active":false,"_monsterinsights_sitenote_note":"","_monsterinsights_sitenote_category":0,"footnotes":""},"class_list":["post-24996","page","type-page","status-publish","has-post-thumbnail","hentry"],"acf":[],"yoast_head":"<!-- This site is optimized with the Yoast SEO plugin v27.2 - https:\/\/yoast.com\/product\/yoast-seo-wordpress\/ -->\n<title>Automatic Riveting Cell - Belotti<\/title>\n<meta name=\"description\" content=\"Belotti ARC est une cellule robotique r\u00e9volutionnaire \u00e9quip\u00e9e d\u2019une t\u00eate de rivetage sp\u00e9ciale con\u00e7ue pour l\u2019application rapide et automatis\u00e9e de toute la\" \/>\n<meta name=\"robots\" content=\"index, follow, max-snippet:-1, max-image-preview:large, max-video-preview:-1\" \/>\n<link rel=\"canonical\" href=\"https:\/\/www.belotti.com\/fr\/automatic-riveting-cell\/\" \/>\n<meta property=\"og:locale\" content=\"fr_FR\" \/>\n<meta property=\"og:type\" content=\"article\" \/>\n<meta property=\"og:title\" content=\"Automatic Riveting Cell - Belotti\" \/>\n<meta property=\"og:description\" content=\"Belotti ARC est une cellule robotique r\u00e9volutionnaire \u00e9quip\u00e9e d\u2019une t\u00eate de rivetage sp\u00e9ciale con\u00e7ue pour l\u2019application rapide et automatis\u00e9e de toute la\" \/>\n<meta property=\"og:url\" content=\"https:\/\/www.belotti.com\/fr\/automatic-riveting-cell\/\" \/>\n<meta property=\"og:site_name\" content=\"Belotti\" \/>\n<meta property=\"article:publisher\" content=\"https:\/\/www.facebook.com\/Belotti.SPA\" \/>\n<meta property=\"article:modified_time\" content=\"2026-02-18T15:30:34+00:00\" \/>\n<meta property=\"og:image\" content=\"https:\/\/www.belotti.com\/wp-content\/uploads\/2026\/02\/Belotti-ARC-Automatic-Riveting-Cell-for-composite-components-assembly-1.jpg\" \/>\n\t<meta property=\"og:image:width\" content=\"1920\" \/>\n\t<meta property=\"og:image:height\" content=\"1080\" \/>\n\t<meta property=\"og:image:type\" content=\"image\/jpeg\" \/>\n<meta name=\"twitter:card\" content=\"summary_large_image\" \/>\n<meta name=\"twitter:site\" content=\"@Belotti__SPA\" \/>\n<meta name=\"twitter:label1\" content=\"Dur\u00e9e de lecture estim\u00e9e\" \/>\n\t<meta name=\"twitter:data1\" content=\"6 minutes\" \/>\n<script type=\"application\/ld+json\" class=\"yoast-schema-graph\">{\"@context\":\"https:\/\/schema.org\",\"@graph\":[{\"@type\":\"WebPage\",\"@id\":\"https:\/\/www.belotti.com\/fr\/automatic-riveting-cell\/\",\"url\":\"https:\/\/www.belotti.com\/fr\/automatic-riveting-cell\/\",\"name\":\"Automatic Riveting Cell - Belotti\",\"isPartOf\":{\"@id\":\"https:\/\/www.belotti.com\/fr\/#website\"},\"primaryImageOfPage\":{\"@id\":\"https:\/\/www.belotti.com\/fr\/automatic-riveting-cell\/#primaryimage\"},\"image\":{\"@id\":\"https:\/\/www.belotti.com\/fr\/automatic-riveting-cell\/#primaryimage\"},\"thumbnailUrl\":\"https:\/\/www.belotti.com\/wp-content\/uploads\/2026\/02\/EG4_2967-VERSIONE-POSTPRODOTTA-PER-BROCHURE.jpg\",\"datePublished\":\"2025-05-21T14:58:34+00:00\",\"dateModified\":\"2026-02-18T15:30:34+00:00\",\"description\":\"Belotti ARC est une cellule robotique r\u00e9volutionnaire \u00e9quip\u00e9e d\u2019une t\u00eate de rivetage sp\u00e9ciale con\u00e7ue pour l\u2019application rapide et automatis\u00e9e de toute la\",\"breadcrumb\":{\"@id\":\"https:\/\/www.belotti.com\/fr\/automatic-riveting-cell\/#breadcrumb\"},\"inLanguage\":\"fr-FR\",\"potentialAction\":[{\"@type\":\"ReadAction\",\"target\":[\"https:\/\/www.belotti.com\/fr\/automatic-riveting-cell\/\"]}]},{\"@type\":\"ImageObject\",\"inLanguage\":\"fr-FR\",\"@id\":\"https:\/\/www.belotti.com\/fr\/automatic-riveting-cell\/#primaryimage\",\"url\":\"https:\/\/www.belotti.com\/wp-content\/uploads\/2026\/02\/EG4_2967-VERSIONE-POSTPRODOTTA-PER-BROCHURE.jpg\",\"contentUrl\":\"https:\/\/www.belotti.com\/wp-content\/uploads\/2026\/02\/EG4_2967-VERSIONE-POSTPRODOTTA-PER-BROCHURE.jpg\",\"width\":1920,\"height\":1080,\"caption\":\"Op\u00e9rations de rivetage avec Belotti ARC sur ch\u00e2ssis en fibre de carbone Dallara\"},{\"@type\":\"BreadcrumbList\",\"@id\":\"https:\/\/www.belotti.com\/fr\/automatic-riveting-cell\/#breadcrumb\",\"itemListElement\":[{\"@type\":\"ListItem\",\"position\":1,\"name\":\"Home\",\"item\":\"https:\/\/www.belotti.com\/fr\/\"},{\"@type\":\"ListItem\",\"position\":2,\"name\":\"Automatic Riveting Cell\"}]},{\"@type\":\"WebSite\",\"@id\":\"https:\/\/www.belotti.com\/fr\/#website\",\"url\":\"https:\/\/www.belotti.com\/fr\/\",\"name\":\"Belotti Spa\",\"description\":\"CNC Machining Centers\",\"publisher\":{\"@id\":\"https:\/\/www.belotti.com\/fr\/#organization\"},\"potentialAction\":[{\"@type\":\"SearchAction\",\"target\":{\"@type\":\"EntryPoint\",\"urlTemplate\":\"https:\/\/www.belotti.com\/fr\/?s={search_term_string}\"},\"query-input\":{\"@type\":\"PropertyValueSpecification\",\"valueRequired\":true,\"valueName\":\"search_term_string\"}}],\"inLanguage\":\"fr-FR\"},{\"@type\":\"Organization\",\"@id\":\"https:\/\/www.belotti.com\/fr\/#organization\",\"name\":\"Belotti Spa\",\"url\":\"https:\/\/www.belotti.com\/fr\/\",\"logo\":{\"@type\":\"ImageObject\",\"inLanguage\":\"fr-FR\",\"@id\":\"https:\/\/www.belotti.com\/fr\/#\/schema\/logo\/image\/\",\"url\":\"http:\/\/belotti.com\/wp-content\/uploads\/2023\/04\/logo-Belotti-1.png\",\"contentUrl\":\"http:\/\/belotti.com\/wp-content\/uploads\/2023\/04\/logo-Belotti-1.png\",\"width\":708,\"height\":225,\"caption\":\"Belotti Spa\"},\"image\":{\"@id\":\"https:\/\/www.belotti.com\/fr\/#\/schema\/logo\/image\/\"},\"sameAs\":[\"https:\/\/www.facebook.com\/Belotti.SPA\",\"https:\/\/x.com\/Belotti__SPA\",\"https:\/\/www.youtube.com\/channel\/UC5q7E8IMymZ-agKfVsPCorw\",\"https:\/\/www.linkedin.com\/company\/belotti-s-p-a-\/?viewAsMember=true\",\"https:\/\/www.instagram.com\/belotti_spa\/\"]}]}<\/script>\n<!-- \/ Yoast SEO plugin. -->","yoast_head_json":{"title":"Automatic Riveting Cell - Belotti","description":"Belotti ARC est une cellule robotique r\u00e9volutionnaire \u00e9quip\u00e9e d\u2019une t\u00eate de rivetage sp\u00e9ciale con\u00e7ue pour l\u2019application rapide et automatis\u00e9e de toute la","robots":{"index":"index","follow":"follow","max-snippet":"max-snippet:-1","max-image-preview":"max-image-preview:large","max-video-preview":"max-video-preview:-1"},"canonical":"https:\/\/www.belotti.com\/fr\/automatic-riveting-cell\/","og_locale":"fr_FR","og_type":"article","og_title":"Automatic Riveting Cell - Belotti","og_description":"Belotti ARC est une cellule robotique r\u00e9volutionnaire \u00e9quip\u00e9e d\u2019une t\u00eate de rivetage sp\u00e9ciale con\u00e7ue pour l\u2019application rapide et automatis\u00e9e de toute la","og_url":"https:\/\/www.belotti.com\/fr\/automatic-riveting-cell\/","og_site_name":"Belotti","article_publisher":"https:\/\/www.facebook.com\/Belotti.SPA","article_modified_time":"2026-02-18T15:30:34+00:00","og_image":[{"width":1920,"height":1080,"url":"https:\/\/www.belotti.com\/wp-content\/uploads\/2026\/02\/Belotti-ARC-Automatic-Riveting-Cell-for-composite-components-assembly-1.jpg","type":"image\/jpeg"}],"twitter_card":"summary_large_image","twitter_site":"@Belotti__SPA","twitter_misc":{"Dur\u00e9e de lecture estim\u00e9e":"6 minutes"},"schema":{"@context":"https:\/\/schema.org","@graph":[{"@type":"WebPage","@id":"https:\/\/www.belotti.com\/fr\/automatic-riveting-cell\/","url":"https:\/\/www.belotti.com\/fr\/automatic-riveting-cell\/","name":"Automatic Riveting Cell - Belotti","isPartOf":{"@id":"https:\/\/www.belotti.com\/fr\/#website"},"primaryImageOfPage":{"@id":"https:\/\/www.belotti.com\/fr\/automatic-riveting-cell\/#primaryimage"},"image":{"@id":"https:\/\/www.belotti.com\/fr\/automatic-riveting-cell\/#primaryimage"},"thumbnailUrl":"https:\/\/www.belotti.com\/wp-content\/uploads\/2026\/02\/EG4_2967-VERSIONE-POSTPRODOTTA-PER-BROCHURE.jpg","datePublished":"2025-05-21T14:58:34+00:00","dateModified":"2026-02-18T15:30:34+00:00","description":"Belotti ARC est une cellule robotique r\u00e9volutionnaire \u00e9quip\u00e9e d\u2019une t\u00eate de rivetage sp\u00e9ciale con\u00e7ue pour l\u2019application rapide et automatis\u00e9e de toute la","breadcrumb":{"@id":"https:\/\/www.belotti.com\/fr\/automatic-riveting-cell\/#breadcrumb"},"inLanguage":"fr-FR","potentialAction":[{"@type":"ReadAction","target":["https:\/\/www.belotti.com\/fr\/automatic-riveting-cell\/"]}]},{"@type":"ImageObject","inLanguage":"fr-FR","@id":"https:\/\/www.belotti.com\/fr\/automatic-riveting-cell\/#primaryimage","url":"https:\/\/www.belotti.com\/wp-content\/uploads\/2026\/02\/EG4_2967-VERSIONE-POSTPRODOTTA-PER-BROCHURE.jpg","contentUrl":"https:\/\/www.belotti.com\/wp-content\/uploads\/2026\/02\/EG4_2967-VERSIONE-POSTPRODOTTA-PER-BROCHURE.jpg","width":1920,"height":1080,"caption":"Op\u00e9rations de rivetage avec Belotti ARC sur ch\u00e2ssis en fibre de carbone Dallara"},{"@type":"BreadcrumbList","@id":"https:\/\/www.belotti.com\/fr\/automatic-riveting-cell\/#breadcrumb","itemListElement":[{"@type":"ListItem","position":1,"name":"Home","item":"https:\/\/www.belotti.com\/fr\/"},{"@type":"ListItem","position":2,"name":"Automatic Riveting Cell"}]},{"@type":"WebSite","@id":"https:\/\/www.belotti.com\/fr\/#website","url":"https:\/\/www.belotti.com\/fr\/","name":"Belotti Spa","description":"CNC Machining Centers","publisher":{"@id":"https:\/\/www.belotti.com\/fr\/#organization"},"potentialAction":[{"@type":"SearchAction","target":{"@type":"EntryPoint","urlTemplate":"https:\/\/www.belotti.com\/fr\/?s={search_term_string}"},"query-input":{"@type":"PropertyValueSpecification","valueRequired":true,"valueName":"search_term_string"}}],"inLanguage":"fr-FR"},{"@type":"Organization","@id":"https:\/\/www.belotti.com\/fr\/#organization","name":"Belotti Spa","url":"https:\/\/www.belotti.com\/fr\/","logo":{"@type":"ImageObject","inLanguage":"fr-FR","@id":"https:\/\/www.belotti.com\/fr\/#\/schema\/logo\/image\/","url":"http:\/\/belotti.com\/wp-content\/uploads\/2023\/04\/logo-Belotti-1.png","contentUrl":"http:\/\/belotti.com\/wp-content\/uploads\/2023\/04\/logo-Belotti-1.png","width":708,"height":225,"caption":"Belotti Spa"},"image":{"@id":"https:\/\/www.belotti.com\/fr\/#\/schema\/logo\/image\/"},"sameAs":["https:\/\/www.facebook.com\/Belotti.SPA","https:\/\/x.com\/Belotti__SPA","https:\/\/www.youtube.com\/channel\/UC5q7E8IMymZ-agKfVsPCorw","https:\/\/www.linkedin.com\/company\/belotti-s-p-a-\/?viewAsMember=true","https:\/\/www.instagram.com\/belotti_spa\/"]}]}},"_links":{"self":[{"href":"https:\/\/www.belotti.com\/fr\/wp-json\/wp\/v2\/pages\/24996","targetHints":{"allow":["GET"]}}],"collection":[{"href":"https:\/\/www.belotti.com\/fr\/wp-json\/wp\/v2\/pages"}],"about":[{"href":"https:\/\/www.belotti.com\/fr\/wp-json\/wp\/v2\/types\/page"}],"author":[{"embeddable":true,"href":"https:\/\/www.belotti.com\/fr\/wp-json\/wp\/v2\/users\/1"}],"replies":[{"embeddable":true,"href":"https:\/\/www.belotti.com\/fr\/wp-json\/wp\/v2\/comments?post=24996"}],"version-history":[{"count":13,"href":"https:\/\/www.belotti.com\/fr\/wp-json\/wp\/v2\/pages\/24996\/revisions"}],"predecessor-version":[{"id":28438,"href":"https:\/\/www.belotti.com\/fr\/wp-json\/wp\/v2\/pages\/24996\/revisions\/28438"}],"wp:featuredmedia":[{"embeddable":true,"href":"https:\/\/www.belotti.com\/fr\/wp-json\/wp\/v2\/media\/28454"}],"wp:attachment":[{"href":"https:\/\/www.belotti.com\/fr\/wp-json\/wp\/v2\/media?parent=24996"}],"curies":[{"name":"wp","href":"https:\/\/api.w.org\/{rel}","templated":true}]}}